{"id":7208,"date":"2024-06-03T05:16:27","date_gmt":"2024-06-03T05:16:27","guid":{"rendered":"https:\/\/23b13e8ab3.nxcli.io\/switzerland\/?post_type=product&#038;p=7208"},"modified":"2024-12-30T05:40:08","modified_gmt":"2024-12-30T05:40:08","slug":"energizer-alkaline-power-9v","status":"publish","type":"product","link":"https:\/\/energizer.com\/eu\/switzerland\/product\/energizer-alkaline-power-9v\/","title":{"rendered":"ENERGIZER\u00ae ALKALINE POWER &#8211; 9V"},"content":{"rendered":"<ul>\n<li>Pack de 1 pile alcaline 9V Energizer Alkaline Power<\/li>\n<li>Une alimentation fiable : les piles alcalines Energizer pour vos objets quotidiens les plus demand\u00e9s, comme les d\u00e9tecteurs de fum\u00e9e, les t\u00e9l\u00e9commandes, les jouets et les sonnettes<\/li>\n<li>Fiable : Chaque pile alcaline 9V a une dur\u00e9e de vie de 5 ans, elle est donc pr\u00eate quand vous en avez besoin<\/li>\n<li>Emballage 100% recyclable: cet emballage est fabriqu\u00e9 \u00e0 partir de carton 100% recyclable<\/li>\n<\/ul>\n","protected":false},"excerpt":{"rendered":"<div class=\"elementor-element elementor-element-178731d e-con-full e-flex e-con e-child\" data-id=\"178731d\" data-element_type=\"container\">\n<div class=\"elementor-element elementor-element-627a8a7 elementor-widget elementor-widget-woocommerce-product-short-description\" data-id=\"627a8a7\" data-element_type=\"widget\" data-widget_type=\"woocommerce-product-short-description.default\">\n<div class=\"elementor-widget-container\">\n<div class=\"woocommerce-product-details__short-description\">\n<p>Tirez le meilleur parti de vos appareils essentiels gr\u00e2ce \u00e0 l\u2019\u00e9nergie fiable et durable que vous attendez des piles Energizer. Faites le plein de piles 9V pour les d\u00e9tecteurs de fum\u00e9e et les rasoirs, ainsi que de piles pour les sonnettes. Ce pack est \u00e9galement un excellent choix si vous avez besoin d\u2019une pile de torche fiable. Les piles alcalines Energizer Power 9V conservent leur \u00e9nergie jusqu\u2019\u00e0 3 ans lorsqu\u2019elles sont stock\u00e9es. Avec Energizer, l\u2019\u00e9nergie est pr\u00eate quand vous l\u2019\u00eates. La gamme Energizer Alkaline Power comprend \u00e9galement des piles AA, AAA, C et D. Il est donc facile de trouver une alimentation fiable dans la taille dont vous avez besoin.<\/p>\n<\/div>\n<\/div>\n<\/div>\n<\/div>\n<div class=\"elementor-element elementor-element-aeba009 e-con-full e-flex e-con e-child\" data-id=\"aeba009\" data-element_type=\"container\">\n<div class=\"elementor-element elementor-element-06b74c6 elementor-widget elementor-widget-heading\" data-id=\"06b74c6\" data-element_type=\"widget\" data-widget_type=\"heading.default\">\n<div class=\"elementor-widget-container\"><\/div>\n<\/div>\n<\/div>\n","protected":false},"featured_media":0,"comment_status":"open","ping_status":"closed","template":"","meta":{"_acf_changed":false},"product_brand":[],"product_cat":[57],"product_tag":[],"class_list":{"0":"post-7208","1":"product","2":"type-product","3":"status-publish","5":"product_cat-alkaline-power","7":"first","8":"instock","9":"shipping-taxable","10":"product-type-simple"},"acf":[],"yoast_head":"<!-- This site is optimized with the Yoast SEO plugin v27.2 - https:\/\/yoast.com\/product\/yoast-seo-wordpress\/ -->\n<title>ENERGIZER\u00ae ALKALINE POWER - 9V - Switzerland<\/title>\n<meta name=\"robots\" content=\"index, follow, max-snippet:-1, max-image-preview:large, max-video-preview:-1\" \/>\n<link rel=\"canonical\" href=\"https:\/\/energizer.com\/eu\/switzerland\/product\/energizer-alkaline-power-9v\/\" \/>\n<meta property=\"og:locale\" content=\"en_US\" \/>\n<meta property=\"og:type\" content=\"article\" \/>\n<meta property=\"og:title\" content=\"ENERGIZER\u00ae ALKALINE POWER - 9V - Switzerland\" \/>\n<meta property=\"og:description\" content=\"Tirez le meilleur parti de vos appareils essentiels gr\u00e2ce \u00e0 l\u2019\u00e9nergie fiable et durable que vous attendez des piles Energizer. Faites le plein de piles 9V pour les d\u00e9tecteurs de fum\u00e9e et les rasoirs, ainsi que de piles pour les sonnettes. Ce pack est \u00e9galement un excellent choix si vous avez besoin d\u2019une pile de torche fiable. Les piles alcalines Energizer Power 9V conservent leur \u00e9nergie jusqu\u2019\u00e0 3 ans lorsqu\u2019elles sont stock\u00e9es. Avec Energizer, l\u2019\u00e9nergie est pr\u00eate quand vous l\u2019\u00eates. La gamme Energizer Alkaline Power comprend \u00e9galement des piles AA, AAA, C et D. Il est donc facile de trouver une alimentation fiable dans la taille dont vous avez besoin.\" \/>\n<meta property=\"og:url\" content=\"https:\/\/energizer.com\/eu\/switzerland\/product\/energizer-alkaline-power-9v\/\" \/>\n<meta property=\"og:site_name\" content=\"Switzerland\" \/>\n<meta property=\"article:modified_time\" content=\"2024-12-30T05:40:08+00:00\" \/>\n<meta name=\"twitter:card\" content=\"summary_large_image\" \/>\n<script type=\"application\/ld+json\" class=\"yoast-schema-graph\">{\"@context\":\"https:\/\/schema.org\",\"@graph\":[{\"@type\":\"WebPage\",\"@id\":\"https:\/\/energizer.com\/eu\/switzerland\/product\/energizer-alkaline-power-9v\/\",\"url\":\"https:\/\/energizer.com\/eu\/switzerland\/product\/energizer-alkaline-power-9v\/\",\"name\":\"ENERGIZER\u00ae ALKALINE POWER - 9V - Switzerland\",\"isPartOf\":{\"@id\":\"https:\/\/energizer.com\/eu\/switzerland\/#website\"},\"datePublished\":\"2024-06-03T05:16:27+00:00\",\"dateModified\":\"2024-12-30T05:40:08+00:00\",\"breadcrumb\":{\"@id\":\"https:\/\/energizer.com\/eu\/switzerland\/product\/energizer-alkaline-power-9v\/#breadcrumb\"},\"inLanguage\":\"en-US\",\"potentialAction\":[{\"@type\":\"ReadAction\",\"target\":[\"https:\/\/energizer.com\/eu\/switzerland\/product\/energizer-alkaline-power-9v\/\"]}]},{\"@type\":\"BreadcrumbList\",\"@id\":\"https:\/\/energizer.com\/eu\/switzerland\/product\/energizer-alkaline-power-9v\/#breadcrumb\",\"itemListElement\":[{\"@type\":\"ListItem\",\"position\":1,\"name\":\"Home\",\"item\":\"https:\/\/energizer.com\/eu\/switzerland\/\"},{\"@type\":\"ListItem\",\"position\":2,\"name\":\"ENERGIZER\u00ae ALKALINE POWER &#8211; 9V\"}]},{\"@type\":\"WebSite\",\"@id\":\"https:\/\/energizer.com\/eu\/switzerland\/#website\",\"url\":\"https:\/\/energizer.com\/eu\/switzerland\/\",\"name\":\"Energizer Switzerland (FR)\",\"description\":\"\",\"publisher\":{\"@id\":\"https:\/\/energizer.com\/eu\/switzerland\/#organization\"},\"potentialAction\":[{\"@type\":\"SearchAction\",\"target\":{\"@type\":\"EntryPoint\",\"urlTemplate\":\"https:\/\/energizer.com\/eu\/switzerland\/?s={search_term_string}\"},\"query-input\":{\"@type\":\"PropertyValueSpecification\",\"valueRequired\":true,\"valueName\":\"search_term_string\"}}],\"inLanguage\":\"en-US\"},{\"@type\":\"Organization\",\"@id\":\"https:\/\/energizer.com\/eu\/switzerland\/#organization\",\"name\":\"Energizer Switzerland (FR)\",\"url\":\"https:\/\/energizer.com\/eu\/switzerland\/\",\"logo\":{\"@type\":\"ImageObject\",\"inLanguage\":\"en-US\",\"@id\":\"https:\/\/energizer.com\/eu\/switzerland\/#\/schema\/logo\/image\/\",\"url\":\"https:\/\/energizer.com\/eu\/switzerland\/wp-content\/uploads\/sites\/58\/2024\/04\/Energizer_brand.png\",\"contentUrl\":\"https:\/\/energizer.com\/eu\/switzerland\/wp-content\/uploads\/sites\/58\/2024\/04\/Energizer_brand.png\",\"width\":267,\"height\":100,\"caption\":\"Energizer Switzerland (FR)\"},\"image\":{\"@id\":\"https:\/\/energizer.com\/eu\/switzerland\/#\/schema\/logo\/image\/\"}}]}<\/script>\n<!-- \/ Yoast SEO plugin. -->","yoast_head_json":{"title":"ENERGIZER\u00ae ALKALINE POWER - 9V - Switzerland","robots":{"index":"index","follow":"follow","max-snippet":"max-snippet:-1","max-image-preview":"max-image-preview:large","max-video-preview":"max-video-preview:-1"},"canonical":"https:\/\/energizer.com\/eu\/switzerland\/product\/energizer-alkaline-power-9v\/","og_locale":"en_US","og_type":"article","og_title":"ENERGIZER\u00ae ALKALINE POWER - 9V - Switzerland","og_description":"Tirez le meilleur parti de vos appareils essentiels gr\u00e2ce \u00e0 l\u2019\u00e9nergie fiable et durable que vous attendez des piles Energizer. Faites le plein de piles 9V pour les d\u00e9tecteurs de fum\u00e9e et les rasoirs, ainsi que de piles pour les sonnettes. Ce pack est \u00e9galement un excellent choix si vous avez besoin d\u2019une pile de torche fiable. Les piles alcalines Energizer Power 9V conservent leur \u00e9nergie jusqu\u2019\u00e0 3 ans lorsqu\u2019elles sont stock\u00e9es. Avec Energizer, l\u2019\u00e9nergie est pr\u00eate quand vous l\u2019\u00eates. La gamme Energizer Alkaline Power comprend \u00e9galement des piles AA, AAA, C et D. Il est donc facile de trouver une alimentation fiable dans la taille dont vous avez besoin.","og_url":"https:\/\/energizer.com\/eu\/switzerland\/product\/energizer-alkaline-power-9v\/","og_site_name":"Switzerland","article_modified_time":"2024-12-30T05:40:08+00:00","twitter_card":"summary_large_image","schema":{"@context":"https:\/\/schema.org","@graph":[{"@type":"WebPage","@id":"https:\/\/energizer.com\/eu\/switzerland\/product\/energizer-alkaline-power-9v\/","url":"https:\/\/energizer.com\/eu\/switzerland\/product\/energizer-alkaline-power-9v\/","name":"ENERGIZER\u00ae ALKALINE POWER - 9V - Switzerland","isPartOf":{"@id":"https:\/\/energizer.com\/eu\/switzerland\/#website"},"datePublished":"2024-06-03T05:16:27+00:00","dateModified":"2024-12-30T05:40:08+00:00","breadcrumb":{"@id":"https:\/\/energizer.com\/eu\/switzerland\/product\/energizer-alkaline-power-9v\/#breadcrumb"},"inLanguage":"en-US","potentialAction":[{"@type":"ReadAction","target":["https:\/\/energizer.com\/eu\/switzerland\/product\/energizer-alkaline-power-9v\/"]}]},{"@type":"BreadcrumbList","@id":"https:\/\/energizer.com\/eu\/switzerland\/product\/energizer-alkaline-power-9v\/#breadcrumb","itemListElement":[{"@type":"ListItem","position":1,"name":"Home","item":"https:\/\/energizer.com\/eu\/switzerland\/"},{"@type":"ListItem","position":2,"name":"ENERGIZER\u00ae ALKALINE POWER &#8211; 9V"}]},{"@type":"WebSite","@id":"https:\/\/energizer.com\/eu\/switzerland\/#website","url":"https:\/\/energizer.com\/eu\/switzerland\/","name":"Energizer Switzerland (FR)","description":"","publisher":{"@id":"https:\/\/energizer.com\/eu\/switzerland\/#organization"},"potentialAction":[{"@type":"SearchAction","target":{"@type":"EntryPoint","urlTemplate":"https:\/\/energizer.com\/eu\/switzerland\/?s={search_term_string}"},"query-input":{"@type":"PropertyValueSpecification","valueRequired":true,"valueName":"search_term_string"}}],"inLanguage":"en-US"},{"@type":"Organization","@id":"https:\/\/energizer.com\/eu\/switzerland\/#organization","name":"Energizer Switzerland (FR)","url":"https:\/\/energizer.com\/eu\/switzerland\/","logo":{"@type":"ImageObject","inLanguage":"en-US","@id":"https:\/\/energizer.com\/eu\/switzerland\/#\/schema\/logo\/image\/","url":"https:\/\/energizer.com\/eu\/switzerland\/wp-content\/uploads\/sites\/58\/2024\/04\/Energizer_brand.png","contentUrl":"https:\/\/energizer.com\/eu\/switzerland\/wp-content\/uploads\/sites\/58\/2024\/04\/Energizer_brand.png","width":267,"height":100,"caption":"Energizer Switzerland (FR)"},"image":{"@id":"https:\/\/energizer.com\/eu\/switzerland\/#\/schema\/logo\/image\/"}}]}},"_links":{"self":[{"href":"https:\/\/energizer.com\/eu\/switzerland\/wp-json\/wp\/v2\/product\/7208","targetHints":{"allow":["GET"]}}],"collection":[{"href":"https:\/\/energizer.com\/eu\/switzerland\/wp-json\/wp\/v2\/product"}],"about":[{"href":"https:\/\/energizer.com\/eu\/switzerland\/wp-json\/wp\/v2\/types\/product"}],"replies":[{"embeddable":true,"href":"https:\/\/energizer.com\/eu\/switzerland\/wp-json\/wp\/v2\/comments?post=7208"}],"version-history":[{"count":10,"href":"https:\/\/energizer.com\/eu\/switzerland\/wp-json\/wp\/v2\/product\/7208\/revisions"}],"predecessor-version":[{"id":9889,"href":"https:\/\/energizer.com\/eu\/switzerland\/wp-json\/wp\/v2\/product\/7208\/revisions\/9889"}],"wp:attachment":[{"href":"https:\/\/energizer.com\/eu\/switzerland\/wp-json\/wp\/v2\/media?parent=7208"}],"wp:term":[{"taxonomy":"product_brand","embeddable":true,"href":"https:\/\/energizer.com\/eu\/switzerland\/wp-json\/wp\/v2\/product_brand?post=7208"},{"taxonomy":"product_cat","embeddable":true,"href":"https:\/\/energizer.com\/eu\/switzerland\/wp-json\/wp\/v2\/product_cat?post=7208"},{"taxonomy":"product_tag","embeddable":true,"href":"https:\/\/energizer.com\/eu\/switzerland\/wp-json\/wp\/v2\/product_tag?post=7208"}],"curies":[{"name":"wp","href":"https:\/\/api.w.org\/{rel}","templated":true}]}}