{"id":7216,"date":"2024-06-03T05:16:28","date_gmt":"2024-06-03T05:16:28","guid":{"rendered":"https:\/\/23b13e8ab3.nxcli.io\/switzerland\/?post_type=product&#038;p=7216"},"modified":"2024-08-27T06:01:30","modified_gmt":"2024-08-27T06:01:30","slug":"nergizer-electronic-batteries-lr44-a76","status":"publish","type":"product","link":"https:\/\/energizer.com\/eu\/switzerland\/product\/nergizer-electronic-batteries-lr44-a76\/","title":{"rendered":"ENERGIZER\u00ae ELECTRONIC BATTERIES \u2013 LR44\/A76"},"content":{"rendered":"<ul>\n<li>Contient 2 piles bouton alcalines Energizer LR44\/A76<\/li>\n<li>Conservent leur \u00e9nergie dans leur emballage pendant 3 ans, pour \u00eatre pr\u00eates \u00e0 \u00eatre utilis\u00e9es quand vous en aurez besoin<\/li>\n<\/ul>\n","protected":false},"excerpt":{"rendered":"<p>\u00c9nergie longue dur\u00e9e pour les appareils sp\u00e9ciaux\u00a0: La pile bouton alcaline Energizer LR44\/A76 fournit une alimentation fiable que vous pouvez utiliser dans les moniteurs de fr\u00e9quence cardiaque, les t\u00e9l\u00e9commandes, les syst\u00e8mes de d\u00e9verrouillage sans cl\u00e9 et les dispositifs m\u00e9dicaux et portatifs. Ces piles alimentent efficacement tous vos petits appareils \u00e9lectroniques du quotidien. De petite taille, mais offrant une grande puissance, les piles bouton alcalines Energizer LR44\/A76 fournissent des performances longue dur\u00e9e sur lesquelles vous pouvez compter. Conservent leur \u00e9nergie dans leur emballage pendant\u00a03\u00a0ans, pour \u00eatre pr\u00eates \u00e0 \u00eatre utilis\u00e9es quand vous en aurez besoin.<\/p>\n","protected":false},"featured_media":0,"comment_status":"open","ping_status":"closed","template":"","meta":{"_acf_changed":false},"product_brand":[],"product_cat":[58],"product_tag":[],"class_list":{"0":"post-7216","1":"product","2":"type-product","3":"status-publish","5":"product_cat-speciality","7":"first","8":"instock","9":"shipping-taxable","10":"product-type-simple"},"acf":[],"yoast_head":"<!-- This site is optimized with the Yoast SEO plugin v27.2 - https:\/\/yoast.com\/product\/yoast-seo-wordpress\/ -->\n<title>ENERGIZER\u00ae ELECTRONIC BATTERIES \u2013 LR44\/A76 - Switzerland<\/title>\n<meta name=\"robots\" content=\"index, follow, max-snippet:-1, max-image-preview:large, max-video-preview:-1\" \/>\n<link rel=\"canonical\" href=\"https:\/\/energizer.com\/eu\/switzerland\/product\/nergizer-electronic-batteries-lr44-a76\/\" \/>\n<meta property=\"og:locale\" content=\"en_US\" \/>\n<meta property=\"og:type\" content=\"article\" \/>\n<meta property=\"og:title\" content=\"ENERGIZER\u00ae ELECTRONIC BATTERIES \u2013 LR44\/A76 - Switzerland\" \/>\n<meta property=\"og:description\" content=\"\u00c9nergie longue dur\u00e9e pour les appareils sp\u00e9ciaux\u00a0: La pile bouton alcaline Energizer LR44\/A76 fournit une alimentation fiable que vous pouvez utiliser dans les moniteurs de fr\u00e9quence cardiaque, les t\u00e9l\u00e9commandes, les syst\u00e8mes de d\u00e9verrouillage sans cl\u00e9 et les dispositifs m\u00e9dicaux et portatifs. Ces piles alimentent efficacement tous vos petits appareils \u00e9lectroniques du quotidien. De petite taille, mais offrant une grande puissance, les piles bouton alcalines Energizer LR44\/A76 fournissent des performances longue dur\u00e9e sur lesquelles vous pouvez compter. Conservent leur \u00e9nergie dans leur emballage pendant\u00a03\u00a0ans, pour \u00eatre pr\u00eates \u00e0 \u00eatre utilis\u00e9es quand vous en aurez besoin.\" \/>\n<meta property=\"og:url\" content=\"https:\/\/energizer.com\/eu\/switzerland\/product\/nergizer-electronic-batteries-lr44-a76\/\" \/>\n<meta property=\"og:site_name\" content=\"Switzerland\" \/>\n<meta property=\"article:modified_time\" content=\"2024-08-27T06:01:30+00:00\" \/>\n<meta name=\"twitter:card\" content=\"summary_large_image\" \/>\n<script type=\"application\/ld+json\" class=\"yoast-schema-graph\">{\"@context\":\"https:\/\/schema.org\",\"@graph\":[{\"@type\":\"WebPage\",\"@id\":\"https:\/\/energizer.com\/eu\/switzerland\/product\/nergizer-electronic-batteries-lr44-a76\/\",\"url\":\"https:\/\/energizer.com\/eu\/switzerland\/product\/nergizer-electronic-batteries-lr44-a76\/\",\"name\":\"ENERGIZER\u00ae ELECTRONIC BATTERIES \u2013 LR44\/A76 - Switzerland\",\"isPartOf\":{\"@id\":\"https:\/\/energizer.com\/eu\/switzerland\/#website\"},\"datePublished\":\"2024-06-03T05:16:28+00:00\",\"dateModified\":\"2024-08-27T06:01:30+00:00\",\"breadcrumb\":{\"@id\":\"https:\/\/energizer.com\/eu\/switzerland\/product\/nergizer-electronic-batteries-lr44-a76\/#breadcrumb\"},\"inLanguage\":\"en-US\",\"potentialAction\":[{\"@type\":\"ReadAction\",\"target\":[\"https:\/\/energizer.com\/eu\/switzerland\/product\/nergizer-electronic-batteries-lr44-a76\/\"]}]},{\"@type\":\"BreadcrumbList\",\"@id\":\"https:\/\/energizer.com\/eu\/switzerland\/product\/nergizer-electronic-batteries-lr44-a76\/#breadcrumb\",\"itemListElement\":[{\"@type\":\"ListItem\",\"position\":1,\"name\":\"Home\",\"item\":\"https:\/\/energizer.com\/eu\/switzerland\/\"},{\"@type\":\"ListItem\",\"position\":2,\"name\":\"ENERGIZER\u00ae ELECTRONIC BATTERIES \u2013 LR44\/A76\"}]},{\"@type\":\"WebSite\",\"@id\":\"https:\/\/energizer.com\/eu\/switzerland\/#website\",\"url\":\"https:\/\/energizer.com\/eu\/switzerland\/\",\"name\":\"Energizer Switzerland (FR)\",\"description\":\"\",\"publisher\":{\"@id\":\"https:\/\/energizer.com\/eu\/switzerland\/#organization\"},\"potentialAction\":[{\"@type\":\"SearchAction\",\"target\":{\"@type\":\"EntryPoint\",\"urlTemplate\":\"https:\/\/energizer.com\/eu\/switzerland\/?s={search_term_string}\"},\"query-input\":{\"@type\":\"PropertyValueSpecification\",\"valueRequired\":true,\"valueName\":\"search_term_string\"}}],\"inLanguage\":\"en-US\"},{\"@type\":\"Organization\",\"@id\":\"https:\/\/energizer.com\/eu\/switzerland\/#organization\",\"name\":\"Energizer Switzerland (FR)\",\"url\":\"https:\/\/energizer.com\/eu\/switzerland\/\",\"logo\":{\"@type\":\"ImageObject\",\"inLanguage\":\"en-US\",\"@id\":\"https:\/\/energizer.com\/eu\/switzerland\/#\/schema\/logo\/image\/\",\"url\":\"https:\/\/energizer.com\/eu\/switzerland\/wp-content\/uploads\/sites\/58\/2024\/04\/Energizer_brand.png\",\"contentUrl\":\"https:\/\/energizer.com\/eu\/switzerland\/wp-content\/uploads\/sites\/58\/2024\/04\/Energizer_brand.png\",\"width\":267,\"height\":100,\"caption\":\"Energizer Switzerland (FR)\"},\"image\":{\"@id\":\"https:\/\/energizer.com\/eu\/switzerland\/#\/schema\/logo\/image\/\"}}]}<\/script>\n<!-- \/ Yoast SEO plugin. -->","yoast_head_json":{"title":"ENERGIZER\u00ae ELECTRONIC BATTERIES \u2013 LR44\/A76 - Switzerland","robots":{"index":"index","follow":"follow","max-snippet":"max-snippet:-1","max-image-preview":"max-image-preview:large","max-video-preview":"max-video-preview:-1"},"canonical":"https:\/\/energizer.com\/eu\/switzerland\/product\/nergizer-electronic-batteries-lr44-a76\/","og_locale":"en_US","og_type":"article","og_title":"ENERGIZER\u00ae ELECTRONIC BATTERIES \u2013 LR44\/A76 - Switzerland","og_description":"\u00c9nergie longue dur\u00e9e pour les appareils sp\u00e9ciaux\u00a0: La pile bouton alcaline Energizer LR44\/A76 fournit une alimentation fiable que vous pouvez utiliser dans les moniteurs de fr\u00e9quence cardiaque, les t\u00e9l\u00e9commandes, les syst\u00e8mes de d\u00e9verrouillage sans cl\u00e9 et les dispositifs m\u00e9dicaux et portatifs. Ces piles alimentent efficacement tous vos petits appareils \u00e9lectroniques du quotidien. De petite taille, mais offrant une grande puissance, les piles bouton alcalines Energizer LR44\/A76 fournissent des performances longue dur\u00e9e sur lesquelles vous pouvez compter. Conservent leur \u00e9nergie dans leur emballage pendant\u00a03\u00a0ans, pour \u00eatre pr\u00eates \u00e0 \u00eatre utilis\u00e9es quand vous en aurez besoin.","og_url":"https:\/\/energizer.com\/eu\/switzerland\/product\/nergizer-electronic-batteries-lr44-a76\/","og_site_name":"Switzerland","article_modified_time":"2024-08-27T06:01:30+00:00","twitter_card":"summary_large_image","schema":{"@context":"https:\/\/schema.org","@graph":[{"@type":"WebPage","@id":"https:\/\/energizer.com\/eu\/switzerland\/product\/nergizer-electronic-batteries-lr44-a76\/","url":"https:\/\/energizer.com\/eu\/switzerland\/product\/nergizer-electronic-batteries-lr44-a76\/","name":"ENERGIZER\u00ae ELECTRONIC BATTERIES \u2013 LR44\/A76 - Switzerland","isPartOf":{"@id":"https:\/\/energizer.com\/eu\/switzerland\/#website"},"datePublished":"2024-06-03T05:16:28+00:00","dateModified":"2024-08-27T06:01:30+00:00","breadcrumb":{"@id":"https:\/\/energizer.com\/eu\/switzerland\/product\/nergizer-electronic-batteries-lr44-a76\/#breadcrumb"},"inLanguage":"en-US","potentialAction":[{"@type":"ReadAction","target":["https:\/\/energizer.com\/eu\/switzerland\/product\/nergizer-electronic-batteries-lr44-a76\/"]}]},{"@type":"BreadcrumbList","@id":"https:\/\/energizer.com\/eu\/switzerland\/product\/nergizer-electronic-batteries-lr44-a76\/#breadcrumb","itemListElement":[{"@type":"ListItem","position":1,"name":"Home","item":"https:\/\/energizer.com\/eu\/switzerland\/"},{"@type":"ListItem","position":2,"name":"ENERGIZER\u00ae ELECTRONIC BATTERIES \u2013 LR44\/A76"}]},{"@type":"WebSite","@id":"https:\/\/energizer.com\/eu\/switzerland\/#website","url":"https:\/\/energizer.com\/eu\/switzerland\/","name":"Energizer Switzerland (FR)","description":"","publisher":{"@id":"https:\/\/energizer.com\/eu\/switzerland\/#organization"},"potentialAction":[{"@type":"SearchAction","target":{"@type":"EntryPoint","urlTemplate":"https:\/\/energizer.com\/eu\/switzerland\/?s={search_term_string}"},"query-input":{"@type":"PropertyValueSpecification","valueRequired":true,"valueName":"search_term_string"}}],"inLanguage":"en-US"},{"@type":"Organization","@id":"https:\/\/energizer.com\/eu\/switzerland\/#organization","name":"Energizer Switzerland (FR)","url":"https:\/\/energizer.com\/eu\/switzerland\/","logo":{"@type":"ImageObject","inLanguage":"en-US","@id":"https:\/\/energizer.com\/eu\/switzerland\/#\/schema\/logo\/image\/","url":"https:\/\/energizer.com\/eu\/switzerland\/wp-content\/uploads\/sites\/58\/2024\/04\/Energizer_brand.png","contentUrl":"https:\/\/energizer.com\/eu\/switzerland\/wp-content\/uploads\/sites\/58\/2024\/04\/Energizer_brand.png","width":267,"height":100,"caption":"Energizer Switzerland (FR)"},"image":{"@id":"https:\/\/energizer.com\/eu\/switzerland\/#\/schema\/logo\/image\/"}}]}},"_links":{"self":[{"href":"https:\/\/energizer.com\/eu\/switzerland\/wp-json\/wp\/v2\/product\/7216","targetHints":{"allow":["GET"]}}],"collection":[{"href":"https:\/\/energizer.com\/eu\/switzerland\/wp-json\/wp\/v2\/product"}],"about":[{"href":"https:\/\/energizer.com\/eu\/switzerland\/wp-json\/wp\/v2\/types\/product"}],"replies":[{"embeddable":true,"href":"https:\/\/energizer.com\/eu\/switzerland\/wp-json\/wp\/v2\/comments?post=7216"}],"version-history":[{"count":5,"href":"https:\/\/energizer.com\/eu\/switzerland\/wp-json\/wp\/v2\/product\/7216\/revisions"}],"predecessor-version":[{"id":9634,"href":"https:\/\/energizer.com\/eu\/switzerland\/wp-json\/wp\/v2\/product\/7216\/revisions\/9634"}],"wp:attachment":[{"href":"https:\/\/energizer.com\/eu\/switzerland\/wp-json\/wp\/v2\/media?parent=7216"}],"wp:term":[{"taxonomy":"product_brand","embeddable":true,"href":"https:\/\/energizer.com\/eu\/switzerland\/wp-json\/wp\/v2\/product_brand?post=7216"},{"taxonomy":"product_cat","embeddable":true,"href":"https:\/\/energizer.com\/eu\/switzerland\/wp-json\/wp\/v2\/product_cat?post=7216"},{"taxonomy":"product_tag","embeddable":true,"href":"https:\/\/energizer.com\/eu\/switzerland\/wp-json\/wp\/v2\/product_tag?post=7216"}],"curies":[{"name":"wp","href":"https:\/\/api.w.org\/{rel}","templated":true}]}}