{"id":7264,"date":"2024-06-03T05:16:32","date_gmt":"2024-06-03T05:16:32","guid":{"rendered":"https:\/\/23b13e8ab3.nxcli.io\/switzerland\/?post_type=product&#038;p=7264"},"modified":"2024-08-27T06:05:16","modified_gmt":"2024-08-27T06:05:16","slug":"energizer-electronic-batteries-cr2025","status":"publish","type":"product","link":"https:\/\/energizer.com\/eu\/switzerland\/product\/energizer-electronic-batteries-cr2025\/","title":{"rendered":"ENERGIZER\u00ae ELECTRONIC BATTERIES \u2013 CR2025"},"content":{"rendered":"<ul>\n<li>Piles bouton Energizer CR2025 Lithium<\/li>\n<li>Longue dur\u00e9e de vie : Chaque pile au lithium conserve son \u00e9nergie jusqu&#8217;\u00e0 10 ans en stockage, afin d&#8217;\u00eatre toujours pr\u00eate lorsque vous en avez besoin<\/li>\n<li>Une puissance fiable : Offre des performances durables et fiables dans des appareils sp\u00e9cialis\u00e9s tels que les moniteurs de fr\u00e9quence cardiaque, les t\u00e9l\u00e9commandes, les syst\u00e8mes d&#8217;entr\u00e9e sans cl\u00e9, les calculatrices et les jouets<\/li>\n<li>S\u00fbres : Les piles rechargeables Energizer Lithium sont emball\u00e9es dans un emballage \u00e0 l&#8217;\u00e9preuve des enfants<\/li>\n<li>Fiables : Ces piles Energizer CR2025 au lithium r\u00e9sistent \u00e0 des temp\u00e9ratures extr\u00eames, de -30\u00ba \u00e0 60\u00ba C<\/li>\n<li>Innovation Energizer : Les piles Energizer Ultimate Lithium sont fabriqu\u00e9es par les fabricants des piles AA les plus durables au monde<\/li>\n<\/ul>\n","protected":false},"excerpt":{"rendered":"<p>Tirez le meilleur parti de vos appareils essentiels gr\u00e2ce \u00e0 l&#8217;\u00e9nergie fiable et durable que vous attendez d&#8217;Energizer. Faites le plein de piles Energizer CR2025 pour les montres et les v\u00eatements, ainsi que de piles pour les porte-cl\u00e9s, les t\u00e9l\u00e9commandes et les d\u00e9tecteurs d&#8217;alarme. Ce pack de piles est \u00e9galement un excellent choix si vous avez besoin d&#8217;une nouvelle pile pour votre cl\u00e9 de voiture. Chaque pile lithium CR2025 Energizer conserve son \u00e9nergie jusqu&#8217;\u00e0 10 ans pendant son stockage et r\u00e9siste \u00e0 des temp\u00e9ratures allant de -30\u00ba \u00e0 60\u00baC. Elles sont \u00e9galement con\u00e7ues de mani\u00e8re responsable avec z\u00e9ro mercure et un emballage de s\u00e9curit\u00e9 \u00e0 l&#8217;\u00e9preuve des enfants.<\/p>\n","protected":false},"featured_media":0,"comment_status":"open","ping_status":"closed","template":"","meta":{"_acf_changed":false},"product_brand":[],"product_cat":[58],"product_tag":[],"class_list":{"0":"post-7264","1":"product","2":"type-product","3":"status-publish","5":"product_cat-speciality","7":"first","8":"instock","9":"shipping-taxable","10":"product-type-simple"},"acf":[],"yoast_head":"<!-- This site is optimized with the Yoast SEO plugin v27.2 - https:\/\/yoast.com\/product\/yoast-seo-wordpress\/ -->\n<title>ENERGIZER\u00ae ELECTRONIC BATTERIES \u2013 CR2025 - Switzerland<\/title>\n<meta name=\"robots\" content=\"index, follow, max-snippet:-1, max-image-preview:large, max-video-preview:-1\" \/>\n<link rel=\"canonical\" href=\"https:\/\/energizer.com\/eu\/switzerland\/product\/energizer-electronic-batteries-cr2025\/\" \/>\n<meta property=\"og:locale\" content=\"en_US\" \/>\n<meta property=\"og:type\" content=\"article\" \/>\n<meta property=\"og:title\" content=\"ENERGIZER\u00ae ELECTRONIC BATTERIES \u2013 CR2025 - Switzerland\" \/>\n<meta property=\"og:description\" content=\"Tirez le meilleur parti de vos appareils essentiels gr\u00e2ce \u00e0 l&#039;\u00e9nergie fiable et durable que vous attendez d&#039;Energizer. Faites le plein de piles Energizer CR2025 pour les montres et les v\u00eatements, ainsi que de piles pour les porte-cl\u00e9s, les t\u00e9l\u00e9commandes et les d\u00e9tecteurs d&#039;alarme. Ce pack de piles est \u00e9galement un excellent choix si vous avez besoin d&#039;une nouvelle pile pour votre cl\u00e9 de voiture. Chaque pile lithium CR2025 Energizer conserve son \u00e9nergie jusqu&#039;\u00e0 10 ans pendant son stockage et r\u00e9siste \u00e0 des temp\u00e9ratures allant de -30\u00ba \u00e0 60\u00baC. Elles sont \u00e9galement con\u00e7ues de mani\u00e8re responsable avec z\u00e9ro mercure et un emballage de s\u00e9curit\u00e9 \u00e0 l&#039;\u00e9preuve des enfants.\" \/>\n<meta property=\"og:url\" content=\"https:\/\/energizer.com\/eu\/switzerland\/product\/energizer-electronic-batteries-cr2025\/\" \/>\n<meta property=\"og:site_name\" content=\"Switzerland\" \/>\n<meta property=\"article:modified_time\" content=\"2024-08-27T06:05:16+00:00\" \/>\n<meta name=\"twitter:card\" content=\"summary_large_image\" \/>\n<script type=\"application\/ld+json\" class=\"yoast-schema-graph\">{\"@context\":\"https:\/\/schema.org\",\"@graph\":[{\"@type\":\"WebPage\",\"@id\":\"https:\/\/energizer.com\/eu\/switzerland\/product\/energizer-electronic-batteries-cr2025\/\",\"url\":\"https:\/\/energizer.com\/eu\/switzerland\/product\/energizer-electronic-batteries-cr2025\/\",\"name\":\"ENERGIZER\u00ae ELECTRONIC BATTERIES \u2013 CR2025 - Switzerland\",\"isPartOf\":{\"@id\":\"https:\/\/energizer.com\/eu\/switzerland\/#website\"},\"datePublished\":\"2024-06-03T05:16:32+00:00\",\"dateModified\":\"2024-08-27T06:05:16+00:00\",\"breadcrumb\":{\"@id\":\"https:\/\/energizer.com\/eu\/switzerland\/product\/energizer-electronic-batteries-cr2025\/#breadcrumb\"},\"inLanguage\":\"en-US\",\"potentialAction\":[{\"@type\":\"ReadAction\",\"target\":[\"https:\/\/energizer.com\/eu\/switzerland\/product\/energizer-electronic-batteries-cr2025\/\"]}]},{\"@type\":\"BreadcrumbList\",\"@id\":\"https:\/\/energizer.com\/eu\/switzerland\/product\/energizer-electronic-batteries-cr2025\/#breadcrumb\",\"itemListElement\":[{\"@type\":\"ListItem\",\"position\":1,\"name\":\"Home\",\"item\":\"https:\/\/energizer.com\/eu\/switzerland\/\"},{\"@type\":\"ListItem\",\"position\":2,\"name\":\"ENERGIZER\u00ae ELECTRONIC BATTERIES \u2013 CR2025\"}]},{\"@type\":\"WebSite\",\"@id\":\"https:\/\/energizer.com\/eu\/switzerland\/#website\",\"url\":\"https:\/\/energizer.com\/eu\/switzerland\/\",\"name\":\"Energizer Switzerland (FR)\",\"description\":\"\",\"publisher\":{\"@id\":\"https:\/\/energizer.com\/eu\/switzerland\/#organization\"},\"potentialAction\":[{\"@type\":\"SearchAction\",\"target\":{\"@type\":\"EntryPoint\",\"urlTemplate\":\"https:\/\/energizer.com\/eu\/switzerland\/?s={search_term_string}\"},\"query-input\":{\"@type\":\"PropertyValueSpecification\",\"valueRequired\":true,\"valueName\":\"search_term_string\"}}],\"inLanguage\":\"en-US\"},{\"@type\":\"Organization\",\"@id\":\"https:\/\/energizer.com\/eu\/switzerland\/#organization\",\"name\":\"Energizer Switzerland (FR)\",\"url\":\"https:\/\/energizer.com\/eu\/switzerland\/\",\"logo\":{\"@type\":\"ImageObject\",\"inLanguage\":\"en-US\",\"@id\":\"https:\/\/energizer.com\/eu\/switzerland\/#\/schema\/logo\/image\/\",\"url\":\"https:\/\/energizer.com\/eu\/switzerland\/wp-content\/uploads\/sites\/58\/2024\/04\/Energizer_brand.png\",\"contentUrl\":\"https:\/\/energizer.com\/eu\/switzerland\/wp-content\/uploads\/sites\/58\/2024\/04\/Energizer_brand.png\",\"width\":267,\"height\":100,\"caption\":\"Energizer Switzerland (FR)\"},\"image\":{\"@id\":\"https:\/\/energizer.com\/eu\/switzerland\/#\/schema\/logo\/image\/\"}}]}<\/script>\n<!-- \/ Yoast SEO plugin. -->","yoast_head_json":{"title":"ENERGIZER\u00ae ELECTRONIC BATTERIES \u2013 CR2025 - Switzerland","robots":{"index":"index","follow":"follow","max-snippet":"max-snippet:-1","max-image-preview":"max-image-preview:large","max-video-preview":"max-video-preview:-1"},"canonical":"https:\/\/energizer.com\/eu\/switzerland\/product\/energizer-electronic-batteries-cr2025\/","og_locale":"en_US","og_type":"article","og_title":"ENERGIZER\u00ae ELECTRONIC BATTERIES \u2013 CR2025 - Switzerland","og_description":"Tirez le meilleur parti de vos appareils essentiels gr\u00e2ce \u00e0 l'\u00e9nergie fiable et durable que vous attendez d'Energizer. Faites le plein de piles Energizer CR2025 pour les montres et les v\u00eatements, ainsi que de piles pour les porte-cl\u00e9s, les t\u00e9l\u00e9commandes et les d\u00e9tecteurs d'alarme. Ce pack de piles est \u00e9galement un excellent choix si vous avez besoin d'une nouvelle pile pour votre cl\u00e9 de voiture. Chaque pile lithium CR2025 Energizer conserve son \u00e9nergie jusqu'\u00e0 10 ans pendant son stockage et r\u00e9siste \u00e0 des temp\u00e9ratures allant de -30\u00ba \u00e0 60\u00baC. Elles sont \u00e9galement con\u00e7ues de mani\u00e8re responsable avec z\u00e9ro mercure et un emballage de s\u00e9curit\u00e9 \u00e0 l'\u00e9preuve des enfants.","og_url":"https:\/\/energizer.com\/eu\/switzerland\/product\/energizer-electronic-batteries-cr2025\/","og_site_name":"Switzerland","article_modified_time":"2024-08-27T06:05:16+00:00","twitter_card":"summary_large_image","schema":{"@context":"https:\/\/schema.org","@graph":[{"@type":"WebPage","@id":"https:\/\/energizer.com\/eu\/switzerland\/product\/energizer-electronic-batteries-cr2025\/","url":"https:\/\/energizer.com\/eu\/switzerland\/product\/energizer-electronic-batteries-cr2025\/","name":"ENERGIZER\u00ae ELECTRONIC BATTERIES \u2013 CR2025 - Switzerland","isPartOf":{"@id":"https:\/\/energizer.com\/eu\/switzerland\/#website"},"datePublished":"2024-06-03T05:16:32+00:00","dateModified":"2024-08-27T06:05:16+00:00","breadcrumb":{"@id":"https:\/\/energizer.com\/eu\/switzerland\/product\/energizer-electronic-batteries-cr2025\/#breadcrumb"},"inLanguage":"en-US","potentialAction":[{"@type":"ReadAction","target":["https:\/\/energizer.com\/eu\/switzerland\/product\/energizer-electronic-batteries-cr2025\/"]}]},{"@type":"BreadcrumbList","@id":"https:\/\/energizer.com\/eu\/switzerland\/product\/energizer-electronic-batteries-cr2025\/#breadcrumb","itemListElement":[{"@type":"ListItem","position":1,"name":"Home","item":"https:\/\/energizer.com\/eu\/switzerland\/"},{"@type":"ListItem","position":2,"name":"ENERGIZER\u00ae ELECTRONIC BATTERIES \u2013 CR2025"}]},{"@type":"WebSite","@id":"https:\/\/energizer.com\/eu\/switzerland\/#website","url":"https:\/\/energizer.com\/eu\/switzerland\/","name":"Energizer Switzerland (FR)","description":"","publisher":{"@id":"https:\/\/energizer.com\/eu\/switzerland\/#organization"},"potentialAction":[{"@type":"SearchAction","target":{"@type":"EntryPoint","urlTemplate":"https:\/\/energizer.com\/eu\/switzerland\/?s={search_term_string}"},"query-input":{"@type":"PropertyValueSpecification","valueRequired":true,"valueName":"search_term_string"}}],"inLanguage":"en-US"},{"@type":"Organization","@id":"https:\/\/energizer.com\/eu\/switzerland\/#organization","name":"Energizer Switzerland (FR)","url":"https:\/\/energizer.com\/eu\/switzerland\/","logo":{"@type":"ImageObject","inLanguage":"en-US","@id":"https:\/\/energizer.com\/eu\/switzerland\/#\/schema\/logo\/image\/","url":"https:\/\/energizer.com\/eu\/switzerland\/wp-content\/uploads\/sites\/58\/2024\/04\/Energizer_brand.png","contentUrl":"https:\/\/energizer.com\/eu\/switzerland\/wp-content\/uploads\/sites\/58\/2024\/04\/Energizer_brand.png","width":267,"height":100,"caption":"Energizer Switzerland (FR)"},"image":{"@id":"https:\/\/energizer.com\/eu\/switzerland\/#\/schema\/logo\/image\/"}}]}},"_links":{"self":[{"href":"https:\/\/energizer.com\/eu\/switzerland\/wp-json\/wp\/v2\/product\/7264","targetHints":{"allow":["GET"]}}],"collection":[{"href":"https:\/\/energizer.com\/eu\/switzerland\/wp-json\/wp\/v2\/product"}],"about":[{"href":"https:\/\/energizer.com\/eu\/switzerland\/wp-json\/wp\/v2\/types\/product"}],"replies":[{"embeddable":true,"href":"https:\/\/energizer.com\/eu\/switzerland\/wp-json\/wp\/v2\/comments?post=7264"}],"version-history":[{"count":5,"href":"https:\/\/energizer.com\/eu\/switzerland\/wp-json\/wp\/v2\/product\/7264\/revisions"}],"predecessor-version":[{"id":9639,"href":"https:\/\/energizer.com\/eu\/switzerland\/wp-json\/wp\/v2\/product\/7264\/revisions\/9639"}],"wp:attachment":[{"href":"https:\/\/energizer.com\/eu\/switzerland\/wp-json\/wp\/v2\/media?parent=7264"}],"wp:term":[{"taxonomy":"product_brand","embeddable":true,"href":"https:\/\/energizer.com\/eu\/switzerland\/wp-json\/wp\/v2\/product_brand?post=7264"},{"taxonomy":"product_cat","embeddable":true,"href":"https:\/\/energizer.com\/eu\/switzerland\/wp-json\/wp\/v2\/product_cat?post=7264"},{"taxonomy":"product_tag","embeddable":true,"href":"https:\/\/energizer.com\/eu\/switzerland\/wp-json\/wp\/v2\/product_tag?post=7264"}],"curies":[{"name":"wp","href":"https:\/\/api.w.org\/{rel}","templated":true}]}}