{"id":7268,"date":"2024-06-03T05:16:32","date_gmt":"2024-06-03T05:16:32","guid":{"rendered":"https:\/\/23b13e8ab3.nxcli.io\/switzerland\/?post_type=product&#038;p=7268"},"modified":"2024-08-27T06:21:03","modified_gmt":"2024-08-27T06:21:03","slug":"energizer-photo-lithium-batteries-cr2","status":"publish","type":"product","link":"https:\/\/energizer.com\/eu\/switzerland\/product\/energizer-photo-lithium-batteries-cr2\/","title":{"rendered":"ENERGIZER\u00ae PHOTO LITHIUM BATTERIES \u2013 CR2"},"content":{"rendered":"<ul>\n<li>Contient 2- piles Lithium Photo CR2 Energizer, qui offrent des performances longue dur\u00e9e pour votre appareil, photo apr\u00e8s photo<\/li>\n<li>Pr\u00eates \u00e0 servir, d\u00e8s que vous en avez besoin : nos piles CR2 pour appareils photo peuvent \u00eatre gard\u00e9es dans leur emballage pendant 10 ans en conservant leur puissance<\/li>\n<li>Puissantes : les piles Energizer pour appareils photo ont \u00e9t\u00e9 con\u00e7ues pour r\u00e9pondre aux exigences des appareils modernes \u00e0 haute consommation d\u2019\u00e9nergie<\/li>\n<\/ul>\n","protected":false},"excerpt":{"rendered":"<p>Soyez toujours pr\u00eat \u00e0 immortaliser vos meilleurs moments : les piles CR2 pour appareils photos Energizer offrent des performances pr\u00e9cises et longue dur\u00e9e pour vos appareils num\u00e9riques reflex mono-objectif et votre mat\u00e9riel photographique. Mais elles vous aident pour bien plus que vos photos : ces piles au lithium peuvent aussi alimenter vos appareils high-tech, tels qu\u2019une calculette, une tablette tactile et bien d\u2019autres dispositifs. Pouvant \u00eatre conserv\u00e9es jusqu\u2019\u00e0 10 ans dans leur emballage, elles restent pr\u00eates \u00e0 servir jusqu\u2019\u00e0 ce que vous en ayez besoin.<\/p>\n","protected":false},"featured_media":0,"comment_status":"open","ping_status":"closed","template":"","meta":{"_acf_changed":false},"product_brand":[],"product_cat":[58],"product_tag":[],"class_list":{"0":"post-7268","1":"product","2":"type-product","3":"status-publish","5":"product_cat-speciality","7":"first","8":"instock","9":"shipping-taxable","10":"product-type-simple"},"acf":[],"yoast_head":"<!-- This site is optimized with the Yoast SEO plugin v27.2 - https:\/\/yoast.com\/product\/yoast-seo-wordpress\/ -->\n<title>ENERGIZER\u00ae PHOTO LITHIUM BATTERIES \u2013 CR2 - Switzerland<\/title>\n<meta name=\"robots\" content=\"index, follow, max-snippet:-1, max-image-preview:large, max-video-preview:-1\" \/>\n<link rel=\"canonical\" href=\"https:\/\/energizer.com\/eu\/switzerland\/product\/energizer-photo-lithium-batteries-cr2\/\" \/>\n<meta property=\"og:locale\" content=\"en_US\" \/>\n<meta property=\"og:type\" content=\"article\" \/>\n<meta property=\"og:title\" content=\"ENERGIZER\u00ae PHOTO LITHIUM BATTERIES \u2013 CR2 - Switzerland\" \/>\n<meta property=\"og:description\" content=\"Soyez toujours pr\u00eat \u00e0 immortaliser vos meilleurs moments : les piles CR2 pour appareils photos Energizer offrent des performances pr\u00e9cises et longue dur\u00e9e pour vos appareils num\u00e9riques reflex mono-objectif et votre mat\u00e9riel photographique. Mais elles vous aident pour bien plus que vos photos : ces piles au lithium peuvent aussi alimenter vos appareils high-tech, tels qu\u2019une calculette, une tablette tactile et bien d\u2019autres dispositifs. Pouvant \u00eatre conserv\u00e9es jusqu\u2019\u00e0 10 ans dans leur emballage, elles restent pr\u00eates \u00e0 servir jusqu\u2019\u00e0 ce que vous en ayez besoin.\" \/>\n<meta property=\"og:url\" content=\"https:\/\/energizer.com\/eu\/switzerland\/product\/energizer-photo-lithium-batteries-cr2\/\" \/>\n<meta property=\"og:site_name\" content=\"Switzerland\" \/>\n<meta property=\"article:modified_time\" content=\"2024-08-27T06:21:03+00:00\" \/>\n<meta name=\"twitter:card\" content=\"summary_large_image\" \/>\n<script type=\"application\/ld+json\" class=\"yoast-schema-graph\">{\"@context\":\"https:\/\/schema.org\",\"@graph\":[{\"@type\":\"WebPage\",\"@id\":\"https:\/\/energizer.com\/eu\/switzerland\/product\/energizer-photo-lithium-batteries-cr2\/\",\"url\":\"https:\/\/energizer.com\/eu\/switzerland\/product\/energizer-photo-lithium-batteries-cr2\/\",\"name\":\"ENERGIZER\u00ae PHOTO LITHIUM BATTERIES \u2013 CR2 - Switzerland\",\"isPartOf\":{\"@id\":\"https:\/\/energizer.com\/eu\/switzerland\/#website\"},\"datePublished\":\"2024-06-03T05:16:32+00:00\",\"dateModified\":\"2024-08-27T06:21:03+00:00\",\"breadcrumb\":{\"@id\":\"https:\/\/energizer.com\/eu\/switzerland\/product\/energizer-photo-lithium-batteries-cr2\/#breadcrumb\"},\"inLanguage\":\"en-US\",\"potentialAction\":[{\"@type\":\"ReadAction\",\"target\":[\"https:\/\/energizer.com\/eu\/switzerland\/product\/energizer-photo-lithium-batteries-cr2\/\"]}]},{\"@type\":\"BreadcrumbList\",\"@id\":\"https:\/\/energizer.com\/eu\/switzerland\/product\/energizer-photo-lithium-batteries-cr2\/#breadcrumb\",\"itemListElement\":[{\"@type\":\"ListItem\",\"position\":1,\"name\":\"Home\",\"item\":\"https:\/\/energizer.com\/eu\/switzerland\/\"},{\"@type\":\"ListItem\",\"position\":2,\"name\":\"ENERGIZER\u00ae PHOTO LITHIUM BATTERIES \u2013 CR2\"}]},{\"@type\":\"WebSite\",\"@id\":\"https:\/\/energizer.com\/eu\/switzerland\/#website\",\"url\":\"https:\/\/energizer.com\/eu\/switzerland\/\",\"name\":\"Energizer Switzerland (FR)\",\"description\":\"\",\"publisher\":{\"@id\":\"https:\/\/energizer.com\/eu\/switzerland\/#organization\"},\"potentialAction\":[{\"@type\":\"SearchAction\",\"target\":{\"@type\":\"EntryPoint\",\"urlTemplate\":\"https:\/\/energizer.com\/eu\/switzerland\/?s={search_term_string}\"},\"query-input\":{\"@type\":\"PropertyValueSpecification\",\"valueRequired\":true,\"valueName\":\"search_term_string\"}}],\"inLanguage\":\"en-US\"},{\"@type\":\"Organization\",\"@id\":\"https:\/\/energizer.com\/eu\/switzerland\/#organization\",\"name\":\"Energizer Switzerland (FR)\",\"url\":\"https:\/\/energizer.com\/eu\/switzerland\/\",\"logo\":{\"@type\":\"ImageObject\",\"inLanguage\":\"en-US\",\"@id\":\"https:\/\/energizer.com\/eu\/switzerland\/#\/schema\/logo\/image\/\",\"url\":\"https:\/\/energizer.com\/eu\/switzerland\/wp-content\/uploads\/sites\/58\/2024\/04\/Energizer_brand.png\",\"contentUrl\":\"https:\/\/energizer.com\/eu\/switzerland\/wp-content\/uploads\/sites\/58\/2024\/04\/Energizer_brand.png\",\"width\":267,\"height\":100,\"caption\":\"Energizer Switzerland (FR)\"},\"image\":{\"@id\":\"https:\/\/energizer.com\/eu\/switzerland\/#\/schema\/logo\/image\/\"}}]}<\/script>\n<!-- \/ Yoast SEO plugin. -->","yoast_head_json":{"title":"ENERGIZER\u00ae PHOTO LITHIUM BATTERIES \u2013 CR2 - Switzerland","robots":{"index":"index","follow":"follow","max-snippet":"max-snippet:-1","max-image-preview":"max-image-preview:large","max-video-preview":"max-video-preview:-1"},"canonical":"https:\/\/energizer.com\/eu\/switzerland\/product\/energizer-photo-lithium-batteries-cr2\/","og_locale":"en_US","og_type":"article","og_title":"ENERGIZER\u00ae PHOTO LITHIUM BATTERIES \u2013 CR2 - Switzerland","og_description":"Soyez toujours pr\u00eat \u00e0 immortaliser vos meilleurs moments : les piles CR2 pour appareils photos Energizer offrent des performances pr\u00e9cises et longue dur\u00e9e pour vos appareils num\u00e9riques reflex mono-objectif et votre mat\u00e9riel photographique. Mais elles vous aident pour bien plus que vos photos : ces piles au lithium peuvent aussi alimenter vos appareils high-tech, tels qu\u2019une calculette, une tablette tactile et bien d\u2019autres dispositifs. Pouvant \u00eatre conserv\u00e9es jusqu\u2019\u00e0 10 ans dans leur emballage, elles restent pr\u00eates \u00e0 servir jusqu\u2019\u00e0 ce que vous en ayez besoin.","og_url":"https:\/\/energizer.com\/eu\/switzerland\/product\/energizer-photo-lithium-batteries-cr2\/","og_site_name":"Switzerland","article_modified_time":"2024-08-27T06:21:03+00:00","twitter_card":"summary_large_image","schema":{"@context":"https:\/\/schema.org","@graph":[{"@type":"WebPage","@id":"https:\/\/energizer.com\/eu\/switzerland\/product\/energizer-photo-lithium-batteries-cr2\/","url":"https:\/\/energizer.com\/eu\/switzerland\/product\/energizer-photo-lithium-batteries-cr2\/","name":"ENERGIZER\u00ae PHOTO LITHIUM BATTERIES \u2013 CR2 - Switzerland","isPartOf":{"@id":"https:\/\/energizer.com\/eu\/switzerland\/#website"},"datePublished":"2024-06-03T05:16:32+00:00","dateModified":"2024-08-27T06:21:03+00:00","breadcrumb":{"@id":"https:\/\/energizer.com\/eu\/switzerland\/product\/energizer-photo-lithium-batteries-cr2\/#breadcrumb"},"inLanguage":"en-US","potentialAction":[{"@type":"ReadAction","target":["https:\/\/energizer.com\/eu\/switzerland\/product\/energizer-photo-lithium-batteries-cr2\/"]}]},{"@type":"BreadcrumbList","@id":"https:\/\/energizer.com\/eu\/switzerland\/product\/energizer-photo-lithium-batteries-cr2\/#breadcrumb","itemListElement":[{"@type":"ListItem","position":1,"name":"Home","item":"https:\/\/energizer.com\/eu\/switzerland\/"},{"@type":"ListItem","position":2,"name":"ENERGIZER\u00ae PHOTO LITHIUM BATTERIES \u2013 CR2"}]},{"@type":"WebSite","@id":"https:\/\/energizer.com\/eu\/switzerland\/#website","url":"https:\/\/energizer.com\/eu\/switzerland\/","name":"Energizer Switzerland (FR)","description":"","publisher":{"@id":"https:\/\/energizer.com\/eu\/switzerland\/#organization"},"potentialAction":[{"@type":"SearchAction","target":{"@type":"EntryPoint","urlTemplate":"https:\/\/energizer.com\/eu\/switzerland\/?s={search_term_string}"},"query-input":{"@type":"PropertyValueSpecification","valueRequired":true,"valueName":"search_term_string"}}],"inLanguage":"en-US"},{"@type":"Organization","@id":"https:\/\/energizer.com\/eu\/switzerland\/#organization","name":"Energizer Switzerland (FR)","url":"https:\/\/energizer.com\/eu\/switzerland\/","logo":{"@type":"ImageObject","inLanguage":"en-US","@id":"https:\/\/energizer.com\/eu\/switzerland\/#\/schema\/logo\/image\/","url":"https:\/\/energizer.com\/eu\/switzerland\/wp-content\/uploads\/sites\/58\/2024\/04\/Energizer_brand.png","contentUrl":"https:\/\/energizer.com\/eu\/switzerland\/wp-content\/uploads\/sites\/58\/2024\/04\/Energizer_brand.png","width":267,"height":100,"caption":"Energizer Switzerland (FR)"},"image":{"@id":"https:\/\/energizer.com\/eu\/switzerland\/#\/schema\/logo\/image\/"}}]}},"_links":{"self":[{"href":"https:\/\/energizer.com\/eu\/switzerland\/wp-json\/wp\/v2\/product\/7268","targetHints":{"allow":["GET"]}}],"collection":[{"href":"https:\/\/energizer.com\/eu\/switzerland\/wp-json\/wp\/v2\/product"}],"about":[{"href":"https:\/\/energizer.com\/eu\/switzerland\/wp-json\/wp\/v2\/types\/product"}],"replies":[{"embeddable":true,"href":"https:\/\/energizer.com\/eu\/switzerland\/wp-json\/wp\/v2\/comments?post=7268"}],"version-history":[{"count":4,"href":"https:\/\/energizer.com\/eu\/switzerland\/wp-json\/wp\/v2\/product\/7268\/revisions"}],"predecessor-version":[{"id":9669,"href":"https:\/\/energizer.com\/eu\/switzerland\/wp-json\/wp\/v2\/product\/7268\/revisions\/9669"}],"wp:attachment":[{"href":"https:\/\/energizer.com\/eu\/switzerland\/wp-json\/wp\/v2\/media?parent=7268"}],"wp:term":[{"taxonomy":"product_brand","embeddable":true,"href":"https:\/\/energizer.com\/eu\/switzerland\/wp-json\/wp\/v2\/product_brand?post=7268"},{"taxonomy":"product_cat","embeddable":true,"href":"https:\/\/energizer.com\/eu\/switzerland\/wp-json\/wp\/v2\/product_cat?post=7268"},{"taxonomy":"product_tag","embeddable":true,"href":"https:\/\/energizer.com\/eu\/switzerland\/wp-json\/wp\/v2\/product_tag?post=7268"}],"curies":[{"name":"wp","href":"https:\/\/api.w.org\/{rel}","templated":true}]}}