{"id":7313,"date":"2024-06-03T05:16:36","date_gmt":"2024-06-03T05:16:36","guid":{"rendered":"https:\/\/23b13e8ab3.nxcli.io\/switzerland\/?post_type=product&#038;p=7313"},"modified":"2024-08-27T06:15:09","modified_gmt":"2024-08-27T06:15:09","slug":"energizer-watch-batteries-386","status":"publish","type":"product","link":"https:\/\/energizer.com\/eu\/switzerland\/product\/energizer-watch-batteries-386\/","title":{"rendered":"ENERGIZER\u00ae WATCH BATTERIES \u2013 386"},"content":{"rendered":"<ul>\n<li>Elles sont tr\u00e8s performantes &#8211; \u00e9quivalentes \u00e0 notre gamme de piles au mercure<\/li>\n<li>Elles ont une longue dur\u00e9e de conservation &#8211; elles sont donc toujours pr\u00eates lorsque vous en avez besoin<\/li>\n<li>Elles ont fait l&#8217;objet de tests approfondis &#8211; vous ne serez donc jamais d\u00e9\u00e7u<\/li>\n<\/ul>\n","protected":false},"excerpt":{"rendered":"<p>En 1957, Energizer\u00ae a fabriqu\u00e9 la premi\u00e8re pile de montre &#8211; et les gens ont arr\u00eat\u00e9 de remonter leurs montres. Aujourd&#8217;hui, il existe plus de 46 types diff\u00e9rents de piles de montre sur le march\u00e9, ce qui rend beaucoup plus complexe ce qui \u00e9tait simple au d\u00e9part.<\/p>\n<p>Nous disposons d&#8217;une gamme compl\u00e8te de piles pour montres pour tous les types de montres \u00e0 pile, y compris une nouvelle avanc\u00e9e in\u00e9gal\u00e9e dans la conception des piles pour montres qui apporte de la simplicit\u00e9 dans un monde complexe &#8211; Energizer\u00ae Multi Drain.<\/p>\n<p>Utilisant une chimie cellulaire innovante, les piles multi-drain pr\u00e9sentent les meilleures caract\u00e9ristiques des piles \u00e0 drainage \u00e9lev\u00e9 et des piles \u00e0 drainage faible. D\u00e9sormais, vous n&#8217;avez besoin que d&#8217;une seule pile, quelle que soit la puissance requise. La technologie Energizer\u00ae multi-drain vous offrira les m\u00eames performances dans tous les appareils \u00e0 faible et \u00e0 forte consommation, de la simple montre analogique aux montres \u00e9lectroniques num\u00e9riques les plus complexes.<\/p>\n","protected":false},"featured_media":0,"comment_status":"open","ping_status":"closed","template":"","meta":{"_acf_changed":false},"product_brand":[],"product_cat":[58],"product_tag":[],"class_list":{"0":"post-7313","1":"product","2":"type-product","3":"status-publish","5":"product_cat-speciality","7":"first","8":"instock","9":"shipping-taxable","10":"product-type-simple"},"acf":[],"yoast_head":"<!-- This site is optimized with the Yoast SEO plugin v27.2 - https:\/\/yoast.com\/product\/yoast-seo-wordpress\/ -->\n<title>ENERGIZER\u00ae WATCH BATTERIES \u2013 386 - Switzerland<\/title>\n<meta name=\"robots\" content=\"index, follow, max-snippet:-1, max-image-preview:large, max-video-preview:-1\" \/>\n<link rel=\"canonical\" href=\"https:\/\/energizer.com\/eu\/switzerland\/product\/energizer-watch-batteries-386\/\" \/>\n<meta property=\"og:locale\" content=\"en_US\" \/>\n<meta property=\"og:type\" content=\"article\" \/>\n<meta property=\"og:title\" content=\"ENERGIZER\u00ae WATCH BATTERIES \u2013 386 - Switzerland\" \/>\n<meta property=\"og:description\" content=\"En 1957, Energizer\u00ae a fabriqu\u00e9 la premi\u00e8re pile de montre - et les gens ont arr\u00eat\u00e9 de remonter leurs montres. Aujourd&#039;hui, il existe plus de 46 types diff\u00e9rents de piles de montre sur le march\u00e9, ce qui rend beaucoup plus complexe ce qui \u00e9tait simple au d\u00e9part.  Nous disposons d&#039;une gamme compl\u00e8te de piles pour montres pour tous les types de montres \u00e0 pile, y compris une nouvelle avanc\u00e9e in\u00e9gal\u00e9e dans la conception des piles pour montres qui apporte de la simplicit\u00e9 dans un monde complexe - Energizer\u00ae Multi Drain.  Utilisant une chimie cellulaire innovante, les piles multi-drain pr\u00e9sentent les meilleures caract\u00e9ristiques des piles \u00e0 drainage \u00e9lev\u00e9 et des piles \u00e0 drainage faible. D\u00e9sormais, vous n&#039;avez besoin que d&#039;une seule pile, quelle que soit la puissance requise. La technologie Energizer\u00ae multi-drain vous offrira les m\u00eames performances dans tous les appareils \u00e0 faible et \u00e0 forte consommation, de la simple montre analogique aux montres \u00e9lectroniques num\u00e9riques les plus complexes.\" \/>\n<meta property=\"og:url\" content=\"https:\/\/energizer.com\/eu\/switzerland\/product\/energizer-watch-batteries-386\/\" \/>\n<meta property=\"og:site_name\" content=\"Switzerland\" \/>\n<meta property=\"article:modified_time\" content=\"2024-08-27T06:15:09+00:00\" \/>\n<meta name=\"twitter:card\" content=\"summary_large_image\" \/>\n<script type=\"application\/ld+json\" class=\"yoast-schema-graph\">{\"@context\":\"https:\/\/schema.org\",\"@graph\":[{\"@type\":\"WebPage\",\"@id\":\"https:\/\/energizer.com\/eu\/switzerland\/product\/energizer-watch-batteries-386\/\",\"url\":\"https:\/\/energizer.com\/eu\/switzerland\/product\/energizer-watch-batteries-386\/\",\"name\":\"ENERGIZER\u00ae WATCH BATTERIES \u2013 386 - Switzerland\",\"isPartOf\":{\"@id\":\"https:\/\/energizer.com\/eu\/switzerland\/#website\"},\"datePublished\":\"2024-06-03T05:16:36+00:00\",\"dateModified\":\"2024-08-27T06:15:09+00:00\",\"breadcrumb\":{\"@id\":\"https:\/\/energizer.com\/eu\/switzerland\/product\/energizer-watch-batteries-386\/#breadcrumb\"},\"inLanguage\":\"en-US\",\"potentialAction\":[{\"@type\":\"ReadAction\",\"target\":[\"https:\/\/energizer.com\/eu\/switzerland\/product\/energizer-watch-batteries-386\/\"]}]},{\"@type\":\"BreadcrumbList\",\"@id\":\"https:\/\/energizer.com\/eu\/switzerland\/product\/energizer-watch-batteries-386\/#breadcrumb\",\"itemListElement\":[{\"@type\":\"ListItem\",\"position\":1,\"name\":\"Home\",\"item\":\"https:\/\/energizer.com\/eu\/switzerland\/\"},{\"@type\":\"ListItem\",\"position\":2,\"name\":\"ENERGIZER\u00ae WATCH BATTERIES \u2013 386\"}]},{\"@type\":\"WebSite\",\"@id\":\"https:\/\/energizer.com\/eu\/switzerland\/#website\",\"url\":\"https:\/\/energizer.com\/eu\/switzerland\/\",\"name\":\"Energizer Switzerland (FR)\",\"description\":\"\",\"publisher\":{\"@id\":\"https:\/\/energizer.com\/eu\/switzerland\/#organization\"},\"potentialAction\":[{\"@type\":\"SearchAction\",\"target\":{\"@type\":\"EntryPoint\",\"urlTemplate\":\"https:\/\/energizer.com\/eu\/switzerland\/?s={search_term_string}\"},\"query-input\":{\"@type\":\"PropertyValueSpecification\",\"valueRequired\":true,\"valueName\":\"search_term_string\"}}],\"inLanguage\":\"en-US\"},{\"@type\":\"Organization\",\"@id\":\"https:\/\/energizer.com\/eu\/switzerland\/#organization\",\"name\":\"Energizer Switzerland (FR)\",\"url\":\"https:\/\/energizer.com\/eu\/switzerland\/\",\"logo\":{\"@type\":\"ImageObject\",\"inLanguage\":\"en-US\",\"@id\":\"https:\/\/energizer.com\/eu\/switzerland\/#\/schema\/logo\/image\/\",\"url\":\"https:\/\/energizer.com\/eu\/switzerland\/wp-content\/uploads\/sites\/58\/2024\/04\/Energizer_brand.png\",\"contentUrl\":\"https:\/\/energizer.com\/eu\/switzerland\/wp-content\/uploads\/sites\/58\/2024\/04\/Energizer_brand.png\",\"width\":267,\"height\":100,\"caption\":\"Energizer Switzerland (FR)\"},\"image\":{\"@id\":\"https:\/\/energizer.com\/eu\/switzerland\/#\/schema\/logo\/image\/\"}}]}<\/script>\n<!-- \/ Yoast SEO plugin. -->","yoast_head_json":{"title":"ENERGIZER\u00ae WATCH BATTERIES \u2013 386 - Switzerland","robots":{"index":"index","follow":"follow","max-snippet":"max-snippet:-1","max-image-preview":"max-image-preview:large","max-video-preview":"max-video-preview:-1"},"canonical":"https:\/\/energizer.com\/eu\/switzerland\/product\/energizer-watch-batteries-386\/","og_locale":"en_US","og_type":"article","og_title":"ENERGIZER\u00ae WATCH BATTERIES \u2013 386 - Switzerland","og_description":"En 1957, Energizer\u00ae a fabriqu\u00e9 la premi\u00e8re pile de montre - et les gens ont arr\u00eat\u00e9 de remonter leurs montres. Aujourd'hui, il existe plus de 46 types diff\u00e9rents de piles de montre sur le march\u00e9, ce qui rend beaucoup plus complexe ce qui \u00e9tait simple au d\u00e9part.  Nous disposons d'une gamme compl\u00e8te de piles pour montres pour tous les types de montres \u00e0 pile, y compris une nouvelle avanc\u00e9e in\u00e9gal\u00e9e dans la conception des piles pour montres qui apporte de la simplicit\u00e9 dans un monde complexe - Energizer\u00ae Multi Drain.  Utilisant une chimie cellulaire innovante, les piles multi-drain pr\u00e9sentent les meilleures caract\u00e9ristiques des piles \u00e0 drainage \u00e9lev\u00e9 et des piles \u00e0 drainage faible. D\u00e9sormais, vous n'avez besoin que d'une seule pile, quelle que soit la puissance requise. La technologie Energizer\u00ae multi-drain vous offrira les m\u00eames performances dans tous les appareils \u00e0 faible et \u00e0 forte consommation, de la simple montre analogique aux montres \u00e9lectroniques num\u00e9riques les plus complexes.","og_url":"https:\/\/energizer.com\/eu\/switzerland\/product\/energizer-watch-batteries-386\/","og_site_name":"Switzerland","article_modified_time":"2024-08-27T06:15:09+00:00","twitter_card":"summary_large_image","schema":{"@context":"https:\/\/schema.org","@graph":[{"@type":"WebPage","@id":"https:\/\/energizer.com\/eu\/switzerland\/product\/energizer-watch-batteries-386\/","url":"https:\/\/energizer.com\/eu\/switzerland\/product\/energizer-watch-batteries-386\/","name":"ENERGIZER\u00ae WATCH BATTERIES \u2013 386 - Switzerland","isPartOf":{"@id":"https:\/\/energizer.com\/eu\/switzerland\/#website"},"datePublished":"2024-06-03T05:16:36+00:00","dateModified":"2024-08-27T06:15:09+00:00","breadcrumb":{"@id":"https:\/\/energizer.com\/eu\/switzerland\/product\/energizer-watch-batteries-386\/#breadcrumb"},"inLanguage":"en-US","potentialAction":[{"@type":"ReadAction","target":["https:\/\/energizer.com\/eu\/switzerland\/product\/energizer-watch-batteries-386\/"]}]},{"@type":"BreadcrumbList","@id":"https:\/\/energizer.com\/eu\/switzerland\/product\/energizer-watch-batteries-386\/#breadcrumb","itemListElement":[{"@type":"ListItem","position":1,"name":"Home","item":"https:\/\/energizer.com\/eu\/switzerland\/"},{"@type":"ListItem","position":2,"name":"ENERGIZER\u00ae WATCH BATTERIES \u2013 386"}]},{"@type":"WebSite","@id":"https:\/\/energizer.com\/eu\/switzerland\/#website","url":"https:\/\/energizer.com\/eu\/switzerland\/","name":"Energizer Switzerland (FR)","description":"","publisher":{"@id":"https:\/\/energizer.com\/eu\/switzerland\/#organization"},"potentialAction":[{"@type":"SearchAction","target":{"@type":"EntryPoint","urlTemplate":"https:\/\/energizer.com\/eu\/switzerland\/?s={search_term_string}"},"query-input":{"@type":"PropertyValueSpecification","valueRequired":true,"valueName":"search_term_string"}}],"inLanguage":"en-US"},{"@type":"Organization","@id":"https:\/\/energizer.com\/eu\/switzerland\/#organization","name":"Energizer Switzerland (FR)","url":"https:\/\/energizer.com\/eu\/switzerland\/","logo":{"@type":"ImageObject","inLanguage":"en-US","@id":"https:\/\/energizer.com\/eu\/switzerland\/#\/schema\/logo\/image\/","url":"https:\/\/energizer.com\/eu\/switzerland\/wp-content\/uploads\/sites\/58\/2024\/04\/Energizer_brand.png","contentUrl":"https:\/\/energizer.com\/eu\/switzerland\/wp-content\/uploads\/sites\/58\/2024\/04\/Energizer_brand.png","width":267,"height":100,"caption":"Energizer Switzerland (FR)"},"image":{"@id":"https:\/\/energizer.com\/eu\/switzerland\/#\/schema\/logo\/image\/"}}]}},"_links":{"self":[{"href":"https:\/\/energizer.com\/eu\/switzerland\/wp-json\/wp\/v2\/product\/7313","targetHints":{"allow":["GET"]}}],"collection":[{"href":"https:\/\/energizer.com\/eu\/switzerland\/wp-json\/wp\/v2\/product"}],"about":[{"href":"https:\/\/energizer.com\/eu\/switzerland\/wp-json\/wp\/v2\/types\/product"}],"replies":[{"embeddable":true,"href":"https:\/\/energizer.com\/eu\/switzerland\/wp-json\/wp\/v2\/comments?post=7313"}],"version-history":[{"count":4,"href":"https:\/\/energizer.com\/eu\/switzerland\/wp-json\/wp\/v2\/product\/7313\/revisions"}],"predecessor-version":[{"id":9657,"href":"https:\/\/energizer.com\/eu\/switzerland\/wp-json\/wp\/v2\/product\/7313\/revisions\/9657"}],"wp:attachment":[{"href":"https:\/\/energizer.com\/eu\/switzerland\/wp-json\/wp\/v2\/media?parent=7313"}],"wp:term":[{"taxonomy":"product_brand","embeddable":true,"href":"https:\/\/energizer.com\/eu\/switzerland\/wp-json\/wp\/v2\/product_brand?post=7313"},{"taxonomy":"product_cat","embeddable":true,"href":"https:\/\/energizer.com\/eu\/switzerland\/wp-json\/wp\/v2\/product_cat?post=7313"},{"taxonomy":"product_tag","embeddable":true,"href":"https:\/\/energizer.com\/eu\/switzerland\/wp-json\/wp\/v2\/product_tag?post=7313"}],"curies":[{"name":"wp","href":"https:\/\/api.w.org\/{rel}","templated":true}]}}