{"id":7318,"date":"2024-06-03T05:16:36","date_gmt":"2024-06-03T05:16:36","guid":{"rendered":"https:\/\/23b13e8ab3.nxcli.io\/switzerland\/?post_type=product&#038;p=7318"},"modified":"2024-08-27T06:13:09","modified_gmt":"2024-08-27T06:13:09","slug":"energizer-watch-batteries-357-303","status":"publish","type":"product","link":"https:\/\/energizer.com\/eu\/switzerland\/product\/energizer-watch-batteries-357-303\/","title":{"rendered":"ENERGIZER\u00ae WATCH BATTERIES \u2013 357\/303"},"content":{"rendered":"<ul>\n<li>Energizer 357\/303 Pile bouton \u00e0 l&#8217;oxyde d&#8217;argent de 1.5 volt<\/li>\n<li>Fournit une alimentation durable et fiable \u00e0 vos appareils fonctionnant avec une pile bouton, comme les appareils m\u00e9dicaux, les calculatrices, les jouets et les montres<\/li>\n<li>Conserve l&#8217;\u00e9nergie jusqu&#8217;\u00e0 5 ans en stockage, ce qui vous permet d&#8217;avoir des piles bouton pr\u00eates lorsque vous en avez besoin<\/li>\n<li>Taille des piles : 357\/303 ; Type : Oxyde d&#8217;argent ; Volt : 1.5<\/li>\n<li>Remplacement pour : S05, 1131SO, D303\/357, 357, 303, SP357, SP303, V357, V303, GS13, SR44W, 228, GS14, SBA9, SR44SW, et WS14<\/li>\n<li>Nos piles boutons \u00e0 l&#8217;oxyde d&#8217;argent sont con\u00e7ues de mani\u00e8re responsable et ne contiennent pas de mercure<\/li>\n<\/ul>\n","protected":false},"excerpt":{"rendered":"<p>Il y a les piles sp\u00e9ciales ordinaires, et puis il y a les piles sp\u00e9ciales Energizer. Cette pile bouton Energizer 357\/303 \u00e0 l&#8217;oxyde d&#8217;argent est une source d&#8217;\u00e9nergie durable et fiable qui ne s&#8217;arr\u00eate jamais. Elle fournit une \u00e9nergie durable \u00e0 vos appareils fonctionnant avec une pile bouton, qu&#8217;il s&#8217;agisse d&#8217;appareils \u00e9lectroniques m\u00e9nagers comme les syst\u00e8mes d&#8217;entr\u00e9e sans cl\u00e9, de livres \u00e9lectroniques, de jouets, de calculatrices, de montres ou de moniteurs de fr\u00e9quence cardiaque et de glucose. De plus, ces piles de monnaie sans mercure peuvent conserver leur \u00e9nergie jusqu&#8217;\u00e0 5 ans en stockage. Choisissez les piles sp\u00e9ciales Energizer pour une \u00e9nergie durable sur laquelle vous pouvez compter quand vous en avez besoin.<\/p>\n","protected":false},"featured_media":0,"comment_status":"open","ping_status":"closed","template":"","meta":{"_acf_changed":false},"product_brand":[],"product_cat":[58],"product_tag":[],"class_list":{"0":"post-7318","1":"product","2":"type-product","3":"status-publish","5":"product_cat-speciality","7":"first","8":"instock","9":"shipping-taxable","10":"product-type-simple"},"acf":[],"yoast_head":"<!-- This site is optimized with the Yoast SEO plugin v27.2 - https:\/\/yoast.com\/product\/yoast-seo-wordpress\/ -->\n<title>ENERGIZER\u00ae WATCH BATTERIES \u2013 357\/303 - Switzerland<\/title>\n<meta name=\"robots\" content=\"index, follow, max-snippet:-1, max-image-preview:large, max-video-preview:-1\" \/>\n<link rel=\"canonical\" href=\"https:\/\/energizer.com\/eu\/switzerland\/product\/energizer-watch-batteries-357-303\/\" \/>\n<meta property=\"og:locale\" content=\"en_US\" \/>\n<meta property=\"og:type\" content=\"article\" \/>\n<meta property=\"og:title\" content=\"ENERGIZER\u00ae WATCH BATTERIES \u2013 357\/303 - Switzerland\" \/>\n<meta property=\"og:description\" content=\"Il y a les piles sp\u00e9ciales ordinaires, et puis il y a les piles sp\u00e9ciales Energizer. Cette pile bouton Energizer 357\/303 \u00e0 l&#039;oxyde d&#039;argent est une source d&#039;\u00e9nergie durable et fiable qui ne s&#039;arr\u00eate jamais. Elle fournit une \u00e9nergie durable \u00e0 vos appareils fonctionnant avec une pile bouton, qu&#039;il s&#039;agisse d&#039;appareils \u00e9lectroniques m\u00e9nagers comme les syst\u00e8mes d&#039;entr\u00e9e sans cl\u00e9, de livres \u00e9lectroniques, de jouets, de calculatrices, de montres ou de moniteurs de fr\u00e9quence cardiaque et de glucose. De plus, ces piles de monnaie sans mercure peuvent conserver leur \u00e9nergie jusqu&#039;\u00e0 5 ans en stockage. Choisissez les piles sp\u00e9ciales Energizer pour une \u00e9nergie durable sur laquelle vous pouvez compter quand vous en avez besoin.\" \/>\n<meta property=\"og:url\" content=\"https:\/\/energizer.com\/eu\/switzerland\/product\/energizer-watch-batteries-357-303\/\" \/>\n<meta property=\"og:site_name\" content=\"Switzerland\" \/>\n<meta property=\"article:modified_time\" content=\"2024-08-27T06:13:09+00:00\" \/>\n<meta name=\"twitter:card\" content=\"summary_large_image\" \/>\n<script type=\"application\/ld+json\" class=\"yoast-schema-graph\">{\"@context\":\"https:\/\/schema.org\",\"@graph\":[{\"@type\":\"WebPage\",\"@id\":\"https:\/\/energizer.com\/eu\/switzerland\/product\/energizer-watch-batteries-357-303\/\",\"url\":\"https:\/\/energizer.com\/eu\/switzerland\/product\/energizer-watch-batteries-357-303\/\",\"name\":\"ENERGIZER\u00ae WATCH BATTERIES \u2013 357\/303 - Switzerland\",\"isPartOf\":{\"@id\":\"https:\/\/energizer.com\/eu\/switzerland\/#website\"},\"datePublished\":\"2024-06-03T05:16:36+00:00\",\"dateModified\":\"2024-08-27T06:13:09+00:00\",\"breadcrumb\":{\"@id\":\"https:\/\/energizer.com\/eu\/switzerland\/product\/energizer-watch-batteries-357-303\/#breadcrumb\"},\"inLanguage\":\"en-US\",\"potentialAction\":[{\"@type\":\"ReadAction\",\"target\":[\"https:\/\/energizer.com\/eu\/switzerland\/product\/energizer-watch-batteries-357-303\/\"]}]},{\"@type\":\"BreadcrumbList\",\"@id\":\"https:\/\/energizer.com\/eu\/switzerland\/product\/energizer-watch-batteries-357-303\/#breadcrumb\",\"itemListElement\":[{\"@type\":\"ListItem\",\"position\":1,\"name\":\"Home\",\"item\":\"https:\/\/energizer.com\/eu\/switzerland\/\"},{\"@type\":\"ListItem\",\"position\":2,\"name\":\"ENERGIZER\u00ae WATCH BATTERIES \u2013 357\/303\"}]},{\"@type\":\"WebSite\",\"@id\":\"https:\/\/energizer.com\/eu\/switzerland\/#website\",\"url\":\"https:\/\/energizer.com\/eu\/switzerland\/\",\"name\":\"Energizer Switzerland (FR)\",\"description\":\"\",\"publisher\":{\"@id\":\"https:\/\/energizer.com\/eu\/switzerland\/#organization\"},\"potentialAction\":[{\"@type\":\"SearchAction\",\"target\":{\"@type\":\"EntryPoint\",\"urlTemplate\":\"https:\/\/energizer.com\/eu\/switzerland\/?s={search_term_string}\"},\"query-input\":{\"@type\":\"PropertyValueSpecification\",\"valueRequired\":true,\"valueName\":\"search_term_string\"}}],\"inLanguage\":\"en-US\"},{\"@type\":\"Organization\",\"@id\":\"https:\/\/energizer.com\/eu\/switzerland\/#organization\",\"name\":\"Energizer Switzerland (FR)\",\"url\":\"https:\/\/energizer.com\/eu\/switzerland\/\",\"logo\":{\"@type\":\"ImageObject\",\"inLanguage\":\"en-US\",\"@id\":\"https:\/\/energizer.com\/eu\/switzerland\/#\/schema\/logo\/image\/\",\"url\":\"https:\/\/energizer.com\/eu\/switzerland\/wp-content\/uploads\/sites\/58\/2024\/04\/Energizer_brand.png\",\"contentUrl\":\"https:\/\/energizer.com\/eu\/switzerland\/wp-content\/uploads\/sites\/58\/2024\/04\/Energizer_brand.png\",\"width\":267,\"height\":100,\"caption\":\"Energizer Switzerland (FR)\"},\"image\":{\"@id\":\"https:\/\/energizer.com\/eu\/switzerland\/#\/schema\/logo\/image\/\"}}]}<\/script>\n<!-- \/ Yoast SEO plugin. -->","yoast_head_json":{"title":"ENERGIZER\u00ae WATCH BATTERIES \u2013 357\/303 - Switzerland","robots":{"index":"index","follow":"follow","max-snippet":"max-snippet:-1","max-image-preview":"max-image-preview:large","max-video-preview":"max-video-preview:-1"},"canonical":"https:\/\/energizer.com\/eu\/switzerland\/product\/energizer-watch-batteries-357-303\/","og_locale":"en_US","og_type":"article","og_title":"ENERGIZER\u00ae WATCH BATTERIES \u2013 357\/303 - Switzerland","og_description":"Il y a les piles sp\u00e9ciales ordinaires, et puis il y a les piles sp\u00e9ciales Energizer. Cette pile bouton Energizer 357\/303 \u00e0 l'oxyde d'argent est une source d'\u00e9nergie durable et fiable qui ne s'arr\u00eate jamais. Elle fournit une \u00e9nergie durable \u00e0 vos appareils fonctionnant avec une pile bouton, qu'il s'agisse d'appareils \u00e9lectroniques m\u00e9nagers comme les syst\u00e8mes d'entr\u00e9e sans cl\u00e9, de livres \u00e9lectroniques, de jouets, de calculatrices, de montres ou de moniteurs de fr\u00e9quence cardiaque et de glucose. De plus, ces piles de monnaie sans mercure peuvent conserver leur \u00e9nergie jusqu'\u00e0 5 ans en stockage. Choisissez les piles sp\u00e9ciales Energizer pour une \u00e9nergie durable sur laquelle vous pouvez compter quand vous en avez besoin.","og_url":"https:\/\/energizer.com\/eu\/switzerland\/product\/energizer-watch-batteries-357-303\/","og_site_name":"Switzerland","article_modified_time":"2024-08-27T06:13:09+00:00","twitter_card":"summary_large_image","schema":{"@context":"https:\/\/schema.org","@graph":[{"@type":"WebPage","@id":"https:\/\/energizer.com\/eu\/switzerland\/product\/energizer-watch-batteries-357-303\/","url":"https:\/\/energizer.com\/eu\/switzerland\/product\/energizer-watch-batteries-357-303\/","name":"ENERGIZER\u00ae WATCH BATTERIES \u2013 357\/303 - Switzerland","isPartOf":{"@id":"https:\/\/energizer.com\/eu\/switzerland\/#website"},"datePublished":"2024-06-03T05:16:36+00:00","dateModified":"2024-08-27T06:13:09+00:00","breadcrumb":{"@id":"https:\/\/energizer.com\/eu\/switzerland\/product\/energizer-watch-batteries-357-303\/#breadcrumb"},"inLanguage":"en-US","potentialAction":[{"@type":"ReadAction","target":["https:\/\/energizer.com\/eu\/switzerland\/product\/energizer-watch-batteries-357-303\/"]}]},{"@type":"BreadcrumbList","@id":"https:\/\/energizer.com\/eu\/switzerland\/product\/energizer-watch-batteries-357-303\/#breadcrumb","itemListElement":[{"@type":"ListItem","position":1,"name":"Home","item":"https:\/\/energizer.com\/eu\/switzerland\/"},{"@type":"ListItem","position":2,"name":"ENERGIZER\u00ae WATCH BATTERIES \u2013 357\/303"}]},{"@type":"WebSite","@id":"https:\/\/energizer.com\/eu\/switzerland\/#website","url":"https:\/\/energizer.com\/eu\/switzerland\/","name":"Energizer Switzerland (FR)","description":"","publisher":{"@id":"https:\/\/energizer.com\/eu\/switzerland\/#organization"},"potentialAction":[{"@type":"SearchAction","target":{"@type":"EntryPoint","urlTemplate":"https:\/\/energizer.com\/eu\/switzerland\/?s={search_term_string}"},"query-input":{"@type":"PropertyValueSpecification","valueRequired":true,"valueName":"search_term_string"}}],"inLanguage":"en-US"},{"@type":"Organization","@id":"https:\/\/energizer.com\/eu\/switzerland\/#organization","name":"Energizer Switzerland (FR)","url":"https:\/\/energizer.com\/eu\/switzerland\/","logo":{"@type":"ImageObject","inLanguage":"en-US","@id":"https:\/\/energizer.com\/eu\/switzerland\/#\/schema\/logo\/image\/","url":"https:\/\/energizer.com\/eu\/switzerland\/wp-content\/uploads\/sites\/58\/2024\/04\/Energizer_brand.png","contentUrl":"https:\/\/energizer.com\/eu\/switzerland\/wp-content\/uploads\/sites\/58\/2024\/04\/Energizer_brand.png","width":267,"height":100,"caption":"Energizer Switzerland (FR)"},"image":{"@id":"https:\/\/energizer.com\/eu\/switzerland\/#\/schema\/logo\/image\/"}}]}},"_links":{"self":[{"href":"https:\/\/energizer.com\/eu\/switzerland\/wp-json\/wp\/v2\/product\/7318","targetHints":{"allow":["GET"]}}],"collection":[{"href":"https:\/\/energizer.com\/eu\/switzerland\/wp-json\/wp\/v2\/product"}],"about":[{"href":"https:\/\/energizer.com\/eu\/switzerland\/wp-json\/wp\/v2\/types\/product"}],"replies":[{"embeddable":true,"href":"https:\/\/energizer.com\/eu\/switzerland\/wp-json\/wp\/v2\/comments?post=7318"}],"version-history":[{"count":4,"href":"https:\/\/energizer.com\/eu\/switzerland\/wp-json\/wp\/v2\/product\/7318\/revisions"}],"predecessor-version":[{"id":9651,"href":"https:\/\/energizer.com\/eu\/switzerland\/wp-json\/wp\/v2\/product\/7318\/revisions\/9651"}],"wp:attachment":[{"href":"https:\/\/energizer.com\/eu\/switzerland\/wp-json\/wp\/v2\/media?parent=7318"}],"wp:term":[{"taxonomy":"product_brand","embeddable":true,"href":"https:\/\/energizer.com\/eu\/switzerland\/wp-json\/wp\/v2\/product_brand?post=7318"},{"taxonomy":"product_cat","embeddable":true,"href":"https:\/\/energizer.com\/eu\/switzerland\/wp-json\/wp\/v2\/product_cat?post=7318"},{"taxonomy":"product_tag","embeddable":true,"href":"https:\/\/energizer.com\/eu\/switzerland\/wp-json\/wp\/v2\/product_tag?post=7318"}],"curies":[{"name":"wp","href":"https:\/\/api.w.org\/{rel}","templated":true}]}}