{"id":7323,"date":"2024-06-03T05:16:36","date_gmt":"2024-06-03T05:16:36","guid":{"rendered":"https:\/\/23b13e8ab3.nxcli.io\/switzerland\/?post_type=product&#038;p=7323"},"modified":"2024-08-27T06:13:32","modified_gmt":"2024-08-27T06:13:32","slug":"energizer-watch-batteries-362-361","status":"publish","type":"product","link":"https:\/\/energizer.com\/eu\/switzerland\/product\/energizer-watch-batteries-362-361\/","title":{"rendered":"ENERGIZER\u00ae WATCH BATTERIES \u2013 362\/361"},"content":{"rendered":"<ul>\n<li>Contient une (X) pile bouton Energizer Silver Oxide 362\/361<\/li>\n<li>Conservent leur \u00e9nergie dans leur emballage pendant 5 ans, ce qui vous garantit que vos piles bouton seront l\u00e0 quand vous en aurez besoin<\/li>\n<li>Nos piles bouton \u00e0 l\u2019oxyde d\u2019argent sont \u00e9co-responsables et ne contiennent pas de mercure<\/li>\n<\/ul>\n","protected":false},"excerpt":{"rendered":"<p>Offrez-vous une \u00e9nergie fiable et durable qui tient sur la longueur avec cette pile bouton \u00e0 l\u2019oxyde d\u2019argent Energizer 362\/361. Elle fournit une alimentation longue dur\u00e9e \u00e0 tous vos appareils fonctionnant sur pile bouton, du petit \u00e9lectronique domestique, tel que les syst\u00e8mes de d\u00e9verrouillage sans cl\u00e9, jusqu\u2019aux liseuses \u00e9lectroniques, aux jouets, aux calculatrices et aux montres, en passant par les moniteurs de fr\u00e9quence cardiaque et les glucom\u00e8tres. Conservent leur \u00e9nergie dans leur emballage pendant 5 ans, ce qui vous garantit que vos piles bouton seront l\u00e0 quand vous en aurez besoin. Nos piles bouton \u00e0 l\u2019oxyde d\u2019argent sont \u00e9co-responsables et ne contiennent pas de mercure.<\/p>\n","protected":false},"featured_media":0,"comment_status":"open","ping_status":"closed","template":"","meta":{"_acf_changed":false},"product_brand":[],"product_cat":[58],"product_tag":[],"class_list":{"0":"post-7323","1":"product","2":"type-product","3":"status-publish","5":"product_cat-speciality","7":"first","8":"instock","9":"shipping-taxable","10":"product-type-simple"},"acf":[],"yoast_head":"<!-- This site is optimized with the Yoast SEO plugin v27.2 - https:\/\/yoast.com\/product\/yoast-seo-wordpress\/ -->\n<title>ENERGIZER\u00ae WATCH BATTERIES \u2013 362\/361 - Switzerland<\/title>\n<meta name=\"robots\" content=\"index, follow, max-snippet:-1, max-image-preview:large, max-video-preview:-1\" \/>\n<link rel=\"canonical\" href=\"https:\/\/energizer.com\/eu\/switzerland\/product\/energizer-watch-batteries-362-361\/\" \/>\n<meta property=\"og:locale\" content=\"en_US\" \/>\n<meta property=\"og:type\" content=\"article\" \/>\n<meta property=\"og:title\" content=\"ENERGIZER\u00ae WATCH BATTERIES \u2013 362\/361 - Switzerland\" \/>\n<meta property=\"og:description\" content=\"Offrez-vous une \u00e9nergie fiable et durable qui tient sur la longueur avec cette pile bouton \u00e0 l\u2019oxyde d\u2019argent Energizer 362\/361. Elle fournit une alimentation longue dur\u00e9e \u00e0 tous vos appareils fonctionnant sur pile bouton, du petit \u00e9lectronique domestique, tel que les syst\u00e8mes de d\u00e9verrouillage sans cl\u00e9, jusqu\u2019aux liseuses \u00e9lectroniques, aux jouets, aux calculatrices et aux montres, en passant par les moniteurs de fr\u00e9quence cardiaque et les glucom\u00e8tres. Conservent leur \u00e9nergie dans leur emballage pendant 5 ans, ce qui vous garantit que vos piles bouton seront l\u00e0 quand vous en aurez besoin. Nos piles bouton \u00e0 l\u2019oxyde d\u2019argent sont \u00e9co-responsables et ne contiennent pas de mercure.\" \/>\n<meta property=\"og:url\" content=\"https:\/\/energizer.com\/eu\/switzerland\/product\/energizer-watch-batteries-362-361\/\" \/>\n<meta property=\"og:site_name\" content=\"Switzerland\" \/>\n<meta property=\"article:modified_time\" content=\"2024-08-27T06:13:32+00:00\" \/>\n<meta name=\"twitter:card\" content=\"summary_large_image\" \/>\n<script type=\"application\/ld+json\" class=\"yoast-schema-graph\">{\"@context\":\"https:\/\/schema.org\",\"@graph\":[{\"@type\":\"WebPage\",\"@id\":\"https:\/\/energizer.com\/eu\/switzerland\/product\/energizer-watch-batteries-362-361\/\",\"url\":\"https:\/\/energizer.com\/eu\/switzerland\/product\/energizer-watch-batteries-362-361\/\",\"name\":\"ENERGIZER\u00ae WATCH BATTERIES \u2013 362\/361 - Switzerland\",\"isPartOf\":{\"@id\":\"https:\/\/energizer.com\/eu\/switzerland\/#website\"},\"datePublished\":\"2024-06-03T05:16:36+00:00\",\"dateModified\":\"2024-08-27T06:13:32+00:00\",\"breadcrumb\":{\"@id\":\"https:\/\/energizer.com\/eu\/switzerland\/product\/energizer-watch-batteries-362-361\/#breadcrumb\"},\"inLanguage\":\"en-US\",\"potentialAction\":[{\"@type\":\"ReadAction\",\"target\":[\"https:\/\/energizer.com\/eu\/switzerland\/product\/energizer-watch-batteries-362-361\/\"]}]},{\"@type\":\"BreadcrumbList\",\"@id\":\"https:\/\/energizer.com\/eu\/switzerland\/product\/energizer-watch-batteries-362-361\/#breadcrumb\",\"itemListElement\":[{\"@type\":\"ListItem\",\"position\":1,\"name\":\"Home\",\"item\":\"https:\/\/energizer.com\/eu\/switzerland\/\"},{\"@type\":\"ListItem\",\"position\":2,\"name\":\"ENERGIZER\u00ae WATCH BATTERIES \u2013 362\/361\"}]},{\"@type\":\"WebSite\",\"@id\":\"https:\/\/energizer.com\/eu\/switzerland\/#website\",\"url\":\"https:\/\/energizer.com\/eu\/switzerland\/\",\"name\":\"Energizer Switzerland (FR)\",\"description\":\"\",\"publisher\":{\"@id\":\"https:\/\/energizer.com\/eu\/switzerland\/#organization\"},\"potentialAction\":[{\"@type\":\"SearchAction\",\"target\":{\"@type\":\"EntryPoint\",\"urlTemplate\":\"https:\/\/energizer.com\/eu\/switzerland\/?s={search_term_string}\"},\"query-input\":{\"@type\":\"PropertyValueSpecification\",\"valueRequired\":true,\"valueName\":\"search_term_string\"}}],\"inLanguage\":\"en-US\"},{\"@type\":\"Organization\",\"@id\":\"https:\/\/energizer.com\/eu\/switzerland\/#organization\",\"name\":\"Energizer Switzerland (FR)\",\"url\":\"https:\/\/energizer.com\/eu\/switzerland\/\",\"logo\":{\"@type\":\"ImageObject\",\"inLanguage\":\"en-US\",\"@id\":\"https:\/\/energizer.com\/eu\/switzerland\/#\/schema\/logo\/image\/\",\"url\":\"https:\/\/energizer.com\/eu\/switzerland\/wp-content\/uploads\/sites\/58\/2024\/04\/Energizer_brand.png\",\"contentUrl\":\"https:\/\/energizer.com\/eu\/switzerland\/wp-content\/uploads\/sites\/58\/2024\/04\/Energizer_brand.png\",\"width\":267,\"height\":100,\"caption\":\"Energizer Switzerland (FR)\"},\"image\":{\"@id\":\"https:\/\/energizer.com\/eu\/switzerland\/#\/schema\/logo\/image\/\"}}]}<\/script>\n<!-- \/ Yoast SEO plugin. -->","yoast_head_json":{"title":"ENERGIZER\u00ae WATCH BATTERIES \u2013 362\/361 - Switzerland","robots":{"index":"index","follow":"follow","max-snippet":"max-snippet:-1","max-image-preview":"max-image-preview:large","max-video-preview":"max-video-preview:-1"},"canonical":"https:\/\/energizer.com\/eu\/switzerland\/product\/energizer-watch-batteries-362-361\/","og_locale":"en_US","og_type":"article","og_title":"ENERGIZER\u00ae WATCH BATTERIES \u2013 362\/361 - Switzerland","og_description":"Offrez-vous une \u00e9nergie fiable et durable qui tient sur la longueur avec cette pile bouton \u00e0 l\u2019oxyde d\u2019argent Energizer 362\/361. Elle fournit une alimentation longue dur\u00e9e \u00e0 tous vos appareils fonctionnant sur pile bouton, du petit \u00e9lectronique domestique, tel que les syst\u00e8mes de d\u00e9verrouillage sans cl\u00e9, jusqu\u2019aux liseuses \u00e9lectroniques, aux jouets, aux calculatrices et aux montres, en passant par les moniteurs de fr\u00e9quence cardiaque et les glucom\u00e8tres. Conservent leur \u00e9nergie dans leur emballage pendant 5 ans, ce qui vous garantit que vos piles bouton seront l\u00e0 quand vous en aurez besoin. Nos piles bouton \u00e0 l\u2019oxyde d\u2019argent sont \u00e9co-responsables et ne contiennent pas de mercure.","og_url":"https:\/\/energizer.com\/eu\/switzerland\/product\/energizer-watch-batteries-362-361\/","og_site_name":"Switzerland","article_modified_time":"2024-08-27T06:13:32+00:00","twitter_card":"summary_large_image","schema":{"@context":"https:\/\/schema.org","@graph":[{"@type":"WebPage","@id":"https:\/\/energizer.com\/eu\/switzerland\/product\/energizer-watch-batteries-362-361\/","url":"https:\/\/energizer.com\/eu\/switzerland\/product\/energizer-watch-batteries-362-361\/","name":"ENERGIZER\u00ae WATCH BATTERIES \u2013 362\/361 - Switzerland","isPartOf":{"@id":"https:\/\/energizer.com\/eu\/switzerland\/#website"},"datePublished":"2024-06-03T05:16:36+00:00","dateModified":"2024-08-27T06:13:32+00:00","breadcrumb":{"@id":"https:\/\/energizer.com\/eu\/switzerland\/product\/energizer-watch-batteries-362-361\/#breadcrumb"},"inLanguage":"en-US","potentialAction":[{"@type":"ReadAction","target":["https:\/\/energizer.com\/eu\/switzerland\/product\/energizer-watch-batteries-362-361\/"]}]},{"@type":"BreadcrumbList","@id":"https:\/\/energizer.com\/eu\/switzerland\/product\/energizer-watch-batteries-362-361\/#breadcrumb","itemListElement":[{"@type":"ListItem","position":1,"name":"Home","item":"https:\/\/energizer.com\/eu\/switzerland\/"},{"@type":"ListItem","position":2,"name":"ENERGIZER\u00ae WATCH BATTERIES \u2013 362\/361"}]},{"@type":"WebSite","@id":"https:\/\/energizer.com\/eu\/switzerland\/#website","url":"https:\/\/energizer.com\/eu\/switzerland\/","name":"Energizer Switzerland (FR)","description":"","publisher":{"@id":"https:\/\/energizer.com\/eu\/switzerland\/#organization"},"potentialAction":[{"@type":"SearchAction","target":{"@type":"EntryPoint","urlTemplate":"https:\/\/energizer.com\/eu\/switzerland\/?s={search_term_string}"},"query-input":{"@type":"PropertyValueSpecification","valueRequired":true,"valueName":"search_term_string"}}],"inLanguage":"en-US"},{"@type":"Organization","@id":"https:\/\/energizer.com\/eu\/switzerland\/#organization","name":"Energizer Switzerland (FR)","url":"https:\/\/energizer.com\/eu\/switzerland\/","logo":{"@type":"ImageObject","inLanguage":"en-US","@id":"https:\/\/energizer.com\/eu\/switzerland\/#\/schema\/logo\/image\/","url":"https:\/\/energizer.com\/eu\/switzerland\/wp-content\/uploads\/sites\/58\/2024\/04\/Energizer_brand.png","contentUrl":"https:\/\/energizer.com\/eu\/switzerland\/wp-content\/uploads\/sites\/58\/2024\/04\/Energizer_brand.png","width":267,"height":100,"caption":"Energizer Switzerland (FR)"},"image":{"@id":"https:\/\/energizer.com\/eu\/switzerland\/#\/schema\/logo\/image\/"}}]}},"_links":{"self":[{"href":"https:\/\/energizer.com\/eu\/switzerland\/wp-json\/wp\/v2\/product\/7323","targetHints":{"allow":["GET"]}}],"collection":[{"href":"https:\/\/energizer.com\/eu\/switzerland\/wp-json\/wp\/v2\/product"}],"about":[{"href":"https:\/\/energizer.com\/eu\/switzerland\/wp-json\/wp\/v2\/types\/product"}],"replies":[{"embeddable":true,"href":"https:\/\/energizer.com\/eu\/switzerland\/wp-json\/wp\/v2\/comments?post=7323"}],"version-history":[{"count":4,"href":"https:\/\/energizer.com\/eu\/switzerland\/wp-json\/wp\/v2\/product\/7323\/revisions"}],"predecessor-version":[{"id":9652,"href":"https:\/\/energizer.com\/eu\/switzerland\/wp-json\/wp\/v2\/product\/7323\/revisions\/9652"}],"wp:attachment":[{"href":"https:\/\/energizer.com\/eu\/switzerland\/wp-json\/wp\/v2\/media?parent=7323"}],"wp:term":[{"taxonomy":"product_brand","embeddable":true,"href":"https:\/\/energizer.com\/eu\/switzerland\/wp-json\/wp\/v2\/product_brand?post=7323"},{"taxonomy":"product_cat","embeddable":true,"href":"https:\/\/energizer.com\/eu\/switzerland\/wp-json\/wp\/v2\/product_cat?post=7323"},{"taxonomy":"product_tag","embeddable":true,"href":"https:\/\/energizer.com\/eu\/switzerland\/wp-json\/wp\/v2\/product_tag?post=7323"}],"curies":[{"name":"wp","href":"https:\/\/api.w.org\/{rel}","templated":true}]}}