{"id":7324,"date":"2024-06-03T05:16:36","date_gmt":"2024-06-03T05:16:36","guid":{"rendered":"https:\/\/23b13e8ab3.nxcli.io\/switzerland\/?post_type=product&#038;p=7324"},"modified":"2025-01-08T11:16:43","modified_gmt":"2025-01-08T11:16:43","slug":"energizer-1-hour-charger","status":"publish","type":"product","link":"https:\/\/energizer.com\/eu\/switzerland\/product\/energizer-1-hour-charger\/","title":{"rendered":"ENERGIZER\u00ae 1 HOUR CHARGER"},"content":{"rendered":"<ul>\n<li>Chargeur de piles en 1 heure pour charger 1 \u00e0 4 piles AA ou AAA NiMH en une seule fois (4 piles AA incluses)<\/li>\n<li>Permet une charge compl\u00e8te en 1 heure ou moins*<\/li>\n<li>La jauge de puissance de la batterie, facile \u00e0 lire, vous tient au courant de l&#8217;\u00e9tat de charge de vos piles<\/li>\n<li>Les canaux de charge individuels vous permettent de charger de 1 \u00e0 4 piles rechargeables \u00e0 la fois<\/li>\n<li>Le contr\u00f4le de la temp\u00e9rature permet d&#8217;\u00e9viter les dommages dus \u00e0 la surchauffe<\/li>\n<li>Compatible avec toutes les piles rechargeables AAA ou AA NiMH (piles Energizer Recharge recommand\u00e9es)<\/li>\n<li>La premi\u00e8re marque de piles rechargeables au monde (selon les donn\u00e9es d&#8217;une \u00e9tude de march\u00e9)<\/li>\n<\/ul>\n","protected":false},"excerpt":{"rendered":"<p>Voici le chargeur Energizer 1 Heure : Ce chargeur de piles rechargeables en 1 heure porte bien son nom, car il permet une charge compl\u00e8te ultra-rapide en 1 heure ou moins*. Les canaux de charge individuels vous permettent de charger de 1 \u00e0 4 piles NiMH AA ou AAA \u00e0 la fois. La jauge de batterie LED intuitive vous permet de conna\u00eetre l&#8217;\u00e9tat de vos piles en temps r\u00e9el. Ce chargeur ne surcharge pas et ne surchauffe pas : La fonction d&#8217;arr\u00eat de charge Delta V coupe l&#8217;alimentation du circuit lorsque la charge est termin\u00e9e. Vous n&#8217;aurez donc pas \u00e0 vous soucier d&#8217;endommager vos piles ou de gaspiller de l&#8217;\u00e9lectricit\u00e9.<\/p>\n","protected":false},"featured_media":0,"comment_status":"open","ping_status":"closed","template":"","meta":{"_acf_changed":false},"product_brand":[],"product_cat":[82],"product_tag":[],"class_list":{"0":"post-7324","1":"product","2":"type-product","3":"status-publish","5":"product_cat-recharge-battery-chargers","7":"first","8":"instock","9":"shipping-taxable","10":"product-type-simple"},"acf":[],"yoast_head":"<!-- This site is optimized with the Yoast SEO plugin v27.2 - https:\/\/yoast.com\/product\/yoast-seo-wordpress\/ -->\n<title>ENERGIZER\u00ae 1 HOUR CHARGER - Switzerland<\/title>\n<meta name=\"robots\" content=\"index, follow, max-snippet:-1, max-image-preview:large, max-video-preview:-1\" \/>\n<link rel=\"canonical\" href=\"https:\/\/energizer.com\/eu\/switzerland\/product\/energizer-1-hour-charger\/\" \/>\n<meta property=\"og:locale\" content=\"en_US\" \/>\n<meta property=\"og:type\" content=\"article\" \/>\n<meta property=\"og:title\" content=\"ENERGIZER\u00ae 1 HOUR CHARGER - Switzerland\" \/>\n<meta property=\"og:description\" content=\"Voici le chargeur Energizer 1 Heure : Ce chargeur de piles rechargeables en 1 heure porte bien son nom, car il permet une charge compl\u00e8te ultra-rapide en 1 heure ou moins*. Les canaux de charge individuels vous permettent de charger de 1 \u00e0 4 piles NiMH AA ou AAA \u00e0 la fois. La jauge de batterie LED intuitive vous permet de conna\u00eetre l&#039;\u00e9tat de vos piles en temps r\u00e9el. Ce chargeur ne surcharge pas et ne surchauffe pas : La fonction d&#039;arr\u00eat de charge Delta V coupe l&#039;alimentation du circuit lorsque la charge est termin\u00e9e. Vous n&#039;aurez donc pas \u00e0 vous soucier d&#039;endommager vos piles ou de gaspiller de l&#039;\u00e9lectricit\u00e9.\" \/>\n<meta property=\"og:url\" content=\"https:\/\/energizer.com\/eu\/switzerland\/product\/energizer-1-hour-charger\/\" \/>\n<meta property=\"og:site_name\" content=\"Switzerland\" \/>\n<meta property=\"article:modified_time\" content=\"2025-01-08T11:16:43+00:00\" \/>\n<meta name=\"twitter:card\" content=\"summary_large_image\" \/>\n<script type=\"application\/ld+json\" class=\"yoast-schema-graph\">{\"@context\":\"https:\/\/schema.org\",\"@graph\":[{\"@type\":\"WebPage\",\"@id\":\"https:\/\/energizer.com\/eu\/switzerland\/product\/energizer-1-hour-charger\/\",\"url\":\"https:\/\/energizer.com\/eu\/switzerland\/product\/energizer-1-hour-charger\/\",\"name\":\"ENERGIZER\u00ae 1 HOUR CHARGER - Switzerland\",\"isPartOf\":{\"@id\":\"https:\/\/energizer.com\/eu\/switzerland\/#website\"},\"datePublished\":\"2024-06-03T05:16:36+00:00\",\"dateModified\":\"2025-01-08T11:16:43+00:00\",\"breadcrumb\":{\"@id\":\"https:\/\/energizer.com\/eu\/switzerland\/product\/energizer-1-hour-charger\/#breadcrumb\"},\"inLanguage\":\"en-US\",\"potentialAction\":[{\"@type\":\"ReadAction\",\"target\":[\"https:\/\/energizer.com\/eu\/switzerland\/product\/energizer-1-hour-charger\/\"]}]},{\"@type\":\"BreadcrumbList\",\"@id\":\"https:\/\/energizer.com\/eu\/switzerland\/product\/energizer-1-hour-charger\/#breadcrumb\",\"itemListElement\":[{\"@type\":\"ListItem\",\"position\":1,\"name\":\"Home\",\"item\":\"https:\/\/energizer.com\/eu\/switzerland\/\"},{\"@type\":\"ListItem\",\"position\":2,\"name\":\"ENERGIZER\u00ae 1 HOUR CHARGER\"}]},{\"@type\":\"WebSite\",\"@id\":\"https:\/\/energizer.com\/eu\/switzerland\/#website\",\"url\":\"https:\/\/energizer.com\/eu\/switzerland\/\",\"name\":\"Energizer Switzerland (FR)\",\"description\":\"\",\"publisher\":{\"@id\":\"https:\/\/energizer.com\/eu\/switzerland\/#organization\"},\"potentialAction\":[{\"@type\":\"SearchAction\",\"target\":{\"@type\":\"EntryPoint\",\"urlTemplate\":\"https:\/\/energizer.com\/eu\/switzerland\/?s={search_term_string}\"},\"query-input\":{\"@type\":\"PropertyValueSpecification\",\"valueRequired\":true,\"valueName\":\"search_term_string\"}}],\"inLanguage\":\"en-US\"},{\"@type\":\"Organization\",\"@id\":\"https:\/\/energizer.com\/eu\/switzerland\/#organization\",\"name\":\"Energizer Switzerland (FR)\",\"url\":\"https:\/\/energizer.com\/eu\/switzerland\/\",\"logo\":{\"@type\":\"ImageObject\",\"inLanguage\":\"en-US\",\"@id\":\"https:\/\/energizer.com\/eu\/switzerland\/#\/schema\/logo\/image\/\",\"url\":\"https:\/\/energizer.com\/eu\/switzerland\/wp-content\/uploads\/sites\/58\/2024\/04\/Energizer_brand.png\",\"contentUrl\":\"https:\/\/energizer.com\/eu\/switzerland\/wp-content\/uploads\/sites\/58\/2024\/04\/Energizer_brand.png\",\"width\":267,\"height\":100,\"caption\":\"Energizer Switzerland (FR)\"},\"image\":{\"@id\":\"https:\/\/energizer.com\/eu\/switzerland\/#\/schema\/logo\/image\/\"}}]}<\/script>\n<!-- \/ Yoast SEO plugin. -->","yoast_head_json":{"title":"ENERGIZER\u00ae 1 HOUR CHARGER - Switzerland","robots":{"index":"index","follow":"follow","max-snippet":"max-snippet:-1","max-image-preview":"max-image-preview:large","max-video-preview":"max-video-preview:-1"},"canonical":"https:\/\/energizer.com\/eu\/switzerland\/product\/energizer-1-hour-charger\/","og_locale":"en_US","og_type":"article","og_title":"ENERGIZER\u00ae 1 HOUR CHARGER - Switzerland","og_description":"Voici le chargeur Energizer 1 Heure : Ce chargeur de piles rechargeables en 1 heure porte bien son nom, car il permet une charge compl\u00e8te ultra-rapide en 1 heure ou moins*. Les canaux de charge individuels vous permettent de charger de 1 \u00e0 4 piles NiMH AA ou AAA \u00e0 la fois. La jauge de batterie LED intuitive vous permet de conna\u00eetre l'\u00e9tat de vos piles en temps r\u00e9el. Ce chargeur ne surcharge pas et ne surchauffe pas : La fonction d'arr\u00eat de charge Delta V coupe l'alimentation du circuit lorsque la charge est termin\u00e9e. Vous n'aurez donc pas \u00e0 vous soucier d'endommager vos piles ou de gaspiller de l'\u00e9lectricit\u00e9.","og_url":"https:\/\/energizer.com\/eu\/switzerland\/product\/energizer-1-hour-charger\/","og_site_name":"Switzerland","article_modified_time":"2025-01-08T11:16:43+00:00","twitter_card":"summary_large_image","schema":{"@context":"https:\/\/schema.org","@graph":[{"@type":"WebPage","@id":"https:\/\/energizer.com\/eu\/switzerland\/product\/energizer-1-hour-charger\/","url":"https:\/\/energizer.com\/eu\/switzerland\/product\/energizer-1-hour-charger\/","name":"ENERGIZER\u00ae 1 HOUR CHARGER - Switzerland","isPartOf":{"@id":"https:\/\/energizer.com\/eu\/switzerland\/#website"},"datePublished":"2024-06-03T05:16:36+00:00","dateModified":"2025-01-08T11:16:43+00:00","breadcrumb":{"@id":"https:\/\/energizer.com\/eu\/switzerland\/product\/energizer-1-hour-charger\/#breadcrumb"},"inLanguage":"en-US","potentialAction":[{"@type":"ReadAction","target":["https:\/\/energizer.com\/eu\/switzerland\/product\/energizer-1-hour-charger\/"]}]},{"@type":"BreadcrumbList","@id":"https:\/\/energizer.com\/eu\/switzerland\/product\/energizer-1-hour-charger\/#breadcrumb","itemListElement":[{"@type":"ListItem","position":1,"name":"Home","item":"https:\/\/energizer.com\/eu\/switzerland\/"},{"@type":"ListItem","position":2,"name":"ENERGIZER\u00ae 1 HOUR CHARGER"}]},{"@type":"WebSite","@id":"https:\/\/energizer.com\/eu\/switzerland\/#website","url":"https:\/\/energizer.com\/eu\/switzerland\/","name":"Energizer Switzerland (FR)","description":"","publisher":{"@id":"https:\/\/energizer.com\/eu\/switzerland\/#organization"},"potentialAction":[{"@type":"SearchAction","target":{"@type":"EntryPoint","urlTemplate":"https:\/\/energizer.com\/eu\/switzerland\/?s={search_term_string}"},"query-input":{"@type":"PropertyValueSpecification","valueRequired":true,"valueName":"search_term_string"}}],"inLanguage":"en-US"},{"@type":"Organization","@id":"https:\/\/energizer.com\/eu\/switzerland\/#organization","name":"Energizer Switzerland (FR)","url":"https:\/\/energizer.com\/eu\/switzerland\/","logo":{"@type":"ImageObject","inLanguage":"en-US","@id":"https:\/\/energizer.com\/eu\/switzerland\/#\/schema\/logo\/image\/","url":"https:\/\/energizer.com\/eu\/switzerland\/wp-content\/uploads\/sites\/58\/2024\/04\/Energizer_brand.png","contentUrl":"https:\/\/energizer.com\/eu\/switzerland\/wp-content\/uploads\/sites\/58\/2024\/04\/Energizer_brand.png","width":267,"height":100,"caption":"Energizer Switzerland (FR)"},"image":{"@id":"https:\/\/energizer.com\/eu\/switzerland\/#\/schema\/logo\/image\/"}}]}},"_links":{"self":[{"href":"https:\/\/energizer.com\/eu\/switzerland\/wp-json\/wp\/v2\/product\/7324","targetHints":{"allow":["GET"]}}],"collection":[{"href":"https:\/\/energizer.com\/eu\/switzerland\/wp-json\/wp\/v2\/product"}],"about":[{"href":"https:\/\/energizer.com\/eu\/switzerland\/wp-json\/wp\/v2\/types\/product"}],"replies":[{"embeddable":true,"href":"https:\/\/energizer.com\/eu\/switzerland\/wp-json\/wp\/v2\/comments?post=7324"}],"version-history":[{"count":6,"href":"https:\/\/energizer.com\/eu\/switzerland\/wp-json\/wp\/v2\/product\/7324\/revisions"}],"predecessor-version":[{"id":10142,"href":"https:\/\/energizer.com\/eu\/switzerland\/wp-json\/wp\/v2\/product\/7324\/revisions\/10142"}],"wp:attachment":[{"href":"https:\/\/energizer.com\/eu\/switzerland\/wp-json\/wp\/v2\/media?parent=7324"}],"wp:term":[{"taxonomy":"product_brand","embeddable":true,"href":"https:\/\/energizer.com\/eu\/switzerland\/wp-json\/wp\/v2\/product_brand?post=7324"},{"taxonomy":"product_cat","embeddable":true,"href":"https:\/\/energizer.com\/eu\/switzerland\/wp-json\/wp\/v2\/product_cat?post=7324"},{"taxonomy":"product_tag","embeddable":true,"href":"https:\/\/energizer.com\/eu\/switzerland\/wp-json\/wp\/v2\/product_tag?post=7324"}],"curies":[{"name":"wp","href":"https:\/\/api.w.org\/{rel}","templated":true}]}}