{"id":7325,"date":"2024-06-03T05:16:36","date_gmt":"2024-06-03T05:16:36","guid":{"rendered":"https:\/\/23b13e8ab3.nxcli.io\/switzerland\/?post_type=product&#038;p=7325"},"modified":"2025-01-08T11:18:57","modified_gmt":"2025-01-08T11:18:57","slug":"energizer-base-charger","status":"publish","type":"product","link":"https:\/\/energizer.com\/eu\/switzerland\/product\/energizer-base-charger\/","title":{"rendered":"ENERGIZER\u00ae BASE CHARGER"},"content":{"rendered":"<ul>\n<li>Charge 2 ou 4 piles rechargeables AA ou AAA NiMH en m\u00eame temps (4 piles AA incluses)<\/li>\n<li>Le chargeur de piles Energizer le plus abordable du march\u00e9 ; un choix judicieux pour \u00e9conomiser de l&#8217;argent<\/li>\n<li>Charge compl\u00e8te en 8 heures*<\/li>\n<li>Des voyants LED verts vous indiquent que vos piles sont en cours de chargement<\/li>\n<li>La marque de recharge n\u00b01 dans le monde (selon les donn\u00e9es d&#8217;une \u00e9tude de march\u00e9)<\/li>\n<li>Pour des performances optimales, utilisez les piles Energizer Recharge Universal<\/li>\n<\/ul>\n","protected":false},"excerpt":{"rendered":"<p>Le chargeur de piles Energizer est un choix abordable pour maintenir vos piles rechargeables en \u00e9tat de marche. Le chargeur de piles Energizer recharge 2 ou 4 piles NiMH AA ou AAA en 8 heures* et il est facile \u00e0 utiliser : Il suffit de placer vos piles dans les canaux de chargement, de les brancher au mur et de continuer votre journ\u00e9e. Le voyant vert vous indique qu&#8217;il est en cours de chargement. \u00c9conomisez de l&#8217;argent et restez charg\u00e9 gr\u00e2ce \u00e0 la puissance durable et fiable d&#8217;Energizer Recharge.<\/p>\n","protected":false},"featured_media":0,"comment_status":"open","ping_status":"closed","template":"","meta":{"_acf_changed":false},"product_brand":[],"product_cat":[82],"product_tag":[],"class_list":{"0":"post-7325","1":"product","2":"type-product","3":"status-publish","5":"product_cat-recharge-battery-chargers","7":"first","8":"instock","9":"shipping-taxable","10":"product-type-simple"},"acf":[],"yoast_head":"<!-- This site is optimized with the Yoast SEO plugin v27.2 - https:\/\/yoast.com\/product\/yoast-seo-wordpress\/ -->\n<title>ENERGIZER\u00ae BASE CHARGER - Switzerland<\/title>\n<meta name=\"robots\" content=\"index, follow, max-snippet:-1, max-image-preview:large, max-video-preview:-1\" \/>\n<link rel=\"canonical\" href=\"https:\/\/energizer.com\/eu\/switzerland\/product\/energizer-base-charger\/\" \/>\n<meta property=\"og:locale\" content=\"en_US\" \/>\n<meta property=\"og:type\" content=\"article\" \/>\n<meta property=\"og:title\" content=\"ENERGIZER\u00ae BASE CHARGER - Switzerland\" \/>\n<meta property=\"og:description\" content=\"Le chargeur de piles Energizer est un choix abordable pour maintenir vos piles rechargeables en \u00e9tat de marche. Le chargeur de piles Energizer recharge 2 ou 4 piles NiMH AA ou AAA en 8 heures* et il est facile \u00e0 utiliser : Il suffit de placer vos piles dans les canaux de chargement, de les brancher au mur et de continuer votre journ\u00e9e. Le voyant vert vous indique qu&#039;il est en cours de chargement. \u00c9conomisez de l&#039;argent et restez charg\u00e9 gr\u00e2ce \u00e0 la puissance durable et fiable d&#039;Energizer Recharge.\" \/>\n<meta property=\"og:url\" content=\"https:\/\/energizer.com\/eu\/switzerland\/product\/energizer-base-charger\/\" \/>\n<meta property=\"og:site_name\" content=\"Switzerland\" \/>\n<meta property=\"article:modified_time\" content=\"2025-01-08T11:18:57+00:00\" \/>\n<meta name=\"twitter:card\" content=\"summary_large_image\" \/>\n<script type=\"application\/ld+json\" class=\"yoast-schema-graph\">{\"@context\":\"https:\/\/schema.org\",\"@graph\":[{\"@type\":\"WebPage\",\"@id\":\"https:\/\/energizer.com\/eu\/switzerland\/product\/energizer-base-charger\/\",\"url\":\"https:\/\/energizer.com\/eu\/switzerland\/product\/energizer-base-charger\/\",\"name\":\"ENERGIZER\u00ae BASE CHARGER - Switzerland\",\"isPartOf\":{\"@id\":\"https:\/\/energizer.com\/eu\/switzerland\/#website\"},\"datePublished\":\"2024-06-03T05:16:36+00:00\",\"dateModified\":\"2025-01-08T11:18:57+00:00\",\"breadcrumb\":{\"@id\":\"https:\/\/energizer.com\/eu\/switzerland\/product\/energizer-base-charger\/#breadcrumb\"},\"inLanguage\":\"en-US\",\"potentialAction\":[{\"@type\":\"ReadAction\",\"target\":[\"https:\/\/energizer.com\/eu\/switzerland\/product\/energizer-base-charger\/\"]}]},{\"@type\":\"BreadcrumbList\",\"@id\":\"https:\/\/energizer.com\/eu\/switzerland\/product\/energizer-base-charger\/#breadcrumb\",\"itemListElement\":[{\"@type\":\"ListItem\",\"position\":1,\"name\":\"Home\",\"item\":\"https:\/\/energizer.com\/eu\/switzerland\/\"},{\"@type\":\"ListItem\",\"position\":2,\"name\":\"ENERGIZER\u00ae BASE CHARGER\"}]},{\"@type\":\"WebSite\",\"@id\":\"https:\/\/energizer.com\/eu\/switzerland\/#website\",\"url\":\"https:\/\/energizer.com\/eu\/switzerland\/\",\"name\":\"Energizer Switzerland (FR)\",\"description\":\"\",\"publisher\":{\"@id\":\"https:\/\/energizer.com\/eu\/switzerland\/#organization\"},\"potentialAction\":[{\"@type\":\"SearchAction\",\"target\":{\"@type\":\"EntryPoint\",\"urlTemplate\":\"https:\/\/energizer.com\/eu\/switzerland\/?s={search_term_string}\"},\"query-input\":{\"@type\":\"PropertyValueSpecification\",\"valueRequired\":true,\"valueName\":\"search_term_string\"}}],\"inLanguage\":\"en-US\"},{\"@type\":\"Organization\",\"@id\":\"https:\/\/energizer.com\/eu\/switzerland\/#organization\",\"name\":\"Energizer Switzerland (FR)\",\"url\":\"https:\/\/energizer.com\/eu\/switzerland\/\",\"logo\":{\"@type\":\"ImageObject\",\"inLanguage\":\"en-US\",\"@id\":\"https:\/\/energizer.com\/eu\/switzerland\/#\/schema\/logo\/image\/\",\"url\":\"https:\/\/energizer.com\/eu\/switzerland\/wp-content\/uploads\/sites\/58\/2024\/04\/Energizer_brand.png\",\"contentUrl\":\"https:\/\/energizer.com\/eu\/switzerland\/wp-content\/uploads\/sites\/58\/2024\/04\/Energizer_brand.png\",\"width\":267,\"height\":100,\"caption\":\"Energizer Switzerland (FR)\"},\"image\":{\"@id\":\"https:\/\/energizer.com\/eu\/switzerland\/#\/schema\/logo\/image\/\"}}]}<\/script>\n<!-- \/ Yoast SEO plugin. -->","yoast_head_json":{"title":"ENERGIZER\u00ae BASE CHARGER - Switzerland","robots":{"index":"index","follow":"follow","max-snippet":"max-snippet:-1","max-image-preview":"max-image-preview:large","max-video-preview":"max-video-preview:-1"},"canonical":"https:\/\/energizer.com\/eu\/switzerland\/product\/energizer-base-charger\/","og_locale":"en_US","og_type":"article","og_title":"ENERGIZER\u00ae BASE CHARGER - Switzerland","og_description":"Le chargeur de piles Energizer est un choix abordable pour maintenir vos piles rechargeables en \u00e9tat de marche. Le chargeur de piles Energizer recharge 2 ou 4 piles NiMH AA ou AAA en 8 heures* et il est facile \u00e0 utiliser : Il suffit de placer vos piles dans les canaux de chargement, de les brancher au mur et de continuer votre journ\u00e9e. Le voyant vert vous indique qu'il est en cours de chargement. \u00c9conomisez de l'argent et restez charg\u00e9 gr\u00e2ce \u00e0 la puissance durable et fiable d'Energizer Recharge.","og_url":"https:\/\/energizer.com\/eu\/switzerland\/product\/energizer-base-charger\/","og_site_name":"Switzerland","article_modified_time":"2025-01-08T11:18:57+00:00","twitter_card":"summary_large_image","schema":{"@context":"https:\/\/schema.org","@graph":[{"@type":"WebPage","@id":"https:\/\/energizer.com\/eu\/switzerland\/product\/energizer-base-charger\/","url":"https:\/\/energizer.com\/eu\/switzerland\/product\/energizer-base-charger\/","name":"ENERGIZER\u00ae BASE CHARGER - Switzerland","isPartOf":{"@id":"https:\/\/energizer.com\/eu\/switzerland\/#website"},"datePublished":"2024-06-03T05:16:36+00:00","dateModified":"2025-01-08T11:18:57+00:00","breadcrumb":{"@id":"https:\/\/energizer.com\/eu\/switzerland\/product\/energizer-base-charger\/#breadcrumb"},"inLanguage":"en-US","potentialAction":[{"@type":"ReadAction","target":["https:\/\/energizer.com\/eu\/switzerland\/product\/energizer-base-charger\/"]}]},{"@type":"BreadcrumbList","@id":"https:\/\/energizer.com\/eu\/switzerland\/product\/energizer-base-charger\/#breadcrumb","itemListElement":[{"@type":"ListItem","position":1,"name":"Home","item":"https:\/\/energizer.com\/eu\/switzerland\/"},{"@type":"ListItem","position":2,"name":"ENERGIZER\u00ae BASE CHARGER"}]},{"@type":"WebSite","@id":"https:\/\/energizer.com\/eu\/switzerland\/#website","url":"https:\/\/energizer.com\/eu\/switzerland\/","name":"Energizer Switzerland (FR)","description":"","publisher":{"@id":"https:\/\/energizer.com\/eu\/switzerland\/#organization"},"potentialAction":[{"@type":"SearchAction","target":{"@type":"EntryPoint","urlTemplate":"https:\/\/energizer.com\/eu\/switzerland\/?s={search_term_string}"},"query-input":{"@type":"PropertyValueSpecification","valueRequired":true,"valueName":"search_term_string"}}],"inLanguage":"en-US"},{"@type":"Organization","@id":"https:\/\/energizer.com\/eu\/switzerland\/#organization","name":"Energizer Switzerland (FR)","url":"https:\/\/energizer.com\/eu\/switzerland\/","logo":{"@type":"ImageObject","inLanguage":"en-US","@id":"https:\/\/energizer.com\/eu\/switzerland\/#\/schema\/logo\/image\/","url":"https:\/\/energizer.com\/eu\/switzerland\/wp-content\/uploads\/sites\/58\/2024\/04\/Energizer_brand.png","contentUrl":"https:\/\/energizer.com\/eu\/switzerland\/wp-content\/uploads\/sites\/58\/2024\/04\/Energizer_brand.png","width":267,"height":100,"caption":"Energizer Switzerland (FR)"},"image":{"@id":"https:\/\/energizer.com\/eu\/switzerland\/#\/schema\/logo\/image\/"}}]}},"_links":{"self":[{"href":"https:\/\/energizer.com\/eu\/switzerland\/wp-json\/wp\/v2\/product\/7325","targetHints":{"allow":["GET"]}}],"collection":[{"href":"https:\/\/energizer.com\/eu\/switzerland\/wp-json\/wp\/v2\/product"}],"about":[{"href":"https:\/\/energizer.com\/eu\/switzerland\/wp-json\/wp\/v2\/types\/product"}],"replies":[{"embeddable":true,"href":"https:\/\/energizer.com\/eu\/switzerland\/wp-json\/wp\/v2\/comments?post=7325"}],"version-history":[{"count":5,"href":"https:\/\/energizer.com\/eu\/switzerland\/wp-json\/wp\/v2\/product\/7325\/revisions"}],"predecessor-version":[{"id":10144,"href":"https:\/\/energizer.com\/eu\/switzerland\/wp-json\/wp\/v2\/product\/7325\/revisions\/10144"}],"wp:attachment":[{"href":"https:\/\/energizer.com\/eu\/switzerland\/wp-json\/wp\/v2\/media?parent=7325"}],"wp:term":[{"taxonomy":"product_brand","embeddable":true,"href":"https:\/\/energizer.com\/eu\/switzerland\/wp-json\/wp\/v2\/product_brand?post=7325"},{"taxonomy":"product_cat","embeddable":true,"href":"https:\/\/energizer.com\/eu\/switzerland\/wp-json\/wp\/v2\/product_cat?post=7325"},{"taxonomy":"product_tag","embeddable":true,"href":"https:\/\/energizer.com\/eu\/switzerland\/wp-json\/wp\/v2\/product_tag?post=7325"}],"curies":[{"name":"wp","href":"https:\/\/api.w.org\/{rel}","templated":true}]}}