{"id":7329,"date":"2024-06-03T05:16:36","date_gmt":"2024-06-03T05:16:36","guid":{"rendered":"https:\/\/23b13e8ab3.nxcli.io\/switzerland\/?post_type=product&#038;p=7329"},"modified":"2024-08-23T08:12:46","modified_gmt":"2024-08-23T08:12:46","slug":"energizer-mini-charger","status":"publish","type":"product","link":"https:\/\/energizer.com\/eu\/switzerland\/product\/energizer-mini-charger\/","title":{"rendered":"ENERGIZER\u00ae MINI CHARGER"},"content":{"rendered":"<ul>\n<li>Chargeur de pile Energizer Recharge Mini pour piles rechargeables NiMH AA et AAA &#8211; 2 piles AAA incluses<\/li>\n<li>Compatibilit\u00e9 : ce chargeur de pile Energizer compact alimente toutes les piles de chargeur AAA et AA NiMH &#8211; Les piles Energizer Recharge sont recommand\u00e9es<\/li>\n<li>Fiabilit\u00e9 : atteignez une charge compl\u00e8te en 8 heures &#8211; les temps peuvent varier selon la batterie NiMH<\/li>\n<li>Facilit\u00e9 d&#8217;utilisation : l&#8217;\u00e9cran LED affiche l&#8217;\u00e9tat de charge de vos piles ; rouge = en charge, vert = enti\u00e8rement charg\u00e9e<\/li>\n<li>Sans danger : Con\u00e7u avec une minuterie de s\u00e9curit\u00e9 pour emp\u00eacher vos piles de surcharger et optimiser leurs performances<\/li>\n<li>Le choix des clients : Energizer est la marque n\u00b0 1 de chargeurs au monde, selon des donn\u00e9es d&#8217;analyse<\/li>\n<\/ul>\n","protected":false},"excerpt":{"rendered":"<p>Choisissez le chargeur de piles Energizer Recharge Mini rapide et fiable pour que vos appareils critiques fonctionnent \u00e0 des performances optimales. L&#8217;id\u00e9al pour vos gadgets les plus utilis\u00e9s, comme les t\u00e9l\u00e9commandes, les souris sans fil et les jouets. Ce mini chargeur universel de piles Energizer pratique charge 1 ou 2 piles NiMH AA ou AAA en 8 heures (le temps peut varier selon la pile NiMH) et est fourni avec 2 piles 700 mAh NiMH 1,2 V AAA Energizer Recharge Power Plus. Chargez en tout simplicit\u00e9 le chargeur de pile rechargeable compact et branchez-le pour alimenter vos piles quand vous en avez besoin. L&#8217;\u00e9cran indicateur du chargeur s&#8217;allume en vert quand vos batteries sont compl\u00e8tement charg\u00e9es et la minuterie de s\u00e9curit\u00e9 emp\u00eache la surcharge.<\/p>\n<p>Depuis qu&#8217;elle a cr\u00e9\u00e9 la premi\u00e8re pile grand public en 1896, Energizer a \u00e9t\u00e9 \u00e0 l&#8217;avant-garde de l&#8217;innovation dans le secteur et peut se targuer d&#8217;\u00eatre \u00e0 l&#8217;origine de nombreuses premi\u00e8res, dont le premier testeur de pile au monde. La marque applique \u00e9galement cette vision avant-gardiste aux initiatives environnementales, en d\u00e9veloppant le tout premier syst\u00e8me de piles rechargeables en 1958 et en introduisant la premi\u00e8re pile sans mercure en 1989. Les piles Energizer Recharge ont \u00e9galement \u00e9t\u00e9 les premi\u00e8res piles rechargeables \u00e0 contenir des piles recycl\u00e9es. La soci\u00e9t\u00e9 est en partenariat avec des entreprises qui encouragent, informent et responsabilisent les consommateurs pour qu&#8217;ils recyclent les piles non rechargeables, ainsi que les emballages de piles. Optimisez les performances de vos piles gr\u00e2ce \u00e0 la puissance de charge d&#8217;Energizer, la marque chargeur n\u00b0 1 au monde selon des donn\u00e9es d&#8217;analyse.<\/p>\n","protected":false},"featured_media":0,"comment_status":"open","ping_status":"closed","template":"","meta":{"_acf_changed":false},"product_brand":[],"product_cat":[82],"product_tag":[],"class_list":{"0":"post-7329","1":"product","2":"type-product","3":"status-publish","5":"product_cat-recharge-battery-chargers","7":"first","8":"instock","9":"shipping-taxable","10":"product-type-simple"},"acf":[],"yoast_head":"<!-- This site is optimized with the Yoast SEO plugin v27.2 - https:\/\/yoast.com\/product\/yoast-seo-wordpress\/ -->\n<title>ENERGIZER\u00ae MINI CHARGER - Switzerland<\/title>\n<meta name=\"robots\" content=\"index, follow, max-snippet:-1, max-image-preview:large, max-video-preview:-1\" \/>\n<link rel=\"canonical\" href=\"https:\/\/energizer.com\/eu\/switzerland\/product\/energizer-mini-charger\/\" \/>\n<meta property=\"og:locale\" content=\"en_US\" \/>\n<meta property=\"og:type\" content=\"article\" \/>\n<meta property=\"og:title\" content=\"ENERGIZER\u00ae MINI CHARGER - Switzerland\" \/>\n<meta property=\"og:description\" content=\"Choisissez le chargeur de piles Energizer Recharge Mini rapide et fiable pour que vos appareils critiques fonctionnent \u00e0 des performances optimales. L&#039;id\u00e9al pour vos gadgets les plus utilis\u00e9s, comme les t\u00e9l\u00e9commandes, les souris sans fil et les jouets. Ce mini chargeur universel de piles Energizer pratique charge 1 ou 2 piles NiMH AA ou AAA en 8 heures (le temps peut varier selon la pile NiMH) et est fourni avec 2 piles 700 mAh NiMH 1,2 V AAA Energizer Recharge Power Plus. Chargez en tout simplicit\u00e9 le chargeur de pile rechargeable compact et branchez-le pour alimenter vos piles quand vous en avez besoin. L&#039;\u00e9cran indicateur du chargeur s&#039;allume en vert quand vos batteries sont compl\u00e8tement charg\u00e9es et la minuterie de s\u00e9curit\u00e9 emp\u00eache la surcharge.  Depuis qu&#039;elle a cr\u00e9\u00e9 la premi\u00e8re pile grand public en 1896, Energizer a \u00e9t\u00e9 \u00e0 l&#039;avant-garde de l&#039;innovation dans le secteur et peut se targuer d&#039;\u00eatre \u00e0 l&#039;origine de nombreuses premi\u00e8res, dont le premier testeur de pile au monde. La marque applique \u00e9galement cette vision avant-gardiste aux initiatives environnementales, en d\u00e9veloppant le tout premier syst\u00e8me de piles rechargeables en 1958 et en introduisant la premi\u00e8re pile sans mercure en 1989. Les piles Energizer Recharge ont \u00e9galement \u00e9t\u00e9 les premi\u00e8res piles rechargeables \u00e0 contenir des piles recycl\u00e9es. La soci\u00e9t\u00e9 est en partenariat avec des entreprises qui encouragent, informent et responsabilisent les consommateurs pour qu&#039;ils recyclent les piles non rechargeables, ainsi que les emballages de piles. Optimisez les performances de vos piles gr\u00e2ce \u00e0 la puissance de charge d&#039;Energizer, la marque chargeur n\u00b0 1 au monde selon des donn\u00e9es d&#039;analyse.\" \/>\n<meta property=\"og:url\" content=\"https:\/\/energizer.com\/eu\/switzerland\/product\/energizer-mini-charger\/\" \/>\n<meta property=\"og:site_name\" content=\"Switzerland\" \/>\n<meta property=\"article:modified_time\" content=\"2024-08-23T08:12:46+00:00\" \/>\n<meta name=\"twitter:card\" content=\"summary_large_image\" \/>\n<script type=\"application\/ld+json\" class=\"yoast-schema-graph\">{\"@context\":\"https:\/\/schema.org\",\"@graph\":[{\"@type\":\"WebPage\",\"@id\":\"https:\/\/energizer.com\/eu\/switzerland\/product\/energizer-mini-charger\/\",\"url\":\"https:\/\/energizer.com\/eu\/switzerland\/product\/energizer-mini-charger\/\",\"name\":\"ENERGIZER\u00ae MINI CHARGER - Switzerland\",\"isPartOf\":{\"@id\":\"https:\/\/energizer.com\/eu\/switzerland\/#website\"},\"datePublished\":\"2024-06-03T05:16:36+00:00\",\"dateModified\":\"2024-08-23T08:12:46+00:00\",\"breadcrumb\":{\"@id\":\"https:\/\/energizer.com\/eu\/switzerland\/product\/energizer-mini-charger\/#breadcrumb\"},\"inLanguage\":\"en-US\",\"potentialAction\":[{\"@type\":\"ReadAction\",\"target\":[\"https:\/\/energizer.com\/eu\/switzerland\/product\/energizer-mini-charger\/\"]}]},{\"@type\":\"BreadcrumbList\",\"@id\":\"https:\/\/energizer.com\/eu\/switzerland\/product\/energizer-mini-charger\/#breadcrumb\",\"itemListElement\":[{\"@type\":\"ListItem\",\"position\":1,\"name\":\"Home\",\"item\":\"https:\/\/energizer.com\/eu\/switzerland\/\"},{\"@type\":\"ListItem\",\"position\":2,\"name\":\"ENERGIZER\u00ae MINI CHARGER\"}]},{\"@type\":\"WebSite\",\"@id\":\"https:\/\/energizer.com\/eu\/switzerland\/#website\",\"url\":\"https:\/\/energizer.com\/eu\/switzerland\/\",\"name\":\"Energizer Switzerland (FR)\",\"description\":\"\",\"publisher\":{\"@id\":\"https:\/\/energizer.com\/eu\/switzerland\/#organization\"},\"potentialAction\":[{\"@type\":\"SearchAction\",\"target\":{\"@type\":\"EntryPoint\",\"urlTemplate\":\"https:\/\/energizer.com\/eu\/switzerland\/?s={search_term_string}\"},\"query-input\":{\"@type\":\"PropertyValueSpecification\",\"valueRequired\":true,\"valueName\":\"search_term_string\"}}],\"inLanguage\":\"en-US\"},{\"@type\":\"Organization\",\"@id\":\"https:\/\/energizer.com\/eu\/switzerland\/#organization\",\"name\":\"Energizer Switzerland (FR)\",\"url\":\"https:\/\/energizer.com\/eu\/switzerland\/\",\"logo\":{\"@type\":\"ImageObject\",\"inLanguage\":\"en-US\",\"@id\":\"https:\/\/energizer.com\/eu\/switzerland\/#\/schema\/logo\/image\/\",\"url\":\"https:\/\/energizer.com\/eu\/switzerland\/wp-content\/uploads\/sites\/58\/2024\/04\/Energizer_brand.png\",\"contentUrl\":\"https:\/\/energizer.com\/eu\/switzerland\/wp-content\/uploads\/sites\/58\/2024\/04\/Energizer_brand.png\",\"width\":267,\"height\":100,\"caption\":\"Energizer Switzerland (FR)\"},\"image\":{\"@id\":\"https:\/\/energizer.com\/eu\/switzerland\/#\/schema\/logo\/image\/\"}}]}<\/script>\n<!-- \/ Yoast SEO plugin. -->","yoast_head_json":{"title":"ENERGIZER\u00ae MINI CHARGER - Switzerland","robots":{"index":"index","follow":"follow","max-snippet":"max-snippet:-1","max-image-preview":"max-image-preview:large","max-video-preview":"max-video-preview:-1"},"canonical":"https:\/\/energizer.com\/eu\/switzerland\/product\/energizer-mini-charger\/","og_locale":"en_US","og_type":"article","og_title":"ENERGIZER\u00ae MINI CHARGER - Switzerland","og_description":"Choisissez le chargeur de piles Energizer Recharge Mini rapide et fiable pour que vos appareils critiques fonctionnent \u00e0 des performances optimales. L'id\u00e9al pour vos gadgets les plus utilis\u00e9s, comme les t\u00e9l\u00e9commandes, les souris sans fil et les jouets. Ce mini chargeur universel de piles Energizer pratique charge 1 ou 2 piles NiMH AA ou AAA en 8 heures (le temps peut varier selon la pile NiMH) et est fourni avec 2 piles 700 mAh NiMH 1,2 V AAA Energizer Recharge Power Plus. Chargez en tout simplicit\u00e9 le chargeur de pile rechargeable compact et branchez-le pour alimenter vos piles quand vous en avez besoin. L'\u00e9cran indicateur du chargeur s'allume en vert quand vos batteries sont compl\u00e8tement charg\u00e9es et la minuterie de s\u00e9curit\u00e9 emp\u00eache la surcharge.  Depuis qu'elle a cr\u00e9\u00e9 la premi\u00e8re pile grand public en 1896, Energizer a \u00e9t\u00e9 \u00e0 l'avant-garde de l'innovation dans le secteur et peut se targuer d'\u00eatre \u00e0 l'origine de nombreuses premi\u00e8res, dont le premier testeur de pile au monde. La marque applique \u00e9galement cette vision avant-gardiste aux initiatives environnementales, en d\u00e9veloppant le tout premier syst\u00e8me de piles rechargeables en 1958 et en introduisant la premi\u00e8re pile sans mercure en 1989. Les piles Energizer Recharge ont \u00e9galement \u00e9t\u00e9 les premi\u00e8res piles rechargeables \u00e0 contenir des piles recycl\u00e9es. La soci\u00e9t\u00e9 est en partenariat avec des entreprises qui encouragent, informent et responsabilisent les consommateurs pour qu'ils recyclent les piles non rechargeables, ainsi que les emballages de piles. Optimisez les performances de vos piles gr\u00e2ce \u00e0 la puissance de charge d'Energizer, la marque chargeur n\u00b0 1 au monde selon des donn\u00e9es d'analyse.","og_url":"https:\/\/energizer.com\/eu\/switzerland\/product\/energizer-mini-charger\/","og_site_name":"Switzerland","article_modified_time":"2024-08-23T08:12:46+00:00","twitter_card":"summary_large_image","schema":{"@context":"https:\/\/schema.org","@graph":[{"@type":"WebPage","@id":"https:\/\/energizer.com\/eu\/switzerland\/product\/energizer-mini-charger\/","url":"https:\/\/energizer.com\/eu\/switzerland\/product\/energizer-mini-charger\/","name":"ENERGIZER\u00ae MINI CHARGER - Switzerland","isPartOf":{"@id":"https:\/\/energizer.com\/eu\/switzerland\/#website"},"datePublished":"2024-06-03T05:16:36+00:00","dateModified":"2024-08-23T08:12:46+00:00","breadcrumb":{"@id":"https:\/\/energizer.com\/eu\/switzerland\/product\/energizer-mini-charger\/#breadcrumb"},"inLanguage":"en-US","potentialAction":[{"@type":"ReadAction","target":["https:\/\/energizer.com\/eu\/switzerland\/product\/energizer-mini-charger\/"]}]},{"@type":"BreadcrumbList","@id":"https:\/\/energizer.com\/eu\/switzerland\/product\/energizer-mini-charger\/#breadcrumb","itemListElement":[{"@type":"ListItem","position":1,"name":"Home","item":"https:\/\/energizer.com\/eu\/switzerland\/"},{"@type":"ListItem","position":2,"name":"ENERGIZER\u00ae MINI CHARGER"}]},{"@type":"WebSite","@id":"https:\/\/energizer.com\/eu\/switzerland\/#website","url":"https:\/\/energizer.com\/eu\/switzerland\/","name":"Energizer Switzerland (FR)","description":"","publisher":{"@id":"https:\/\/energizer.com\/eu\/switzerland\/#organization"},"potentialAction":[{"@type":"SearchAction","target":{"@type":"EntryPoint","urlTemplate":"https:\/\/energizer.com\/eu\/switzerland\/?s={search_term_string}"},"query-input":{"@type":"PropertyValueSpecification","valueRequired":true,"valueName":"search_term_string"}}],"inLanguage":"en-US"},{"@type":"Organization","@id":"https:\/\/energizer.com\/eu\/switzerland\/#organization","name":"Energizer Switzerland (FR)","url":"https:\/\/energizer.com\/eu\/switzerland\/","logo":{"@type":"ImageObject","inLanguage":"en-US","@id":"https:\/\/energizer.com\/eu\/switzerland\/#\/schema\/logo\/image\/","url":"https:\/\/energizer.com\/eu\/switzerland\/wp-content\/uploads\/sites\/58\/2024\/04\/Energizer_brand.png","contentUrl":"https:\/\/energizer.com\/eu\/switzerland\/wp-content\/uploads\/sites\/58\/2024\/04\/Energizer_brand.png","width":267,"height":100,"caption":"Energizer Switzerland (FR)"},"image":{"@id":"https:\/\/energizer.com\/eu\/switzerland\/#\/schema\/logo\/image\/"}}]}},"_links":{"self":[{"href":"https:\/\/energizer.com\/eu\/switzerland\/wp-json\/wp\/v2\/product\/7329","targetHints":{"allow":["GET"]}}],"collection":[{"href":"https:\/\/energizer.com\/eu\/switzerland\/wp-json\/wp\/v2\/product"}],"about":[{"href":"https:\/\/energizer.com\/eu\/switzerland\/wp-json\/wp\/v2\/types\/product"}],"replies":[{"embeddable":true,"href":"https:\/\/energizer.com\/eu\/switzerland\/wp-json\/wp\/v2\/comments?post=7329"}],"version-history":[{"count":3,"href":"https:\/\/energizer.com\/eu\/switzerland\/wp-json\/wp\/v2\/product\/7329\/revisions"}],"predecessor-version":[{"id":7731,"href":"https:\/\/energizer.com\/eu\/switzerland\/wp-json\/wp\/v2\/product\/7329\/revisions\/7731"}],"wp:attachment":[{"href":"https:\/\/energizer.com\/eu\/switzerland\/wp-json\/wp\/v2\/media?parent=7329"}],"wp:term":[{"taxonomy":"product_brand","embeddable":true,"href":"https:\/\/energizer.com\/eu\/switzerland\/wp-json\/wp\/v2\/product_brand?post=7329"},{"taxonomy":"product_cat","embeddable":true,"href":"https:\/\/energizer.com\/eu\/switzerland\/wp-json\/wp\/v2\/product_cat?post=7329"},{"taxonomy":"product_tag","embeddable":true,"href":"https:\/\/energizer.com\/eu\/switzerland\/wp-json\/wp\/v2\/product_tag?post=7329"}],"curies":[{"name":"wp","href":"https:\/\/api.w.org\/{rel}","templated":true}]}}