{"id":7330,"date":"2024-06-03T05:16:36","date_gmt":"2024-06-03T05:16:36","guid":{"rendered":"https:\/\/23b13e8ab3.nxcli.io\/switzerland\/?post_type=product&#038;p=7330"},"modified":"2025-08-01T12:45:44","modified_gmt":"2025-08-01T12:45:44","slug":"energizer-max-plus-aa","status":"publish","type":"product","link":"https:\/\/energizer.com\/eu\/switzerland\/product\/energizer-max-plus-aa\/","title":{"rendered":"ENERGIZER \u00ae MAX PLUS \u2122 &#8211; AA"},"content":{"rendered":"<ul>\n<li>Pack de 4 piles alcalines AA Energizer Max Plus<\/li>\n<li>La plus longue dur\u00e9e de vie : cette pile alcaline la plus durable d&#8217;Energizer dure jusqu&#8217;\u00e0 200 % plus longtemps que la pile alcaline de base Energizer dans les appareils photo num\u00e9riques<\/li>\n<li>Une \u00e9nergie fiable : piles alcalines Energizer pour appareils photo, horloges, t\u00e9l\u00e9commandes et autres appareils utilis\u00e9s quotidiennement<\/li>\n<li>Protection contre les fuites : piles AA r\u00e9sistantes aux fuites pour prot\u00e9ger vos appareils contre les fuites et couvertes par la Garantie sans fuite d&#8217;Energizer<\/li>\n<li>Fiabilit\u00e9 : chaque pile alcaline Energizer AA ayant une dur\u00e9e de conservation allant jusqu&#8217;\u00e0 10 ans, elle est pr\u00eate quand vous en avez besoin<\/li>\n<li>Innovation Energizer : par le fabricant de piles AA les plus durables au monde, Energizer Ultimate Lithium<\/li>\n<li>\n<div class=\"jsx-3712484095 relative px-2.5 pb-2\">\n<div class=\"jsx-3712484095 comment-privacy-wrapper\">Emballage 100% recyclable: cet emballage est fabriqu\u00e9 \u00e0 partir de carton 100% recyclable<\/div>\n<\/div>\n<div class=\"jsx-3712484095 status-assigned-to-wrapper\">\n<div class=\"jsx-3712484095 status\"><\/div>\n<\/div>\n<\/li>\n<\/ul>\n","protected":false},"excerpt":{"rendered":"<p>Tirez le meilleur parti de vos appareils indispensables gr\u00e2ce \u00e0 l&#8217;\u00e9nergie fiable et longue dur\u00e9e que vous exigez de piles Energizer. Faites le plein de piles AA pour manettes de console et de piles alcalines AA pour lampes, t\u00e9l\u00e9commandes, montres et jouets. Ce pack de piles LR6 est \u00e9galement un excellent choix si vous avez besoin de piles LED fiables. Les piles Energizer Max Plus AA conservent leur autonomie jusqu&#8217;\u00e0 10 ans si elles sont entrepos\u00e9es, et leur r\u00e9sistance aux fuites prot\u00e8gent vos appareils des fuites. Avec Energizer, l&#8217;\u00e9nergie est pr\u00eate quand vous l&#8217;\u00eates. La gamme Energizer Max Plus comprend des piles AA et AAA, ainsi que des piles C, D et 9V. Il est donc facile de trouver une \u00e9nergie fiable dans le format dont vous avez besoin. Pour les piles rechargeables, choisissez la gamme Energizer Recharge, id\u00e9ale pour les appareils haute technologie.<\/p>\n<p>Depuis qu&#8217;elle a cr\u00e9\u00e9 la premi\u00e8re pile grand public en 1896, Energizer est \u00e0 l&#8217;avant-garde de l&#8217;innovation industrielle et peut se targuer d&#8217;\u00eatre \u00e0 l&#8217;origine de nombreuses premi\u00e8res, notamment en brevetant la toute premi\u00e8re pile alcaline grand public en 1959. La marque applique \u00e9galement cette vision avant-gardiste aux initiatives environnementales, en d\u00e9veloppant le tout premier syst\u00e8me de piles rechargeables en 1958 et en introduisant la premi\u00e8re pile sans mercure en 1989. Les piles Energizer Recharge ont \u00e9galement \u00e9t\u00e9 les premi\u00e8res piles rechargeables \u00e0 contenir des piles recycl\u00e9es. La soci\u00e9t\u00e9 est en partenariat avec des entreprises qui encouragent, informent et responsabilisent les consommateurs pour qu&#8217;ils recyclent les piles non rechargeables, ainsi que les emballages de piles. Faites confiance \u00e0 la puissance des piles AA Energizer.<\/p>\n","protected":false},"featured_media":10196,"comment_status":"open","ping_status":"closed","template":"","meta":{"_acf_changed":false},"product_brand":[],"product_cat":[87],"product_tag":[],"class_list":{"0":"post-7330","1":"product","2":"type-product","3":"status-publish","4":"has-post-thumbnail","6":"product_cat-energizer-max-plus","8":"first","9":"instock","10":"shipping-taxable","11":"product-type-simple"},"acf":[],"yoast_head":"<!-- This site is optimized with the Yoast SEO plugin v27.2 - https:\/\/yoast.com\/product\/yoast-seo-wordpress\/ -->\n<title>ENERGIZER \u00ae MAX PLUS \u2122 - AA - Switzerland<\/title>\n<meta name=\"robots\" content=\"index, follow, max-snippet:-1, max-image-preview:large, max-video-preview:-1\" \/>\n<link rel=\"canonical\" href=\"https:\/\/energizer.com\/eu\/switzerland\/product\/energizer-max-plus-aa\/\" \/>\n<meta property=\"og:locale\" content=\"en_US\" \/>\n<meta property=\"og:type\" content=\"article\" \/>\n<meta property=\"og:title\" content=\"ENERGIZER \u00ae MAX PLUS \u2122 - AA - Switzerland\" \/>\n<meta property=\"og:description\" content=\"Tirez le meilleur parti de vos appareils indispensables gr\u00e2ce \u00e0 l&#039;\u00e9nergie fiable et longue dur\u00e9e que vous exigez de piles Energizer. Faites le plein de piles AA pour manettes de console et de piles alcalines AA pour lampes, t\u00e9l\u00e9commandes, montres et jouets. Ce pack de piles LR6 est \u00e9galement un excellent choix si vous avez besoin de piles LED fiables. Les piles Energizer Max Plus AA conservent leur autonomie jusqu&#039;\u00e0 10 ans si elles sont entrepos\u00e9es, et leur r\u00e9sistance aux fuites prot\u00e8gent vos appareils des fuites. Avec Energizer, l&#039;\u00e9nergie est pr\u00eate quand vous l&#039;\u00eates. La gamme Energizer Max Plus comprend des piles AA et AAA, ainsi que des piles C, D et 9V. Il est donc facile de trouver une \u00e9nergie fiable dans le format dont vous avez besoin. Pour les piles rechargeables, choisissez la gamme Energizer Recharge, id\u00e9ale pour les appareils haute technologie.  Depuis qu&#039;elle a cr\u00e9\u00e9 la premi\u00e8re pile grand public en 1896, Energizer est \u00e0 l&#039;avant-garde de l&#039;innovation industrielle et peut se targuer d&#039;\u00eatre \u00e0 l&#039;origine de nombreuses premi\u00e8res, notamment en brevetant la toute premi\u00e8re pile alcaline grand public en 1959. La marque applique \u00e9galement cette vision avant-gardiste aux initiatives environnementales, en d\u00e9veloppant le tout premier syst\u00e8me de piles rechargeables en 1958 et en introduisant la premi\u00e8re pile sans mercure en 1989. Les piles Energizer Recharge ont \u00e9galement \u00e9t\u00e9 les premi\u00e8res piles rechargeables \u00e0 contenir des piles recycl\u00e9es. La soci\u00e9t\u00e9 est en partenariat avec des entreprises qui encouragent, informent et responsabilisent les consommateurs pour qu&#039;ils recyclent les piles non rechargeables, ainsi que les emballages de piles. Faites confiance \u00e0 la puissance des piles AA Energizer.\" \/>\n<meta property=\"og:url\" content=\"https:\/\/energizer.com\/eu\/switzerland\/product\/energizer-max-plus-aa\/\" \/>\n<meta property=\"og:site_name\" content=\"Switzerland\" \/>\n<meta property=\"article:modified_time\" content=\"2025-08-01T12:45:44+00:00\" \/>\n<meta property=\"og:image\" content=\"https:\/\/energizer.com\/eu\/switzerland\/wp-content\/uploads\/sites\/58\/2025\/08\/ENR_MAX-PLUS_CHP4_Hang-Card_AA4_Front_Hero-Package-Image_UPN-188978_EU.jpg\" \/>\n\t<meta property=\"og:image:width\" content=\"1000\" \/>\n\t<meta property=\"og:image:height\" content=\"1000\" \/>\n\t<meta property=\"og:image:type\" content=\"image\/jpeg\" \/>\n<meta name=\"twitter:card\" content=\"summary_large_image\" \/>\n<script type=\"application\/ld+json\" class=\"yoast-schema-graph\">{\"@context\":\"https:\/\/schema.org\",\"@graph\":[{\"@type\":\"WebPage\",\"@id\":\"https:\/\/energizer.com\/eu\/switzerland\/product\/energizer-max-plus-aa\/\",\"url\":\"https:\/\/energizer.com\/eu\/switzerland\/product\/energizer-max-plus-aa\/\",\"name\":\"ENERGIZER \u00ae MAX PLUS \u2122 - AA - Switzerland\",\"isPartOf\":{\"@id\":\"https:\/\/energizer.com\/eu\/switzerland\/#website\"},\"primaryImageOfPage\":{\"@id\":\"https:\/\/energizer.com\/eu\/switzerland\/product\/energizer-max-plus-aa\/#primaryimage\"},\"image\":{\"@id\":\"https:\/\/energizer.com\/eu\/switzerland\/product\/energizer-max-plus-aa\/#primaryimage\"},\"thumbnailUrl\":\"https:\/\/energizer.com\/eu\/switzerland\/wp-content\/uploads\/sites\/58\/2025\/08\/ENR_MAX-PLUS_CHP4_Hang-Card_AA4_Front_Hero-Package-Image_UPN-188978_EU.jpg\",\"datePublished\":\"2024-06-03T05:16:36+00:00\",\"dateModified\":\"2025-08-01T12:45:44+00:00\",\"breadcrumb\":{\"@id\":\"https:\/\/energizer.com\/eu\/switzerland\/product\/energizer-max-plus-aa\/#breadcrumb\"},\"inLanguage\":\"en-US\",\"potentialAction\":[{\"@type\":\"ReadAction\",\"target\":[\"https:\/\/energizer.com\/eu\/switzerland\/product\/energizer-max-plus-aa\/\"]}]},{\"@type\":\"ImageObject\",\"inLanguage\":\"en-US\",\"@id\":\"https:\/\/energizer.com\/eu\/switzerland\/product\/energizer-max-plus-aa\/#primaryimage\",\"url\":\"https:\/\/energizer.com\/eu\/switzerland\/wp-content\/uploads\/sites\/58\/2025\/08\/ENR_MAX-PLUS_CHP4_Hang-Card_AA4_Front_Hero-Package-Image_UPN-188978_EU.jpg\",\"contentUrl\":\"https:\/\/energizer.com\/eu\/switzerland\/wp-content\/uploads\/sites\/58\/2025\/08\/ENR_MAX-PLUS_CHP4_Hang-Card_AA4_Front_Hero-Package-Image_UPN-188978_EU.jpg\",\"width\":1000,\"height\":1000},{\"@type\":\"BreadcrumbList\",\"@id\":\"https:\/\/energizer.com\/eu\/switzerland\/product\/energizer-max-plus-aa\/#breadcrumb\",\"itemListElement\":[{\"@type\":\"ListItem\",\"position\":1,\"name\":\"Home\",\"item\":\"https:\/\/energizer.com\/eu\/switzerland\/\"},{\"@type\":\"ListItem\",\"position\":2,\"name\":\"ENERGIZER \u00ae MAX PLUS \u2122 &#8211; AA\"}]},{\"@type\":\"WebSite\",\"@id\":\"https:\/\/energizer.com\/eu\/switzerland\/#website\",\"url\":\"https:\/\/energizer.com\/eu\/switzerland\/\",\"name\":\"Energizer Switzerland (FR)\",\"description\":\"\",\"publisher\":{\"@id\":\"https:\/\/energizer.com\/eu\/switzerland\/#organization\"},\"potentialAction\":[{\"@type\":\"SearchAction\",\"target\":{\"@type\":\"EntryPoint\",\"urlTemplate\":\"https:\/\/energizer.com\/eu\/switzerland\/?s={search_term_string}\"},\"query-input\":{\"@type\":\"PropertyValueSpecification\",\"valueRequired\":true,\"valueName\":\"search_term_string\"}}],\"inLanguage\":\"en-US\"},{\"@type\":\"Organization\",\"@id\":\"https:\/\/energizer.com\/eu\/switzerland\/#organization\",\"name\":\"Energizer Switzerland (FR)\",\"url\":\"https:\/\/energizer.com\/eu\/switzerland\/\",\"logo\":{\"@type\":\"ImageObject\",\"inLanguage\":\"en-US\",\"@id\":\"https:\/\/energizer.com\/eu\/switzerland\/#\/schema\/logo\/image\/\",\"url\":\"https:\/\/energizer.com\/eu\/switzerland\/wp-content\/uploads\/sites\/58\/2024\/04\/Energizer_brand.png\",\"contentUrl\":\"https:\/\/energizer.com\/eu\/switzerland\/wp-content\/uploads\/sites\/58\/2024\/04\/Energizer_brand.png\",\"width\":267,\"height\":100,\"caption\":\"Energizer Switzerland (FR)\"},\"image\":{\"@id\":\"https:\/\/energizer.com\/eu\/switzerland\/#\/schema\/logo\/image\/\"}}]}<\/script>\n<!-- \/ Yoast SEO plugin. -->","yoast_head_json":{"title":"ENERGIZER \u00ae MAX PLUS \u2122 - AA - Switzerland","robots":{"index":"index","follow":"follow","max-snippet":"max-snippet:-1","max-image-preview":"max-image-preview:large","max-video-preview":"max-video-preview:-1"},"canonical":"https:\/\/energizer.com\/eu\/switzerland\/product\/energizer-max-plus-aa\/","og_locale":"en_US","og_type":"article","og_title":"ENERGIZER \u00ae MAX PLUS \u2122 - AA - Switzerland","og_description":"Tirez le meilleur parti de vos appareils indispensables gr\u00e2ce \u00e0 l'\u00e9nergie fiable et longue dur\u00e9e que vous exigez de piles Energizer. Faites le plein de piles AA pour manettes de console et de piles alcalines AA pour lampes, t\u00e9l\u00e9commandes, montres et jouets. Ce pack de piles LR6 est \u00e9galement un excellent choix si vous avez besoin de piles LED fiables. Les piles Energizer Max Plus AA conservent leur autonomie jusqu'\u00e0 10 ans si elles sont entrepos\u00e9es, et leur r\u00e9sistance aux fuites prot\u00e8gent vos appareils des fuites. Avec Energizer, l'\u00e9nergie est pr\u00eate quand vous l'\u00eates. La gamme Energizer Max Plus comprend des piles AA et AAA, ainsi que des piles C, D et 9V. Il est donc facile de trouver une \u00e9nergie fiable dans le format dont vous avez besoin. Pour les piles rechargeables, choisissez la gamme Energizer Recharge, id\u00e9ale pour les appareils haute technologie.  Depuis qu'elle a cr\u00e9\u00e9 la premi\u00e8re pile grand public en 1896, Energizer est \u00e0 l'avant-garde de l'innovation industrielle et peut se targuer d'\u00eatre \u00e0 l'origine de nombreuses premi\u00e8res, notamment en brevetant la toute premi\u00e8re pile alcaline grand public en 1959. La marque applique \u00e9galement cette vision avant-gardiste aux initiatives environnementales, en d\u00e9veloppant le tout premier syst\u00e8me de piles rechargeables en 1958 et en introduisant la premi\u00e8re pile sans mercure en 1989. Les piles Energizer Recharge ont \u00e9galement \u00e9t\u00e9 les premi\u00e8res piles rechargeables \u00e0 contenir des piles recycl\u00e9es. La soci\u00e9t\u00e9 est en partenariat avec des entreprises qui encouragent, informent et responsabilisent les consommateurs pour qu'ils recyclent les piles non rechargeables, ainsi que les emballages de piles. Faites confiance \u00e0 la puissance des piles AA Energizer.","og_url":"https:\/\/energizer.com\/eu\/switzerland\/product\/energizer-max-plus-aa\/","og_site_name":"Switzerland","article_modified_time":"2025-08-01T12:45:44+00:00","og_image":[{"width":1000,"height":1000,"url":"https:\/\/energizer.com\/eu\/switzerland\/wp-content\/uploads\/sites\/58\/2025\/08\/ENR_MAX-PLUS_CHP4_Hang-Card_AA4_Front_Hero-Package-Image_UPN-188978_EU.jpg","type":"image\/jpeg"}],"twitter_card":"summary_large_image","schema":{"@context":"https:\/\/schema.org","@graph":[{"@type":"WebPage","@id":"https:\/\/energizer.com\/eu\/switzerland\/product\/energizer-max-plus-aa\/","url":"https:\/\/energizer.com\/eu\/switzerland\/product\/energizer-max-plus-aa\/","name":"ENERGIZER \u00ae MAX PLUS \u2122 - AA - Switzerland","isPartOf":{"@id":"https:\/\/energizer.com\/eu\/switzerland\/#website"},"primaryImageOfPage":{"@id":"https:\/\/energizer.com\/eu\/switzerland\/product\/energizer-max-plus-aa\/#primaryimage"},"image":{"@id":"https:\/\/energizer.com\/eu\/switzerland\/product\/energizer-max-plus-aa\/#primaryimage"},"thumbnailUrl":"https:\/\/energizer.com\/eu\/switzerland\/wp-content\/uploads\/sites\/58\/2025\/08\/ENR_MAX-PLUS_CHP4_Hang-Card_AA4_Front_Hero-Package-Image_UPN-188978_EU.jpg","datePublished":"2024-06-03T05:16:36+00:00","dateModified":"2025-08-01T12:45:44+00:00","breadcrumb":{"@id":"https:\/\/energizer.com\/eu\/switzerland\/product\/energizer-max-plus-aa\/#breadcrumb"},"inLanguage":"en-US","potentialAction":[{"@type":"ReadAction","target":["https:\/\/energizer.com\/eu\/switzerland\/product\/energizer-max-plus-aa\/"]}]},{"@type":"ImageObject","inLanguage":"en-US","@id":"https:\/\/energizer.com\/eu\/switzerland\/product\/energizer-max-plus-aa\/#primaryimage","url":"https:\/\/energizer.com\/eu\/switzerland\/wp-content\/uploads\/sites\/58\/2025\/08\/ENR_MAX-PLUS_CHP4_Hang-Card_AA4_Front_Hero-Package-Image_UPN-188978_EU.jpg","contentUrl":"https:\/\/energizer.com\/eu\/switzerland\/wp-content\/uploads\/sites\/58\/2025\/08\/ENR_MAX-PLUS_CHP4_Hang-Card_AA4_Front_Hero-Package-Image_UPN-188978_EU.jpg","width":1000,"height":1000},{"@type":"BreadcrumbList","@id":"https:\/\/energizer.com\/eu\/switzerland\/product\/energizer-max-plus-aa\/#breadcrumb","itemListElement":[{"@type":"ListItem","position":1,"name":"Home","item":"https:\/\/energizer.com\/eu\/switzerland\/"},{"@type":"ListItem","position":2,"name":"ENERGIZER \u00ae MAX PLUS \u2122 &#8211; AA"}]},{"@type":"WebSite","@id":"https:\/\/energizer.com\/eu\/switzerland\/#website","url":"https:\/\/energizer.com\/eu\/switzerland\/","name":"Energizer Switzerland (FR)","description":"","publisher":{"@id":"https:\/\/energizer.com\/eu\/switzerland\/#organization"},"potentialAction":[{"@type":"SearchAction","target":{"@type":"EntryPoint","urlTemplate":"https:\/\/energizer.com\/eu\/switzerland\/?s={search_term_string}"},"query-input":{"@type":"PropertyValueSpecification","valueRequired":true,"valueName":"search_term_string"}}],"inLanguage":"en-US"},{"@type":"Organization","@id":"https:\/\/energizer.com\/eu\/switzerland\/#organization","name":"Energizer Switzerland (FR)","url":"https:\/\/energizer.com\/eu\/switzerland\/","logo":{"@type":"ImageObject","inLanguage":"en-US","@id":"https:\/\/energizer.com\/eu\/switzerland\/#\/schema\/logo\/image\/","url":"https:\/\/energizer.com\/eu\/switzerland\/wp-content\/uploads\/sites\/58\/2024\/04\/Energizer_brand.png","contentUrl":"https:\/\/energizer.com\/eu\/switzerland\/wp-content\/uploads\/sites\/58\/2024\/04\/Energizer_brand.png","width":267,"height":100,"caption":"Energizer Switzerland (FR)"},"image":{"@id":"https:\/\/energizer.com\/eu\/switzerland\/#\/schema\/logo\/image\/"}}]}},"_links":{"self":[{"href":"https:\/\/energizer.com\/eu\/switzerland\/wp-json\/wp\/v2\/product\/7330","targetHints":{"allow":["GET"]}}],"collection":[{"href":"https:\/\/energizer.com\/eu\/switzerland\/wp-json\/wp\/v2\/product"}],"about":[{"href":"https:\/\/energizer.com\/eu\/switzerland\/wp-json\/wp\/v2\/types\/product"}],"replies":[{"embeddable":true,"href":"https:\/\/energizer.com\/eu\/switzerland\/wp-json\/wp\/v2\/comments?post=7330"}],"version-history":[{"count":8,"href":"https:\/\/energizer.com\/eu\/switzerland\/wp-json\/wp\/v2\/product\/7330\/revisions"}],"predecessor-version":[{"id":10201,"href":"https:\/\/energizer.com\/eu\/switzerland\/wp-json\/wp\/v2\/product\/7330\/revisions\/10201"}],"wp:featuredmedia":[{"embeddable":true,"href":"https:\/\/energizer.com\/eu\/switzerland\/wp-json\/wp\/v2\/media\/10196"}],"wp:attachment":[{"href":"https:\/\/energizer.com\/eu\/switzerland\/wp-json\/wp\/v2\/media?parent=7330"}],"wp:term":[{"taxonomy":"product_brand","embeddable":true,"href":"https:\/\/energizer.com\/eu\/switzerland\/wp-json\/wp\/v2\/product_brand?post=7330"},{"taxonomy":"product_cat","embeddable":true,"href":"https:\/\/energizer.com\/eu\/switzerland\/wp-json\/wp\/v2\/product_cat?post=7330"},{"taxonomy":"product_tag","embeddable":true,"href":"https:\/\/energizer.com\/eu\/switzerland\/wp-json\/wp\/v2\/product_tag?post=7330"}],"curies":[{"name":"wp","href":"https:\/\/api.w.org\/{rel}","templated":true}]}}