{"id":7337,"date":"2024-06-03T05:16:37","date_gmt":"2024-06-03T05:16:37","guid":{"rendered":"https:\/\/23b13e8ab3.nxcli.io\/switzerland\/?post_type=product&#038;p=7337"},"modified":"2025-02-05T06:33:33","modified_gmt":"2025-02-05T06:33:33","slug":"energizer-recharge-power-plus-9v","status":"publish","type":"product","link":"https:\/\/energizer.com\/eu\/switzerland\/product\/energizer-recharge-power-plus-9v\/","title":{"rendered":"ENERGIZER\u00ae RECHARGE POWER PLUS \u2013 9V"},"content":{"rendered":"<ul>\n<li>Piles Energizer Recharge Power Plus 9V<\/li>\n<li>Longue dur\u00e9e : Les piles rechargeables Energizer 9V fournissent une alimentation longue dur\u00e9e \u00e0 vos appareils<\/li>\n<li>Alimentation de confiance : piles pour d\u00e9tecteurs de fum\u00e9e, jouets motoris\u00e9s, sonnettes, torches et autres appareils quotidiens et de haute technologie<\/li>\n<li>Rechargeable : Chaque batterie peut \u00eatre recharg\u00e9e des centaines de fois, avec une dur\u00e9e de vie utile de 3 ans<\/li>\n<li>Le choix des clients : Energizer est la premi\u00e8re marque mondiale de piles rechargeables, sur la base des ventes par balayage<\/li>\n<li>Innovation Energizer : La premi\u00e8re pile 9V rechargeable au monde fabriqu\u00e9e \u00e0 partir de 7 % de piles recycl\u00e9es<\/li>\n<li>Emballage 100% recyclable: cet emballage est fabriqu\u00e9 \u00e0 partir de carton 100% recyclable<\/li>\n<\/ul>\n","protected":false},"excerpt":{"rendered":"<p>Tirez le meilleur parti de vos appareils quotidiens gr\u00e2ce \u00e0 la fiabilit\u00e9 des piles Energizer Accu Recharge Power Plus 9V. Faites le plein de piles rechargeables pour les d\u00e9tecteurs de fum\u00e9e, les jouets motoris\u00e9s et les rasoirs, ainsi que de piles pour les sonnettes et les torches. Toujours pr\u00eates quand vous l&#8217;\u00eates, les piles rechargeables Energizer 9V sont livr\u00e9es enti\u00e8rement charg\u00e9es. Chaque pile peut \u00eatre recharg\u00e9e des centaines de fois, avec une autonomie pouvant aller jusqu&#8217;\u00e0 3 ans dans des conditions d&#8217;utilisation normales. Il suffit de recharger vos piles avec le chargeur universel Energizer Recharge. La gamme Energizer Accu Recharge Power Plus comprend \u00e9galement des piles AA, AAA, C et D. Il est donc facile de trouver une alimentation fiable dans la taille dont vous avez besoin.<\/p>\n","protected":false},"featured_media":0,"comment_status":"open","ping_status":"closed","template":"","meta":{"_acf_changed":false},"product_brand":[],"product_cat":[31],"product_tag":[],"class_list":{"0":"post-7337","1":"product","2":"type-product","3":"status-publish","5":"product_cat-energizer-recharge","7":"first","8":"instock","9":"shipping-taxable","10":"product-type-simple"},"acf":[],"yoast_head":"<!-- This site is optimized with the Yoast SEO plugin v27.2 - https:\/\/yoast.com\/product\/yoast-seo-wordpress\/ -->\n<title>ENERGIZER\u00ae RECHARGE POWER PLUS \u2013 9V - Switzerland<\/title>\n<meta name=\"robots\" content=\"index, follow, max-snippet:-1, max-image-preview:large, max-video-preview:-1\" \/>\n<link rel=\"canonical\" href=\"https:\/\/energizer.com\/eu\/switzerland\/product\/energizer-recharge-power-plus-9v\/\" \/>\n<meta property=\"og:locale\" content=\"en_US\" \/>\n<meta property=\"og:type\" content=\"article\" \/>\n<meta property=\"og:title\" content=\"ENERGIZER\u00ae RECHARGE POWER PLUS \u2013 9V - Switzerland\" \/>\n<meta property=\"og:description\" content=\"Tirez le meilleur parti de vos appareils quotidiens gr\u00e2ce \u00e0 la fiabilit\u00e9 des piles Energizer Accu Recharge Power Plus 9V. Faites le plein de piles rechargeables pour les d\u00e9tecteurs de fum\u00e9e, les jouets motoris\u00e9s et les rasoirs, ainsi que de piles pour les sonnettes et les torches. Toujours pr\u00eates quand vous l&#039;\u00eates, les piles rechargeables Energizer 9V sont livr\u00e9es enti\u00e8rement charg\u00e9es. Chaque pile peut \u00eatre recharg\u00e9e des centaines de fois, avec une autonomie pouvant aller jusqu&#039;\u00e0 3 ans dans des conditions d&#039;utilisation normales. Il suffit de recharger vos piles avec le chargeur universel Energizer Recharge. La gamme Energizer Accu Recharge Power Plus comprend \u00e9galement des piles AA, AAA, C et D. Il est donc facile de trouver une alimentation fiable dans la taille dont vous avez besoin.\" \/>\n<meta property=\"og:url\" content=\"https:\/\/energizer.com\/eu\/switzerland\/product\/energizer-recharge-power-plus-9v\/\" \/>\n<meta property=\"og:site_name\" content=\"Switzerland\" \/>\n<meta property=\"article:modified_time\" content=\"2025-02-05T06:33:33+00:00\" \/>\n<meta name=\"twitter:card\" content=\"summary_large_image\" \/>\n<script type=\"application\/ld+json\" class=\"yoast-schema-graph\">{\"@context\":\"https:\/\/schema.org\",\"@graph\":[{\"@type\":\"WebPage\",\"@id\":\"https:\/\/energizer.com\/eu\/switzerland\/product\/energizer-recharge-power-plus-9v\/\",\"url\":\"https:\/\/energizer.com\/eu\/switzerland\/product\/energizer-recharge-power-plus-9v\/\",\"name\":\"ENERGIZER\u00ae RECHARGE POWER PLUS \u2013 9V - Switzerland\",\"isPartOf\":{\"@id\":\"https:\/\/energizer.com\/eu\/switzerland\/#website\"},\"datePublished\":\"2024-06-03T05:16:37+00:00\",\"dateModified\":\"2025-02-05T06:33:33+00:00\",\"breadcrumb\":{\"@id\":\"https:\/\/energizer.com\/eu\/switzerland\/product\/energizer-recharge-power-plus-9v\/#breadcrumb\"},\"inLanguage\":\"en-US\",\"potentialAction\":[{\"@type\":\"ReadAction\",\"target\":[\"https:\/\/energizer.com\/eu\/switzerland\/product\/energizer-recharge-power-plus-9v\/\"]}]},{\"@type\":\"BreadcrumbList\",\"@id\":\"https:\/\/energizer.com\/eu\/switzerland\/product\/energizer-recharge-power-plus-9v\/#breadcrumb\",\"itemListElement\":[{\"@type\":\"ListItem\",\"position\":1,\"name\":\"Home\",\"item\":\"https:\/\/energizer.com\/eu\/switzerland\/\"},{\"@type\":\"ListItem\",\"position\":2,\"name\":\"ENERGIZER\u00ae RECHARGE POWER PLUS \u2013 9V\"}]},{\"@type\":\"WebSite\",\"@id\":\"https:\/\/energizer.com\/eu\/switzerland\/#website\",\"url\":\"https:\/\/energizer.com\/eu\/switzerland\/\",\"name\":\"Energizer Switzerland (FR)\",\"description\":\"\",\"publisher\":{\"@id\":\"https:\/\/energizer.com\/eu\/switzerland\/#organization\"},\"potentialAction\":[{\"@type\":\"SearchAction\",\"target\":{\"@type\":\"EntryPoint\",\"urlTemplate\":\"https:\/\/energizer.com\/eu\/switzerland\/?s={search_term_string}\"},\"query-input\":{\"@type\":\"PropertyValueSpecification\",\"valueRequired\":true,\"valueName\":\"search_term_string\"}}],\"inLanguage\":\"en-US\"},{\"@type\":\"Organization\",\"@id\":\"https:\/\/energizer.com\/eu\/switzerland\/#organization\",\"name\":\"Energizer Switzerland (FR)\",\"url\":\"https:\/\/energizer.com\/eu\/switzerland\/\",\"logo\":{\"@type\":\"ImageObject\",\"inLanguage\":\"en-US\",\"@id\":\"https:\/\/energizer.com\/eu\/switzerland\/#\/schema\/logo\/image\/\",\"url\":\"https:\/\/energizer.com\/eu\/switzerland\/wp-content\/uploads\/sites\/58\/2024\/04\/Energizer_brand.png\",\"contentUrl\":\"https:\/\/energizer.com\/eu\/switzerland\/wp-content\/uploads\/sites\/58\/2024\/04\/Energizer_brand.png\",\"width\":267,\"height\":100,\"caption\":\"Energizer Switzerland (FR)\"},\"image\":{\"@id\":\"https:\/\/energizer.com\/eu\/switzerland\/#\/schema\/logo\/image\/\"}}]}<\/script>\n<!-- \/ Yoast SEO plugin. -->","yoast_head_json":{"title":"ENERGIZER\u00ae RECHARGE POWER PLUS \u2013 9V - Switzerland","robots":{"index":"index","follow":"follow","max-snippet":"max-snippet:-1","max-image-preview":"max-image-preview:large","max-video-preview":"max-video-preview:-1"},"canonical":"https:\/\/energizer.com\/eu\/switzerland\/product\/energizer-recharge-power-plus-9v\/","og_locale":"en_US","og_type":"article","og_title":"ENERGIZER\u00ae RECHARGE POWER PLUS \u2013 9V - Switzerland","og_description":"Tirez le meilleur parti de vos appareils quotidiens gr\u00e2ce \u00e0 la fiabilit\u00e9 des piles Energizer Accu Recharge Power Plus 9V. Faites le plein de piles rechargeables pour les d\u00e9tecteurs de fum\u00e9e, les jouets motoris\u00e9s et les rasoirs, ainsi que de piles pour les sonnettes et les torches. Toujours pr\u00eates quand vous l'\u00eates, les piles rechargeables Energizer 9V sont livr\u00e9es enti\u00e8rement charg\u00e9es. Chaque pile peut \u00eatre recharg\u00e9e des centaines de fois, avec une autonomie pouvant aller jusqu'\u00e0 3 ans dans des conditions d'utilisation normales. Il suffit de recharger vos piles avec le chargeur universel Energizer Recharge. La gamme Energizer Accu Recharge Power Plus comprend \u00e9galement des piles AA, AAA, C et D. Il est donc facile de trouver une alimentation fiable dans la taille dont vous avez besoin.","og_url":"https:\/\/energizer.com\/eu\/switzerland\/product\/energizer-recharge-power-plus-9v\/","og_site_name":"Switzerland","article_modified_time":"2025-02-05T06:33:33+00:00","twitter_card":"summary_large_image","schema":{"@context":"https:\/\/schema.org","@graph":[{"@type":"WebPage","@id":"https:\/\/energizer.com\/eu\/switzerland\/product\/energizer-recharge-power-plus-9v\/","url":"https:\/\/energizer.com\/eu\/switzerland\/product\/energizer-recharge-power-plus-9v\/","name":"ENERGIZER\u00ae RECHARGE POWER PLUS \u2013 9V - Switzerland","isPartOf":{"@id":"https:\/\/energizer.com\/eu\/switzerland\/#website"},"datePublished":"2024-06-03T05:16:37+00:00","dateModified":"2025-02-05T06:33:33+00:00","breadcrumb":{"@id":"https:\/\/energizer.com\/eu\/switzerland\/product\/energizer-recharge-power-plus-9v\/#breadcrumb"},"inLanguage":"en-US","potentialAction":[{"@type":"ReadAction","target":["https:\/\/energizer.com\/eu\/switzerland\/product\/energizer-recharge-power-plus-9v\/"]}]},{"@type":"BreadcrumbList","@id":"https:\/\/energizer.com\/eu\/switzerland\/product\/energizer-recharge-power-plus-9v\/#breadcrumb","itemListElement":[{"@type":"ListItem","position":1,"name":"Home","item":"https:\/\/energizer.com\/eu\/switzerland\/"},{"@type":"ListItem","position":2,"name":"ENERGIZER\u00ae RECHARGE POWER PLUS \u2013 9V"}]},{"@type":"WebSite","@id":"https:\/\/energizer.com\/eu\/switzerland\/#website","url":"https:\/\/energizer.com\/eu\/switzerland\/","name":"Energizer Switzerland (FR)","description":"","publisher":{"@id":"https:\/\/energizer.com\/eu\/switzerland\/#organization"},"potentialAction":[{"@type":"SearchAction","target":{"@type":"EntryPoint","urlTemplate":"https:\/\/energizer.com\/eu\/switzerland\/?s={search_term_string}"},"query-input":{"@type":"PropertyValueSpecification","valueRequired":true,"valueName":"search_term_string"}}],"inLanguage":"en-US"},{"@type":"Organization","@id":"https:\/\/energizer.com\/eu\/switzerland\/#organization","name":"Energizer Switzerland (FR)","url":"https:\/\/energizer.com\/eu\/switzerland\/","logo":{"@type":"ImageObject","inLanguage":"en-US","@id":"https:\/\/energizer.com\/eu\/switzerland\/#\/schema\/logo\/image\/","url":"https:\/\/energizer.com\/eu\/switzerland\/wp-content\/uploads\/sites\/58\/2024\/04\/Energizer_brand.png","contentUrl":"https:\/\/energizer.com\/eu\/switzerland\/wp-content\/uploads\/sites\/58\/2024\/04\/Energizer_brand.png","width":267,"height":100,"caption":"Energizer Switzerland (FR)"},"image":{"@id":"https:\/\/energizer.com\/eu\/switzerland\/#\/schema\/logo\/image\/"}}]}},"_links":{"self":[{"href":"https:\/\/energizer.com\/eu\/switzerland\/wp-json\/wp\/v2\/product\/7337","targetHints":{"allow":["GET"]}}],"collection":[{"href":"https:\/\/energizer.com\/eu\/switzerland\/wp-json\/wp\/v2\/product"}],"about":[{"href":"https:\/\/energizer.com\/eu\/switzerland\/wp-json\/wp\/v2\/types\/product"}],"replies":[{"embeddable":true,"href":"https:\/\/energizer.com\/eu\/switzerland\/wp-json\/wp\/v2\/comments?post=7337"}],"version-history":[{"count":8,"href":"https:\/\/energizer.com\/eu\/switzerland\/wp-json\/wp\/v2\/product\/7337\/revisions"}],"predecessor-version":[{"id":10182,"href":"https:\/\/energizer.com\/eu\/switzerland\/wp-json\/wp\/v2\/product\/7337\/revisions\/10182"}],"wp:attachment":[{"href":"https:\/\/energizer.com\/eu\/switzerland\/wp-json\/wp\/v2\/media?parent=7337"}],"wp:term":[{"taxonomy":"product_brand","embeddable":true,"href":"https:\/\/energizer.com\/eu\/switzerland\/wp-json\/wp\/v2\/product_brand?post=7337"},{"taxonomy":"product_cat","embeddable":true,"href":"https:\/\/energizer.com\/eu\/switzerland\/wp-json\/wp\/v2\/product_cat?post=7337"},{"taxonomy":"product_tag","embeddable":true,"href":"https:\/\/energizer.com\/eu\/switzerland\/wp-json\/wp\/v2\/product_tag?post=7337"}],"curies":[{"name":"wp","href":"https:\/\/api.w.org\/{rel}","templated":true}]}}