{"id":7374,"date":"2024-06-03T05:16:40","date_gmt":"2024-06-03T05:16:40","guid":{"rendered":"https:\/\/23b13e8ab3.nxcli.io\/switzerland\/?post_type=product&#038;p=7374"},"modified":"2024-08-23T08:06:43","modified_gmt":"2024-08-23T08:06:43","slug":"energizer-x-focus-2aa-torch","status":"publish","type":"product","link":"https:\/\/energizer.com\/eu\/switzerland\/product\/energizer-x-focus-2aa-torch\/","title":{"rendered":"Energizer X Focus 2AA Torch"},"content":{"rendered":"<ul>\n<li>Faisceau lumineux \u00e0 focalisation r\u00e9glable<\/li>\n<li>\u00c9quip\u00e9e d&#8217;un interrupteur pratique<\/li>\n<li>Jusqu&#8217;\u00e0 10 fois plus lumineuse que la technologie LED ordinaire<\/li>\n<li>Compacte et l\u00e9g\u00e8re<\/li>\n<li>Poign\u00e9e antid\u00e9rapante et boucle de cordon int\u00e9gr\u00e9e<\/li>\n<li>Performances durables<\/li>\n<li>R\u00e9sistante \u00e0 l&#8217;eau pour une utilisation en ext\u00e9rieur<\/li>\n<li>Fonctionne avec 2 piles AA<\/li>\n<\/ul>\n","protected":false},"excerpt":{"rendered":"<p>De conception compacte et l\u00e9g\u00e8re, la lampe Energizer X-Focus est une lampe brillante dot\u00e9e de la toute derni\u00e8re technologie LED. La lampe offre une flexibilit\u00e9 de faisceau exceptionnelle gr\u00e2ce \u00e0 une lentille de mise au point r\u00e9glable. Une simple rotation permet \u00e0 l&#8217;utilisateur d&#8217;ajuster le faisceau lumineux pour obtenir une lumi\u00e8re ponctuelle puissante ou une large lumi\u00e8re d&#8217;inondation afin de r\u00e9pondre \u00e0 tous les besoins en mati\u00e8re d&#8217;\u00e9clairage. La lampe est dot\u00e9e d&#8217;une poign\u00e9e antid\u00e9rapante, d&#8217;une boucle de cordon et d&#8217;une lentille incassable pour une plus grande durabilit\u00e9. La lampe Energizer X-Focus est une lampe vraiment puissante pour tous les besoins d&#8217;\u00e9clairage int\u00e9rieur et ext\u00e9rieur.<\/p>\n","protected":false},"featured_media":0,"comment_status":"open","ping_status":"closed","template":"","meta":{"_acf_changed":false},"product_brand":[],"product_cat":[97],"product_tag":[],"class_list":{"0":"post-7374","1":"product","2":"type-product","3":"status-publish","5":"product_cat-handheld","6":"pa_uses-everyday","8":"first","9":"instock","10":"shipping-taxable","11":"product-type-simple"},"acf":[],"yoast_head":"<!-- This site is optimized with the Yoast SEO plugin v27.2 - https:\/\/yoast.com\/product\/yoast-seo-wordpress\/ -->\n<title>Energizer X Focus 2AA Torch - Switzerland<\/title>\n<meta name=\"robots\" content=\"index, follow, max-snippet:-1, max-image-preview:large, max-video-preview:-1\" \/>\n<link rel=\"canonical\" href=\"https:\/\/energizer.com\/eu\/switzerland\/product\/energizer-x-focus-2aa-torch\/\" \/>\n<meta property=\"og:locale\" content=\"en_US\" \/>\n<meta property=\"og:type\" content=\"article\" \/>\n<meta property=\"og:title\" content=\"Energizer X Focus 2AA Torch - Switzerland\" \/>\n<meta property=\"og:description\" content=\"De conception compacte et l\u00e9g\u00e8re, la lampe Energizer X-Focus est une lampe brillante dot\u00e9e de la toute derni\u00e8re technologie LED. La lampe offre une flexibilit\u00e9 de faisceau exceptionnelle gr\u00e2ce \u00e0 une lentille de mise au point r\u00e9glable. Une simple rotation permet \u00e0 l&#039;utilisateur d&#039;ajuster le faisceau lumineux pour obtenir une lumi\u00e8re ponctuelle puissante ou une large lumi\u00e8re d&#039;inondation afin de r\u00e9pondre \u00e0 tous les besoins en mati\u00e8re d&#039;\u00e9clairage. La lampe est dot\u00e9e d&#039;une poign\u00e9e antid\u00e9rapante, d&#039;une boucle de cordon et d&#039;une lentille incassable pour une plus grande durabilit\u00e9. La lampe Energizer X-Focus est une lampe vraiment puissante pour tous les besoins d&#039;\u00e9clairage int\u00e9rieur et ext\u00e9rieur.\" \/>\n<meta property=\"og:url\" content=\"https:\/\/energizer.com\/eu\/switzerland\/product\/energizer-x-focus-2aa-torch\/\" \/>\n<meta property=\"og:site_name\" content=\"Switzerland\" \/>\n<meta property=\"article:modified_time\" content=\"2024-08-23T08:06:43+00:00\" \/>\n<meta name=\"twitter:card\" content=\"summary_large_image\" \/>\n<script type=\"application\/ld+json\" class=\"yoast-schema-graph\">{\"@context\":\"https:\/\/schema.org\",\"@graph\":[{\"@type\":\"WebPage\",\"@id\":\"https:\/\/energizer.com\/eu\/switzerland\/product\/energizer-x-focus-2aa-torch\/\",\"url\":\"https:\/\/energizer.com\/eu\/switzerland\/product\/energizer-x-focus-2aa-torch\/\",\"name\":\"Energizer X Focus 2AA Torch - Switzerland\",\"isPartOf\":{\"@id\":\"https:\/\/energizer.com\/eu\/switzerland\/#website\"},\"datePublished\":\"2024-06-03T05:16:40+00:00\",\"dateModified\":\"2024-08-23T08:06:43+00:00\",\"breadcrumb\":{\"@id\":\"https:\/\/energizer.com\/eu\/switzerland\/product\/energizer-x-focus-2aa-torch\/#breadcrumb\"},\"inLanguage\":\"en-US\",\"potentialAction\":[{\"@type\":\"ReadAction\",\"target\":[\"https:\/\/energizer.com\/eu\/switzerland\/product\/energizer-x-focus-2aa-torch\/\"]}]},{\"@type\":\"BreadcrumbList\",\"@id\":\"https:\/\/energizer.com\/eu\/switzerland\/product\/energizer-x-focus-2aa-torch\/#breadcrumb\",\"itemListElement\":[{\"@type\":\"ListItem\",\"position\":1,\"name\":\"Home\",\"item\":\"https:\/\/energizer.com\/eu\/switzerland\/\"},{\"@type\":\"ListItem\",\"position\":2,\"name\":\"Energizer X Focus 2AA Torch\"}]},{\"@type\":\"WebSite\",\"@id\":\"https:\/\/energizer.com\/eu\/switzerland\/#website\",\"url\":\"https:\/\/energizer.com\/eu\/switzerland\/\",\"name\":\"Energizer Switzerland (FR)\",\"description\":\"\",\"publisher\":{\"@id\":\"https:\/\/energizer.com\/eu\/switzerland\/#organization\"},\"potentialAction\":[{\"@type\":\"SearchAction\",\"target\":{\"@type\":\"EntryPoint\",\"urlTemplate\":\"https:\/\/energizer.com\/eu\/switzerland\/?s={search_term_string}\"},\"query-input\":{\"@type\":\"PropertyValueSpecification\",\"valueRequired\":true,\"valueName\":\"search_term_string\"}}],\"inLanguage\":\"en-US\"},{\"@type\":\"Organization\",\"@id\":\"https:\/\/energizer.com\/eu\/switzerland\/#organization\",\"name\":\"Energizer Switzerland (FR)\",\"url\":\"https:\/\/energizer.com\/eu\/switzerland\/\",\"logo\":{\"@type\":\"ImageObject\",\"inLanguage\":\"en-US\",\"@id\":\"https:\/\/energizer.com\/eu\/switzerland\/#\/schema\/logo\/image\/\",\"url\":\"https:\/\/energizer.com\/eu\/switzerland\/wp-content\/uploads\/sites\/58\/2024\/04\/Energizer_brand.png\",\"contentUrl\":\"https:\/\/energizer.com\/eu\/switzerland\/wp-content\/uploads\/sites\/58\/2024\/04\/Energizer_brand.png\",\"width\":267,\"height\":100,\"caption\":\"Energizer Switzerland (FR)\"},\"image\":{\"@id\":\"https:\/\/energizer.com\/eu\/switzerland\/#\/schema\/logo\/image\/\"}}]}<\/script>\n<!-- \/ Yoast SEO plugin. -->","yoast_head_json":{"title":"Energizer X Focus 2AA Torch - Switzerland","robots":{"index":"index","follow":"follow","max-snippet":"max-snippet:-1","max-image-preview":"max-image-preview:large","max-video-preview":"max-video-preview:-1"},"canonical":"https:\/\/energizer.com\/eu\/switzerland\/product\/energizer-x-focus-2aa-torch\/","og_locale":"en_US","og_type":"article","og_title":"Energizer X Focus 2AA Torch - Switzerland","og_description":"De conception compacte et l\u00e9g\u00e8re, la lampe Energizer X-Focus est une lampe brillante dot\u00e9e de la toute derni\u00e8re technologie LED. La lampe offre une flexibilit\u00e9 de faisceau exceptionnelle gr\u00e2ce \u00e0 une lentille de mise au point r\u00e9glable. Une simple rotation permet \u00e0 l'utilisateur d'ajuster le faisceau lumineux pour obtenir une lumi\u00e8re ponctuelle puissante ou une large lumi\u00e8re d'inondation afin de r\u00e9pondre \u00e0 tous les besoins en mati\u00e8re d'\u00e9clairage. La lampe est dot\u00e9e d'une poign\u00e9e antid\u00e9rapante, d'une boucle de cordon et d'une lentille incassable pour une plus grande durabilit\u00e9. La lampe Energizer X-Focus est une lampe vraiment puissante pour tous les besoins d'\u00e9clairage int\u00e9rieur et ext\u00e9rieur.","og_url":"https:\/\/energizer.com\/eu\/switzerland\/product\/energizer-x-focus-2aa-torch\/","og_site_name":"Switzerland","article_modified_time":"2024-08-23T08:06:43+00:00","twitter_card":"summary_large_image","schema":{"@context":"https:\/\/schema.org","@graph":[{"@type":"WebPage","@id":"https:\/\/energizer.com\/eu\/switzerland\/product\/energizer-x-focus-2aa-torch\/","url":"https:\/\/energizer.com\/eu\/switzerland\/product\/energizer-x-focus-2aa-torch\/","name":"Energizer X Focus 2AA Torch - Switzerland","isPartOf":{"@id":"https:\/\/energizer.com\/eu\/switzerland\/#website"},"datePublished":"2024-06-03T05:16:40+00:00","dateModified":"2024-08-23T08:06:43+00:00","breadcrumb":{"@id":"https:\/\/energizer.com\/eu\/switzerland\/product\/energizer-x-focus-2aa-torch\/#breadcrumb"},"inLanguage":"en-US","potentialAction":[{"@type":"ReadAction","target":["https:\/\/energizer.com\/eu\/switzerland\/product\/energizer-x-focus-2aa-torch\/"]}]},{"@type":"BreadcrumbList","@id":"https:\/\/energizer.com\/eu\/switzerland\/product\/energizer-x-focus-2aa-torch\/#breadcrumb","itemListElement":[{"@type":"ListItem","position":1,"name":"Home","item":"https:\/\/energizer.com\/eu\/switzerland\/"},{"@type":"ListItem","position":2,"name":"Energizer X Focus 2AA Torch"}]},{"@type":"WebSite","@id":"https:\/\/energizer.com\/eu\/switzerland\/#website","url":"https:\/\/energizer.com\/eu\/switzerland\/","name":"Energizer Switzerland (FR)","description":"","publisher":{"@id":"https:\/\/energizer.com\/eu\/switzerland\/#organization"},"potentialAction":[{"@type":"SearchAction","target":{"@type":"EntryPoint","urlTemplate":"https:\/\/energizer.com\/eu\/switzerland\/?s={search_term_string}"},"query-input":{"@type":"PropertyValueSpecification","valueRequired":true,"valueName":"search_term_string"}}],"inLanguage":"en-US"},{"@type":"Organization","@id":"https:\/\/energizer.com\/eu\/switzerland\/#organization","name":"Energizer Switzerland (FR)","url":"https:\/\/energizer.com\/eu\/switzerland\/","logo":{"@type":"ImageObject","inLanguage":"en-US","@id":"https:\/\/energizer.com\/eu\/switzerland\/#\/schema\/logo\/image\/","url":"https:\/\/energizer.com\/eu\/switzerland\/wp-content\/uploads\/sites\/58\/2024\/04\/Energizer_brand.png","contentUrl":"https:\/\/energizer.com\/eu\/switzerland\/wp-content\/uploads\/sites\/58\/2024\/04\/Energizer_brand.png","width":267,"height":100,"caption":"Energizer Switzerland (FR)"},"image":{"@id":"https:\/\/energizer.com\/eu\/switzerland\/#\/schema\/logo\/image\/"}}]}},"_links":{"self":[{"href":"https:\/\/energizer.com\/eu\/switzerland\/wp-json\/wp\/v2\/product\/7374","targetHints":{"allow":["GET"]}}],"collection":[{"href":"https:\/\/energizer.com\/eu\/switzerland\/wp-json\/wp\/v2\/product"}],"about":[{"href":"https:\/\/energizer.com\/eu\/switzerland\/wp-json\/wp\/v2\/types\/product"}],"replies":[{"embeddable":true,"href":"https:\/\/energizer.com\/eu\/switzerland\/wp-json\/wp\/v2\/comments?post=7374"}],"version-history":[{"count":3,"href":"https:\/\/energizer.com\/eu\/switzerland\/wp-json\/wp\/v2\/product\/7374\/revisions"}],"predecessor-version":[{"id":8180,"href":"https:\/\/energizer.com\/eu\/switzerland\/wp-json\/wp\/v2\/product\/7374\/revisions\/8180"}],"wp:attachment":[{"href":"https:\/\/energizer.com\/eu\/switzerland\/wp-json\/wp\/v2\/media?parent=7374"}],"wp:term":[{"taxonomy":"product_brand","embeddable":true,"href":"https:\/\/energizer.com\/eu\/switzerland\/wp-json\/wp\/v2\/product_brand?post=7374"},{"taxonomy":"product_cat","embeddable":true,"href":"https:\/\/energizer.com\/eu\/switzerland\/wp-json\/wp\/v2\/product_cat?post=7374"},{"taxonomy":"product_tag","embeddable":true,"href":"https:\/\/energizer.com\/eu\/switzerland\/wp-json\/wp\/v2\/product_tag?post=7374"}],"curies":[{"name":"wp","href":"https:\/\/api.w.org\/{rel}","templated":true}]}}