{"id":7377,"date":"2024-06-03T05:16:40","date_gmt":"2024-06-03T05:16:40","guid":{"rendered":"https:\/\/23b13e8ab3.nxcli.io\/switzerland\/?post_type=product&#038;p=7377"},"modified":"2024-08-23T08:06:47","modified_gmt":"2024-08-23T08:06:47","slug":"energizer-compact-led","status":"publish","type":"product","link":"https:\/\/energizer.com\/eu\/switzerland\/product\/energizer-compact-led\/","title":{"rendered":"Energizer COMPACT LED"},"content":{"rendered":"<ul>\n<li>Construction durable en aluminium<\/li>\n<li>Sorties \u00e0 glissi\u00e8re faciles \u00e0 utiliser<\/li>\n<li>Taille pratique pour le transport et le stockage<\/li>\n<li>Supports pour une utilisation mains libres<\/li>\n<li>Jusqu&#8217;\u00e0 4 fois plus lumineuse que la technologie LED standard<\/li>\n<li>Longue dur\u00e9e de fonctionnement<\/li>\n<li>Possibilit\u00e9 d&#8217;\u00e9mettre des signaux en morse<\/li>\n<li>Caract\u00e9ristiques de la technologie LED<\/li>\n<li>Fonctionne avec 2 piles AA<\/li>\n<\/ul>\n","protected":false},"excerpt":{"rendered":"<p>La lampe m\u00e9tallique compacte Energizer est une solution pratique et polyvalente qui fournit un \u00e9clairage fiable dans pratiquement toutes les situations. Dot\u00e9e d&#8217;une technologie LED brillante et durable, les utilisateurs b\u00e9n\u00e9ficient d&#8217;une lumi\u00e8re vive qui dure des heures et des heures. Avec un crochet de suspension pratique et la possibilit\u00e9 de se tenir debout, cette lampe permet une utilisation pratique et mains libres. Sa construction en m\u00e9tal r\u00e9sistant aux chocs la rend id\u00e9ale pour les t\u00e2ches d&#8217;int\u00e9rieur et d&#8217;ext\u00e9rieur, tout en l&#8217;alimentant avec seulement deux piles AA.<\/p>\n","protected":false},"featured_media":0,"comment_status":"open","ping_status":"closed","template":"","meta":{"_acf_changed":false},"product_brand":[],"product_cat":[97],"product_tag":[],"class_list":{"0":"post-7377","1":"product","2":"type-product","3":"status-publish","5":"product_cat-handheld","6":"pa_uses-everyday","8":"first","9":"instock","10":"shipping-taxable","11":"product-type-simple"},"acf":[],"yoast_head":"<!-- This site is optimized with the Yoast SEO plugin v27.2 - https:\/\/yoast.com\/product\/yoast-seo-wordpress\/ -->\n<title>Energizer COMPACT LED - Switzerland<\/title>\n<meta name=\"robots\" content=\"index, follow, max-snippet:-1, max-image-preview:large, max-video-preview:-1\" \/>\n<link rel=\"canonical\" href=\"https:\/\/energizer.com\/eu\/switzerland\/product\/energizer-compact-led\/\" \/>\n<meta property=\"og:locale\" content=\"en_US\" \/>\n<meta property=\"og:type\" content=\"article\" \/>\n<meta property=\"og:title\" content=\"Energizer COMPACT LED - Switzerland\" \/>\n<meta property=\"og:description\" content=\"La lampe m\u00e9tallique compacte Energizer est une solution pratique et polyvalente qui fournit un \u00e9clairage fiable dans pratiquement toutes les situations. Dot\u00e9e d&#039;une technologie LED brillante et durable, les utilisateurs b\u00e9n\u00e9ficient d&#039;une lumi\u00e8re vive qui dure des heures et des heures. Avec un crochet de suspension pratique et la possibilit\u00e9 de se tenir debout, cette lampe permet une utilisation pratique et mains libres. Sa construction en m\u00e9tal r\u00e9sistant aux chocs la rend id\u00e9ale pour les t\u00e2ches d&#039;int\u00e9rieur et d&#039;ext\u00e9rieur, tout en l&#039;alimentant avec seulement deux piles AA.\" \/>\n<meta property=\"og:url\" content=\"https:\/\/energizer.com\/eu\/switzerland\/product\/energizer-compact-led\/\" \/>\n<meta property=\"og:site_name\" content=\"Switzerland\" \/>\n<meta property=\"article:modified_time\" content=\"2024-08-23T08:06:47+00:00\" \/>\n<meta name=\"twitter:card\" content=\"summary_large_image\" \/>\n<script type=\"application\/ld+json\" class=\"yoast-schema-graph\">{\"@context\":\"https:\/\/schema.org\",\"@graph\":[{\"@type\":\"WebPage\",\"@id\":\"https:\/\/energizer.com\/eu\/switzerland\/product\/energizer-compact-led\/\",\"url\":\"https:\/\/energizer.com\/eu\/switzerland\/product\/energizer-compact-led\/\",\"name\":\"Energizer COMPACT LED - Switzerland\",\"isPartOf\":{\"@id\":\"https:\/\/energizer.com\/eu\/switzerland\/#website\"},\"datePublished\":\"2024-06-03T05:16:40+00:00\",\"dateModified\":\"2024-08-23T08:06:47+00:00\",\"breadcrumb\":{\"@id\":\"https:\/\/energizer.com\/eu\/switzerland\/product\/energizer-compact-led\/#breadcrumb\"},\"inLanguage\":\"en-US\",\"potentialAction\":[{\"@type\":\"ReadAction\",\"target\":[\"https:\/\/energizer.com\/eu\/switzerland\/product\/energizer-compact-led\/\"]}]},{\"@type\":\"BreadcrumbList\",\"@id\":\"https:\/\/energizer.com\/eu\/switzerland\/product\/energizer-compact-led\/#breadcrumb\",\"itemListElement\":[{\"@type\":\"ListItem\",\"position\":1,\"name\":\"Home\",\"item\":\"https:\/\/energizer.com\/eu\/switzerland\/\"},{\"@type\":\"ListItem\",\"position\":2,\"name\":\"Energizer COMPACT LED\"}]},{\"@type\":\"WebSite\",\"@id\":\"https:\/\/energizer.com\/eu\/switzerland\/#website\",\"url\":\"https:\/\/energizer.com\/eu\/switzerland\/\",\"name\":\"Energizer Switzerland (FR)\",\"description\":\"\",\"publisher\":{\"@id\":\"https:\/\/energizer.com\/eu\/switzerland\/#organization\"},\"potentialAction\":[{\"@type\":\"SearchAction\",\"target\":{\"@type\":\"EntryPoint\",\"urlTemplate\":\"https:\/\/energizer.com\/eu\/switzerland\/?s={search_term_string}\"},\"query-input\":{\"@type\":\"PropertyValueSpecification\",\"valueRequired\":true,\"valueName\":\"search_term_string\"}}],\"inLanguage\":\"en-US\"},{\"@type\":\"Organization\",\"@id\":\"https:\/\/energizer.com\/eu\/switzerland\/#organization\",\"name\":\"Energizer Switzerland (FR)\",\"url\":\"https:\/\/energizer.com\/eu\/switzerland\/\",\"logo\":{\"@type\":\"ImageObject\",\"inLanguage\":\"en-US\",\"@id\":\"https:\/\/energizer.com\/eu\/switzerland\/#\/schema\/logo\/image\/\",\"url\":\"https:\/\/energizer.com\/eu\/switzerland\/wp-content\/uploads\/sites\/58\/2024\/04\/Energizer_brand.png\",\"contentUrl\":\"https:\/\/energizer.com\/eu\/switzerland\/wp-content\/uploads\/sites\/58\/2024\/04\/Energizer_brand.png\",\"width\":267,\"height\":100,\"caption\":\"Energizer Switzerland (FR)\"},\"image\":{\"@id\":\"https:\/\/energizer.com\/eu\/switzerland\/#\/schema\/logo\/image\/\"}}]}<\/script>\n<!-- \/ Yoast SEO plugin. -->","yoast_head_json":{"title":"Energizer COMPACT LED - Switzerland","robots":{"index":"index","follow":"follow","max-snippet":"max-snippet:-1","max-image-preview":"max-image-preview:large","max-video-preview":"max-video-preview:-1"},"canonical":"https:\/\/energizer.com\/eu\/switzerland\/product\/energizer-compact-led\/","og_locale":"en_US","og_type":"article","og_title":"Energizer COMPACT LED - Switzerland","og_description":"La lampe m\u00e9tallique compacte Energizer est une solution pratique et polyvalente qui fournit un \u00e9clairage fiable dans pratiquement toutes les situations. Dot\u00e9e d'une technologie LED brillante et durable, les utilisateurs b\u00e9n\u00e9ficient d'une lumi\u00e8re vive qui dure des heures et des heures. Avec un crochet de suspension pratique et la possibilit\u00e9 de se tenir debout, cette lampe permet une utilisation pratique et mains libres. Sa construction en m\u00e9tal r\u00e9sistant aux chocs la rend id\u00e9ale pour les t\u00e2ches d'int\u00e9rieur et d'ext\u00e9rieur, tout en l'alimentant avec seulement deux piles AA.","og_url":"https:\/\/energizer.com\/eu\/switzerland\/product\/energizer-compact-led\/","og_site_name":"Switzerland","article_modified_time":"2024-08-23T08:06:47+00:00","twitter_card":"summary_large_image","schema":{"@context":"https:\/\/schema.org","@graph":[{"@type":"WebPage","@id":"https:\/\/energizer.com\/eu\/switzerland\/product\/energizer-compact-led\/","url":"https:\/\/energizer.com\/eu\/switzerland\/product\/energizer-compact-led\/","name":"Energizer COMPACT LED - Switzerland","isPartOf":{"@id":"https:\/\/energizer.com\/eu\/switzerland\/#website"},"datePublished":"2024-06-03T05:16:40+00:00","dateModified":"2024-08-23T08:06:47+00:00","breadcrumb":{"@id":"https:\/\/energizer.com\/eu\/switzerland\/product\/energizer-compact-led\/#breadcrumb"},"inLanguage":"en-US","potentialAction":[{"@type":"ReadAction","target":["https:\/\/energizer.com\/eu\/switzerland\/product\/energizer-compact-led\/"]}]},{"@type":"BreadcrumbList","@id":"https:\/\/energizer.com\/eu\/switzerland\/product\/energizer-compact-led\/#breadcrumb","itemListElement":[{"@type":"ListItem","position":1,"name":"Home","item":"https:\/\/energizer.com\/eu\/switzerland\/"},{"@type":"ListItem","position":2,"name":"Energizer COMPACT LED"}]},{"@type":"WebSite","@id":"https:\/\/energizer.com\/eu\/switzerland\/#website","url":"https:\/\/energizer.com\/eu\/switzerland\/","name":"Energizer Switzerland (FR)","description":"","publisher":{"@id":"https:\/\/energizer.com\/eu\/switzerland\/#organization"},"potentialAction":[{"@type":"SearchAction","target":{"@type":"EntryPoint","urlTemplate":"https:\/\/energizer.com\/eu\/switzerland\/?s={search_term_string}"},"query-input":{"@type":"PropertyValueSpecification","valueRequired":true,"valueName":"search_term_string"}}],"inLanguage":"en-US"},{"@type":"Organization","@id":"https:\/\/energizer.com\/eu\/switzerland\/#organization","name":"Energizer Switzerland (FR)","url":"https:\/\/energizer.com\/eu\/switzerland\/","logo":{"@type":"ImageObject","inLanguage":"en-US","@id":"https:\/\/energizer.com\/eu\/switzerland\/#\/schema\/logo\/image\/","url":"https:\/\/energizer.com\/eu\/switzerland\/wp-content\/uploads\/sites\/58\/2024\/04\/Energizer_brand.png","contentUrl":"https:\/\/energizer.com\/eu\/switzerland\/wp-content\/uploads\/sites\/58\/2024\/04\/Energizer_brand.png","width":267,"height":100,"caption":"Energizer Switzerland (FR)"},"image":{"@id":"https:\/\/energizer.com\/eu\/switzerland\/#\/schema\/logo\/image\/"}}]}},"_links":{"self":[{"href":"https:\/\/energizer.com\/eu\/switzerland\/wp-json\/wp\/v2\/product\/7377","targetHints":{"allow":["GET"]}}],"collection":[{"href":"https:\/\/energizer.com\/eu\/switzerland\/wp-json\/wp\/v2\/product"}],"about":[{"href":"https:\/\/energizer.com\/eu\/switzerland\/wp-json\/wp\/v2\/types\/product"}],"replies":[{"embeddable":true,"href":"https:\/\/energizer.com\/eu\/switzerland\/wp-json\/wp\/v2\/comments?post=7377"}],"version-history":[{"count":3,"href":"https:\/\/energizer.com\/eu\/switzerland\/wp-json\/wp\/v2\/product\/7377\/revisions"}],"predecessor-version":[{"id":8184,"href":"https:\/\/energizer.com\/eu\/switzerland\/wp-json\/wp\/v2\/product\/7377\/revisions\/8184"}],"wp:attachment":[{"href":"https:\/\/energizer.com\/eu\/switzerland\/wp-json\/wp\/v2\/media?parent=7377"}],"wp:term":[{"taxonomy":"product_brand","embeddable":true,"href":"https:\/\/energizer.com\/eu\/switzerland\/wp-json\/wp\/v2\/product_brand?post=7377"},{"taxonomy":"product_cat","embeddable":true,"href":"https:\/\/energizer.com\/eu\/switzerland\/wp-json\/wp\/v2\/product_cat?post=7377"},{"taxonomy":"product_tag","embeddable":true,"href":"https:\/\/energizer.com\/eu\/switzerland\/wp-json\/wp\/v2\/product_tag?post=7377"}],"curies":[{"name":"wp","href":"https:\/\/api.w.org\/{rel}","templated":true}]}}