{"id":7378,"date":"2024-06-03T05:16:40","date_gmt":"2024-06-03T05:16:40","guid":{"rendered":"https:\/\/23b13e8ab3.nxcli.io\/switzerland\/?post_type=product&#038;p=7378"},"modified":"2024-08-27T06:46:41","modified_gmt":"2024-08-27T06:46:41","slug":"energizer-torch","status":"publish","type":"product","link":"https:\/\/energizer.com\/eu\/switzerland\/product\/energizer-torch\/","title":{"rendered":"Energizer Torch"},"content":{"rendered":"<ul>\n<li>Lampe de poche en caoutchouc Energizer avec 2 piles AA incluses<\/li>\n<li>Technologie LED : Cette puissante torche de 125 lumens a une port\u00e9e de 100 m\u00e8tres, offrant une lumi\u00e8re 10 fois plus brillante que la technologie LED standard<\/li>\n<li>Utilisation mains libres polyvalente : le support int\u00e9gr\u00e9 pratique de cette torche en caoutchouc et la boucle de cordon int\u00e9gr\u00e9e la rendent id\u00e9ale pour les projets de bricolage et toute activit\u00e9 n\u00e9cessitant les deux mains<\/li>\n<li>Construction en caoutchouc durable : La construction robuste et la lentille incassable prot\u00e8gent contre la casse<\/li>\n<li>Heures d&#8217;autonomie : La torche LED Energizer est dot\u00e9e d&#8217;une autonomie de longue dur\u00e9e, elle brille jusqu&#8217;\u00e0 12 heures<\/li>\n<li>Taille pratique : Gardez cette torche l\u00e9g\u00e8re et puissante dans votre tiroir, votre voiture, votre trousse d&#8217;urgence \u00e0 la maison ou transportez-la dans votre sac<\/li>\n<li>Alimentation fiable : Faites confiance \u00e0 Energizer pour obtenir les performances puissantes que nous promettons<\/li>\n<\/ul>\n","protected":false},"excerpt":{"rendered":"<p>Illuminez votre environnement sans effort gr\u00e2ce \u00e0 cette torche puissante et performante. La lampe de poche Energizer Rubber offre une luminosit\u00e9 exceptionnelle pendant 12 heures, que vous partiez \u00e0 l&#8217;aventure ou que vous vous pr\u00e9pariez \u00e0 des situations d&#8217;urgence \u00e0 la maison. Id\u00e9ale pour le camping, le bricolage ou les coupures de courant \u00e0 la maison, cette torche \u00e0 main de 125 lumens peut \u00e9clairer les espaces les plus sombres, jusqu&#8217;\u00e0 100 m\u00e8tres. Gr\u00e2ce \u00e0 son support int\u00e9gr\u00e9, vous pouvez l&#8217;utiliser comme lampe mains libres pour le bricolage ou toute activit\u00e9 n\u00e9cessitant les deux mains. Sa boucle int\u00e9gr\u00e9e permet de l&#8217;attacher facilement \u00e0 un cordon ou \u00e0 un mousqueton pour plus de commodit\u00e9.<\/p>\n","protected":false},"featured_media":0,"comment_status":"open","ping_status":"closed","template":"","meta":{"_acf_changed":false},"product_brand":[],"product_cat":[97],"product_tag":[],"class_list":{"0":"post-7378","1":"product","2":"type-product","3":"status-publish","5":"product_cat-handheld","6":"pa_uses-everyday","8":"first","9":"instock","10":"shipping-taxable","11":"product-type-simple"},"acf":[],"yoast_head":"<!-- This site is optimized with the Yoast SEO plugin v27.2 - https:\/\/yoast.com\/product\/yoast-seo-wordpress\/ -->\n<title>Energizer Torch - Switzerland<\/title>\n<meta name=\"robots\" content=\"index, follow, max-snippet:-1, max-image-preview:large, max-video-preview:-1\" \/>\n<link rel=\"canonical\" href=\"https:\/\/energizer.com\/eu\/switzerland\/product\/energizer-torch\/\" \/>\n<meta property=\"og:locale\" content=\"en_US\" \/>\n<meta property=\"og:type\" content=\"article\" \/>\n<meta property=\"og:title\" content=\"Energizer Torch - Switzerland\" \/>\n<meta property=\"og:description\" content=\"Illuminez votre environnement sans effort gr\u00e2ce \u00e0 cette torche puissante et performante. La lampe de poche Energizer Rubber offre une luminosit\u00e9 exceptionnelle pendant 12 heures, que vous partiez \u00e0 l&#039;aventure ou que vous vous pr\u00e9pariez \u00e0 des situations d&#039;urgence \u00e0 la maison. Id\u00e9ale pour le camping, le bricolage ou les coupures de courant \u00e0 la maison, cette torche \u00e0 main de 125 lumens peut \u00e9clairer les espaces les plus sombres, jusqu&#039;\u00e0 100 m\u00e8tres. Gr\u00e2ce \u00e0 son support int\u00e9gr\u00e9, vous pouvez l&#039;utiliser comme lampe mains libres pour le bricolage ou toute activit\u00e9 n\u00e9cessitant les deux mains. Sa boucle int\u00e9gr\u00e9e permet de l&#039;attacher facilement \u00e0 un cordon ou \u00e0 un mousqueton pour plus de commodit\u00e9.\" \/>\n<meta property=\"og:url\" content=\"https:\/\/energizer.com\/eu\/switzerland\/product\/energizer-torch\/\" \/>\n<meta property=\"og:site_name\" content=\"Switzerland\" \/>\n<meta property=\"article:modified_time\" content=\"2024-08-27T06:46:41+00:00\" \/>\n<meta name=\"twitter:card\" content=\"summary_large_image\" \/>\n<script type=\"application\/ld+json\" class=\"yoast-schema-graph\">{\"@context\":\"https:\/\/schema.org\",\"@graph\":[{\"@type\":\"WebPage\",\"@id\":\"https:\/\/energizer.com\/eu\/switzerland\/product\/energizer-torch\/\",\"url\":\"https:\/\/energizer.com\/eu\/switzerland\/product\/energizer-torch\/\",\"name\":\"Energizer Torch - Switzerland\",\"isPartOf\":{\"@id\":\"https:\/\/energizer.com\/eu\/switzerland\/#website\"},\"datePublished\":\"2024-06-03T05:16:40+00:00\",\"dateModified\":\"2024-08-27T06:46:41+00:00\",\"breadcrumb\":{\"@id\":\"https:\/\/energizer.com\/eu\/switzerland\/product\/energizer-torch\/#breadcrumb\"},\"inLanguage\":\"en-US\",\"potentialAction\":[{\"@type\":\"ReadAction\",\"target\":[\"https:\/\/energizer.com\/eu\/switzerland\/product\/energizer-torch\/\"]}]},{\"@type\":\"BreadcrumbList\",\"@id\":\"https:\/\/energizer.com\/eu\/switzerland\/product\/energizer-torch\/#breadcrumb\",\"itemListElement\":[{\"@type\":\"ListItem\",\"position\":1,\"name\":\"Home\",\"item\":\"https:\/\/energizer.com\/eu\/switzerland\/\"},{\"@type\":\"ListItem\",\"position\":2,\"name\":\"Energizer Torch\"}]},{\"@type\":\"WebSite\",\"@id\":\"https:\/\/energizer.com\/eu\/switzerland\/#website\",\"url\":\"https:\/\/energizer.com\/eu\/switzerland\/\",\"name\":\"Energizer Switzerland (FR)\",\"description\":\"\",\"publisher\":{\"@id\":\"https:\/\/energizer.com\/eu\/switzerland\/#organization\"},\"potentialAction\":[{\"@type\":\"SearchAction\",\"target\":{\"@type\":\"EntryPoint\",\"urlTemplate\":\"https:\/\/energizer.com\/eu\/switzerland\/?s={search_term_string}\"},\"query-input\":{\"@type\":\"PropertyValueSpecification\",\"valueRequired\":true,\"valueName\":\"search_term_string\"}}],\"inLanguage\":\"en-US\"},{\"@type\":\"Organization\",\"@id\":\"https:\/\/energizer.com\/eu\/switzerland\/#organization\",\"name\":\"Energizer Switzerland (FR)\",\"url\":\"https:\/\/energizer.com\/eu\/switzerland\/\",\"logo\":{\"@type\":\"ImageObject\",\"inLanguage\":\"en-US\",\"@id\":\"https:\/\/energizer.com\/eu\/switzerland\/#\/schema\/logo\/image\/\",\"url\":\"https:\/\/energizer.com\/eu\/switzerland\/wp-content\/uploads\/sites\/58\/2024\/04\/Energizer_brand.png\",\"contentUrl\":\"https:\/\/energizer.com\/eu\/switzerland\/wp-content\/uploads\/sites\/58\/2024\/04\/Energizer_brand.png\",\"width\":267,\"height\":100,\"caption\":\"Energizer Switzerland (FR)\"},\"image\":{\"@id\":\"https:\/\/energizer.com\/eu\/switzerland\/#\/schema\/logo\/image\/\"}}]}<\/script>\n<!-- \/ Yoast SEO plugin. -->","yoast_head_json":{"title":"Energizer Torch - Switzerland","robots":{"index":"index","follow":"follow","max-snippet":"max-snippet:-1","max-image-preview":"max-image-preview:large","max-video-preview":"max-video-preview:-1"},"canonical":"https:\/\/energizer.com\/eu\/switzerland\/product\/energizer-torch\/","og_locale":"en_US","og_type":"article","og_title":"Energizer Torch - Switzerland","og_description":"Illuminez votre environnement sans effort gr\u00e2ce \u00e0 cette torche puissante et performante. La lampe de poche Energizer Rubber offre une luminosit\u00e9 exceptionnelle pendant 12 heures, que vous partiez \u00e0 l'aventure ou que vous vous pr\u00e9pariez \u00e0 des situations d'urgence \u00e0 la maison. Id\u00e9ale pour le camping, le bricolage ou les coupures de courant \u00e0 la maison, cette torche \u00e0 main de 125 lumens peut \u00e9clairer les espaces les plus sombres, jusqu'\u00e0 100 m\u00e8tres. Gr\u00e2ce \u00e0 son support int\u00e9gr\u00e9, vous pouvez l'utiliser comme lampe mains libres pour le bricolage ou toute activit\u00e9 n\u00e9cessitant les deux mains. Sa boucle int\u00e9gr\u00e9e permet de l'attacher facilement \u00e0 un cordon ou \u00e0 un mousqueton pour plus de commodit\u00e9.","og_url":"https:\/\/energizer.com\/eu\/switzerland\/product\/energizer-torch\/","og_site_name":"Switzerland","article_modified_time":"2024-08-27T06:46:41+00:00","twitter_card":"summary_large_image","schema":{"@context":"https:\/\/schema.org","@graph":[{"@type":"WebPage","@id":"https:\/\/energizer.com\/eu\/switzerland\/product\/energizer-torch\/","url":"https:\/\/energizer.com\/eu\/switzerland\/product\/energizer-torch\/","name":"Energizer Torch - Switzerland","isPartOf":{"@id":"https:\/\/energizer.com\/eu\/switzerland\/#website"},"datePublished":"2024-06-03T05:16:40+00:00","dateModified":"2024-08-27T06:46:41+00:00","breadcrumb":{"@id":"https:\/\/energizer.com\/eu\/switzerland\/product\/energizer-torch\/#breadcrumb"},"inLanguage":"en-US","potentialAction":[{"@type":"ReadAction","target":["https:\/\/energizer.com\/eu\/switzerland\/product\/energizer-torch\/"]}]},{"@type":"BreadcrumbList","@id":"https:\/\/energizer.com\/eu\/switzerland\/product\/energizer-torch\/#breadcrumb","itemListElement":[{"@type":"ListItem","position":1,"name":"Home","item":"https:\/\/energizer.com\/eu\/switzerland\/"},{"@type":"ListItem","position":2,"name":"Energizer Torch"}]},{"@type":"WebSite","@id":"https:\/\/energizer.com\/eu\/switzerland\/#website","url":"https:\/\/energizer.com\/eu\/switzerland\/","name":"Energizer Switzerland (FR)","description":"","publisher":{"@id":"https:\/\/energizer.com\/eu\/switzerland\/#organization"},"potentialAction":[{"@type":"SearchAction","target":{"@type":"EntryPoint","urlTemplate":"https:\/\/energizer.com\/eu\/switzerland\/?s={search_term_string}"},"query-input":{"@type":"PropertyValueSpecification","valueRequired":true,"valueName":"search_term_string"}}],"inLanguage":"en-US"},{"@type":"Organization","@id":"https:\/\/energizer.com\/eu\/switzerland\/#organization","name":"Energizer Switzerland (FR)","url":"https:\/\/energizer.com\/eu\/switzerland\/","logo":{"@type":"ImageObject","inLanguage":"en-US","@id":"https:\/\/energizer.com\/eu\/switzerland\/#\/schema\/logo\/image\/","url":"https:\/\/energizer.com\/eu\/switzerland\/wp-content\/uploads\/sites\/58\/2024\/04\/Energizer_brand.png","contentUrl":"https:\/\/energizer.com\/eu\/switzerland\/wp-content\/uploads\/sites\/58\/2024\/04\/Energizer_brand.png","width":267,"height":100,"caption":"Energizer Switzerland (FR)"},"image":{"@id":"https:\/\/energizer.com\/eu\/switzerland\/#\/schema\/logo\/image\/"}}]}},"_links":{"self":[{"href":"https:\/\/energizer.com\/eu\/switzerland\/wp-json\/wp\/v2\/product\/7378","targetHints":{"allow":["GET"]}}],"collection":[{"href":"https:\/\/energizer.com\/eu\/switzerland\/wp-json\/wp\/v2\/product"}],"about":[{"href":"https:\/\/energizer.com\/eu\/switzerland\/wp-json\/wp\/v2\/types\/product"}],"replies":[{"embeddable":true,"href":"https:\/\/energizer.com\/eu\/switzerland\/wp-json\/wp\/v2\/comments?post=7378"}],"version-history":[{"count":4,"href":"https:\/\/energizer.com\/eu\/switzerland\/wp-json\/wp\/v2\/product\/7378\/revisions"}],"predecessor-version":[{"id":9690,"href":"https:\/\/energizer.com\/eu\/switzerland\/wp-json\/wp\/v2\/product\/7378\/revisions\/9690"}],"wp:attachment":[{"href":"https:\/\/energizer.com\/eu\/switzerland\/wp-json\/wp\/v2\/media?parent=7378"}],"wp:term":[{"taxonomy":"product_brand","embeddable":true,"href":"https:\/\/energizer.com\/eu\/switzerland\/wp-json\/wp\/v2\/product_brand?post=7378"},{"taxonomy":"product_cat","embeddable":true,"href":"https:\/\/energizer.com\/eu\/switzerland\/wp-json\/wp\/v2\/product_cat?post=7378"},{"taxonomy":"product_tag","embeddable":true,"href":"https:\/\/energizer.com\/eu\/switzerland\/wp-json\/wp\/v2\/product_tag?post=7378"}],"curies":[{"name":"wp","href":"https:\/\/api.w.org\/{rel}","templated":true}]}}