{"id":7380,"date":"2024-06-03T05:16:40","date_gmt":"2024-06-03T05:16:40","guid":{"rendered":"https:\/\/23b13e8ab3.nxcli.io\/switzerland\/?post_type=product&#038;p=7380"},"modified":"2024-08-27T06:34:41","modified_gmt":"2024-08-27T06:34:41","slug":"energizer-led-pocket-torch","status":"publish","type":"product","link":"https:\/\/energizer.com\/eu\/switzerland\/product\/energizer-led-pocket-torch\/","title":{"rendered":"Energizer LED Pocket Torch"},"content":{"rendered":"<ul>\n<li>Torche LED compacte et l\u00e9g\u00e8re fonctionnant avec 2 piles Energizer MAX AAA (incluses)<\/li>\n<li>La torche de poche offre jusqu&#8217;\u00e0 19 heures d&#8217;autonomie et jusqu&#8217;\u00e0 45 lumens, soit une lumi\u00e8re 10 fois plus brillante que la technologie LED standard<\/li>\n<li>Elle \u00e9claire jusqu&#8217;\u00e0 44 m\u00e8tres, ce qui la rend id\u00e9ale pour tous les projets de bricolage \u00e0 la maison et les activit\u00e9s de plein air telles que les promenades nocturnes avec le chien<\/li>\n<li>R\u00e9sistante aux chocs contre des chutes allant jusqu&#8217;\u00e0 1 m\u00e8tre, cette mini torche LED est con\u00e7ue pour les poches, les sacs \u00e0 main et les sacs \u00e0 dos<\/li>\n<li>Cette petite lampe de poche est dot\u00e9e d&#8217;un interrupteur textur\u00e9 facile \u00e0 rep\u00e9rer et d&#8217;une boucle pour les cordons ou les porte-cl\u00e9s<\/li>\n<\/ul>\n","protected":false},"excerpt":{"rendered":"<p>Compacte, l\u00e9g\u00e8re, fiable. Voil\u00e0 qui d\u00e9crit parfaitement la torche LED de poche Energizer. Sortez cette petite torche et b\u00e9n\u00e9ficiez d&#8217;une puissance de 45 lumens et d&#8217;une lumi\u00e8re 10 fois plus brillante que la technologie LED standard. Son autonomie peut atteindre 19 heures, il n&#8217;est donc pas n\u00e9cessaire de l&#8217;utiliser avec parcimonie. C&#8217;est une lampe de poche fiable qui r\u00e9siste \u00e0 des chutes allant jusqu&#8217;\u00e0 1 m\u00e8tre. Cette mini-LED est dot\u00e9e d&#8217;un interrupteur, bien s\u00fbr, et celui-ci est textur\u00e9 pour que vous puissiez le trouver et l&#8217;utiliser au toucher. Gardez-en une \u00e0 port\u00e9e de main pour vos projets de bricolage : gr\u00e2ce \u00e0 sa base plate, elle fait office de lampe de travail. Mettez-en une dans votre sac \u00e0 main pour les situations d&#8217;urgence. Elle se glisse dans le sac \u00e0 dos des enfants (ils appr\u00e9cient les lampes de poche).<\/p>\n","protected":false},"featured_media":0,"comment_status":"open","ping_status":"closed","template":"","meta":{"_acf_changed":false},"product_brand":[],"product_cat":[97],"product_tag":[],"class_list":{"0":"post-7380","1":"product","2":"type-product","3":"status-publish","5":"product_cat-handheld","6":"pa_uses-everyday","8":"first","9":"instock","10":"shipping-taxable","11":"product-type-simple"},"acf":[],"yoast_head":"<!-- This site is optimized with the Yoast SEO plugin v27.2 - https:\/\/yoast.com\/product\/yoast-seo-wordpress\/ -->\n<title>Energizer LED Pocket Torch - Switzerland<\/title>\n<meta name=\"robots\" content=\"index, follow, max-snippet:-1, max-image-preview:large, max-video-preview:-1\" \/>\n<link rel=\"canonical\" href=\"https:\/\/energizer.com\/eu\/switzerland\/product\/energizer-led-pocket-torch\/\" \/>\n<meta property=\"og:locale\" content=\"en_US\" \/>\n<meta property=\"og:type\" content=\"article\" \/>\n<meta property=\"og:title\" content=\"Energizer LED Pocket Torch - Switzerland\" \/>\n<meta property=\"og:description\" content=\"Compacte, l\u00e9g\u00e8re, fiable. Voil\u00e0 qui d\u00e9crit parfaitement la torche LED de poche Energizer. Sortez cette petite torche et b\u00e9n\u00e9ficiez d&#039;une puissance de 45 lumens et d&#039;une lumi\u00e8re 10 fois plus brillante que la technologie LED standard. Son autonomie peut atteindre 19 heures, il n&#039;est donc pas n\u00e9cessaire de l&#039;utiliser avec parcimonie. C&#039;est une lampe de poche fiable qui r\u00e9siste \u00e0 des chutes allant jusqu&#039;\u00e0 1 m\u00e8tre. Cette mini-LED est dot\u00e9e d&#039;un interrupteur, bien s\u00fbr, et celui-ci est textur\u00e9 pour que vous puissiez le trouver et l&#039;utiliser au toucher. Gardez-en une \u00e0 port\u00e9e de main pour vos projets de bricolage : gr\u00e2ce \u00e0 sa base plate, elle fait office de lampe de travail. Mettez-en une dans votre sac \u00e0 main pour les situations d&#039;urgence. Elle se glisse dans le sac \u00e0 dos des enfants (ils appr\u00e9cient les lampes de poche).\" \/>\n<meta property=\"og:url\" content=\"https:\/\/energizer.com\/eu\/switzerland\/product\/energizer-led-pocket-torch\/\" \/>\n<meta property=\"og:site_name\" content=\"Switzerland\" \/>\n<meta property=\"article:modified_time\" content=\"2024-08-27T06:34:41+00:00\" \/>\n<meta name=\"twitter:card\" content=\"summary_large_image\" \/>\n<script type=\"application\/ld+json\" class=\"yoast-schema-graph\">{\"@context\":\"https:\/\/schema.org\",\"@graph\":[{\"@type\":\"WebPage\",\"@id\":\"https:\/\/energizer.com\/eu\/switzerland\/product\/energizer-led-pocket-torch\/\",\"url\":\"https:\/\/energizer.com\/eu\/switzerland\/product\/energizer-led-pocket-torch\/\",\"name\":\"Energizer LED Pocket Torch - Switzerland\",\"isPartOf\":{\"@id\":\"https:\/\/energizer.com\/eu\/switzerland\/#website\"},\"datePublished\":\"2024-06-03T05:16:40+00:00\",\"dateModified\":\"2024-08-27T06:34:41+00:00\",\"breadcrumb\":{\"@id\":\"https:\/\/energizer.com\/eu\/switzerland\/product\/energizer-led-pocket-torch\/#breadcrumb\"},\"inLanguage\":\"en-US\",\"potentialAction\":[{\"@type\":\"ReadAction\",\"target\":[\"https:\/\/energizer.com\/eu\/switzerland\/product\/energizer-led-pocket-torch\/\"]}]},{\"@type\":\"BreadcrumbList\",\"@id\":\"https:\/\/energizer.com\/eu\/switzerland\/product\/energizer-led-pocket-torch\/#breadcrumb\",\"itemListElement\":[{\"@type\":\"ListItem\",\"position\":1,\"name\":\"Home\",\"item\":\"https:\/\/energizer.com\/eu\/switzerland\/\"},{\"@type\":\"ListItem\",\"position\":2,\"name\":\"Energizer LED Pocket Torch\"}]},{\"@type\":\"WebSite\",\"@id\":\"https:\/\/energizer.com\/eu\/switzerland\/#website\",\"url\":\"https:\/\/energizer.com\/eu\/switzerland\/\",\"name\":\"Energizer Switzerland (FR)\",\"description\":\"\",\"publisher\":{\"@id\":\"https:\/\/energizer.com\/eu\/switzerland\/#organization\"},\"potentialAction\":[{\"@type\":\"SearchAction\",\"target\":{\"@type\":\"EntryPoint\",\"urlTemplate\":\"https:\/\/energizer.com\/eu\/switzerland\/?s={search_term_string}\"},\"query-input\":{\"@type\":\"PropertyValueSpecification\",\"valueRequired\":true,\"valueName\":\"search_term_string\"}}],\"inLanguage\":\"en-US\"},{\"@type\":\"Organization\",\"@id\":\"https:\/\/energizer.com\/eu\/switzerland\/#organization\",\"name\":\"Energizer Switzerland (FR)\",\"url\":\"https:\/\/energizer.com\/eu\/switzerland\/\",\"logo\":{\"@type\":\"ImageObject\",\"inLanguage\":\"en-US\",\"@id\":\"https:\/\/energizer.com\/eu\/switzerland\/#\/schema\/logo\/image\/\",\"url\":\"https:\/\/energizer.com\/eu\/switzerland\/wp-content\/uploads\/sites\/58\/2024\/04\/Energizer_brand.png\",\"contentUrl\":\"https:\/\/energizer.com\/eu\/switzerland\/wp-content\/uploads\/sites\/58\/2024\/04\/Energizer_brand.png\",\"width\":267,\"height\":100,\"caption\":\"Energizer Switzerland (FR)\"},\"image\":{\"@id\":\"https:\/\/energizer.com\/eu\/switzerland\/#\/schema\/logo\/image\/\"}}]}<\/script>\n<!-- \/ Yoast SEO plugin. -->","yoast_head_json":{"title":"Energizer LED Pocket Torch - Switzerland","robots":{"index":"index","follow":"follow","max-snippet":"max-snippet:-1","max-image-preview":"max-image-preview:large","max-video-preview":"max-video-preview:-1"},"canonical":"https:\/\/energizer.com\/eu\/switzerland\/product\/energizer-led-pocket-torch\/","og_locale":"en_US","og_type":"article","og_title":"Energizer LED Pocket Torch - Switzerland","og_description":"Compacte, l\u00e9g\u00e8re, fiable. Voil\u00e0 qui d\u00e9crit parfaitement la torche LED de poche Energizer. Sortez cette petite torche et b\u00e9n\u00e9ficiez d'une puissance de 45 lumens et d'une lumi\u00e8re 10 fois plus brillante que la technologie LED standard. Son autonomie peut atteindre 19 heures, il n'est donc pas n\u00e9cessaire de l'utiliser avec parcimonie. C'est une lampe de poche fiable qui r\u00e9siste \u00e0 des chutes allant jusqu'\u00e0 1 m\u00e8tre. Cette mini-LED est dot\u00e9e d'un interrupteur, bien s\u00fbr, et celui-ci est textur\u00e9 pour que vous puissiez le trouver et l'utiliser au toucher. Gardez-en une \u00e0 port\u00e9e de main pour vos projets de bricolage : gr\u00e2ce \u00e0 sa base plate, elle fait office de lampe de travail. Mettez-en une dans votre sac \u00e0 main pour les situations d'urgence. Elle se glisse dans le sac \u00e0 dos des enfants (ils appr\u00e9cient les lampes de poche).","og_url":"https:\/\/energizer.com\/eu\/switzerland\/product\/energizer-led-pocket-torch\/","og_site_name":"Switzerland","article_modified_time":"2024-08-27T06:34:41+00:00","twitter_card":"summary_large_image","schema":{"@context":"https:\/\/schema.org","@graph":[{"@type":"WebPage","@id":"https:\/\/energizer.com\/eu\/switzerland\/product\/energizer-led-pocket-torch\/","url":"https:\/\/energizer.com\/eu\/switzerland\/product\/energizer-led-pocket-torch\/","name":"Energizer LED Pocket Torch - Switzerland","isPartOf":{"@id":"https:\/\/energizer.com\/eu\/switzerland\/#website"},"datePublished":"2024-06-03T05:16:40+00:00","dateModified":"2024-08-27T06:34:41+00:00","breadcrumb":{"@id":"https:\/\/energizer.com\/eu\/switzerland\/product\/energizer-led-pocket-torch\/#breadcrumb"},"inLanguage":"en-US","potentialAction":[{"@type":"ReadAction","target":["https:\/\/energizer.com\/eu\/switzerland\/product\/energizer-led-pocket-torch\/"]}]},{"@type":"BreadcrumbList","@id":"https:\/\/energizer.com\/eu\/switzerland\/product\/energizer-led-pocket-torch\/#breadcrumb","itemListElement":[{"@type":"ListItem","position":1,"name":"Home","item":"https:\/\/energizer.com\/eu\/switzerland\/"},{"@type":"ListItem","position":2,"name":"Energizer LED Pocket Torch"}]},{"@type":"WebSite","@id":"https:\/\/energizer.com\/eu\/switzerland\/#website","url":"https:\/\/energizer.com\/eu\/switzerland\/","name":"Energizer Switzerland (FR)","description":"","publisher":{"@id":"https:\/\/energizer.com\/eu\/switzerland\/#organization"},"potentialAction":[{"@type":"SearchAction","target":{"@type":"EntryPoint","urlTemplate":"https:\/\/energizer.com\/eu\/switzerland\/?s={search_term_string}"},"query-input":{"@type":"PropertyValueSpecification","valueRequired":true,"valueName":"search_term_string"}}],"inLanguage":"en-US"},{"@type":"Organization","@id":"https:\/\/energizer.com\/eu\/switzerland\/#organization","name":"Energizer Switzerland (FR)","url":"https:\/\/energizer.com\/eu\/switzerland\/","logo":{"@type":"ImageObject","inLanguage":"en-US","@id":"https:\/\/energizer.com\/eu\/switzerland\/#\/schema\/logo\/image\/","url":"https:\/\/energizer.com\/eu\/switzerland\/wp-content\/uploads\/sites\/58\/2024\/04\/Energizer_brand.png","contentUrl":"https:\/\/energizer.com\/eu\/switzerland\/wp-content\/uploads\/sites\/58\/2024\/04\/Energizer_brand.png","width":267,"height":100,"caption":"Energizer Switzerland (FR)"},"image":{"@id":"https:\/\/energizer.com\/eu\/switzerland\/#\/schema\/logo\/image\/"}}]}},"_links":{"self":[{"href":"https:\/\/energizer.com\/eu\/switzerland\/wp-json\/wp\/v2\/product\/7380","targetHints":{"allow":["GET"]}}],"collection":[{"href":"https:\/\/energizer.com\/eu\/switzerland\/wp-json\/wp\/v2\/product"}],"about":[{"href":"https:\/\/energizer.com\/eu\/switzerland\/wp-json\/wp\/v2\/types\/product"}],"replies":[{"embeddable":true,"href":"https:\/\/energizer.com\/eu\/switzerland\/wp-json\/wp\/v2\/comments?post=7380"}],"version-history":[{"count":4,"href":"https:\/\/energizer.com\/eu\/switzerland\/wp-json\/wp\/v2\/product\/7380\/revisions"}],"predecessor-version":[{"id":9677,"href":"https:\/\/energizer.com\/eu\/switzerland\/wp-json\/wp\/v2\/product\/7380\/revisions\/9677"}],"wp:attachment":[{"href":"https:\/\/energizer.com\/eu\/switzerland\/wp-json\/wp\/v2\/media?parent=7380"}],"wp:term":[{"taxonomy":"product_brand","embeddable":true,"href":"https:\/\/energizer.com\/eu\/switzerland\/wp-json\/wp\/v2\/product_brand?post=7380"},{"taxonomy":"product_cat","embeddable":true,"href":"https:\/\/energizer.com\/eu\/switzerland\/wp-json\/wp\/v2\/product_cat?post=7380"},{"taxonomy":"product_tag","embeddable":true,"href":"https:\/\/energizer.com\/eu\/switzerland\/wp-json\/wp\/v2\/product_tag?post=7380"}],"curies":[{"name":"wp","href":"https:\/\/api.w.org\/{rel}","templated":true}]}}