{"id":7389,"date":"2024-06-03T05:16:41","date_gmt":"2024-06-03T05:16:41","guid":{"rendered":"https:\/\/23b13e8ab3.nxcli.io\/switzerland\/?post_type=product&#038;p=7389"},"modified":"2024-08-27T06:35:50","modified_gmt":"2024-08-27T06:35:50","slug":"energizer-led-torch-vision-hd-metal","status":"publish","type":"product","link":"https:\/\/energizer.com\/eu\/switzerland\/product\/energizer-led-torch-vision-hd-metal\/","title":{"rendered":"Energizer LED Torch, Vision HD Metal"},"content":{"rendered":"<ul>\n<li>Torche m\u00e9tallique Energizer Vision HD, Torche m\u00e9tallique Energizer Vision HD avec 3 piles alcalines AAA incluses<\/li>\n<li>Torche super lumineuse : Cette torche LED de 270 lumens offre une luminosit\u00e9 exceptionnelle et de hautes performances, vous permettant de voir jusqu&#8217;\u00e0 84 m\u00e8tres en mode haut<\/li>\n<li>3 modes d&#8217;\u00e9clairage : Cette torche en m\u00e9tal dispose de 3 modes d&#8217;\u00e9clairage : haut, \u00e9conomiseur d&#8217;\u00e9nergie et stroboscope d&#8217;urgence<\/li>\n<li>Construction en alliage durable : Le corps m\u00e9tallique robuste et la construction IPX4 offrent une protection contre les dommages et les \u00e9claboussures<\/li>\n<li>Heures d&#8217;autonomie :\u202fLa torche LED Energizer peut briller jusqu&#8217;\u00e0 12,5 heures en mode faible<\/li>\n<li>Taille pratique : Gardez cette torche polyvalente et puissante dans votre tiroir, votre voiture, votre trousse d&#8217;urgence \u00e0 la maison ou transportez-la dans votre sac<\/li>\n<li>Technologie MAX-VIZ fiable : La puissante technologie Energizer reproduit la lumi\u00e8re du jour pour une vision haute d\u00e9finition sur laquelle vous pouvez compter<\/li>\n<\/ul>\n","protected":false},"excerpt":{"rendered":"<p>Illuminez votre environnement sans effort avec cette torche haute performance et super lumineuse. La lampe compacte Energizer Metal Vision HD offre une luminosit\u00e9 exceptionnelle pendant 12,5 heures en mode \u00e9conomie d&#8217;\u00e9nergie, que vous partiez \u00e0 l&#8217;aventure ou que vous vous pr\u00e9pariez \u00e0 des situations d&#8217;urgence \u00e0 la maison. Id\u00e9ale pour le camping, le bricolage ou les coupures de courant \u00e0 la maison, votre torche Energizer est l\u00e0 pour vous aider \u00e0 trouver votre chemin dans l&#8217;obscurit\u00e9. Cette torche LED de 270 lumens peut \u00e9clairer les espaces les plus sombres, jusqu&#8217;\u00e0 84 m\u00e8tres en mode haut. La torche reproduit m\u00eame la lumi\u00e8re du jour, gr\u00e2ce \u00e0 sa technologie MAX-VIZ qui correspond \u00e0 la pr\u00e9f\u00e9rence naturelle des yeux, offrant une vision haute d\u00e9finition exceptionnelle.<\/p>\n","protected":false},"featured_media":0,"comment_status":"open","ping_status":"closed","template":"","meta":{"_acf_changed":false},"product_brand":[],"product_cat":[97],"product_tag":[],"class_list":{"0":"post-7389","1":"product","2":"type-product","3":"status-publish","5":"product_cat-handheld","6":"pa_uses-everyday","8":"first","9":"instock","10":"shipping-taxable","11":"product-type-simple"},"acf":[],"yoast_head":"<!-- This site is optimized with the Yoast SEO plugin v27.2 - https:\/\/yoast.com\/product\/yoast-seo-wordpress\/ -->\n<title>Energizer LED Torch, Vision HD Metal - Switzerland<\/title>\n<meta name=\"robots\" content=\"index, follow, max-snippet:-1, max-image-preview:large, max-video-preview:-1\" \/>\n<link rel=\"canonical\" href=\"https:\/\/energizer.com\/eu\/switzerland\/product\/energizer-led-torch-vision-hd-metal\/\" \/>\n<meta property=\"og:locale\" content=\"en_US\" \/>\n<meta property=\"og:type\" content=\"article\" \/>\n<meta property=\"og:title\" content=\"Energizer LED Torch, Vision HD Metal - Switzerland\" \/>\n<meta property=\"og:description\" content=\"Illuminez votre environnement sans effort avec cette torche haute performance et super lumineuse. La lampe compacte Energizer Metal Vision HD offre une luminosit\u00e9 exceptionnelle pendant 12,5 heures en mode \u00e9conomie d&#039;\u00e9nergie, que vous partiez \u00e0 l&#039;aventure ou que vous vous pr\u00e9pariez \u00e0 des situations d&#039;urgence \u00e0 la maison. Id\u00e9ale pour le camping, le bricolage ou les coupures de courant \u00e0 la maison, votre torche Energizer est l\u00e0 pour vous aider \u00e0 trouver votre chemin dans l&#039;obscurit\u00e9. Cette torche LED de 270 lumens peut \u00e9clairer les espaces les plus sombres, jusqu&#039;\u00e0 84 m\u00e8tres en mode haut. La torche reproduit m\u00eame la lumi\u00e8re du jour, gr\u00e2ce \u00e0 sa technologie MAX-VIZ qui correspond \u00e0 la pr\u00e9f\u00e9rence naturelle des yeux, offrant une vision haute d\u00e9finition exceptionnelle.\" \/>\n<meta property=\"og:url\" content=\"https:\/\/energizer.com\/eu\/switzerland\/product\/energizer-led-torch-vision-hd-metal\/\" \/>\n<meta property=\"og:site_name\" content=\"Switzerland\" \/>\n<meta property=\"article:modified_time\" content=\"2024-08-27T06:35:50+00:00\" \/>\n<meta name=\"twitter:card\" content=\"summary_large_image\" \/>\n<script type=\"application\/ld+json\" class=\"yoast-schema-graph\">{\"@context\":\"https:\/\/schema.org\",\"@graph\":[{\"@type\":\"WebPage\",\"@id\":\"https:\/\/energizer.com\/eu\/switzerland\/product\/energizer-led-torch-vision-hd-metal\/\",\"url\":\"https:\/\/energizer.com\/eu\/switzerland\/product\/energizer-led-torch-vision-hd-metal\/\",\"name\":\"Energizer LED Torch, Vision HD Metal - Switzerland\",\"isPartOf\":{\"@id\":\"https:\/\/energizer.com\/eu\/switzerland\/#website\"},\"datePublished\":\"2024-06-03T05:16:41+00:00\",\"dateModified\":\"2024-08-27T06:35:50+00:00\",\"breadcrumb\":{\"@id\":\"https:\/\/energizer.com\/eu\/switzerland\/product\/energizer-led-torch-vision-hd-metal\/#breadcrumb\"},\"inLanguage\":\"en-US\",\"potentialAction\":[{\"@type\":\"ReadAction\",\"target\":[\"https:\/\/energizer.com\/eu\/switzerland\/product\/energizer-led-torch-vision-hd-metal\/\"]}]},{\"@type\":\"BreadcrumbList\",\"@id\":\"https:\/\/energizer.com\/eu\/switzerland\/product\/energizer-led-torch-vision-hd-metal\/#breadcrumb\",\"itemListElement\":[{\"@type\":\"ListItem\",\"position\":1,\"name\":\"Home\",\"item\":\"https:\/\/energizer.com\/eu\/switzerland\/\"},{\"@type\":\"ListItem\",\"position\":2,\"name\":\"Energizer LED Torch, Vision HD Metal\"}]},{\"@type\":\"WebSite\",\"@id\":\"https:\/\/energizer.com\/eu\/switzerland\/#website\",\"url\":\"https:\/\/energizer.com\/eu\/switzerland\/\",\"name\":\"Energizer Switzerland (FR)\",\"description\":\"\",\"publisher\":{\"@id\":\"https:\/\/energizer.com\/eu\/switzerland\/#organization\"},\"potentialAction\":[{\"@type\":\"SearchAction\",\"target\":{\"@type\":\"EntryPoint\",\"urlTemplate\":\"https:\/\/energizer.com\/eu\/switzerland\/?s={search_term_string}\"},\"query-input\":{\"@type\":\"PropertyValueSpecification\",\"valueRequired\":true,\"valueName\":\"search_term_string\"}}],\"inLanguage\":\"en-US\"},{\"@type\":\"Organization\",\"@id\":\"https:\/\/energizer.com\/eu\/switzerland\/#organization\",\"name\":\"Energizer Switzerland (FR)\",\"url\":\"https:\/\/energizer.com\/eu\/switzerland\/\",\"logo\":{\"@type\":\"ImageObject\",\"inLanguage\":\"en-US\",\"@id\":\"https:\/\/energizer.com\/eu\/switzerland\/#\/schema\/logo\/image\/\",\"url\":\"https:\/\/energizer.com\/eu\/switzerland\/wp-content\/uploads\/sites\/58\/2024\/04\/Energizer_brand.png\",\"contentUrl\":\"https:\/\/energizer.com\/eu\/switzerland\/wp-content\/uploads\/sites\/58\/2024\/04\/Energizer_brand.png\",\"width\":267,\"height\":100,\"caption\":\"Energizer Switzerland (FR)\"},\"image\":{\"@id\":\"https:\/\/energizer.com\/eu\/switzerland\/#\/schema\/logo\/image\/\"}}]}<\/script>\n<!-- \/ Yoast SEO plugin. -->","yoast_head_json":{"title":"Energizer LED Torch, Vision HD Metal - Switzerland","robots":{"index":"index","follow":"follow","max-snippet":"max-snippet:-1","max-image-preview":"max-image-preview:large","max-video-preview":"max-video-preview:-1"},"canonical":"https:\/\/energizer.com\/eu\/switzerland\/product\/energizer-led-torch-vision-hd-metal\/","og_locale":"en_US","og_type":"article","og_title":"Energizer LED Torch, Vision HD Metal - Switzerland","og_description":"Illuminez votre environnement sans effort avec cette torche haute performance et super lumineuse. La lampe compacte Energizer Metal Vision HD offre une luminosit\u00e9 exceptionnelle pendant 12,5 heures en mode \u00e9conomie d'\u00e9nergie, que vous partiez \u00e0 l'aventure ou que vous vous pr\u00e9pariez \u00e0 des situations d'urgence \u00e0 la maison. Id\u00e9ale pour le camping, le bricolage ou les coupures de courant \u00e0 la maison, votre torche Energizer est l\u00e0 pour vous aider \u00e0 trouver votre chemin dans l'obscurit\u00e9. Cette torche LED de 270 lumens peut \u00e9clairer les espaces les plus sombres, jusqu'\u00e0 84 m\u00e8tres en mode haut. La torche reproduit m\u00eame la lumi\u00e8re du jour, gr\u00e2ce \u00e0 sa technologie MAX-VIZ qui correspond \u00e0 la pr\u00e9f\u00e9rence naturelle des yeux, offrant une vision haute d\u00e9finition exceptionnelle.","og_url":"https:\/\/energizer.com\/eu\/switzerland\/product\/energizer-led-torch-vision-hd-metal\/","og_site_name":"Switzerland","article_modified_time":"2024-08-27T06:35:50+00:00","twitter_card":"summary_large_image","schema":{"@context":"https:\/\/schema.org","@graph":[{"@type":"WebPage","@id":"https:\/\/energizer.com\/eu\/switzerland\/product\/energizer-led-torch-vision-hd-metal\/","url":"https:\/\/energizer.com\/eu\/switzerland\/product\/energizer-led-torch-vision-hd-metal\/","name":"Energizer LED Torch, Vision HD Metal - Switzerland","isPartOf":{"@id":"https:\/\/energizer.com\/eu\/switzerland\/#website"},"datePublished":"2024-06-03T05:16:41+00:00","dateModified":"2024-08-27T06:35:50+00:00","breadcrumb":{"@id":"https:\/\/energizer.com\/eu\/switzerland\/product\/energizer-led-torch-vision-hd-metal\/#breadcrumb"},"inLanguage":"en-US","potentialAction":[{"@type":"ReadAction","target":["https:\/\/energizer.com\/eu\/switzerland\/product\/energizer-led-torch-vision-hd-metal\/"]}]},{"@type":"BreadcrumbList","@id":"https:\/\/energizer.com\/eu\/switzerland\/product\/energizer-led-torch-vision-hd-metal\/#breadcrumb","itemListElement":[{"@type":"ListItem","position":1,"name":"Home","item":"https:\/\/energizer.com\/eu\/switzerland\/"},{"@type":"ListItem","position":2,"name":"Energizer LED Torch, Vision HD Metal"}]},{"@type":"WebSite","@id":"https:\/\/energizer.com\/eu\/switzerland\/#website","url":"https:\/\/energizer.com\/eu\/switzerland\/","name":"Energizer Switzerland (FR)","description":"","publisher":{"@id":"https:\/\/energizer.com\/eu\/switzerland\/#organization"},"potentialAction":[{"@type":"SearchAction","target":{"@type":"EntryPoint","urlTemplate":"https:\/\/energizer.com\/eu\/switzerland\/?s={search_term_string}"},"query-input":{"@type":"PropertyValueSpecification","valueRequired":true,"valueName":"search_term_string"}}],"inLanguage":"en-US"},{"@type":"Organization","@id":"https:\/\/energizer.com\/eu\/switzerland\/#organization","name":"Energizer Switzerland (FR)","url":"https:\/\/energizer.com\/eu\/switzerland\/","logo":{"@type":"ImageObject","inLanguage":"en-US","@id":"https:\/\/energizer.com\/eu\/switzerland\/#\/schema\/logo\/image\/","url":"https:\/\/energizer.com\/eu\/switzerland\/wp-content\/uploads\/sites\/58\/2024\/04\/Energizer_brand.png","contentUrl":"https:\/\/energizer.com\/eu\/switzerland\/wp-content\/uploads\/sites\/58\/2024\/04\/Energizer_brand.png","width":267,"height":100,"caption":"Energizer Switzerland (FR)"},"image":{"@id":"https:\/\/energizer.com\/eu\/switzerland\/#\/schema\/logo\/image\/"}}]}},"_links":{"self":[{"href":"https:\/\/energizer.com\/eu\/switzerland\/wp-json\/wp\/v2\/product\/7389","targetHints":{"allow":["GET"]}}],"collection":[{"href":"https:\/\/energizer.com\/eu\/switzerland\/wp-json\/wp\/v2\/product"}],"about":[{"href":"https:\/\/energizer.com\/eu\/switzerland\/wp-json\/wp\/v2\/types\/product"}],"replies":[{"embeddable":true,"href":"https:\/\/energizer.com\/eu\/switzerland\/wp-json\/wp\/v2\/comments?post=7389"}],"version-history":[{"count":4,"href":"https:\/\/energizer.com\/eu\/switzerland\/wp-json\/wp\/v2\/product\/7389\/revisions"}],"predecessor-version":[{"id":9680,"href":"https:\/\/energizer.com\/eu\/switzerland\/wp-json\/wp\/v2\/product\/7389\/revisions\/9680"}],"wp:attachment":[{"href":"https:\/\/energizer.com\/eu\/switzerland\/wp-json\/wp\/v2\/media?parent=7389"}],"wp:term":[{"taxonomy":"product_brand","embeddable":true,"href":"https:\/\/energizer.com\/eu\/switzerland\/wp-json\/wp\/v2\/product_brand?post=7389"},{"taxonomy":"product_cat","embeddable":true,"href":"https:\/\/energizer.com\/eu\/switzerland\/wp-json\/wp\/v2\/product_cat?post=7389"},{"taxonomy":"product_tag","embeddable":true,"href":"https:\/\/energizer.com\/eu\/switzerland\/wp-json\/wp\/v2\/product_tag?post=7389"}],"curies":[{"name":"wp","href":"https:\/\/api.w.org\/{rel}","templated":true}]}}