{"id":7392,"date":"2024-06-03T05:16:41","date_gmt":"2024-06-03T05:16:41","guid":{"rendered":"https:\/\/23b13e8ab3.nxcli.io\/switzerland\/?post_type=product&#038;p=7392"},"modified":"2024-08-27T06:47:04","modified_gmt":"2024-08-27T06:47:04","slug":"energizer-touch-tech-keychain","status":"publish","type":"product","link":"https:\/\/energizer.com\/eu\/switzerland\/product\/energizer-touch-tech-keychain\/","title":{"rendered":"Energizer Touch Tech Keychain"},"content":{"rendered":"<ul>\n<li>Alimentation tactile sans interrupteur<\/li>\n<li>Con\u00e7ue pour un maximum de commodit\u00e9 &#8211; saisissez la lampe pour un \u00e9clairage instantan\u00e9 et rel\u00e2chez-la pour l&#8217;\u00e9teindre en douceur<\/li>\n<li>Sa taille compacte en fait une lampe pratique \u00e0 avoir toujours \u00e0 port\u00e9e de main<\/li>\n<\/ul>\n","protected":false},"excerpt":{"rendered":"<p>Le porte-cl\u00e9s Energizer avec technologie Touch Tech combine les derni\u00e8res technologies brevet\u00e9es pour une utilisation facile et intuitive. Gr\u00e2ce \u00e0 l&#8217;innovation Touch Tech sans interrupteur, les utilisateurs b\u00e9n\u00e9ficient d&#8217;une illumination instantan\u00e9e simplement en saisissant la lampe. Il suffit de rel\u00e2cher la prise lorsque l&#8217;utilisation est termin\u00e9e pour que la technologie Touch Tech \u00e9teigne la lumi\u00e8re en douceur. Touch Tech garantit que votre lampe ne reste jamais allum\u00e9e accidentellement et contribue \u00e0 prolonger la dur\u00e9e de vie de la batterie. Cette technologie rend ce porte-cl\u00e9s tr\u00e8s pratique et facile \u00e0 utiliser.<\/p>\n","protected":false},"featured_media":0,"comment_status":"open","ping_status":"closed","template":"","meta":{"_acf_changed":false},"product_brand":[],"product_cat":[97],"product_tag":[],"class_list":{"0":"post-7392","1":"product","2":"type-product","3":"status-publish","5":"product_cat-handheld","6":"pa_uses-everyday","8":"first","9":"instock","10":"shipping-taxable","11":"product-type-simple"},"acf":[],"yoast_head":"<!-- This site is optimized with the Yoast SEO plugin v27.2 - https:\/\/yoast.com\/product\/yoast-seo-wordpress\/ -->\n<title>Energizer Touch Tech Keychain - Switzerland<\/title>\n<meta name=\"robots\" content=\"index, follow, max-snippet:-1, max-image-preview:large, max-video-preview:-1\" \/>\n<link rel=\"canonical\" href=\"https:\/\/energizer.com\/eu\/switzerland\/product\/energizer-touch-tech-keychain\/\" \/>\n<meta property=\"og:locale\" content=\"en_US\" \/>\n<meta property=\"og:type\" content=\"article\" \/>\n<meta property=\"og:title\" content=\"Energizer Touch Tech Keychain - Switzerland\" \/>\n<meta property=\"og:description\" content=\"Le porte-cl\u00e9s Energizer avec technologie Touch Tech combine les derni\u00e8res technologies brevet\u00e9es pour une utilisation facile et intuitive. Gr\u00e2ce \u00e0 l&#039;innovation Touch Tech sans interrupteur, les utilisateurs b\u00e9n\u00e9ficient d&#039;une illumination instantan\u00e9e simplement en saisissant la lampe. Il suffit de rel\u00e2cher la prise lorsque l&#039;utilisation est termin\u00e9e pour que la technologie Touch Tech \u00e9teigne la lumi\u00e8re en douceur. Touch Tech garantit que votre lampe ne reste jamais allum\u00e9e accidentellement et contribue \u00e0 prolonger la dur\u00e9e de vie de la batterie. Cette technologie rend ce porte-cl\u00e9s tr\u00e8s pratique et facile \u00e0 utiliser.\" \/>\n<meta property=\"og:url\" content=\"https:\/\/energizer.com\/eu\/switzerland\/product\/energizer-touch-tech-keychain\/\" \/>\n<meta property=\"og:site_name\" content=\"Switzerland\" \/>\n<meta property=\"article:modified_time\" content=\"2024-08-27T06:47:04+00:00\" \/>\n<meta name=\"twitter:card\" content=\"summary_large_image\" \/>\n<script type=\"application\/ld+json\" class=\"yoast-schema-graph\">{\"@context\":\"https:\/\/schema.org\",\"@graph\":[{\"@type\":\"WebPage\",\"@id\":\"https:\/\/energizer.com\/eu\/switzerland\/product\/energizer-touch-tech-keychain\/\",\"url\":\"https:\/\/energizer.com\/eu\/switzerland\/product\/energizer-touch-tech-keychain\/\",\"name\":\"Energizer Touch Tech Keychain - Switzerland\",\"isPartOf\":{\"@id\":\"https:\/\/energizer.com\/eu\/switzerland\/#website\"},\"datePublished\":\"2024-06-03T05:16:41+00:00\",\"dateModified\":\"2024-08-27T06:47:04+00:00\",\"breadcrumb\":{\"@id\":\"https:\/\/energizer.com\/eu\/switzerland\/product\/energizer-touch-tech-keychain\/#breadcrumb\"},\"inLanguage\":\"en-US\",\"potentialAction\":[{\"@type\":\"ReadAction\",\"target\":[\"https:\/\/energizer.com\/eu\/switzerland\/product\/energizer-touch-tech-keychain\/\"]}]},{\"@type\":\"BreadcrumbList\",\"@id\":\"https:\/\/energizer.com\/eu\/switzerland\/product\/energizer-touch-tech-keychain\/#breadcrumb\",\"itemListElement\":[{\"@type\":\"ListItem\",\"position\":1,\"name\":\"Home\",\"item\":\"https:\/\/energizer.com\/eu\/switzerland\/\"},{\"@type\":\"ListItem\",\"position\":2,\"name\":\"Energizer Touch Tech Keychain\"}]},{\"@type\":\"WebSite\",\"@id\":\"https:\/\/energizer.com\/eu\/switzerland\/#website\",\"url\":\"https:\/\/energizer.com\/eu\/switzerland\/\",\"name\":\"Energizer Switzerland (FR)\",\"description\":\"\",\"publisher\":{\"@id\":\"https:\/\/energizer.com\/eu\/switzerland\/#organization\"},\"potentialAction\":[{\"@type\":\"SearchAction\",\"target\":{\"@type\":\"EntryPoint\",\"urlTemplate\":\"https:\/\/energizer.com\/eu\/switzerland\/?s={search_term_string}\"},\"query-input\":{\"@type\":\"PropertyValueSpecification\",\"valueRequired\":true,\"valueName\":\"search_term_string\"}}],\"inLanguage\":\"en-US\"},{\"@type\":\"Organization\",\"@id\":\"https:\/\/energizer.com\/eu\/switzerland\/#organization\",\"name\":\"Energizer Switzerland (FR)\",\"url\":\"https:\/\/energizer.com\/eu\/switzerland\/\",\"logo\":{\"@type\":\"ImageObject\",\"inLanguage\":\"en-US\",\"@id\":\"https:\/\/energizer.com\/eu\/switzerland\/#\/schema\/logo\/image\/\",\"url\":\"https:\/\/energizer.com\/eu\/switzerland\/wp-content\/uploads\/sites\/58\/2024\/04\/Energizer_brand.png\",\"contentUrl\":\"https:\/\/energizer.com\/eu\/switzerland\/wp-content\/uploads\/sites\/58\/2024\/04\/Energizer_brand.png\",\"width\":267,\"height\":100,\"caption\":\"Energizer Switzerland (FR)\"},\"image\":{\"@id\":\"https:\/\/energizer.com\/eu\/switzerland\/#\/schema\/logo\/image\/\"}}]}<\/script>\n<!-- \/ Yoast SEO plugin. -->","yoast_head_json":{"title":"Energizer Touch Tech Keychain - Switzerland","robots":{"index":"index","follow":"follow","max-snippet":"max-snippet:-1","max-image-preview":"max-image-preview:large","max-video-preview":"max-video-preview:-1"},"canonical":"https:\/\/energizer.com\/eu\/switzerland\/product\/energizer-touch-tech-keychain\/","og_locale":"en_US","og_type":"article","og_title":"Energizer Touch Tech Keychain - Switzerland","og_description":"Le porte-cl\u00e9s Energizer avec technologie Touch Tech combine les derni\u00e8res technologies brevet\u00e9es pour une utilisation facile et intuitive. Gr\u00e2ce \u00e0 l'innovation Touch Tech sans interrupteur, les utilisateurs b\u00e9n\u00e9ficient d'une illumination instantan\u00e9e simplement en saisissant la lampe. Il suffit de rel\u00e2cher la prise lorsque l'utilisation est termin\u00e9e pour que la technologie Touch Tech \u00e9teigne la lumi\u00e8re en douceur. Touch Tech garantit que votre lampe ne reste jamais allum\u00e9e accidentellement et contribue \u00e0 prolonger la dur\u00e9e de vie de la batterie. Cette technologie rend ce porte-cl\u00e9s tr\u00e8s pratique et facile \u00e0 utiliser.","og_url":"https:\/\/energizer.com\/eu\/switzerland\/product\/energizer-touch-tech-keychain\/","og_site_name":"Switzerland","article_modified_time":"2024-08-27T06:47:04+00:00","twitter_card":"summary_large_image","schema":{"@context":"https:\/\/schema.org","@graph":[{"@type":"WebPage","@id":"https:\/\/energizer.com\/eu\/switzerland\/product\/energizer-touch-tech-keychain\/","url":"https:\/\/energizer.com\/eu\/switzerland\/product\/energizer-touch-tech-keychain\/","name":"Energizer Touch Tech Keychain - Switzerland","isPartOf":{"@id":"https:\/\/energizer.com\/eu\/switzerland\/#website"},"datePublished":"2024-06-03T05:16:41+00:00","dateModified":"2024-08-27T06:47:04+00:00","breadcrumb":{"@id":"https:\/\/energizer.com\/eu\/switzerland\/product\/energizer-touch-tech-keychain\/#breadcrumb"},"inLanguage":"en-US","potentialAction":[{"@type":"ReadAction","target":["https:\/\/energizer.com\/eu\/switzerland\/product\/energizer-touch-tech-keychain\/"]}]},{"@type":"BreadcrumbList","@id":"https:\/\/energizer.com\/eu\/switzerland\/product\/energizer-touch-tech-keychain\/#breadcrumb","itemListElement":[{"@type":"ListItem","position":1,"name":"Home","item":"https:\/\/energizer.com\/eu\/switzerland\/"},{"@type":"ListItem","position":2,"name":"Energizer Touch Tech Keychain"}]},{"@type":"WebSite","@id":"https:\/\/energizer.com\/eu\/switzerland\/#website","url":"https:\/\/energizer.com\/eu\/switzerland\/","name":"Energizer Switzerland (FR)","description":"","publisher":{"@id":"https:\/\/energizer.com\/eu\/switzerland\/#organization"},"potentialAction":[{"@type":"SearchAction","target":{"@type":"EntryPoint","urlTemplate":"https:\/\/energizer.com\/eu\/switzerland\/?s={search_term_string}"},"query-input":{"@type":"PropertyValueSpecification","valueRequired":true,"valueName":"search_term_string"}}],"inLanguage":"en-US"},{"@type":"Organization","@id":"https:\/\/energizer.com\/eu\/switzerland\/#organization","name":"Energizer Switzerland (FR)","url":"https:\/\/energizer.com\/eu\/switzerland\/","logo":{"@type":"ImageObject","inLanguage":"en-US","@id":"https:\/\/energizer.com\/eu\/switzerland\/#\/schema\/logo\/image\/","url":"https:\/\/energizer.com\/eu\/switzerland\/wp-content\/uploads\/sites\/58\/2024\/04\/Energizer_brand.png","contentUrl":"https:\/\/energizer.com\/eu\/switzerland\/wp-content\/uploads\/sites\/58\/2024\/04\/Energizer_brand.png","width":267,"height":100,"caption":"Energizer Switzerland (FR)"},"image":{"@id":"https:\/\/energizer.com\/eu\/switzerland\/#\/schema\/logo\/image\/"}}]}},"_links":{"self":[{"href":"https:\/\/energizer.com\/eu\/switzerland\/wp-json\/wp\/v2\/product\/7392","targetHints":{"allow":["GET"]}}],"collection":[{"href":"https:\/\/energizer.com\/eu\/switzerland\/wp-json\/wp\/v2\/product"}],"about":[{"href":"https:\/\/energizer.com\/eu\/switzerland\/wp-json\/wp\/v2\/types\/product"}],"replies":[{"embeddable":true,"href":"https:\/\/energizer.com\/eu\/switzerland\/wp-json\/wp\/v2\/comments?post=7392"}],"version-history":[{"count":4,"href":"https:\/\/energizer.com\/eu\/switzerland\/wp-json\/wp\/v2\/product\/7392\/revisions"}],"predecessor-version":[{"id":9691,"href":"https:\/\/energizer.com\/eu\/switzerland\/wp-json\/wp\/v2\/product\/7392\/revisions\/9691"}],"wp:attachment":[{"href":"https:\/\/energizer.com\/eu\/switzerland\/wp-json\/wp\/v2\/media?parent=7392"}],"wp:term":[{"taxonomy":"product_brand","embeddable":true,"href":"https:\/\/energizer.com\/eu\/switzerland\/wp-json\/wp\/v2\/product_brand?post=7392"},{"taxonomy":"product_cat","embeddable":true,"href":"https:\/\/energizer.com\/eu\/switzerland\/wp-json\/wp\/v2\/product_cat?post=7392"},{"taxonomy":"product_tag","embeddable":true,"href":"https:\/\/energizer.com\/eu\/switzerland\/wp-json\/wp\/v2\/product_tag?post=7392"}],"curies":[{"name":"wp","href":"https:\/\/api.w.org\/{rel}","templated":true}]}}