{"id":7436,"date":"2024-06-03T05:16:45","date_gmt":"2024-06-03T05:16:45","guid":{"rendered":"https:\/\/23b13e8ab3.nxcli.io\/switzerland\/?post_type=product&#038;p=7436"},"modified":"2024-08-27T07:10:25","modified_gmt":"2024-08-27T07:10:25","slug":"energizer-paw-patrol-15-hh-os-pphh22y","status":"publish","type":"product","link":"https:\/\/energizer.com\/eu\/switzerland\/product\/energizer-paw-patrol-15-hh-os-pphh22y\/","title":{"rendered":"Energizer PAW PATROL 15 HH OS PPHH22Y"},"content":{"rendered":"<ul>\n<li>Torche LED Energizer PAW Patrol avec deux (2) piles AAA Energizer MAX<\/li>\n<li>Petite lampe de poche pour enfants avec un joli design PAW Patrol<\/li>\n<li>Les enfants explorent l&#8217;ext\u00e9rieur et s&#8217;amusent \u00e0 l&#8217;int\u00e9rieur avec les torches pour enfants.<\/li>\n<li>Projette une douce lueur qui brille jusqu&#8217;\u00e0 72 heures<\/li>\n<li>Torche PAW Patrol en plastique avec lentille incassable et corps r\u00e9sistant aux chocs jusqu&#8217;\u00e0 3 pieds<\/li>\n<li>La torche pour enfants \u00e0 prise confortable s&#8217;adapte facilement aux mains des enfants<\/li>\n<li>Faites confiance \u00e0 Energizer pour une performance fiable dans toutes les situations<\/li>\n<\/ul>\n","protected":false},"excerpt":{"rendered":"<p>La torche LED Energizer PAW Patrol permet aux enfants de s&#8217;amuser dans l&#8217;obscurit\u00e9. En projetant une douce lueur, les torches pour enfants peuvent aider les enfants \u00e0 jouer et \u00e0 explorer dans l&#8217;obscurit\u00e9, que ce soit \u00e0 l&#8217;int\u00e9rieur ou dans le jardin la nuit. Petite et l\u00e9g\u00e8re, cette torche pour enfants offre un \u00e9clairage s\u00fbr pour les enfants de 3 ans et plus. La lampe LED en plastique est dot\u00e9e d&#8217;une lentille incassable et d&#8217;un corps r\u00e9sistant aux chocs jusqu&#8217;\u00e0 3 pieds. Un bouton-poussoir facile \u00e0 utiliser et une poign\u00e9e confortable facilitent l&#8217;utilisation, m\u00eame pour les plus petites mains, et une boucle de cordon int\u00e9gr\u00e9e vous permet de suspendre la lampe \u00e0 piles \u00e0 la port\u00e9e de votre enfant. Le design color\u00e9 est assorti aux autres jouets PAW Patrol. Avec une autonomie de 72 heures, cette torche compacte durera pendant toute la dur\u00e9e des jeux sans que la batterie ne s&#8217;\u00e9puise.<\/p>\n","protected":false},"featured_media":0,"comment_status":"open","ping_status":"closed","template":"","meta":{"_acf_changed":false},"product_brand":[],"product_cat":[45],"product_tag":[],"class_list":{"0":"post-7436","1":"product","2":"type-product","3":"status-publish","5":"product_cat-novelty","6":"pa_uses-everyday","8":"first","9":"instock","10":"shipping-taxable","11":"product-type-simple"},"acf":[],"yoast_head":"<!-- This site is optimized with the Yoast SEO plugin v27.2 - https:\/\/yoast.com\/product\/yoast-seo-wordpress\/ -->\n<title>Energizer PAW PATROL 15 HH OS PPHH22Y - Switzerland<\/title>\n<meta name=\"robots\" content=\"index, follow, max-snippet:-1, max-image-preview:large, max-video-preview:-1\" \/>\n<link rel=\"canonical\" href=\"https:\/\/energizer.com\/eu\/switzerland\/product\/energizer-paw-patrol-15-hh-os-pphh22y\/\" \/>\n<meta property=\"og:locale\" content=\"en_US\" \/>\n<meta property=\"og:type\" content=\"article\" \/>\n<meta property=\"og:title\" content=\"Energizer PAW PATROL 15 HH OS PPHH22Y - Switzerland\" \/>\n<meta property=\"og:description\" content=\"La torche LED Energizer PAW Patrol permet aux enfants de s&#039;amuser dans l&#039;obscurit\u00e9. En projetant une douce lueur, les torches pour enfants peuvent aider les enfants \u00e0 jouer et \u00e0 explorer dans l&#039;obscurit\u00e9, que ce soit \u00e0 l&#039;int\u00e9rieur ou dans le jardin la nuit. Petite et l\u00e9g\u00e8re, cette torche pour enfants offre un \u00e9clairage s\u00fbr pour les enfants de 3 ans et plus. La lampe LED en plastique est dot\u00e9e d&#039;une lentille incassable et d&#039;un corps r\u00e9sistant aux chocs jusqu&#039;\u00e0 3 pieds. Un bouton-poussoir facile \u00e0 utiliser et une poign\u00e9e confortable facilitent l&#039;utilisation, m\u00eame pour les plus petites mains, et une boucle de cordon int\u00e9gr\u00e9e vous permet de suspendre la lampe \u00e0 piles \u00e0 la port\u00e9e de votre enfant. Le design color\u00e9 est assorti aux autres jouets PAW Patrol. Avec une autonomie de 72 heures, cette torche compacte durera pendant toute la dur\u00e9e des jeux sans que la batterie ne s&#039;\u00e9puise.\" \/>\n<meta property=\"og:url\" content=\"https:\/\/energizer.com\/eu\/switzerland\/product\/energizer-paw-patrol-15-hh-os-pphh22y\/\" \/>\n<meta property=\"og:site_name\" content=\"Switzerland\" \/>\n<meta property=\"article:modified_time\" content=\"2024-08-27T07:10:25+00:00\" \/>\n<meta name=\"twitter:card\" content=\"summary_large_image\" \/>\n<script type=\"application\/ld+json\" class=\"yoast-schema-graph\">{\"@context\":\"https:\/\/schema.org\",\"@graph\":[{\"@type\":\"WebPage\",\"@id\":\"https:\/\/energizer.com\/eu\/switzerland\/product\/energizer-paw-patrol-15-hh-os-pphh22y\/\",\"url\":\"https:\/\/energizer.com\/eu\/switzerland\/product\/energizer-paw-patrol-15-hh-os-pphh22y\/\",\"name\":\"Energizer PAW PATROL 15 HH OS PPHH22Y - Switzerland\",\"isPartOf\":{\"@id\":\"https:\/\/energizer.com\/eu\/switzerland\/#website\"},\"datePublished\":\"2024-06-03T05:16:45+00:00\",\"dateModified\":\"2024-08-27T07:10:25+00:00\",\"breadcrumb\":{\"@id\":\"https:\/\/energizer.com\/eu\/switzerland\/product\/energizer-paw-patrol-15-hh-os-pphh22y\/#breadcrumb\"},\"inLanguage\":\"en-US\",\"potentialAction\":[{\"@type\":\"ReadAction\",\"target\":[\"https:\/\/energizer.com\/eu\/switzerland\/product\/energizer-paw-patrol-15-hh-os-pphh22y\/\"]}]},{\"@type\":\"BreadcrumbList\",\"@id\":\"https:\/\/energizer.com\/eu\/switzerland\/product\/energizer-paw-patrol-15-hh-os-pphh22y\/#breadcrumb\",\"itemListElement\":[{\"@type\":\"ListItem\",\"position\":1,\"name\":\"Home\",\"item\":\"https:\/\/energizer.com\/eu\/switzerland\/\"},{\"@type\":\"ListItem\",\"position\":2,\"name\":\"Energizer PAW PATROL 15 HH OS PPHH22Y\"}]},{\"@type\":\"WebSite\",\"@id\":\"https:\/\/energizer.com\/eu\/switzerland\/#website\",\"url\":\"https:\/\/energizer.com\/eu\/switzerland\/\",\"name\":\"Energizer Switzerland (FR)\",\"description\":\"\",\"publisher\":{\"@id\":\"https:\/\/energizer.com\/eu\/switzerland\/#organization\"},\"potentialAction\":[{\"@type\":\"SearchAction\",\"target\":{\"@type\":\"EntryPoint\",\"urlTemplate\":\"https:\/\/energizer.com\/eu\/switzerland\/?s={search_term_string}\"},\"query-input\":{\"@type\":\"PropertyValueSpecification\",\"valueRequired\":true,\"valueName\":\"search_term_string\"}}],\"inLanguage\":\"en-US\"},{\"@type\":\"Organization\",\"@id\":\"https:\/\/energizer.com\/eu\/switzerland\/#organization\",\"name\":\"Energizer Switzerland (FR)\",\"url\":\"https:\/\/energizer.com\/eu\/switzerland\/\",\"logo\":{\"@type\":\"ImageObject\",\"inLanguage\":\"en-US\",\"@id\":\"https:\/\/energizer.com\/eu\/switzerland\/#\/schema\/logo\/image\/\",\"url\":\"https:\/\/energizer.com\/eu\/switzerland\/wp-content\/uploads\/sites\/58\/2024\/04\/Energizer_brand.png\",\"contentUrl\":\"https:\/\/energizer.com\/eu\/switzerland\/wp-content\/uploads\/sites\/58\/2024\/04\/Energizer_brand.png\",\"width\":267,\"height\":100,\"caption\":\"Energizer Switzerland (FR)\"},\"image\":{\"@id\":\"https:\/\/energizer.com\/eu\/switzerland\/#\/schema\/logo\/image\/\"}}]}<\/script>\n<!-- \/ Yoast SEO plugin. -->","yoast_head_json":{"title":"Energizer PAW PATROL 15 HH OS PPHH22Y - Switzerland","robots":{"index":"index","follow":"follow","max-snippet":"max-snippet:-1","max-image-preview":"max-image-preview:large","max-video-preview":"max-video-preview:-1"},"canonical":"https:\/\/energizer.com\/eu\/switzerland\/product\/energizer-paw-patrol-15-hh-os-pphh22y\/","og_locale":"en_US","og_type":"article","og_title":"Energizer PAW PATROL 15 HH OS PPHH22Y - Switzerland","og_description":"La torche LED Energizer PAW Patrol permet aux enfants de s'amuser dans l'obscurit\u00e9. En projetant une douce lueur, les torches pour enfants peuvent aider les enfants \u00e0 jouer et \u00e0 explorer dans l'obscurit\u00e9, que ce soit \u00e0 l'int\u00e9rieur ou dans le jardin la nuit. Petite et l\u00e9g\u00e8re, cette torche pour enfants offre un \u00e9clairage s\u00fbr pour les enfants de 3 ans et plus. La lampe LED en plastique est dot\u00e9e d'une lentille incassable et d'un corps r\u00e9sistant aux chocs jusqu'\u00e0 3 pieds. Un bouton-poussoir facile \u00e0 utiliser et une poign\u00e9e confortable facilitent l'utilisation, m\u00eame pour les plus petites mains, et une boucle de cordon int\u00e9gr\u00e9e vous permet de suspendre la lampe \u00e0 piles \u00e0 la port\u00e9e de votre enfant. Le design color\u00e9 est assorti aux autres jouets PAW Patrol. Avec une autonomie de 72 heures, cette torche compacte durera pendant toute la dur\u00e9e des jeux sans que la batterie ne s'\u00e9puise.","og_url":"https:\/\/energizer.com\/eu\/switzerland\/product\/energizer-paw-patrol-15-hh-os-pphh22y\/","og_site_name":"Switzerland","article_modified_time":"2024-08-27T07:10:25+00:00","twitter_card":"summary_large_image","schema":{"@context":"https:\/\/schema.org","@graph":[{"@type":"WebPage","@id":"https:\/\/energizer.com\/eu\/switzerland\/product\/energizer-paw-patrol-15-hh-os-pphh22y\/","url":"https:\/\/energizer.com\/eu\/switzerland\/product\/energizer-paw-patrol-15-hh-os-pphh22y\/","name":"Energizer PAW PATROL 15 HH OS PPHH22Y - Switzerland","isPartOf":{"@id":"https:\/\/energizer.com\/eu\/switzerland\/#website"},"datePublished":"2024-06-03T05:16:45+00:00","dateModified":"2024-08-27T07:10:25+00:00","breadcrumb":{"@id":"https:\/\/energizer.com\/eu\/switzerland\/product\/energizer-paw-patrol-15-hh-os-pphh22y\/#breadcrumb"},"inLanguage":"en-US","potentialAction":[{"@type":"ReadAction","target":["https:\/\/energizer.com\/eu\/switzerland\/product\/energizer-paw-patrol-15-hh-os-pphh22y\/"]}]},{"@type":"BreadcrumbList","@id":"https:\/\/energizer.com\/eu\/switzerland\/product\/energizer-paw-patrol-15-hh-os-pphh22y\/#breadcrumb","itemListElement":[{"@type":"ListItem","position":1,"name":"Home","item":"https:\/\/energizer.com\/eu\/switzerland\/"},{"@type":"ListItem","position":2,"name":"Energizer PAW PATROL 15 HH OS PPHH22Y"}]},{"@type":"WebSite","@id":"https:\/\/energizer.com\/eu\/switzerland\/#website","url":"https:\/\/energizer.com\/eu\/switzerland\/","name":"Energizer Switzerland (FR)","description":"","publisher":{"@id":"https:\/\/energizer.com\/eu\/switzerland\/#organization"},"potentialAction":[{"@type":"SearchAction","target":{"@type":"EntryPoint","urlTemplate":"https:\/\/energizer.com\/eu\/switzerland\/?s={search_term_string}"},"query-input":{"@type":"PropertyValueSpecification","valueRequired":true,"valueName":"search_term_string"}}],"inLanguage":"en-US"},{"@type":"Organization","@id":"https:\/\/energizer.com\/eu\/switzerland\/#organization","name":"Energizer Switzerland (FR)","url":"https:\/\/energizer.com\/eu\/switzerland\/","logo":{"@type":"ImageObject","inLanguage":"en-US","@id":"https:\/\/energizer.com\/eu\/switzerland\/#\/schema\/logo\/image\/","url":"https:\/\/energizer.com\/eu\/switzerland\/wp-content\/uploads\/sites\/58\/2024\/04\/Energizer_brand.png","contentUrl":"https:\/\/energizer.com\/eu\/switzerland\/wp-content\/uploads\/sites\/58\/2024\/04\/Energizer_brand.png","width":267,"height":100,"caption":"Energizer Switzerland (FR)"},"image":{"@id":"https:\/\/energizer.com\/eu\/switzerland\/#\/schema\/logo\/image\/"}}]}},"_links":{"self":[{"href":"https:\/\/energizer.com\/eu\/switzerland\/wp-json\/wp\/v2\/product\/7436","targetHints":{"allow":["GET"]}}],"collection":[{"href":"https:\/\/energizer.com\/eu\/switzerland\/wp-json\/wp\/v2\/product"}],"about":[{"href":"https:\/\/energizer.com\/eu\/switzerland\/wp-json\/wp\/v2\/types\/product"}],"replies":[{"embeddable":true,"href":"https:\/\/energizer.com\/eu\/switzerland\/wp-json\/wp\/v2\/comments?post=7436"}],"version-history":[{"count":4,"href":"https:\/\/energizer.com\/eu\/switzerland\/wp-json\/wp\/v2\/product\/7436\/revisions"}],"predecessor-version":[{"id":9735,"href":"https:\/\/energizer.com\/eu\/switzerland\/wp-json\/wp\/v2\/product\/7436\/revisions\/9735"}],"wp:attachment":[{"href":"https:\/\/energizer.com\/eu\/switzerland\/wp-json\/wp\/v2\/media?parent=7436"}],"wp:term":[{"taxonomy":"product_brand","embeddable":true,"href":"https:\/\/energizer.com\/eu\/switzerland\/wp-json\/wp\/v2\/product_brand?post=7436"},{"taxonomy":"product_cat","embeddable":true,"href":"https:\/\/energizer.com\/eu\/switzerland\/wp-json\/wp\/v2\/product_cat?post=7436"},{"taxonomy":"product_tag","embeddable":true,"href":"https:\/\/energizer.com\/eu\/switzerland\/wp-json\/wp\/v2\/product_tag?post=7436"}],"curies":[{"name":"wp","href":"https:\/\/api.w.org\/{rel}","templated":true}]}}