{"id":7495,"date":"2024-06-03T05:16:49","date_gmt":"2024-06-03T05:16:49","guid":{"rendered":"https:\/\/23b13e8ab3.nxcli.io\/switzerland\/?post_type=product&#038;p=7495"},"modified":"2024-08-27T07:05:53","modified_gmt":"2024-08-27T07:05:53","slug":"energizer-small-power-indicator-rechargeable-lantern","status":"publish","type":"product","link":"https:\/\/energizer.com\/eu\/switzerland\/product\/energizer-small-power-indicator-rechargeable-lantern\/","title":{"rendered":"Energizer Small Power Indicator Rechargeable Lantern"},"content":{"rendered":"<ul>\n<li>Lanterne Energizer Small Power Indicator Lantern, une lanterne LED rechargeable avec un indicateur de puissance num\u00e9rique facile \u00e0 utiliser qui vous permet de voir clairement combien d&#8217;heures de lumi\u00e8re il vous reste<\/li>\n<li>Lanterne rechargeable avec trois modes d&#8217;\u00e9clairage diff\u00e9rents pour personnaliser la luminosit\u00e9 et maximiser l&#8217;autonomie : \u00c9lev\u00e9, Diminution et Veilleuse<\/li>\n<li>12 fois plus lumineuse que la technologie LED standard ; \u00e9met jusqu&#8217;\u00e0 500 lumens de lumi\u00e8re fiable sur 360 degr\u00e9s en mode \u00e9lev\u00e9 et dure jusqu&#8217;\u00e0 30 heures en mode r\u00e9duit<\/li>\n<li>La poign\u00e9e r\u00e9glable et facile \u00e0 transporter vous permet d&#8217;emmener cette lanterne portable n&#8217;importe o\u00f9 ; utilisez l&#8217;accessoire rabattable pour la transformer en lanterne suspendue<\/li>\n<li>Con\u00e7ue pour r\u00e9sister \u00e0 toutes les aventures, elle est class\u00e9e \u00e9tanche IPX4, peut r\u00e9sister \u00e0 des chutes jusqu&#8217;\u00e0 1 m et est \u00e9quip\u00e9e d&#8217;une lentille incassable<\/li>\n<li>La lampe rechargeable polyvalente est la lanterne id\u00e9ale pour le camping et les activit\u00e9s de plein air ; elle est \u00e9galement id\u00e9ale pour les projets de r\u00e9novation, les situations d&#8217;urgence et bien plus encore<\/li>\n<\/ul>\n","protected":false},"excerpt":{"rendered":"<p>Ne vous retrouvez plus jamais dans l&#8217;obscurit\u00e9 gr\u00e2ce \u00e0 la petite lanterne Energizer \u00e0 indicateur de puissance, une lanterne LED rechargeable dot\u00e9e d&#8217;un indicateur de puissance num\u00e9rique. L&#8217;indicateur de puissance facile \u00e0 utiliser vous permet de voir clairement combien d&#8217;heures de lumi\u00e8re il vous reste et vous permet de r\u00e9gler la luminosit\u00e9 pour maximiser l&#8217;autonomie, vous offrant ainsi confort, confiance et flexibilit\u00e9. Jusqu&#8217;\u00e0 12 fois plus lumineuse que la technologie LED standard, cette lanterne rechargeable dispose de trois modes d&#8217;\u00e9clairage LED : \u00c9lev\u00e9, Diminution et Veilleuse. En mode \u00e9lev\u00e9, elle \u00e9met jusqu&#8217;\u00e0 500 lumens de lumi\u00e8re fiable sur 360 degr\u00e9s. Avec le mode Dimming, vous pouvez personnaliser la luminosit\u00e9 et maximiser l&#8217;autonomie, en obtenant jusqu&#8217;\u00e0 30 heures d&#8217;\u00e9clairage lorsque le mode Dimming est compl\u00e8tement d\u00e9sactiv\u00e9.<\/p>\n","protected":false},"featured_media":0,"comment_status":"open","ping_status":"closed","template":"","meta":{"_acf_changed":false},"product_brand":[],"product_cat":[44],"product_tag":[],"class_list":{"0":"post-7495","1":"product","2":"type-product","3":"status-publish","5":"product_cat-area","6":"pa_uses-outdoor","8":"first","9":"instock","10":"shipping-taxable","11":"product-type-simple"},"acf":[],"yoast_head":"<!-- This site is optimized with the Yoast SEO plugin v27.2 - https:\/\/yoast.com\/product\/yoast-seo-wordpress\/ -->\n<title>Energizer Small Power Indicator Rechargeable Lantern - Switzerland<\/title>\n<meta name=\"robots\" content=\"index, follow, max-snippet:-1, max-image-preview:large, max-video-preview:-1\" \/>\n<link rel=\"canonical\" href=\"https:\/\/energizer.com\/eu\/switzerland\/product\/energizer-small-power-indicator-rechargeable-lantern\/\" \/>\n<meta property=\"og:locale\" content=\"en_US\" \/>\n<meta property=\"og:type\" content=\"article\" \/>\n<meta property=\"og:title\" content=\"Energizer Small Power Indicator Rechargeable Lantern - Switzerland\" \/>\n<meta property=\"og:description\" content=\"Ne vous retrouvez plus jamais dans l&#039;obscurit\u00e9 gr\u00e2ce \u00e0 la petite lanterne Energizer \u00e0 indicateur de puissance, une lanterne LED rechargeable dot\u00e9e d&#039;un indicateur de puissance num\u00e9rique. L&#039;indicateur de puissance facile \u00e0 utiliser vous permet de voir clairement combien d&#039;heures de lumi\u00e8re il vous reste et vous permet de r\u00e9gler la luminosit\u00e9 pour maximiser l&#039;autonomie, vous offrant ainsi confort, confiance et flexibilit\u00e9. Jusqu&#039;\u00e0 12 fois plus lumineuse que la technologie LED standard, cette lanterne rechargeable dispose de trois modes d&#039;\u00e9clairage LED : \u00c9lev\u00e9, Diminution et Veilleuse. En mode \u00e9lev\u00e9, elle \u00e9met jusqu&#039;\u00e0 500 lumens de lumi\u00e8re fiable sur 360 degr\u00e9s. Avec le mode Dimming, vous pouvez personnaliser la luminosit\u00e9 et maximiser l&#039;autonomie, en obtenant jusqu&#039;\u00e0 30 heures d&#039;\u00e9clairage lorsque le mode Dimming est compl\u00e8tement d\u00e9sactiv\u00e9.\" \/>\n<meta property=\"og:url\" content=\"https:\/\/energizer.com\/eu\/switzerland\/product\/energizer-small-power-indicator-rechargeable-lantern\/\" \/>\n<meta property=\"og:site_name\" content=\"Switzerland\" \/>\n<meta property=\"article:modified_time\" content=\"2024-08-27T07:05:53+00:00\" \/>\n<meta name=\"twitter:card\" content=\"summary_large_image\" \/>\n<script type=\"application\/ld+json\" class=\"yoast-schema-graph\">{\"@context\":\"https:\/\/schema.org\",\"@graph\":[{\"@type\":\"WebPage\",\"@id\":\"https:\/\/energizer.com\/eu\/switzerland\/product\/energizer-small-power-indicator-rechargeable-lantern\/\",\"url\":\"https:\/\/energizer.com\/eu\/switzerland\/product\/energizer-small-power-indicator-rechargeable-lantern\/\",\"name\":\"Energizer Small Power Indicator Rechargeable Lantern - Switzerland\",\"isPartOf\":{\"@id\":\"https:\/\/energizer.com\/eu\/switzerland\/#website\"},\"datePublished\":\"2024-06-03T05:16:49+00:00\",\"dateModified\":\"2024-08-27T07:05:53+00:00\",\"breadcrumb\":{\"@id\":\"https:\/\/energizer.com\/eu\/switzerland\/product\/energizer-small-power-indicator-rechargeable-lantern\/#breadcrumb\"},\"inLanguage\":\"en-US\",\"potentialAction\":[{\"@type\":\"ReadAction\",\"target\":[\"https:\/\/energizer.com\/eu\/switzerland\/product\/energizer-small-power-indicator-rechargeable-lantern\/\"]}]},{\"@type\":\"BreadcrumbList\",\"@id\":\"https:\/\/energizer.com\/eu\/switzerland\/product\/energizer-small-power-indicator-rechargeable-lantern\/#breadcrumb\",\"itemListElement\":[{\"@type\":\"ListItem\",\"position\":1,\"name\":\"Home\",\"item\":\"https:\/\/energizer.com\/eu\/switzerland\/\"},{\"@type\":\"ListItem\",\"position\":2,\"name\":\"Energizer Small Power Indicator Rechargeable Lantern\"}]},{\"@type\":\"WebSite\",\"@id\":\"https:\/\/energizer.com\/eu\/switzerland\/#website\",\"url\":\"https:\/\/energizer.com\/eu\/switzerland\/\",\"name\":\"Energizer Switzerland (FR)\",\"description\":\"\",\"publisher\":{\"@id\":\"https:\/\/energizer.com\/eu\/switzerland\/#organization\"},\"potentialAction\":[{\"@type\":\"SearchAction\",\"target\":{\"@type\":\"EntryPoint\",\"urlTemplate\":\"https:\/\/energizer.com\/eu\/switzerland\/?s={search_term_string}\"},\"query-input\":{\"@type\":\"PropertyValueSpecification\",\"valueRequired\":true,\"valueName\":\"search_term_string\"}}],\"inLanguage\":\"en-US\"},{\"@type\":\"Organization\",\"@id\":\"https:\/\/energizer.com\/eu\/switzerland\/#organization\",\"name\":\"Energizer Switzerland (FR)\",\"url\":\"https:\/\/energizer.com\/eu\/switzerland\/\",\"logo\":{\"@type\":\"ImageObject\",\"inLanguage\":\"en-US\",\"@id\":\"https:\/\/energizer.com\/eu\/switzerland\/#\/schema\/logo\/image\/\",\"url\":\"https:\/\/energizer.com\/eu\/switzerland\/wp-content\/uploads\/sites\/58\/2024\/04\/Energizer_brand.png\",\"contentUrl\":\"https:\/\/energizer.com\/eu\/switzerland\/wp-content\/uploads\/sites\/58\/2024\/04\/Energizer_brand.png\",\"width\":267,\"height\":100,\"caption\":\"Energizer Switzerland (FR)\"},\"image\":{\"@id\":\"https:\/\/energizer.com\/eu\/switzerland\/#\/schema\/logo\/image\/\"}}]}<\/script>\n<!-- \/ Yoast SEO plugin. -->","yoast_head_json":{"title":"Energizer Small Power Indicator Rechargeable Lantern - Switzerland","robots":{"index":"index","follow":"follow","max-snippet":"max-snippet:-1","max-image-preview":"max-image-preview:large","max-video-preview":"max-video-preview:-1"},"canonical":"https:\/\/energizer.com\/eu\/switzerland\/product\/energizer-small-power-indicator-rechargeable-lantern\/","og_locale":"en_US","og_type":"article","og_title":"Energizer Small Power Indicator Rechargeable Lantern - Switzerland","og_description":"Ne vous retrouvez plus jamais dans l'obscurit\u00e9 gr\u00e2ce \u00e0 la petite lanterne Energizer \u00e0 indicateur de puissance, une lanterne LED rechargeable dot\u00e9e d'un indicateur de puissance num\u00e9rique. L'indicateur de puissance facile \u00e0 utiliser vous permet de voir clairement combien d'heures de lumi\u00e8re il vous reste et vous permet de r\u00e9gler la luminosit\u00e9 pour maximiser l'autonomie, vous offrant ainsi confort, confiance et flexibilit\u00e9. Jusqu'\u00e0 12 fois plus lumineuse que la technologie LED standard, cette lanterne rechargeable dispose de trois modes d'\u00e9clairage LED : \u00c9lev\u00e9, Diminution et Veilleuse. En mode \u00e9lev\u00e9, elle \u00e9met jusqu'\u00e0 500 lumens de lumi\u00e8re fiable sur 360 degr\u00e9s. Avec le mode Dimming, vous pouvez personnaliser la luminosit\u00e9 et maximiser l'autonomie, en obtenant jusqu'\u00e0 30 heures d'\u00e9clairage lorsque le mode Dimming est compl\u00e8tement d\u00e9sactiv\u00e9.","og_url":"https:\/\/energizer.com\/eu\/switzerland\/product\/energizer-small-power-indicator-rechargeable-lantern\/","og_site_name":"Switzerland","article_modified_time":"2024-08-27T07:05:53+00:00","twitter_card":"summary_large_image","schema":{"@context":"https:\/\/schema.org","@graph":[{"@type":"WebPage","@id":"https:\/\/energizer.com\/eu\/switzerland\/product\/energizer-small-power-indicator-rechargeable-lantern\/","url":"https:\/\/energizer.com\/eu\/switzerland\/product\/energizer-small-power-indicator-rechargeable-lantern\/","name":"Energizer Small Power Indicator Rechargeable Lantern - Switzerland","isPartOf":{"@id":"https:\/\/energizer.com\/eu\/switzerland\/#website"},"datePublished":"2024-06-03T05:16:49+00:00","dateModified":"2024-08-27T07:05:53+00:00","breadcrumb":{"@id":"https:\/\/energizer.com\/eu\/switzerland\/product\/energizer-small-power-indicator-rechargeable-lantern\/#breadcrumb"},"inLanguage":"en-US","potentialAction":[{"@type":"ReadAction","target":["https:\/\/energizer.com\/eu\/switzerland\/product\/energizer-small-power-indicator-rechargeable-lantern\/"]}]},{"@type":"BreadcrumbList","@id":"https:\/\/energizer.com\/eu\/switzerland\/product\/energizer-small-power-indicator-rechargeable-lantern\/#breadcrumb","itemListElement":[{"@type":"ListItem","position":1,"name":"Home","item":"https:\/\/energizer.com\/eu\/switzerland\/"},{"@type":"ListItem","position":2,"name":"Energizer Small Power Indicator Rechargeable Lantern"}]},{"@type":"WebSite","@id":"https:\/\/energizer.com\/eu\/switzerland\/#website","url":"https:\/\/energizer.com\/eu\/switzerland\/","name":"Energizer Switzerland (FR)","description":"","publisher":{"@id":"https:\/\/energizer.com\/eu\/switzerland\/#organization"},"potentialAction":[{"@type":"SearchAction","target":{"@type":"EntryPoint","urlTemplate":"https:\/\/energizer.com\/eu\/switzerland\/?s={search_term_string}"},"query-input":{"@type":"PropertyValueSpecification","valueRequired":true,"valueName":"search_term_string"}}],"inLanguage":"en-US"},{"@type":"Organization","@id":"https:\/\/energizer.com\/eu\/switzerland\/#organization","name":"Energizer Switzerland (FR)","url":"https:\/\/energizer.com\/eu\/switzerland\/","logo":{"@type":"ImageObject","inLanguage":"en-US","@id":"https:\/\/energizer.com\/eu\/switzerland\/#\/schema\/logo\/image\/","url":"https:\/\/energizer.com\/eu\/switzerland\/wp-content\/uploads\/sites\/58\/2024\/04\/Energizer_brand.png","contentUrl":"https:\/\/energizer.com\/eu\/switzerland\/wp-content\/uploads\/sites\/58\/2024\/04\/Energizer_brand.png","width":267,"height":100,"caption":"Energizer Switzerland (FR)"},"image":{"@id":"https:\/\/energizer.com\/eu\/switzerland\/#\/schema\/logo\/image\/"}}]}},"_links":{"self":[{"href":"https:\/\/energizer.com\/eu\/switzerland\/wp-json\/wp\/v2\/product\/7495","targetHints":{"allow":["GET"]}}],"collection":[{"href":"https:\/\/energizer.com\/eu\/switzerland\/wp-json\/wp\/v2\/product"}],"about":[{"href":"https:\/\/energizer.com\/eu\/switzerland\/wp-json\/wp\/v2\/types\/product"}],"replies":[{"embeddable":true,"href":"https:\/\/energizer.com\/eu\/switzerland\/wp-json\/wp\/v2\/comments?post=7495"}],"version-history":[{"count":4,"href":"https:\/\/energizer.com\/eu\/switzerland\/wp-json\/wp\/v2\/product\/7495\/revisions"}],"predecessor-version":[{"id":9728,"href":"https:\/\/energizer.com\/eu\/switzerland\/wp-json\/wp\/v2\/product\/7495\/revisions\/9728"}],"wp:attachment":[{"href":"https:\/\/energizer.com\/eu\/switzerland\/wp-json\/wp\/v2\/media?parent=7495"}],"wp:term":[{"taxonomy":"product_brand","embeddable":true,"href":"https:\/\/energizer.com\/eu\/switzerland\/wp-json\/wp\/v2\/product_brand?post=7495"},{"taxonomy":"product_cat","embeddable":true,"href":"https:\/\/energizer.com\/eu\/switzerland\/wp-json\/wp\/v2\/product_cat?post=7495"},{"taxonomy":"product_tag","embeddable":true,"href":"https:\/\/energizer.com\/eu\/switzerland\/wp-json\/wp\/v2\/product_tag?post=7495"}],"curies":[{"name":"wp","href":"https:\/\/api.w.org\/{rel}","templated":true}]}}