{"id":7499,"date":"2024-06-03T05:16:49","date_gmt":"2024-06-03T05:16:49","guid":{"rendered":"https:\/\/23b13e8ab3.nxcli.io\/switzerland\/?post_type=product&#038;p=7499"},"modified":"2024-08-27T07:05:36","modified_gmt":"2024-08-27T07:05:36","slug":"energizer-smart-colour-changing-led-lantern","status":"publish","type":"product","link":"https:\/\/energizer.com\/eu\/switzerland\/product\/energizer-smart-colour-changing-led-lantern\/","title":{"rendered":"Energizer SMART Colour Changing LED Lantern"},"content":{"rendered":"<ul>\n<li>La lanterne rechargeable Energizer SMART Colour Changing LED offre des utilisations polyvalentes avec un \u00e9clairage puissant \u00e0 l&#8217;int\u00e9rieur et \u00e0 l&#8217;ext\u00e9rieur<\/li>\n<li>R\u00e9glez la couleur et la luminosit\u00e9 de cette lanterne depuis votre appareil mobile \u00e0 l&#8217;aide de l&#8217;application gratuite<\/li>\n<li>Utilisable comme lanterne de camping, lors de soir\u00e9es pyjama, comme veilleuse ou comme \u00e9clairage d&#8217;urgence<\/li>\n<li>La lampe-lanterne de 1 200 lumens offre un \u00e9clairage puissant et lumineux \u00e0 360 degr\u00e9s, 12 fois plus lumineux que la technologie LED standard<\/li>\n<li>Lanterne r\u00e9sistante \u00e0 l&#8217;eau IPX4 avec lentille incassable et r\u00e9sistance aux chocs jusqu&#8217;\u00e0 1 m\u00e8tre<\/li>\n<li>La lanterne d&#8217;ext\u00e9rieur rechargeable peut \u00e9galement \u00eatre utilis\u00e9e pour recharger vos appareils. Elle est dot\u00e9e d&#8217;une base stable et d&#8217;une poign\u00e9e antid\u00e9rapante pour une utilisation polyvalente<\/li>\n<\/ul>\n","protected":false},"excerpt":{"rendered":"<p>La lanterne rechargeable Energizer SMART peut \u00eatre r\u00e9gl\u00e9e sur n&#8217;importe quelle couleur de l&#8217;arc-en-ciel \u00e0 partir de votre appareil mobile, en utilisant l&#8217;application gratuite sur les plateformes Android ou Apple. Utilisez la lanterne LED rechargeable comme lampe d&#8217;urgence ou comme lanterne amusante pour les soir\u00e9es pyjama et le camping. Avec 1 200 lumens, cette lampe LED offre un \u00e9clairage \u00e0 360 degr\u00e9s 12 fois plus lumineux que la technologie LED standard. Cette lanterne rechargeable peut durer jusqu&#8217;\u00e0 50 heures en mode bas et peut \u00e9galement \u00eatre utilis\u00e9e pour charger vos appareils via un port USB. La lanterne est dot\u00e9e d&#8217;une base stable et d&#8217;une poign\u00e9e antid\u00e9rapante. Faites confiance \u00e0 Energizer pour obtenir les performances puissantes que nous promettons.<\/p>\n","protected":false},"featured_media":0,"comment_status":"open","ping_status":"closed","template":"","meta":{"_acf_changed":false},"product_brand":[],"product_cat":[44],"product_tag":[],"class_list":{"0":"post-7499","1":"product","2":"type-product","3":"status-publish","5":"product_cat-area","6":"pa_uses-outdoor","8":"first","9":"instock","10":"shipping-taxable","11":"product-type-simple"},"acf":[],"yoast_head":"<!-- This site is optimized with the Yoast SEO plugin v27.2 - https:\/\/yoast.com\/product\/yoast-seo-wordpress\/ -->\n<title>Energizer SMART Colour Changing LED Lantern - Switzerland<\/title>\n<meta name=\"robots\" content=\"index, follow, max-snippet:-1, max-image-preview:large, max-video-preview:-1\" \/>\n<link rel=\"canonical\" href=\"https:\/\/energizer.com\/eu\/switzerland\/product\/energizer-smart-colour-changing-led-lantern\/\" \/>\n<meta property=\"og:locale\" content=\"en_US\" \/>\n<meta property=\"og:type\" content=\"article\" \/>\n<meta property=\"og:title\" content=\"Energizer SMART Colour Changing LED Lantern - Switzerland\" \/>\n<meta property=\"og:description\" content=\"La lanterne rechargeable Energizer SMART peut \u00eatre r\u00e9gl\u00e9e sur n&#039;importe quelle couleur de l&#039;arc-en-ciel \u00e0 partir de votre appareil mobile, en utilisant l&#039;application gratuite sur les plateformes Android ou Apple. Utilisez la lanterne LED rechargeable comme lampe d&#039;urgence ou comme lanterne amusante pour les soir\u00e9es pyjama et le camping. Avec 1 200 lumens, cette lampe LED offre un \u00e9clairage \u00e0 360 degr\u00e9s 12 fois plus lumineux que la technologie LED standard. Cette lanterne rechargeable peut durer jusqu&#039;\u00e0 50 heures en mode bas et peut \u00e9galement \u00eatre utilis\u00e9e pour charger vos appareils via un port USB. La lanterne est dot\u00e9e d&#039;une base stable et d&#039;une poign\u00e9e antid\u00e9rapante. Faites confiance \u00e0 Energizer pour obtenir les performances puissantes que nous promettons.\" \/>\n<meta property=\"og:url\" content=\"https:\/\/energizer.com\/eu\/switzerland\/product\/energizer-smart-colour-changing-led-lantern\/\" \/>\n<meta property=\"og:site_name\" content=\"Switzerland\" \/>\n<meta property=\"article:modified_time\" content=\"2024-08-27T07:05:36+00:00\" \/>\n<meta name=\"twitter:card\" content=\"summary_large_image\" \/>\n<script type=\"application\/ld+json\" class=\"yoast-schema-graph\">{\"@context\":\"https:\/\/schema.org\",\"@graph\":[{\"@type\":\"WebPage\",\"@id\":\"https:\/\/energizer.com\/eu\/switzerland\/product\/energizer-smart-colour-changing-led-lantern\/\",\"url\":\"https:\/\/energizer.com\/eu\/switzerland\/product\/energizer-smart-colour-changing-led-lantern\/\",\"name\":\"Energizer SMART Colour Changing LED Lantern - Switzerland\",\"isPartOf\":{\"@id\":\"https:\/\/energizer.com\/eu\/switzerland\/#website\"},\"datePublished\":\"2024-06-03T05:16:49+00:00\",\"dateModified\":\"2024-08-27T07:05:36+00:00\",\"breadcrumb\":{\"@id\":\"https:\/\/energizer.com\/eu\/switzerland\/product\/energizer-smart-colour-changing-led-lantern\/#breadcrumb\"},\"inLanguage\":\"en-US\",\"potentialAction\":[{\"@type\":\"ReadAction\",\"target\":[\"https:\/\/energizer.com\/eu\/switzerland\/product\/energizer-smart-colour-changing-led-lantern\/\"]}]},{\"@type\":\"BreadcrumbList\",\"@id\":\"https:\/\/energizer.com\/eu\/switzerland\/product\/energizer-smart-colour-changing-led-lantern\/#breadcrumb\",\"itemListElement\":[{\"@type\":\"ListItem\",\"position\":1,\"name\":\"Home\",\"item\":\"https:\/\/energizer.com\/eu\/switzerland\/\"},{\"@type\":\"ListItem\",\"position\":2,\"name\":\"Energizer SMART Colour Changing LED Lantern\"}]},{\"@type\":\"WebSite\",\"@id\":\"https:\/\/energizer.com\/eu\/switzerland\/#website\",\"url\":\"https:\/\/energizer.com\/eu\/switzerland\/\",\"name\":\"Energizer Switzerland (FR)\",\"description\":\"\",\"publisher\":{\"@id\":\"https:\/\/energizer.com\/eu\/switzerland\/#organization\"},\"potentialAction\":[{\"@type\":\"SearchAction\",\"target\":{\"@type\":\"EntryPoint\",\"urlTemplate\":\"https:\/\/energizer.com\/eu\/switzerland\/?s={search_term_string}\"},\"query-input\":{\"@type\":\"PropertyValueSpecification\",\"valueRequired\":true,\"valueName\":\"search_term_string\"}}],\"inLanguage\":\"en-US\"},{\"@type\":\"Organization\",\"@id\":\"https:\/\/energizer.com\/eu\/switzerland\/#organization\",\"name\":\"Energizer Switzerland (FR)\",\"url\":\"https:\/\/energizer.com\/eu\/switzerland\/\",\"logo\":{\"@type\":\"ImageObject\",\"inLanguage\":\"en-US\",\"@id\":\"https:\/\/energizer.com\/eu\/switzerland\/#\/schema\/logo\/image\/\",\"url\":\"https:\/\/energizer.com\/eu\/switzerland\/wp-content\/uploads\/sites\/58\/2024\/04\/Energizer_brand.png\",\"contentUrl\":\"https:\/\/energizer.com\/eu\/switzerland\/wp-content\/uploads\/sites\/58\/2024\/04\/Energizer_brand.png\",\"width\":267,\"height\":100,\"caption\":\"Energizer Switzerland (FR)\"},\"image\":{\"@id\":\"https:\/\/energizer.com\/eu\/switzerland\/#\/schema\/logo\/image\/\"}}]}<\/script>\n<!-- \/ Yoast SEO plugin. -->","yoast_head_json":{"title":"Energizer SMART Colour Changing LED Lantern - Switzerland","robots":{"index":"index","follow":"follow","max-snippet":"max-snippet:-1","max-image-preview":"max-image-preview:large","max-video-preview":"max-video-preview:-1"},"canonical":"https:\/\/energizer.com\/eu\/switzerland\/product\/energizer-smart-colour-changing-led-lantern\/","og_locale":"en_US","og_type":"article","og_title":"Energizer SMART Colour Changing LED Lantern - Switzerland","og_description":"La lanterne rechargeable Energizer SMART peut \u00eatre r\u00e9gl\u00e9e sur n'importe quelle couleur de l'arc-en-ciel \u00e0 partir de votre appareil mobile, en utilisant l'application gratuite sur les plateformes Android ou Apple. Utilisez la lanterne LED rechargeable comme lampe d'urgence ou comme lanterne amusante pour les soir\u00e9es pyjama et le camping. Avec 1 200 lumens, cette lampe LED offre un \u00e9clairage \u00e0 360 degr\u00e9s 12 fois plus lumineux que la technologie LED standard. Cette lanterne rechargeable peut durer jusqu'\u00e0 50 heures en mode bas et peut \u00e9galement \u00eatre utilis\u00e9e pour charger vos appareils via un port USB. La lanterne est dot\u00e9e d'une base stable et d'une poign\u00e9e antid\u00e9rapante. Faites confiance \u00e0 Energizer pour obtenir les performances puissantes que nous promettons.","og_url":"https:\/\/energizer.com\/eu\/switzerland\/product\/energizer-smart-colour-changing-led-lantern\/","og_site_name":"Switzerland","article_modified_time":"2024-08-27T07:05:36+00:00","twitter_card":"summary_large_image","schema":{"@context":"https:\/\/schema.org","@graph":[{"@type":"WebPage","@id":"https:\/\/energizer.com\/eu\/switzerland\/product\/energizer-smart-colour-changing-led-lantern\/","url":"https:\/\/energizer.com\/eu\/switzerland\/product\/energizer-smart-colour-changing-led-lantern\/","name":"Energizer SMART Colour Changing LED Lantern - Switzerland","isPartOf":{"@id":"https:\/\/energizer.com\/eu\/switzerland\/#website"},"datePublished":"2024-06-03T05:16:49+00:00","dateModified":"2024-08-27T07:05:36+00:00","breadcrumb":{"@id":"https:\/\/energizer.com\/eu\/switzerland\/product\/energizer-smart-colour-changing-led-lantern\/#breadcrumb"},"inLanguage":"en-US","potentialAction":[{"@type":"ReadAction","target":["https:\/\/energizer.com\/eu\/switzerland\/product\/energizer-smart-colour-changing-led-lantern\/"]}]},{"@type":"BreadcrumbList","@id":"https:\/\/energizer.com\/eu\/switzerland\/product\/energizer-smart-colour-changing-led-lantern\/#breadcrumb","itemListElement":[{"@type":"ListItem","position":1,"name":"Home","item":"https:\/\/energizer.com\/eu\/switzerland\/"},{"@type":"ListItem","position":2,"name":"Energizer SMART Colour Changing LED Lantern"}]},{"@type":"WebSite","@id":"https:\/\/energizer.com\/eu\/switzerland\/#website","url":"https:\/\/energizer.com\/eu\/switzerland\/","name":"Energizer Switzerland (FR)","description":"","publisher":{"@id":"https:\/\/energizer.com\/eu\/switzerland\/#organization"},"potentialAction":[{"@type":"SearchAction","target":{"@type":"EntryPoint","urlTemplate":"https:\/\/energizer.com\/eu\/switzerland\/?s={search_term_string}"},"query-input":{"@type":"PropertyValueSpecification","valueRequired":true,"valueName":"search_term_string"}}],"inLanguage":"en-US"},{"@type":"Organization","@id":"https:\/\/energizer.com\/eu\/switzerland\/#organization","name":"Energizer Switzerland (FR)","url":"https:\/\/energizer.com\/eu\/switzerland\/","logo":{"@type":"ImageObject","inLanguage":"en-US","@id":"https:\/\/energizer.com\/eu\/switzerland\/#\/schema\/logo\/image\/","url":"https:\/\/energizer.com\/eu\/switzerland\/wp-content\/uploads\/sites\/58\/2024\/04\/Energizer_brand.png","contentUrl":"https:\/\/energizer.com\/eu\/switzerland\/wp-content\/uploads\/sites\/58\/2024\/04\/Energizer_brand.png","width":267,"height":100,"caption":"Energizer Switzerland (FR)"},"image":{"@id":"https:\/\/energizer.com\/eu\/switzerland\/#\/schema\/logo\/image\/"}}]}},"_links":{"self":[{"href":"https:\/\/energizer.com\/eu\/switzerland\/wp-json\/wp\/v2\/product\/7499","targetHints":{"allow":["GET"]}}],"collection":[{"href":"https:\/\/energizer.com\/eu\/switzerland\/wp-json\/wp\/v2\/product"}],"about":[{"href":"https:\/\/energizer.com\/eu\/switzerland\/wp-json\/wp\/v2\/types\/product"}],"replies":[{"embeddable":true,"href":"https:\/\/energizer.com\/eu\/switzerland\/wp-json\/wp\/v2\/comments?post=7499"}],"version-history":[{"count":4,"href":"https:\/\/energizer.com\/eu\/switzerland\/wp-json\/wp\/v2\/product\/7499\/revisions"}],"predecessor-version":[{"id":9727,"href":"https:\/\/energizer.com\/eu\/switzerland\/wp-json\/wp\/v2\/product\/7499\/revisions\/9727"}],"wp:attachment":[{"href":"https:\/\/energizer.com\/eu\/switzerland\/wp-json\/wp\/v2\/media?parent=7499"}],"wp:term":[{"taxonomy":"product_brand","embeddable":true,"href":"https:\/\/energizer.com\/eu\/switzerland\/wp-json\/wp\/v2\/product_brand?post=7499"},{"taxonomy":"product_cat","embeddable":true,"href":"https:\/\/energizer.com\/eu\/switzerland\/wp-json\/wp\/v2\/product_cat?post=7499"},{"taxonomy":"product_tag","embeddable":true,"href":"https:\/\/energizer.com\/eu\/switzerland\/wp-json\/wp\/v2\/product_tag?post=7499"}],"curies":[{"name":"wp","href":"https:\/\/api.w.org\/{rel}","templated":true}]}}