{"id":7500,"date":"2024-06-03T05:16:49","date_gmt":"2024-06-03T05:16:49","guid":{"rendered":"https:\/\/23b13e8ab3.nxcli.io\/switzerland\/?post_type=product&#038;p=7500"},"modified":"2024-12-31T05:03:29","modified_gmt":"2024-12-31T05:03:29","slug":"enr-eu-360-lantern-500-lan-os-esal351b","status":"publish","type":"product","link":"https:\/\/energizer.com\/eu\/switzerland\/product\/enr-eu-360-lantern-500-lan-os-esal351b\/","title":{"rendered":"Energizer LED Emergency Lantern 500"},"content":{"rendered":"<ul>\n<li>La lanterne d&#8217;urgence LED Energizer fonctionne avec 3 piles D Energizer MAX pour une puissance maximale, ou 3 piles AA Energizer MAX pour une puissance plus faible (piles non incluses)<\/li>\n<li>D\u00e9livre jusqu&#8217;\u00e0 500 lumens* en mode \u00e9lev\u00e9, offrant une visibilit\u00e9 brillante et lumineuse pour toute une s\u00e9rie de t\u00e2ches, du camping nocturne aux pannes d&#8217;\u00e9lectricit\u00e9 pendant les orages, en passant par les travaux m\u00e9nagers<\/li>\n<li>Passe d&#8217;un mode d&#8217;\u00e9clairage \u00e0 l&#8217;autre (haut, bas et veilleuse) d&#8217;un simple clic sur un bouton qui brille dans l&#8217;obscurit\u00e9<\/li>\n<li>Fonctionne jusqu&#8217;\u00e0 650 heures en mode faible pour une lampe portable qui dure<\/li>\n<li>Durable et robuste, la construction \u00e9tanche r\u00e9siste aux \u00e9claboussures<\/li>\n<li>Fournit un \u00e9clairage extraordinaire de 360\u00b0 \u00e0 l&#8217;int\u00e9rieur d&#8217;une pi\u00e8ce, en appuyant sur son bouton d&#8217;\u00e9clairage dans l&#8217;obscurit\u00e9<\/li>\n<\/ul>\n","protected":false},"excerpt":{"rendered":"<p>360\u00b0 d&#8217;\u00e9clairage \u00e0 main pour remplir la pi\u00e8ce : C&#8217;est ce que vous offre la lanterne d&#8217;urgence \u00e0 LED Energizer. Avec jusqu&#8217;\u00e0 500 lumens*, la lumi\u00e8re LED de cette puissante lanterne remplit les pi\u00e8ces int\u00e9rieures de mur \u00e0 mur. Besoin d&#8217;un \u00e9clairage ext\u00e9rieur ? Pas de probl\u00e8me. Cette lanterne portative \u00e9claire \u00e9galement l&#8217;ext\u00e9rieur, pour que vous ne soyez jamais dans l&#8217;obscurit\u00e9. Elle est id\u00e9ale dans toutes les situations, que ce soit pour le camping ou la randonn\u00e9e, les pannes de courant et les orages, ou pour travailler dans les coins et recoins sombres de votre maison. De plus, cette lanterne d&#8217;urgence Energizer fonctionne avec 3 piles D Energizer MAX pour une puissance maximale, ou 3 piles AA Energizer MAX pour une puissance plus faible en cas de coup dur. Allumez-la \u00e0 l&#8217;aide de son bouton phosphorescent facile \u00e0 rep\u00e9rer et choisissez entre 3 modes de luminosit\u00e9 : \u00e9lev\u00e9e, faible et veilleuse. Cette lampe de poche Energizer LED Emergency Lantern est un excellent choix par tous les temps gr\u00e2ce \u00e0 sa construction r\u00e9sistante \u00e0 l&#8217;eau. Gardez la lanterne Energizer LED Emergency Lantern \u00e0 port\u00e9e de main et soyez pr\u00eat \u00e0 partir \u00e0 l&#8217;aventure. * La puissance lumineuse est mesur\u00e9e \u00e0 partir de la LED. La valeur ne s&#8217;applique qu&#8217;\u00e0 la LED. La puissance lumineuse r\u00e9elle de l&#8217;appareil peut varier.<\/p>\n","protected":false},"featured_media":0,"comment_status":"open","ping_status":"closed","template":"","meta":{"_acf_changed":false},"product_brand":[],"product_cat":[44],"product_tag":[],"class_list":{"0":"post-7500","1":"product","2":"type-product","3":"status-publish","5":"product_cat-area","6":"pa_uses-outdoor","8":"first","9":"instock","10":"shipping-taxable","11":"product-type-simple"},"acf":[],"yoast_head":"<!-- This site is optimized with the Yoast SEO plugin v27.2 - https:\/\/yoast.com\/product\/yoast-seo-wordpress\/ -->\n<title>Energizer LED Emergency Lantern 500 - Switzerland<\/title>\n<meta name=\"robots\" content=\"index, follow, max-snippet:-1, max-image-preview:large, max-video-preview:-1\" \/>\n<link rel=\"canonical\" href=\"https:\/\/energizer.com\/eu\/switzerland\/product\/enr-eu-360-lantern-500-lan-os-esal351b\/\" \/>\n<meta property=\"og:locale\" content=\"en_US\" \/>\n<meta property=\"og:type\" content=\"article\" \/>\n<meta property=\"og:title\" content=\"Energizer LED Emergency Lantern 500 - Switzerland\" \/>\n<meta property=\"og:description\" content=\"360\u00b0 d&#039;\u00e9clairage \u00e0 main pour remplir la pi\u00e8ce : C&#039;est ce que vous offre la lanterne d&#039;urgence \u00e0 LED Energizer. Avec jusqu&#039;\u00e0 500 lumens*, la lumi\u00e8re LED de cette puissante lanterne remplit les pi\u00e8ces int\u00e9rieures de mur \u00e0 mur. Besoin d&#039;un \u00e9clairage ext\u00e9rieur ? Pas de probl\u00e8me. Cette lanterne portative \u00e9claire \u00e9galement l&#039;ext\u00e9rieur, pour que vous ne soyez jamais dans l&#039;obscurit\u00e9. Elle est id\u00e9ale dans toutes les situations, que ce soit pour le camping ou la randonn\u00e9e, les pannes de courant et les orages, ou pour travailler dans les coins et recoins sombres de votre maison. De plus, cette lanterne d&#039;urgence Energizer fonctionne avec 3 piles D Energizer MAX pour une puissance maximale, ou 3 piles AA Energizer MAX pour une puissance plus faible en cas de coup dur. Allumez-la \u00e0 l&#039;aide de son bouton phosphorescent facile \u00e0 rep\u00e9rer et choisissez entre 3 modes de luminosit\u00e9 : \u00e9lev\u00e9e, faible et veilleuse. Cette lampe de poche Energizer LED Emergency Lantern est un excellent choix par tous les temps gr\u00e2ce \u00e0 sa construction r\u00e9sistante \u00e0 l&#039;eau. Gardez la lanterne Energizer LED Emergency Lantern \u00e0 port\u00e9e de main et soyez pr\u00eat \u00e0 partir \u00e0 l&#039;aventure. * La puissance lumineuse est mesur\u00e9e \u00e0 partir de la LED. La valeur ne s&#039;applique qu&#039;\u00e0 la LED. La puissance lumineuse r\u00e9elle de l&#039;appareil peut varier.\" \/>\n<meta property=\"og:url\" content=\"https:\/\/energizer.com\/eu\/switzerland\/product\/enr-eu-360-lantern-500-lan-os-esal351b\/\" \/>\n<meta property=\"og:site_name\" content=\"Switzerland\" \/>\n<meta property=\"article:modified_time\" content=\"2024-12-31T05:03:29+00:00\" \/>\n<meta name=\"twitter:card\" content=\"summary_large_image\" \/>\n<script type=\"application\/ld+json\" class=\"yoast-schema-graph\">{\"@context\":\"https:\/\/schema.org\",\"@graph\":[{\"@type\":\"WebPage\",\"@id\":\"https:\/\/energizer.com\/eu\/switzerland\/product\/enr-eu-360-lantern-500-lan-os-esal351b\/\",\"url\":\"https:\/\/energizer.com\/eu\/switzerland\/product\/enr-eu-360-lantern-500-lan-os-esal351b\/\",\"name\":\"Energizer LED Emergency Lantern 500 - Switzerland\",\"isPartOf\":{\"@id\":\"https:\/\/energizer.com\/eu\/switzerland\/#website\"},\"datePublished\":\"2024-06-03T05:16:49+00:00\",\"dateModified\":\"2024-12-31T05:03:29+00:00\",\"breadcrumb\":{\"@id\":\"https:\/\/energizer.com\/eu\/switzerland\/product\/enr-eu-360-lantern-500-lan-os-esal351b\/#breadcrumb\"},\"inLanguage\":\"en-US\",\"potentialAction\":[{\"@type\":\"ReadAction\",\"target\":[\"https:\/\/energizer.com\/eu\/switzerland\/product\/enr-eu-360-lantern-500-lan-os-esal351b\/\"]}]},{\"@type\":\"BreadcrumbList\",\"@id\":\"https:\/\/energizer.com\/eu\/switzerland\/product\/enr-eu-360-lantern-500-lan-os-esal351b\/#breadcrumb\",\"itemListElement\":[{\"@type\":\"ListItem\",\"position\":1,\"name\":\"Home\",\"item\":\"https:\/\/energizer.com\/eu\/switzerland\/\"},{\"@type\":\"ListItem\",\"position\":2,\"name\":\"ENR EU 360 LANTERN 500 LAN OS ESAL351B\"}]},{\"@type\":\"WebSite\",\"@id\":\"https:\/\/energizer.com\/eu\/switzerland\/#website\",\"url\":\"https:\/\/energizer.com\/eu\/switzerland\/\",\"name\":\"Energizer Switzerland (FR)\",\"description\":\"\",\"publisher\":{\"@id\":\"https:\/\/energizer.com\/eu\/switzerland\/#organization\"},\"potentialAction\":[{\"@type\":\"SearchAction\",\"target\":{\"@type\":\"EntryPoint\",\"urlTemplate\":\"https:\/\/energizer.com\/eu\/switzerland\/?s={search_term_string}\"},\"query-input\":{\"@type\":\"PropertyValueSpecification\",\"valueRequired\":true,\"valueName\":\"search_term_string\"}}],\"inLanguage\":\"en-US\"},{\"@type\":\"Organization\",\"@id\":\"https:\/\/energizer.com\/eu\/switzerland\/#organization\",\"name\":\"Energizer Switzerland (FR)\",\"url\":\"https:\/\/energizer.com\/eu\/switzerland\/\",\"logo\":{\"@type\":\"ImageObject\",\"inLanguage\":\"en-US\",\"@id\":\"https:\/\/energizer.com\/eu\/switzerland\/#\/schema\/logo\/image\/\",\"url\":\"https:\/\/energizer.com\/eu\/switzerland\/wp-content\/uploads\/sites\/58\/2024\/04\/Energizer_brand.png\",\"contentUrl\":\"https:\/\/energizer.com\/eu\/switzerland\/wp-content\/uploads\/sites\/58\/2024\/04\/Energizer_brand.png\",\"width\":267,\"height\":100,\"caption\":\"Energizer Switzerland (FR)\"},\"image\":{\"@id\":\"https:\/\/energizer.com\/eu\/switzerland\/#\/schema\/logo\/image\/\"}}]}<\/script>\n<!-- \/ Yoast SEO plugin. -->","yoast_head_json":{"title":"Energizer LED Emergency Lantern 500 - Switzerland","robots":{"index":"index","follow":"follow","max-snippet":"max-snippet:-1","max-image-preview":"max-image-preview:large","max-video-preview":"max-video-preview:-1"},"canonical":"https:\/\/energizer.com\/eu\/switzerland\/product\/enr-eu-360-lantern-500-lan-os-esal351b\/","og_locale":"en_US","og_type":"article","og_title":"Energizer LED Emergency Lantern 500 - Switzerland","og_description":"360\u00b0 d'\u00e9clairage \u00e0 main pour remplir la pi\u00e8ce : C'est ce que vous offre la lanterne d'urgence \u00e0 LED Energizer. Avec jusqu'\u00e0 500 lumens*, la lumi\u00e8re LED de cette puissante lanterne remplit les pi\u00e8ces int\u00e9rieures de mur \u00e0 mur. Besoin d'un \u00e9clairage ext\u00e9rieur ? Pas de probl\u00e8me. Cette lanterne portative \u00e9claire \u00e9galement l'ext\u00e9rieur, pour que vous ne soyez jamais dans l'obscurit\u00e9. Elle est id\u00e9ale dans toutes les situations, que ce soit pour le camping ou la randonn\u00e9e, les pannes de courant et les orages, ou pour travailler dans les coins et recoins sombres de votre maison. De plus, cette lanterne d'urgence Energizer fonctionne avec 3 piles D Energizer MAX pour une puissance maximale, ou 3 piles AA Energizer MAX pour une puissance plus faible en cas de coup dur. Allumez-la \u00e0 l'aide de son bouton phosphorescent facile \u00e0 rep\u00e9rer et choisissez entre 3 modes de luminosit\u00e9 : \u00e9lev\u00e9e, faible et veilleuse. Cette lampe de poche Energizer LED Emergency Lantern est un excellent choix par tous les temps gr\u00e2ce \u00e0 sa construction r\u00e9sistante \u00e0 l'eau. Gardez la lanterne Energizer LED Emergency Lantern \u00e0 port\u00e9e de main et soyez pr\u00eat \u00e0 partir \u00e0 l'aventure. * La puissance lumineuse est mesur\u00e9e \u00e0 partir de la LED. La valeur ne s'applique qu'\u00e0 la LED. La puissance lumineuse r\u00e9elle de l'appareil peut varier.","og_url":"https:\/\/energizer.com\/eu\/switzerland\/product\/enr-eu-360-lantern-500-lan-os-esal351b\/","og_site_name":"Switzerland","article_modified_time":"2024-12-31T05:03:29+00:00","twitter_card":"summary_large_image","schema":{"@context":"https:\/\/schema.org","@graph":[{"@type":"WebPage","@id":"https:\/\/energizer.com\/eu\/switzerland\/product\/enr-eu-360-lantern-500-lan-os-esal351b\/","url":"https:\/\/energizer.com\/eu\/switzerland\/product\/enr-eu-360-lantern-500-lan-os-esal351b\/","name":"Energizer LED Emergency Lantern 500 - Switzerland","isPartOf":{"@id":"https:\/\/energizer.com\/eu\/switzerland\/#website"},"datePublished":"2024-06-03T05:16:49+00:00","dateModified":"2024-12-31T05:03:29+00:00","breadcrumb":{"@id":"https:\/\/energizer.com\/eu\/switzerland\/product\/enr-eu-360-lantern-500-lan-os-esal351b\/#breadcrumb"},"inLanguage":"en-US","potentialAction":[{"@type":"ReadAction","target":["https:\/\/energizer.com\/eu\/switzerland\/product\/enr-eu-360-lantern-500-lan-os-esal351b\/"]}]},{"@type":"BreadcrumbList","@id":"https:\/\/energizer.com\/eu\/switzerland\/product\/enr-eu-360-lantern-500-lan-os-esal351b\/#breadcrumb","itemListElement":[{"@type":"ListItem","position":1,"name":"Home","item":"https:\/\/energizer.com\/eu\/switzerland\/"},{"@type":"ListItem","position":2,"name":"ENR EU 360 LANTERN 500 LAN OS ESAL351B"}]},{"@type":"WebSite","@id":"https:\/\/energizer.com\/eu\/switzerland\/#website","url":"https:\/\/energizer.com\/eu\/switzerland\/","name":"Energizer Switzerland (FR)","description":"","publisher":{"@id":"https:\/\/energizer.com\/eu\/switzerland\/#organization"},"potentialAction":[{"@type":"SearchAction","target":{"@type":"EntryPoint","urlTemplate":"https:\/\/energizer.com\/eu\/switzerland\/?s={search_term_string}"},"query-input":{"@type":"PropertyValueSpecification","valueRequired":true,"valueName":"search_term_string"}}],"inLanguage":"en-US"},{"@type":"Organization","@id":"https:\/\/energizer.com\/eu\/switzerland\/#organization","name":"Energizer Switzerland (FR)","url":"https:\/\/energizer.com\/eu\/switzerland\/","logo":{"@type":"ImageObject","inLanguage":"en-US","@id":"https:\/\/energizer.com\/eu\/switzerland\/#\/schema\/logo\/image\/","url":"https:\/\/energizer.com\/eu\/switzerland\/wp-content\/uploads\/sites\/58\/2024\/04\/Energizer_brand.png","contentUrl":"https:\/\/energizer.com\/eu\/switzerland\/wp-content\/uploads\/sites\/58\/2024\/04\/Energizer_brand.png","width":267,"height":100,"caption":"Energizer Switzerland (FR)"},"image":{"@id":"https:\/\/energizer.com\/eu\/switzerland\/#\/schema\/logo\/image\/"}}]}},"_links":{"self":[{"href":"https:\/\/energizer.com\/eu\/switzerland\/wp-json\/wp\/v2\/product\/7500","targetHints":{"allow":["GET"]}}],"collection":[{"href":"https:\/\/energizer.com\/eu\/switzerland\/wp-json\/wp\/v2\/product"}],"about":[{"href":"https:\/\/energizer.com\/eu\/switzerland\/wp-json\/wp\/v2\/types\/product"}],"replies":[{"embeddable":true,"href":"https:\/\/energizer.com\/eu\/switzerland\/wp-json\/wp\/v2\/comments?post=7500"}],"version-history":[{"count":5,"href":"https:\/\/energizer.com\/eu\/switzerland\/wp-json\/wp\/v2\/product\/7500\/revisions"}],"predecessor-version":[{"id":9974,"href":"https:\/\/energizer.com\/eu\/switzerland\/wp-json\/wp\/v2\/product\/7500\/revisions\/9974"}],"wp:attachment":[{"href":"https:\/\/energizer.com\/eu\/switzerland\/wp-json\/wp\/v2\/media?parent=7500"}],"wp:term":[{"taxonomy":"product_brand","embeddable":true,"href":"https:\/\/energizer.com\/eu\/switzerland\/wp-json\/wp\/v2\/product_brand?post=7500"},{"taxonomy":"product_cat","embeddable":true,"href":"https:\/\/energizer.com\/eu\/switzerland\/wp-json\/wp\/v2\/product_cat?post=7500"},{"taxonomy":"product_tag","embeddable":true,"href":"https:\/\/energizer.com\/eu\/switzerland\/wp-json\/wp\/v2\/product_tag?post=7500"}],"curies":[{"name":"wp","href":"https:\/\/api.w.org\/{rel}","templated":true}]}}