{"id":7502,"date":"2024-06-03T05:16:50","date_gmt":"2024-06-03T05:16:50","guid":{"rendered":"https:\/\/23b13e8ab3.nxcli.io\/switzerland\/?post_type=product&#038;p=7502"},"modified":"2024-08-27T07:06:29","modified_gmt":"2024-08-27T07:06:29","slug":"energizer-led-panel-light","status":"publish","type":"product","link":"https:\/\/energizer.com\/eu\/switzerland\/product\/energizer-led-panel-light\/","title":{"rendered":"Energizer LED Panel Light"},"content":{"rendered":"<ul>\n<li>Panneau lumineux Energizer avec deux lampes LED \u00e0 180\u00b0 et c\u00e2ble de chargement<\/li>\n<li>Lumi\u00e8re puissante : Cette lampe de travail \u00e0 LED de 1100 lumens offre une luminosit\u00e9 exceptionnelle et de hautes performances, aliment\u00e9e par une batterie lithium-ion<\/li>\n<li>Alimentation rechargeable : Utilisez le port de sortie USB pour charger votre t\u00e9l\u00e9phone ou tout autre appareil intelligent<\/li>\n<li>Construction durable : Id\u00e9ale pour une utilisation de longue dur\u00e9e, cette lampe durable est r\u00e9sistante \u00e0 l&#8217;eau IPX4<\/li>\n<li>Utilisation mains libres polyvalente : cette lampe rechargeable facile \u00e0 utiliser est id\u00e9ale pour le bricolage, les projets de travail et bien plus encore<\/li>\n<li>\u00c9clairage flexible : Avec deux panneaux d&#8217;\u00e9clairage LED pliables \u00e0 180\u00b0, vous pouvez m\u00eame \u00e9clairer deux zones \u00e0 la fois<\/li>\n<li>Conception facile \u00e0 prendre en main : Cette lampe pliante est dot\u00e9e d&#8217;une poign\u00e9e r\u00e9glable, ce qui permet de la positionner de mani\u00e8re polyvalente pour n&#8217;importe quelle t\u00e2che<\/li>\n<\/ul>\n","protected":false},"excerpt":{"rendered":"<p>Illuminez votre environnement sans effort avec cette lampe de travail rechargeable haute performance. Le panneau lumineux Energizer offre une luminosit\u00e9 exceptionnelle et est id\u00e9al pour le camping, le bricolage ou les projets de travail. Ce panneau lumineux \u00e0 LED de 1100 lumens offre un positionnement polyvalent pour \u00e9clairer m\u00eame les espaces les plus sombres. Dirigez la lumi\u00e8re l\u00e0 o\u00f9 vous en avez besoin, en utilisant les deux lampes LED r\u00e9glables \u00e0 180\u00b0 pour un \u00e9clairage flexible. Son design facile \u00e0 saisir la rend incroyablement polyvalente, vous pouvez donc la suspendre n&#8217;importe o\u00f9 ou simplement la poser sur le sol. La batterie rechargeable avec indicateur de niveau vous permet de vous assurer que votre batterie est toujours charg\u00e9e, gr\u00e2ce au c\u00e2ble de chargement fourni.<\/p>\n","protected":false},"featured_media":0,"comment_status":"open","ping_status":"closed","template":"","meta":{"_acf_changed":false},"product_brand":[],"product_cat":[44],"product_tag":[],"class_list":{"0":"post-7502","1":"product","2":"type-product","3":"status-publish","5":"product_cat-area","6":"pa_uses-preparedness","8":"first","9":"instock","10":"shipping-taxable","11":"product-type-simple"},"acf":[],"yoast_head":"<!-- This site is optimized with the Yoast SEO plugin v27.2 - https:\/\/yoast.com\/product\/yoast-seo-wordpress\/ -->\n<title>Energizer LED Panel Light - Switzerland<\/title>\n<meta name=\"robots\" content=\"index, follow, max-snippet:-1, max-image-preview:large, max-video-preview:-1\" \/>\n<link rel=\"canonical\" href=\"https:\/\/energizer.com\/eu\/switzerland\/product\/energizer-led-panel-light\/\" \/>\n<meta property=\"og:locale\" content=\"en_US\" \/>\n<meta property=\"og:type\" content=\"article\" \/>\n<meta property=\"og:title\" content=\"Energizer LED Panel Light - Switzerland\" \/>\n<meta property=\"og:description\" content=\"Illuminez votre environnement sans effort avec cette lampe de travail rechargeable haute performance. Le panneau lumineux Energizer offre une luminosit\u00e9 exceptionnelle et est id\u00e9al pour le camping, le bricolage ou les projets de travail. Ce panneau lumineux \u00e0 LED de 1100 lumens offre un positionnement polyvalent pour \u00e9clairer m\u00eame les espaces les plus sombres. Dirigez la lumi\u00e8re l\u00e0 o\u00f9 vous en avez besoin, en utilisant les deux lampes LED r\u00e9glables \u00e0 180\u00b0 pour un \u00e9clairage flexible. Son design facile \u00e0 saisir la rend incroyablement polyvalente, vous pouvez donc la suspendre n&#039;importe o\u00f9 ou simplement la poser sur le sol. La batterie rechargeable avec indicateur de niveau vous permet de vous assurer que votre batterie est toujours charg\u00e9e, gr\u00e2ce au c\u00e2ble de chargement fourni.\" \/>\n<meta property=\"og:url\" content=\"https:\/\/energizer.com\/eu\/switzerland\/product\/energizer-led-panel-light\/\" \/>\n<meta property=\"og:site_name\" content=\"Switzerland\" \/>\n<meta property=\"article:modified_time\" content=\"2024-08-27T07:06:29+00:00\" \/>\n<meta name=\"twitter:card\" content=\"summary_large_image\" \/>\n<script type=\"application\/ld+json\" class=\"yoast-schema-graph\">{\"@context\":\"https:\/\/schema.org\",\"@graph\":[{\"@type\":\"WebPage\",\"@id\":\"https:\/\/energizer.com\/eu\/switzerland\/product\/energizer-led-panel-light\/\",\"url\":\"https:\/\/energizer.com\/eu\/switzerland\/product\/energizer-led-panel-light\/\",\"name\":\"Energizer LED Panel Light - Switzerland\",\"isPartOf\":{\"@id\":\"https:\/\/energizer.com\/eu\/switzerland\/#website\"},\"datePublished\":\"2024-06-03T05:16:50+00:00\",\"dateModified\":\"2024-08-27T07:06:29+00:00\",\"breadcrumb\":{\"@id\":\"https:\/\/energizer.com\/eu\/switzerland\/product\/energizer-led-panel-light\/#breadcrumb\"},\"inLanguage\":\"en-US\",\"potentialAction\":[{\"@type\":\"ReadAction\",\"target\":[\"https:\/\/energizer.com\/eu\/switzerland\/product\/energizer-led-panel-light\/\"]}]},{\"@type\":\"BreadcrumbList\",\"@id\":\"https:\/\/energizer.com\/eu\/switzerland\/product\/energizer-led-panel-light\/#breadcrumb\",\"itemListElement\":[{\"@type\":\"ListItem\",\"position\":1,\"name\":\"Home\",\"item\":\"https:\/\/energizer.com\/eu\/switzerland\/\"},{\"@type\":\"ListItem\",\"position\":2,\"name\":\"Energizer LED Panel Light\"}]},{\"@type\":\"WebSite\",\"@id\":\"https:\/\/energizer.com\/eu\/switzerland\/#website\",\"url\":\"https:\/\/energizer.com\/eu\/switzerland\/\",\"name\":\"Energizer Switzerland (FR)\",\"description\":\"\",\"publisher\":{\"@id\":\"https:\/\/energizer.com\/eu\/switzerland\/#organization\"},\"potentialAction\":[{\"@type\":\"SearchAction\",\"target\":{\"@type\":\"EntryPoint\",\"urlTemplate\":\"https:\/\/energizer.com\/eu\/switzerland\/?s={search_term_string}\"},\"query-input\":{\"@type\":\"PropertyValueSpecification\",\"valueRequired\":true,\"valueName\":\"search_term_string\"}}],\"inLanguage\":\"en-US\"},{\"@type\":\"Organization\",\"@id\":\"https:\/\/energizer.com\/eu\/switzerland\/#organization\",\"name\":\"Energizer Switzerland (FR)\",\"url\":\"https:\/\/energizer.com\/eu\/switzerland\/\",\"logo\":{\"@type\":\"ImageObject\",\"inLanguage\":\"en-US\",\"@id\":\"https:\/\/energizer.com\/eu\/switzerland\/#\/schema\/logo\/image\/\",\"url\":\"https:\/\/energizer.com\/eu\/switzerland\/wp-content\/uploads\/sites\/58\/2024\/04\/Energizer_brand.png\",\"contentUrl\":\"https:\/\/energizer.com\/eu\/switzerland\/wp-content\/uploads\/sites\/58\/2024\/04\/Energizer_brand.png\",\"width\":267,\"height\":100,\"caption\":\"Energizer Switzerland (FR)\"},\"image\":{\"@id\":\"https:\/\/energizer.com\/eu\/switzerland\/#\/schema\/logo\/image\/\"}}]}<\/script>\n<!-- \/ Yoast SEO plugin. -->","yoast_head_json":{"title":"Energizer LED Panel Light - Switzerland","robots":{"index":"index","follow":"follow","max-snippet":"max-snippet:-1","max-image-preview":"max-image-preview:large","max-video-preview":"max-video-preview:-1"},"canonical":"https:\/\/energizer.com\/eu\/switzerland\/product\/energizer-led-panel-light\/","og_locale":"en_US","og_type":"article","og_title":"Energizer LED Panel Light - Switzerland","og_description":"Illuminez votre environnement sans effort avec cette lampe de travail rechargeable haute performance. Le panneau lumineux Energizer offre une luminosit\u00e9 exceptionnelle et est id\u00e9al pour le camping, le bricolage ou les projets de travail. Ce panneau lumineux \u00e0 LED de 1100 lumens offre un positionnement polyvalent pour \u00e9clairer m\u00eame les espaces les plus sombres. Dirigez la lumi\u00e8re l\u00e0 o\u00f9 vous en avez besoin, en utilisant les deux lampes LED r\u00e9glables \u00e0 180\u00b0 pour un \u00e9clairage flexible. Son design facile \u00e0 saisir la rend incroyablement polyvalente, vous pouvez donc la suspendre n'importe o\u00f9 ou simplement la poser sur le sol. La batterie rechargeable avec indicateur de niveau vous permet de vous assurer que votre batterie est toujours charg\u00e9e, gr\u00e2ce au c\u00e2ble de chargement fourni.","og_url":"https:\/\/energizer.com\/eu\/switzerland\/product\/energizer-led-panel-light\/","og_site_name":"Switzerland","article_modified_time":"2024-08-27T07:06:29+00:00","twitter_card":"summary_large_image","schema":{"@context":"https:\/\/schema.org","@graph":[{"@type":"WebPage","@id":"https:\/\/energizer.com\/eu\/switzerland\/product\/energizer-led-panel-light\/","url":"https:\/\/energizer.com\/eu\/switzerland\/product\/energizer-led-panel-light\/","name":"Energizer LED Panel Light - Switzerland","isPartOf":{"@id":"https:\/\/energizer.com\/eu\/switzerland\/#website"},"datePublished":"2024-06-03T05:16:50+00:00","dateModified":"2024-08-27T07:06:29+00:00","breadcrumb":{"@id":"https:\/\/energizer.com\/eu\/switzerland\/product\/energizer-led-panel-light\/#breadcrumb"},"inLanguage":"en-US","potentialAction":[{"@type":"ReadAction","target":["https:\/\/energizer.com\/eu\/switzerland\/product\/energizer-led-panel-light\/"]}]},{"@type":"BreadcrumbList","@id":"https:\/\/energizer.com\/eu\/switzerland\/product\/energizer-led-panel-light\/#breadcrumb","itemListElement":[{"@type":"ListItem","position":1,"name":"Home","item":"https:\/\/energizer.com\/eu\/switzerland\/"},{"@type":"ListItem","position":2,"name":"Energizer LED Panel Light"}]},{"@type":"WebSite","@id":"https:\/\/energizer.com\/eu\/switzerland\/#website","url":"https:\/\/energizer.com\/eu\/switzerland\/","name":"Energizer Switzerland (FR)","description":"","publisher":{"@id":"https:\/\/energizer.com\/eu\/switzerland\/#organization"},"potentialAction":[{"@type":"SearchAction","target":{"@type":"EntryPoint","urlTemplate":"https:\/\/energizer.com\/eu\/switzerland\/?s={search_term_string}"},"query-input":{"@type":"PropertyValueSpecification","valueRequired":true,"valueName":"search_term_string"}}],"inLanguage":"en-US"},{"@type":"Organization","@id":"https:\/\/energizer.com\/eu\/switzerland\/#organization","name":"Energizer Switzerland (FR)","url":"https:\/\/energizer.com\/eu\/switzerland\/","logo":{"@type":"ImageObject","inLanguage":"en-US","@id":"https:\/\/energizer.com\/eu\/switzerland\/#\/schema\/logo\/image\/","url":"https:\/\/energizer.com\/eu\/switzerland\/wp-content\/uploads\/sites\/58\/2024\/04\/Energizer_brand.png","contentUrl":"https:\/\/energizer.com\/eu\/switzerland\/wp-content\/uploads\/sites\/58\/2024\/04\/Energizer_brand.png","width":267,"height":100,"caption":"Energizer Switzerland (FR)"},"image":{"@id":"https:\/\/energizer.com\/eu\/switzerland\/#\/schema\/logo\/image\/"}}]}},"_links":{"self":[{"href":"https:\/\/energizer.com\/eu\/switzerland\/wp-json\/wp\/v2\/product\/7502","targetHints":{"allow":["GET"]}}],"collection":[{"href":"https:\/\/energizer.com\/eu\/switzerland\/wp-json\/wp\/v2\/product"}],"about":[{"href":"https:\/\/energizer.com\/eu\/switzerland\/wp-json\/wp\/v2\/types\/product"}],"replies":[{"embeddable":true,"href":"https:\/\/energizer.com\/eu\/switzerland\/wp-json\/wp\/v2\/comments?post=7502"}],"version-history":[{"count":4,"href":"https:\/\/energizer.com\/eu\/switzerland\/wp-json\/wp\/v2\/product\/7502\/revisions"}],"predecessor-version":[{"id":9731,"href":"https:\/\/energizer.com\/eu\/switzerland\/wp-json\/wp\/v2\/product\/7502\/revisions\/9731"}],"wp:attachment":[{"href":"https:\/\/energizer.com\/eu\/switzerland\/wp-json\/wp\/v2\/media?parent=7502"}],"wp:term":[{"taxonomy":"product_brand","embeddable":true,"href":"https:\/\/energizer.com\/eu\/switzerland\/wp-json\/wp\/v2\/product_brand?post=7502"},{"taxonomy":"product_cat","embeddable":true,"href":"https:\/\/energizer.com\/eu\/switzerland\/wp-json\/wp\/v2\/product_cat?post=7502"},{"taxonomy":"product_tag","embeddable":true,"href":"https:\/\/energizer.com\/eu\/switzerland\/wp-json\/wp\/v2\/product_tag?post=7502"}],"curies":[{"name":"wp","href":"https:\/\/api.w.org\/{rel}","templated":true}]}}