{"id":7505,"date":"2024-06-03T05:16:50","date_gmt":"2024-06-03T05:16:50","guid":{"rendered":"https:\/\/23b13e8ab3.nxcli.io\/switzerland\/?post_type=product&#038;p=7505"},"modified":"2024-08-27T07:07:41","modified_gmt":"2024-08-27T07:07:41","slug":"energizer-battery-genius-lantern-rechargeable-led-lantern","status":"publish","type":"product","link":"https:\/\/energizer.com\/eu\/switzerland\/product\/energizer-battery-genius-lantern-rechargeable-led-lantern\/","title":{"rendered":"Energizer Battery Genius Lantern, Rechargeable LED Lantern"},"content":{"rendered":"<ul>\n<li>Ce que vous recevrez : Une (1) grande lanterne Energizer Battery Genius de 1 200 lumens, une lanterne DEL rechargeable dot\u00e9e d&#8217;un indicateur de puissance num\u00e9rique facile \u00e0 utiliser qui vous permet de voir clairement combien d&#8217;heures de lumi\u00e8re il vous reste<\/li>\n<li>La lumi\u00e8re dont vous avez besoin : Lanterne rechargeable avec trois modes d&#8217;\u00e9clairage diff\u00e9rents pour personnaliser la luminosit\u00e9 et optimiser l&#8217;autonomie :\u00a0 \u00c9lev\u00e9e, att\u00e9nu\u00e9e et veilleuse<\/li>\n<li>Des lanternes puissantes : 12 fois plus lumineuse que la technologie LED standard, cette torche LED \u00e9met jusqu&#8217;\u00e0 1 200 lumens de lumi\u00e8re fiable sur 360 degr\u00e9s en mode \u00e9lev\u00e9 et dure usqu&#8217;\u00e0 50 heures en mode r\u00e9duit<\/li>\n<li>Lumi\u00e8re LED haute technologie : Cette lanterne Energizer fait \u00e9galement office de banque d&#8217;alimentation USB pour vous permettre de recharger d&#8217;autres appareils en d\u00e9placement<\/li>\n<li>Lampe d&#8217;ext\u00e9rieur pratique : La poign\u00e9e r\u00e9glable et facile \u00e0 transporter vous permet d&#8217;emporter cette lanterne portable n&#8217;importe o\u00f9<\/li>\n<li>Con\u00e7ue pour r\u00e9sister \u00e0 toutes les aventures ; class\u00e9e IPX4 r\u00e9sistante \u00e0 l&#8217;eau, cette lampe rechargeable polyvalente est la lanterne parfaite pour le camping et les activit\u00e9s de plein air<\/li>\n<\/ul>\n","protected":false},"excerpt":{"rendered":"<p>Ne vous retrouvez plus jamais dans le noir avec la lanterne Energizer Battery Genius Lantern, une lanterne LED rechargeable dot\u00e9e d&#8217;un indicateur de puissance num\u00e9rique et d&#8217;une banque d&#8217;alimentation USB int\u00e9gr\u00e9e. L&#8217;indicateur de puissance facile \u00e0 utiliser vous permet de voir clairement combien d&#8217;heures de lumi\u00e8re il vous reste et vous permet de r\u00e9gler la luminosit\u00e9 pour maximiser l&#8217;autonomie, vous apportant confort, confiance et flexibilit\u00e9. Jusqu&#8217;\u00e0 12 fois plus lumineuse que la technologie LED standard, cette lanterne rechargeable dispose de trois modes d&#8217;\u00e9clairage LED : \u00c9lev\u00e9, Diminution et Veilleuse. En mode \u00e9lev\u00e9, cette lampe rechargeable \u00e9met jusqu&#8217;\u00e0 1 200 lumens de lumi\u00e8re fiable sur 360 degr\u00e9s.<\/p>\n","protected":false},"featured_media":0,"comment_status":"open","ping_status":"closed","template":"","meta":{"_acf_changed":false},"product_brand":[],"product_cat":[44],"product_tag":[],"class_list":{"0":"post-7505","1":"product","2":"type-product","3":"status-publish","5":"product_cat-area","6":"pa_uses-preparedness","8":"first","9":"instock","10":"shipping-taxable","11":"product-type-simple"},"acf":[],"yoast_head":"<!-- This site is optimized with the Yoast SEO plugin v27.2 - https:\/\/yoast.com\/product\/yoast-seo-wordpress\/ -->\n<title>Energizer Battery Genius Lantern, Rechargeable LED Lantern - Switzerland<\/title>\n<meta name=\"robots\" content=\"index, follow, max-snippet:-1, max-image-preview:large, max-video-preview:-1\" \/>\n<link rel=\"canonical\" href=\"https:\/\/energizer.com\/eu\/switzerland\/product\/energizer-battery-genius-lantern-rechargeable-led-lantern\/\" \/>\n<meta property=\"og:locale\" content=\"en_US\" \/>\n<meta property=\"og:type\" content=\"article\" \/>\n<meta property=\"og:title\" content=\"Energizer Battery Genius Lantern, Rechargeable LED Lantern - Switzerland\" \/>\n<meta property=\"og:description\" content=\"Ne vous retrouvez plus jamais dans le noir avec la lanterne Energizer Battery Genius Lantern, une lanterne LED rechargeable dot\u00e9e d&#039;un indicateur de puissance num\u00e9rique et d&#039;une banque d&#039;alimentation USB int\u00e9gr\u00e9e. L&#039;indicateur de puissance facile \u00e0 utiliser vous permet de voir clairement combien d&#039;heures de lumi\u00e8re il vous reste et vous permet de r\u00e9gler la luminosit\u00e9 pour maximiser l&#039;autonomie, vous apportant confort, confiance et flexibilit\u00e9. Jusqu&#039;\u00e0 12 fois plus lumineuse que la technologie LED standard, cette lanterne rechargeable dispose de trois modes d&#039;\u00e9clairage LED : \u00c9lev\u00e9, Diminution et Veilleuse. En mode \u00e9lev\u00e9, cette lampe rechargeable \u00e9met jusqu&#039;\u00e0 1 200 lumens de lumi\u00e8re fiable sur 360 degr\u00e9s.\" \/>\n<meta property=\"og:url\" content=\"https:\/\/energizer.com\/eu\/switzerland\/product\/energizer-battery-genius-lantern-rechargeable-led-lantern\/\" \/>\n<meta property=\"og:site_name\" content=\"Switzerland\" \/>\n<meta property=\"article:modified_time\" content=\"2024-08-27T07:07:41+00:00\" \/>\n<meta name=\"twitter:card\" content=\"summary_large_image\" \/>\n<script type=\"application\/ld+json\" class=\"yoast-schema-graph\">{\"@context\":\"https:\/\/schema.org\",\"@graph\":[{\"@type\":\"WebPage\",\"@id\":\"https:\/\/energizer.com\/eu\/switzerland\/product\/energizer-battery-genius-lantern-rechargeable-led-lantern\/\",\"url\":\"https:\/\/energizer.com\/eu\/switzerland\/product\/energizer-battery-genius-lantern-rechargeable-led-lantern\/\",\"name\":\"Energizer Battery Genius Lantern, Rechargeable LED Lantern - Switzerland\",\"isPartOf\":{\"@id\":\"https:\/\/energizer.com\/eu\/switzerland\/#website\"},\"datePublished\":\"2024-06-03T05:16:50+00:00\",\"dateModified\":\"2024-08-27T07:07:41+00:00\",\"breadcrumb\":{\"@id\":\"https:\/\/energizer.com\/eu\/switzerland\/product\/energizer-battery-genius-lantern-rechargeable-led-lantern\/#breadcrumb\"},\"inLanguage\":\"en-US\",\"potentialAction\":[{\"@type\":\"ReadAction\",\"target\":[\"https:\/\/energizer.com\/eu\/switzerland\/product\/energizer-battery-genius-lantern-rechargeable-led-lantern\/\"]}]},{\"@type\":\"BreadcrumbList\",\"@id\":\"https:\/\/energizer.com\/eu\/switzerland\/product\/energizer-battery-genius-lantern-rechargeable-led-lantern\/#breadcrumb\",\"itemListElement\":[{\"@type\":\"ListItem\",\"position\":1,\"name\":\"Home\",\"item\":\"https:\/\/energizer.com\/eu\/switzerland\/\"},{\"@type\":\"ListItem\",\"position\":2,\"name\":\"Energizer Battery Genius Lantern, Rechargeable LED Lantern\"}]},{\"@type\":\"WebSite\",\"@id\":\"https:\/\/energizer.com\/eu\/switzerland\/#website\",\"url\":\"https:\/\/energizer.com\/eu\/switzerland\/\",\"name\":\"Energizer Switzerland (FR)\",\"description\":\"\",\"publisher\":{\"@id\":\"https:\/\/energizer.com\/eu\/switzerland\/#organization\"},\"potentialAction\":[{\"@type\":\"SearchAction\",\"target\":{\"@type\":\"EntryPoint\",\"urlTemplate\":\"https:\/\/energizer.com\/eu\/switzerland\/?s={search_term_string}\"},\"query-input\":{\"@type\":\"PropertyValueSpecification\",\"valueRequired\":true,\"valueName\":\"search_term_string\"}}],\"inLanguage\":\"en-US\"},{\"@type\":\"Organization\",\"@id\":\"https:\/\/energizer.com\/eu\/switzerland\/#organization\",\"name\":\"Energizer Switzerland (FR)\",\"url\":\"https:\/\/energizer.com\/eu\/switzerland\/\",\"logo\":{\"@type\":\"ImageObject\",\"inLanguage\":\"en-US\",\"@id\":\"https:\/\/energizer.com\/eu\/switzerland\/#\/schema\/logo\/image\/\",\"url\":\"https:\/\/energizer.com\/eu\/switzerland\/wp-content\/uploads\/sites\/58\/2024\/04\/Energizer_brand.png\",\"contentUrl\":\"https:\/\/energizer.com\/eu\/switzerland\/wp-content\/uploads\/sites\/58\/2024\/04\/Energizer_brand.png\",\"width\":267,\"height\":100,\"caption\":\"Energizer Switzerland (FR)\"},\"image\":{\"@id\":\"https:\/\/energizer.com\/eu\/switzerland\/#\/schema\/logo\/image\/\"}}]}<\/script>\n<!-- \/ Yoast SEO plugin. -->","yoast_head_json":{"title":"Energizer Battery Genius Lantern, Rechargeable LED Lantern - Switzerland","robots":{"index":"index","follow":"follow","max-snippet":"max-snippet:-1","max-image-preview":"max-image-preview:large","max-video-preview":"max-video-preview:-1"},"canonical":"https:\/\/energizer.com\/eu\/switzerland\/product\/energizer-battery-genius-lantern-rechargeable-led-lantern\/","og_locale":"en_US","og_type":"article","og_title":"Energizer Battery Genius Lantern, Rechargeable LED Lantern - Switzerland","og_description":"Ne vous retrouvez plus jamais dans le noir avec la lanterne Energizer Battery Genius Lantern, une lanterne LED rechargeable dot\u00e9e d'un indicateur de puissance num\u00e9rique et d'une banque d'alimentation USB int\u00e9gr\u00e9e. L'indicateur de puissance facile \u00e0 utiliser vous permet de voir clairement combien d'heures de lumi\u00e8re il vous reste et vous permet de r\u00e9gler la luminosit\u00e9 pour maximiser l'autonomie, vous apportant confort, confiance et flexibilit\u00e9. Jusqu'\u00e0 12 fois plus lumineuse que la technologie LED standard, cette lanterne rechargeable dispose de trois modes d'\u00e9clairage LED : \u00c9lev\u00e9, Diminution et Veilleuse. En mode \u00e9lev\u00e9, cette lampe rechargeable \u00e9met jusqu'\u00e0 1 200 lumens de lumi\u00e8re fiable sur 360 degr\u00e9s.","og_url":"https:\/\/energizer.com\/eu\/switzerland\/product\/energizer-battery-genius-lantern-rechargeable-led-lantern\/","og_site_name":"Switzerland","article_modified_time":"2024-08-27T07:07:41+00:00","twitter_card":"summary_large_image","schema":{"@context":"https:\/\/schema.org","@graph":[{"@type":"WebPage","@id":"https:\/\/energizer.com\/eu\/switzerland\/product\/energizer-battery-genius-lantern-rechargeable-led-lantern\/","url":"https:\/\/energizer.com\/eu\/switzerland\/product\/energizer-battery-genius-lantern-rechargeable-led-lantern\/","name":"Energizer Battery Genius Lantern, Rechargeable LED Lantern - Switzerland","isPartOf":{"@id":"https:\/\/energizer.com\/eu\/switzerland\/#website"},"datePublished":"2024-06-03T05:16:50+00:00","dateModified":"2024-08-27T07:07:41+00:00","breadcrumb":{"@id":"https:\/\/energizer.com\/eu\/switzerland\/product\/energizer-battery-genius-lantern-rechargeable-led-lantern\/#breadcrumb"},"inLanguage":"en-US","potentialAction":[{"@type":"ReadAction","target":["https:\/\/energizer.com\/eu\/switzerland\/product\/energizer-battery-genius-lantern-rechargeable-led-lantern\/"]}]},{"@type":"BreadcrumbList","@id":"https:\/\/energizer.com\/eu\/switzerland\/product\/energizer-battery-genius-lantern-rechargeable-led-lantern\/#breadcrumb","itemListElement":[{"@type":"ListItem","position":1,"name":"Home","item":"https:\/\/energizer.com\/eu\/switzerland\/"},{"@type":"ListItem","position":2,"name":"Energizer Battery Genius Lantern, Rechargeable LED Lantern"}]},{"@type":"WebSite","@id":"https:\/\/energizer.com\/eu\/switzerland\/#website","url":"https:\/\/energizer.com\/eu\/switzerland\/","name":"Energizer Switzerland (FR)","description":"","publisher":{"@id":"https:\/\/energizer.com\/eu\/switzerland\/#organization"},"potentialAction":[{"@type":"SearchAction","target":{"@type":"EntryPoint","urlTemplate":"https:\/\/energizer.com\/eu\/switzerland\/?s={search_term_string}"},"query-input":{"@type":"PropertyValueSpecification","valueRequired":true,"valueName":"search_term_string"}}],"inLanguage":"en-US"},{"@type":"Organization","@id":"https:\/\/energizer.com\/eu\/switzerland\/#organization","name":"Energizer Switzerland (FR)","url":"https:\/\/energizer.com\/eu\/switzerland\/","logo":{"@type":"ImageObject","inLanguage":"en-US","@id":"https:\/\/energizer.com\/eu\/switzerland\/#\/schema\/logo\/image\/","url":"https:\/\/energizer.com\/eu\/switzerland\/wp-content\/uploads\/sites\/58\/2024\/04\/Energizer_brand.png","contentUrl":"https:\/\/energizer.com\/eu\/switzerland\/wp-content\/uploads\/sites\/58\/2024\/04\/Energizer_brand.png","width":267,"height":100,"caption":"Energizer Switzerland (FR)"},"image":{"@id":"https:\/\/energizer.com\/eu\/switzerland\/#\/schema\/logo\/image\/"}}]}},"_links":{"self":[{"href":"https:\/\/energizer.com\/eu\/switzerland\/wp-json\/wp\/v2\/product\/7505","targetHints":{"allow":["GET"]}}],"collection":[{"href":"https:\/\/energizer.com\/eu\/switzerland\/wp-json\/wp\/v2\/product"}],"about":[{"href":"https:\/\/energizer.com\/eu\/switzerland\/wp-json\/wp\/v2\/types\/product"}],"replies":[{"embeddable":true,"href":"https:\/\/energizer.com\/eu\/switzerland\/wp-json\/wp\/v2\/comments?post=7505"}],"version-history":[{"count":4,"href":"https:\/\/energizer.com\/eu\/switzerland\/wp-json\/wp\/v2\/product\/7505\/revisions"}],"predecessor-version":[{"id":9734,"href":"https:\/\/energizer.com\/eu\/switzerland\/wp-json\/wp\/v2\/product\/7505\/revisions\/9734"}],"wp:attachment":[{"href":"https:\/\/energizer.com\/eu\/switzerland\/wp-json\/wp\/v2\/media?parent=7505"}],"wp:term":[{"taxonomy":"product_brand","embeddable":true,"href":"https:\/\/energizer.com\/eu\/switzerland\/wp-json\/wp\/v2\/product_brand?post=7505"},{"taxonomy":"product_cat","embeddable":true,"href":"https:\/\/energizer.com\/eu\/switzerland\/wp-json\/wp\/v2\/product_cat?post=7505"},{"taxonomy":"product_tag","embeddable":true,"href":"https:\/\/energizer.com\/eu\/switzerland\/wp-json\/wp\/v2\/product_tag?post=7505"}],"curies":[{"name":"wp","href":"https:\/\/api.w.org\/{rel}","templated":true}]}}