{"id":7508,"date":"2024-06-03T05:16:50","date_gmt":"2024-06-03T05:16:50","guid":{"rendered":"https:\/\/23b13e8ab3.nxcli.io\/switzerland\/?post_type=product&#038;p=7508"},"modified":"2024-08-27T06:51:27","modified_gmt":"2024-08-27T06:51:27","slug":"energizer-expert-led-500","status":"publish","type":"product","link":"https:\/\/energizer.com\/eu\/switzerland\/product\/energizer-expert-led-500\/","title":{"rendered":"Energizer Expert LED 500"},"content":{"rendered":"<ul>\n<li>Construction solide en aluminium<\/li>\n<li>Les antennes de t\u00eate 140ot dirigent la lumi\u00e8re l\u00e0 o\u00f9 vous en avez besoin<\/li>\n<li>Interrupteur \u00e0 bouton-poussoir facile \u00e0 utiliser<\/li>\n<li>Remplacement simple des piles<\/li>\n<li>Longue distance de faisceau de 250 m<\/li>\n<li>Faisceau large et lumineux<\/li>\n<li>Autonomie de plusieurs heures<\/li>\n<li>Technologie halog\u00e8ne<\/li>\n<li>Fonctionne avec une batterie de 6V<\/li>\n<\/ul>\n","protected":false},"excerpt":{"rendered":"<p>Dot\u00e9e d&#8217;un puissant \u00e9clairage ponctuel avec un halo lumineux, la lanterne Energizer Expert projette jusqu&#8217;\u00e0 250 m\u00e8tres, ce qui en fait un \u00e9clairage id\u00e9al pour un large \u00e9ventail d&#8217;applications industrielles. La t\u00eate pivote \u00e0 140\u00b0 et permet aux utilisateurs de diriger la lumi\u00e8re pr\u00e9cis\u00e9ment l\u00e0 o\u00f9 ils en ont besoin. Elle est facile \u00e0 utiliser, avec un interrupteur \u00e0 bouton-poussoir sur la poign\u00e9e et une sangle de transport amovible. De plus, la lanterne Expert produit des heures et des heures de lumi\u00e8re (avec une pile alcaline 6V Energizer).<\/p>\n","protected":false},"featured_media":0,"comment_status":"open","ping_status":"closed","template":"","meta":{"_acf_changed":false},"product_brand":[],"product_cat":[97],"product_tag":[],"class_list":{"0":"post-7508","1":"product","2":"type-product","3":"status-publish","5":"product_cat-handheld","6":"pa_uses-work","8":"first","9":"instock","10":"shipping-taxable","11":"product-type-simple"},"acf":[],"yoast_head":"<!-- This site is optimized with the Yoast SEO plugin v27.2 - https:\/\/yoast.com\/product\/yoast-seo-wordpress\/ -->\n<title>Energizer Expert LED 500 - Switzerland<\/title>\n<meta name=\"robots\" content=\"index, follow, max-snippet:-1, max-image-preview:large, max-video-preview:-1\" \/>\n<link rel=\"canonical\" href=\"https:\/\/energizer.com\/eu\/switzerland\/product\/energizer-expert-led-500\/\" \/>\n<meta property=\"og:locale\" content=\"en_US\" \/>\n<meta property=\"og:type\" content=\"article\" \/>\n<meta property=\"og:title\" content=\"Energizer Expert LED 500 - Switzerland\" \/>\n<meta property=\"og:description\" content=\"Dot\u00e9e d&#039;un puissant \u00e9clairage ponctuel avec un halo lumineux, la lanterne Energizer Expert projette jusqu&#039;\u00e0 250 m\u00e8tres, ce qui en fait un \u00e9clairage id\u00e9al pour un large \u00e9ventail d&#039;applications industrielles. La t\u00eate pivote \u00e0 140\u00b0 et permet aux utilisateurs de diriger la lumi\u00e8re pr\u00e9cis\u00e9ment l\u00e0 o\u00f9 ils en ont besoin. Elle est facile \u00e0 utiliser, avec un interrupteur \u00e0 bouton-poussoir sur la poign\u00e9e et une sangle de transport amovible. De plus, la lanterne Expert produit des heures et des heures de lumi\u00e8re (avec une pile alcaline 6V Energizer).\" \/>\n<meta property=\"og:url\" content=\"https:\/\/energizer.com\/eu\/switzerland\/product\/energizer-expert-led-500\/\" \/>\n<meta property=\"og:site_name\" content=\"Switzerland\" \/>\n<meta property=\"article:modified_time\" content=\"2024-08-27T06:51:27+00:00\" \/>\n<meta name=\"twitter:card\" content=\"summary_large_image\" \/>\n<script type=\"application\/ld+json\" class=\"yoast-schema-graph\">{\"@context\":\"https:\/\/schema.org\",\"@graph\":[{\"@type\":\"WebPage\",\"@id\":\"https:\/\/energizer.com\/eu\/switzerland\/product\/energizer-expert-led-500\/\",\"url\":\"https:\/\/energizer.com\/eu\/switzerland\/product\/energizer-expert-led-500\/\",\"name\":\"Energizer Expert LED 500 - Switzerland\",\"isPartOf\":{\"@id\":\"https:\/\/energizer.com\/eu\/switzerland\/#website\"},\"datePublished\":\"2024-06-03T05:16:50+00:00\",\"dateModified\":\"2024-08-27T06:51:27+00:00\",\"breadcrumb\":{\"@id\":\"https:\/\/energizer.com\/eu\/switzerland\/product\/energizer-expert-led-500\/#breadcrumb\"},\"inLanguage\":\"en-US\",\"potentialAction\":[{\"@type\":\"ReadAction\",\"target\":[\"https:\/\/energizer.com\/eu\/switzerland\/product\/energizer-expert-led-500\/\"]}]},{\"@type\":\"BreadcrumbList\",\"@id\":\"https:\/\/energizer.com\/eu\/switzerland\/product\/energizer-expert-led-500\/#breadcrumb\",\"itemListElement\":[{\"@type\":\"ListItem\",\"position\":1,\"name\":\"Home\",\"item\":\"https:\/\/energizer.com\/eu\/switzerland\/\"},{\"@type\":\"ListItem\",\"position\":2,\"name\":\"Energizer Expert LED 500\"}]},{\"@type\":\"WebSite\",\"@id\":\"https:\/\/energizer.com\/eu\/switzerland\/#website\",\"url\":\"https:\/\/energizer.com\/eu\/switzerland\/\",\"name\":\"Energizer Switzerland (FR)\",\"description\":\"\",\"publisher\":{\"@id\":\"https:\/\/energizer.com\/eu\/switzerland\/#organization\"},\"potentialAction\":[{\"@type\":\"SearchAction\",\"target\":{\"@type\":\"EntryPoint\",\"urlTemplate\":\"https:\/\/energizer.com\/eu\/switzerland\/?s={search_term_string}\"},\"query-input\":{\"@type\":\"PropertyValueSpecification\",\"valueRequired\":true,\"valueName\":\"search_term_string\"}}],\"inLanguage\":\"en-US\"},{\"@type\":\"Organization\",\"@id\":\"https:\/\/energizer.com\/eu\/switzerland\/#organization\",\"name\":\"Energizer Switzerland (FR)\",\"url\":\"https:\/\/energizer.com\/eu\/switzerland\/\",\"logo\":{\"@type\":\"ImageObject\",\"inLanguage\":\"en-US\",\"@id\":\"https:\/\/energizer.com\/eu\/switzerland\/#\/schema\/logo\/image\/\",\"url\":\"https:\/\/energizer.com\/eu\/switzerland\/wp-content\/uploads\/sites\/58\/2024\/04\/Energizer_brand.png\",\"contentUrl\":\"https:\/\/energizer.com\/eu\/switzerland\/wp-content\/uploads\/sites\/58\/2024\/04\/Energizer_brand.png\",\"width\":267,\"height\":100,\"caption\":\"Energizer Switzerland (FR)\"},\"image\":{\"@id\":\"https:\/\/energizer.com\/eu\/switzerland\/#\/schema\/logo\/image\/\"}}]}<\/script>\n<!-- \/ Yoast SEO plugin. -->","yoast_head_json":{"title":"Energizer Expert LED 500 - Switzerland","robots":{"index":"index","follow":"follow","max-snippet":"max-snippet:-1","max-image-preview":"max-image-preview:large","max-video-preview":"max-video-preview:-1"},"canonical":"https:\/\/energizer.com\/eu\/switzerland\/product\/energizer-expert-led-500\/","og_locale":"en_US","og_type":"article","og_title":"Energizer Expert LED 500 - Switzerland","og_description":"Dot\u00e9e d'un puissant \u00e9clairage ponctuel avec un halo lumineux, la lanterne Energizer Expert projette jusqu'\u00e0 250 m\u00e8tres, ce qui en fait un \u00e9clairage id\u00e9al pour un large \u00e9ventail d'applications industrielles. La t\u00eate pivote \u00e0 140\u00b0 et permet aux utilisateurs de diriger la lumi\u00e8re pr\u00e9cis\u00e9ment l\u00e0 o\u00f9 ils en ont besoin. Elle est facile \u00e0 utiliser, avec un interrupteur \u00e0 bouton-poussoir sur la poign\u00e9e et une sangle de transport amovible. De plus, la lanterne Expert produit des heures et des heures de lumi\u00e8re (avec une pile alcaline 6V Energizer).","og_url":"https:\/\/energizer.com\/eu\/switzerland\/product\/energizer-expert-led-500\/","og_site_name":"Switzerland","article_modified_time":"2024-08-27T06:51:27+00:00","twitter_card":"summary_large_image","schema":{"@context":"https:\/\/schema.org","@graph":[{"@type":"WebPage","@id":"https:\/\/energizer.com\/eu\/switzerland\/product\/energizer-expert-led-500\/","url":"https:\/\/energizer.com\/eu\/switzerland\/product\/energizer-expert-led-500\/","name":"Energizer Expert LED 500 - Switzerland","isPartOf":{"@id":"https:\/\/energizer.com\/eu\/switzerland\/#website"},"datePublished":"2024-06-03T05:16:50+00:00","dateModified":"2024-08-27T06:51:27+00:00","breadcrumb":{"@id":"https:\/\/energizer.com\/eu\/switzerland\/product\/energizer-expert-led-500\/#breadcrumb"},"inLanguage":"en-US","potentialAction":[{"@type":"ReadAction","target":["https:\/\/energizer.com\/eu\/switzerland\/product\/energizer-expert-led-500\/"]}]},{"@type":"BreadcrumbList","@id":"https:\/\/energizer.com\/eu\/switzerland\/product\/energizer-expert-led-500\/#breadcrumb","itemListElement":[{"@type":"ListItem","position":1,"name":"Home","item":"https:\/\/energizer.com\/eu\/switzerland\/"},{"@type":"ListItem","position":2,"name":"Energizer Expert LED 500"}]},{"@type":"WebSite","@id":"https:\/\/energizer.com\/eu\/switzerland\/#website","url":"https:\/\/energizer.com\/eu\/switzerland\/","name":"Energizer Switzerland (FR)","description":"","publisher":{"@id":"https:\/\/energizer.com\/eu\/switzerland\/#organization"},"potentialAction":[{"@type":"SearchAction","target":{"@type":"EntryPoint","urlTemplate":"https:\/\/energizer.com\/eu\/switzerland\/?s={search_term_string}"},"query-input":{"@type":"PropertyValueSpecification","valueRequired":true,"valueName":"search_term_string"}}],"inLanguage":"en-US"},{"@type":"Organization","@id":"https:\/\/energizer.com\/eu\/switzerland\/#organization","name":"Energizer Switzerland (FR)","url":"https:\/\/energizer.com\/eu\/switzerland\/","logo":{"@type":"ImageObject","inLanguage":"en-US","@id":"https:\/\/energizer.com\/eu\/switzerland\/#\/schema\/logo\/image\/","url":"https:\/\/energizer.com\/eu\/switzerland\/wp-content\/uploads\/sites\/58\/2024\/04\/Energizer_brand.png","contentUrl":"https:\/\/energizer.com\/eu\/switzerland\/wp-content\/uploads\/sites\/58\/2024\/04\/Energizer_brand.png","width":267,"height":100,"caption":"Energizer Switzerland (FR)"},"image":{"@id":"https:\/\/energizer.com\/eu\/switzerland\/#\/schema\/logo\/image\/"}}]}},"_links":{"self":[{"href":"https:\/\/energizer.com\/eu\/switzerland\/wp-json\/wp\/v2\/product\/7508","targetHints":{"allow":["GET"]}}],"collection":[{"href":"https:\/\/energizer.com\/eu\/switzerland\/wp-json\/wp\/v2\/product"}],"about":[{"href":"https:\/\/energizer.com\/eu\/switzerland\/wp-json\/wp\/v2\/types\/product"}],"replies":[{"embeddable":true,"href":"https:\/\/energizer.com\/eu\/switzerland\/wp-json\/wp\/v2\/comments?post=7508"}],"version-history":[{"count":4,"href":"https:\/\/energizer.com\/eu\/switzerland\/wp-json\/wp\/v2\/product\/7508\/revisions"}],"predecessor-version":[{"id":9699,"href":"https:\/\/energizer.com\/eu\/switzerland\/wp-json\/wp\/v2\/product\/7508\/revisions\/9699"}],"wp:attachment":[{"href":"https:\/\/energizer.com\/eu\/switzerland\/wp-json\/wp\/v2\/media?parent=7508"}],"wp:term":[{"taxonomy":"product_brand","embeddable":true,"href":"https:\/\/energizer.com\/eu\/switzerland\/wp-json\/wp\/v2\/product_brand?post=7508"},{"taxonomy":"product_cat","embeddable":true,"href":"https:\/\/energizer.com\/eu\/switzerland\/wp-json\/wp\/v2\/product_cat?post=7508"},{"taxonomy":"product_tag","embeddable":true,"href":"https:\/\/energizer.com\/eu\/switzerland\/wp-json\/wp\/v2\/product_tag?post=7508"}],"curies":[{"name":"wp","href":"https:\/\/api.w.org\/{rel}","templated":true}]}}