{"id":7509,"date":"2024-06-03T05:16:50","date_gmt":"2024-06-03T05:16:50","guid":{"rendered":"https:\/\/23b13e8ab3.nxcli.io\/switzerland\/?post_type=product&#038;p=7509"},"modified":"2024-08-23T07:59:56","modified_gmt":"2024-08-23T07:59:56","slug":"energizer-hard-case-professional-2aa-handheld-torch","status":"publish","type":"product","link":"https:\/\/energizer.com\/eu\/switzerland\/product\/energizer-hard-case-professional-2aa-handheld-torch\/","title":{"rendered":"Energizer Hard Case Professional 2AA Handheld Torch"},"content":{"rendered":"<ul>\n<li>Parfait pour les travaux de proximit\u00e9<\/li>\n<li>Extr\u00eamement r\u00e9sistant aux chocs<\/li>\n<li>R\u00e9siste \u00e0 une chute de 7 m\u00e8tres<\/li>\n<li>Optique con\u00e7ue sur mesure et technologie LED haute performance<\/li>\n<li>R\u00e9sistante \u00e0 l&#8217;eau<\/li>\n<li>Lentille incassable<\/li>\n<li>Tr\u00e8s durable et robuste<\/li>\n<li>2 piles alcalines AA incluses<\/li>\n<\/ul>\n","protected":false},"excerpt":{"rendered":"<p>Pour les t\u00e2ches les plus exigeantes, ne cherchez pas plus loin que la lampe de travail Energizer HARDCASE PROFESSIONAL. Avec une construction de qualit\u00e9 et une technologie LED avanc\u00e9e, cette lampe est con\u00e7ue pour r\u00e9pondre aux t\u00e2ches les plus exigeantes. Con\u00e7ue pour les professionnels, elle r\u00e9siste \u00e0 toutes les chutes, que ce soit d&#8217;une \u00e9chelle ou d&#8217;un immeuble de deux \u00e9tages. Le gros bouton-poussoir peut \u00eatre facilement actionn\u00e9 avec des gants, tandis que les modes haut et bas permettent \u00e0 l&#8217;utilisateur de d\u00e9cider de l&#8217;\u00e9quilibre entre la luminosit\u00e9 et l&#8217;autonomie. De plus, cette lampe est r\u00e9sistante \u00e0 l&#8217;eau, ce qui la rend parfaitement adapt\u00e9e \u00e0 une utilisation en ext\u00e9rieur.<\/p>\n","protected":false},"featured_media":0,"comment_status":"open","ping_status":"closed","template":"","meta":{"_acf_changed":false},"product_brand":[],"product_cat":[97],"product_tag":[],"class_list":{"0":"post-7509","1":"product","2":"type-product","3":"status-publish","5":"product_cat-handheld","6":"pa_uses-work","8":"first","9":"instock","10":"shipping-taxable","11":"product-type-simple"},"acf":[],"yoast_head":"<!-- This site is optimized with the Yoast SEO plugin v27.2 - https:\/\/yoast.com\/product\/yoast-seo-wordpress\/ -->\n<title>Energizer Hard Case Professional 2AA Handheld Torch - Switzerland<\/title>\n<meta name=\"robots\" content=\"index, follow, max-snippet:-1, max-image-preview:large, max-video-preview:-1\" \/>\n<link rel=\"canonical\" href=\"https:\/\/energizer.com\/eu\/switzerland\/product\/energizer-hard-case-professional-2aa-handheld-torch\/\" \/>\n<meta property=\"og:locale\" content=\"en_US\" \/>\n<meta property=\"og:type\" content=\"article\" \/>\n<meta property=\"og:title\" content=\"Energizer Hard Case Professional 2AA Handheld Torch - Switzerland\" \/>\n<meta property=\"og:description\" content=\"Pour les t\u00e2ches les plus exigeantes, ne cherchez pas plus loin que la lampe de travail Energizer HARDCASE PROFESSIONAL. Avec une construction de qualit\u00e9 et une technologie LED avanc\u00e9e, cette lampe est con\u00e7ue pour r\u00e9pondre aux t\u00e2ches les plus exigeantes. Con\u00e7ue pour les professionnels, elle r\u00e9siste \u00e0 toutes les chutes, que ce soit d&#039;une \u00e9chelle ou d&#039;un immeuble de deux \u00e9tages. Le gros bouton-poussoir peut \u00eatre facilement actionn\u00e9 avec des gants, tandis que les modes haut et bas permettent \u00e0 l&#039;utilisateur de d\u00e9cider de l&#039;\u00e9quilibre entre la luminosit\u00e9 et l&#039;autonomie. De plus, cette lampe est r\u00e9sistante \u00e0 l&#039;eau, ce qui la rend parfaitement adapt\u00e9e \u00e0 une utilisation en ext\u00e9rieur.\" \/>\n<meta property=\"og:url\" content=\"https:\/\/energizer.com\/eu\/switzerland\/product\/energizer-hard-case-professional-2aa-handheld-torch\/\" \/>\n<meta property=\"og:site_name\" content=\"Switzerland\" \/>\n<meta property=\"article:modified_time\" content=\"2024-08-23T07:59:56+00:00\" \/>\n<meta name=\"twitter:card\" content=\"summary_large_image\" \/>\n<script type=\"application\/ld+json\" class=\"yoast-schema-graph\">{\"@context\":\"https:\/\/schema.org\",\"@graph\":[{\"@type\":\"WebPage\",\"@id\":\"https:\/\/energizer.com\/eu\/switzerland\/product\/energizer-hard-case-professional-2aa-handheld-torch\/\",\"url\":\"https:\/\/energizer.com\/eu\/switzerland\/product\/energizer-hard-case-professional-2aa-handheld-torch\/\",\"name\":\"Energizer Hard Case Professional 2AA Handheld Torch - Switzerland\",\"isPartOf\":{\"@id\":\"https:\/\/energizer.com\/eu\/switzerland\/#website\"},\"datePublished\":\"2024-06-03T05:16:50+00:00\",\"dateModified\":\"2024-08-23T07:59:56+00:00\",\"breadcrumb\":{\"@id\":\"https:\/\/energizer.com\/eu\/switzerland\/product\/energizer-hard-case-professional-2aa-handheld-torch\/#breadcrumb\"},\"inLanguage\":\"en-US\",\"potentialAction\":[{\"@type\":\"ReadAction\",\"target\":[\"https:\/\/energizer.com\/eu\/switzerland\/product\/energizer-hard-case-professional-2aa-handheld-torch\/\"]}]},{\"@type\":\"BreadcrumbList\",\"@id\":\"https:\/\/energizer.com\/eu\/switzerland\/product\/energizer-hard-case-professional-2aa-handheld-torch\/#breadcrumb\",\"itemListElement\":[{\"@type\":\"ListItem\",\"position\":1,\"name\":\"Home\",\"item\":\"https:\/\/energizer.com\/eu\/switzerland\/\"},{\"@type\":\"ListItem\",\"position\":2,\"name\":\"Energizer Hard Case Professional 2AA Handheld Torch\"}]},{\"@type\":\"WebSite\",\"@id\":\"https:\/\/energizer.com\/eu\/switzerland\/#website\",\"url\":\"https:\/\/energizer.com\/eu\/switzerland\/\",\"name\":\"Energizer Switzerland (FR)\",\"description\":\"\",\"publisher\":{\"@id\":\"https:\/\/energizer.com\/eu\/switzerland\/#organization\"},\"potentialAction\":[{\"@type\":\"SearchAction\",\"target\":{\"@type\":\"EntryPoint\",\"urlTemplate\":\"https:\/\/energizer.com\/eu\/switzerland\/?s={search_term_string}\"},\"query-input\":{\"@type\":\"PropertyValueSpecification\",\"valueRequired\":true,\"valueName\":\"search_term_string\"}}],\"inLanguage\":\"en-US\"},{\"@type\":\"Organization\",\"@id\":\"https:\/\/energizer.com\/eu\/switzerland\/#organization\",\"name\":\"Energizer Switzerland (FR)\",\"url\":\"https:\/\/energizer.com\/eu\/switzerland\/\",\"logo\":{\"@type\":\"ImageObject\",\"inLanguage\":\"en-US\",\"@id\":\"https:\/\/energizer.com\/eu\/switzerland\/#\/schema\/logo\/image\/\",\"url\":\"https:\/\/energizer.com\/eu\/switzerland\/wp-content\/uploads\/sites\/58\/2024\/04\/Energizer_brand.png\",\"contentUrl\":\"https:\/\/energizer.com\/eu\/switzerland\/wp-content\/uploads\/sites\/58\/2024\/04\/Energizer_brand.png\",\"width\":267,\"height\":100,\"caption\":\"Energizer Switzerland (FR)\"},\"image\":{\"@id\":\"https:\/\/energizer.com\/eu\/switzerland\/#\/schema\/logo\/image\/\"}}]}<\/script>\n<!-- \/ Yoast SEO plugin. -->","yoast_head_json":{"title":"Energizer Hard Case Professional 2AA Handheld Torch - Switzerland","robots":{"index":"index","follow":"follow","max-snippet":"max-snippet:-1","max-image-preview":"max-image-preview:large","max-video-preview":"max-video-preview:-1"},"canonical":"https:\/\/energizer.com\/eu\/switzerland\/product\/energizer-hard-case-professional-2aa-handheld-torch\/","og_locale":"en_US","og_type":"article","og_title":"Energizer Hard Case Professional 2AA Handheld Torch - Switzerland","og_description":"Pour les t\u00e2ches les plus exigeantes, ne cherchez pas plus loin que la lampe de travail Energizer HARDCASE PROFESSIONAL. Avec une construction de qualit\u00e9 et une technologie LED avanc\u00e9e, cette lampe est con\u00e7ue pour r\u00e9pondre aux t\u00e2ches les plus exigeantes. Con\u00e7ue pour les professionnels, elle r\u00e9siste \u00e0 toutes les chutes, que ce soit d'une \u00e9chelle ou d'un immeuble de deux \u00e9tages. Le gros bouton-poussoir peut \u00eatre facilement actionn\u00e9 avec des gants, tandis que les modes haut et bas permettent \u00e0 l'utilisateur de d\u00e9cider de l'\u00e9quilibre entre la luminosit\u00e9 et l'autonomie. De plus, cette lampe est r\u00e9sistante \u00e0 l'eau, ce qui la rend parfaitement adapt\u00e9e \u00e0 une utilisation en ext\u00e9rieur.","og_url":"https:\/\/energizer.com\/eu\/switzerland\/product\/energizer-hard-case-professional-2aa-handheld-torch\/","og_site_name":"Switzerland","article_modified_time":"2024-08-23T07:59:56+00:00","twitter_card":"summary_large_image","schema":{"@context":"https:\/\/schema.org","@graph":[{"@type":"WebPage","@id":"https:\/\/energizer.com\/eu\/switzerland\/product\/energizer-hard-case-professional-2aa-handheld-torch\/","url":"https:\/\/energizer.com\/eu\/switzerland\/product\/energizer-hard-case-professional-2aa-handheld-torch\/","name":"Energizer Hard Case Professional 2AA Handheld Torch - Switzerland","isPartOf":{"@id":"https:\/\/energizer.com\/eu\/switzerland\/#website"},"datePublished":"2024-06-03T05:16:50+00:00","dateModified":"2024-08-23T07:59:56+00:00","breadcrumb":{"@id":"https:\/\/energizer.com\/eu\/switzerland\/product\/energizer-hard-case-professional-2aa-handheld-torch\/#breadcrumb"},"inLanguage":"en-US","potentialAction":[{"@type":"ReadAction","target":["https:\/\/energizer.com\/eu\/switzerland\/product\/energizer-hard-case-professional-2aa-handheld-torch\/"]}]},{"@type":"BreadcrumbList","@id":"https:\/\/energizer.com\/eu\/switzerland\/product\/energizer-hard-case-professional-2aa-handheld-torch\/#breadcrumb","itemListElement":[{"@type":"ListItem","position":1,"name":"Home","item":"https:\/\/energizer.com\/eu\/switzerland\/"},{"@type":"ListItem","position":2,"name":"Energizer Hard Case Professional 2AA Handheld Torch"}]},{"@type":"WebSite","@id":"https:\/\/energizer.com\/eu\/switzerland\/#website","url":"https:\/\/energizer.com\/eu\/switzerland\/","name":"Energizer Switzerland (FR)","description":"","publisher":{"@id":"https:\/\/energizer.com\/eu\/switzerland\/#organization"},"potentialAction":[{"@type":"SearchAction","target":{"@type":"EntryPoint","urlTemplate":"https:\/\/energizer.com\/eu\/switzerland\/?s={search_term_string}"},"query-input":{"@type":"PropertyValueSpecification","valueRequired":true,"valueName":"search_term_string"}}],"inLanguage":"en-US"},{"@type":"Organization","@id":"https:\/\/energizer.com\/eu\/switzerland\/#organization","name":"Energizer Switzerland (FR)","url":"https:\/\/energizer.com\/eu\/switzerland\/","logo":{"@type":"ImageObject","inLanguage":"en-US","@id":"https:\/\/energizer.com\/eu\/switzerland\/#\/schema\/logo\/image\/","url":"https:\/\/energizer.com\/eu\/switzerland\/wp-content\/uploads\/sites\/58\/2024\/04\/Energizer_brand.png","contentUrl":"https:\/\/energizer.com\/eu\/switzerland\/wp-content\/uploads\/sites\/58\/2024\/04\/Energizer_brand.png","width":267,"height":100,"caption":"Energizer Switzerland (FR)"},"image":{"@id":"https:\/\/energizer.com\/eu\/switzerland\/#\/schema\/logo\/image\/"}}]}},"_links":{"self":[{"href":"https:\/\/energizer.com\/eu\/switzerland\/wp-json\/wp\/v2\/product\/7509","targetHints":{"allow":["GET"]}}],"collection":[{"href":"https:\/\/energizer.com\/eu\/switzerland\/wp-json\/wp\/v2\/product"}],"about":[{"href":"https:\/\/energizer.com\/eu\/switzerland\/wp-json\/wp\/v2\/types\/product"}],"replies":[{"embeddable":true,"href":"https:\/\/energizer.com\/eu\/switzerland\/wp-json\/wp\/v2\/comments?post=7509"}],"version-history":[{"count":3,"href":"https:\/\/energizer.com\/eu\/switzerland\/wp-json\/wp\/v2\/product\/7509\/revisions"}],"predecessor-version":[{"id":8135,"href":"https:\/\/energizer.com\/eu\/switzerland\/wp-json\/wp\/v2\/product\/7509\/revisions\/8135"}],"wp:attachment":[{"href":"https:\/\/energizer.com\/eu\/switzerland\/wp-json\/wp\/v2\/media?parent=7509"}],"wp:term":[{"taxonomy":"product_brand","embeddable":true,"href":"https:\/\/energizer.com\/eu\/switzerland\/wp-json\/wp\/v2\/product_brand?post=7509"},{"taxonomy":"product_cat","embeddable":true,"href":"https:\/\/energizer.com\/eu\/switzerland\/wp-json\/wp\/v2\/product_cat?post=7509"},{"taxonomy":"product_tag","embeddable":true,"href":"https:\/\/energizer.com\/eu\/switzerland\/wp-json\/wp\/v2\/product_tag?post=7509"}],"curies":[{"name":"wp","href":"https:\/\/api.w.org\/{rel}","templated":true}]}}