{"id":7515,"date":"2024-06-03T05:16:50","date_gmt":"2024-06-03T05:16:50","guid":{"rendered":"https:\/\/23b13e8ab3.nxcli.io\/switzerland\/?post_type=product&#038;p=7515"},"modified":"2024-08-27T07:06:41","modified_gmt":"2024-08-27T07:06:41","slug":"energizer-hard-case-pro-work-light-led-torch","status":"publish","type":"product","link":"https:\/\/energizer.com\/eu\/switzerland\/product\/energizer-hard-case-pro-work-light-led-torch\/","title":{"rendered":"Energizer Hard Case Pro Work Light LED Torch"},"content":{"rendered":"<ul>\n<li>Cette torche LED portable et robuste fonctionne avec 4 piles Energizer MAX AA (incluses)<\/li>\n<li>La technologie LED haute puissance d\u00e9livre jusqu&#8217;\u00e0 550 lumens* de lumi\u00e8re uniforme et \u00e0 angle large<\/li>\n<li>Le corps robuste et durable r\u00e9siste \u00e0 toutes les chutes, jusqu&#8217;\u00e0 7 m\u00e8tres de haut<\/li>\n<li>Elle s&#8217;allume et s&#8217;\u00e9teint en m\u00eame temps que vous : elle dure 8 heures** par jour en mode haut<\/li>\n<li>Le crochet rotatif r\u00e9tractable, les aimants et la base solide garantissent une lampe autonome mains libres<\/li>\n<li>La fonction de gradation intelligente Energizer vous permet de contr\u00f4ler l&#8217;intensit\u00e9 de la lumi\u00e8re<\/li>\n<li>Pr\u00eat \u00e0 affronter toutes les conditions m\u00e9t\u00e9orologiques : Sa construction r\u00e9sistante \u00e0 l&#8217;eau lui permet de supporter les \u00e9claboussures<\/li>\n<\/ul>\n","protected":false},"excerpt":{"rendered":"<p>Lorsque vous \u00eates au travail, la lampe de poche LED Energizer Hard Case Professional Work Light l&#8217;est aussi. Cette torche robuste, durable et r\u00e9sistante vous offre l&#8217;\u00e9clairage portable n\u00e9cessaire \u00e0 toute t\u00e2che. Gr\u00e2ce \u00e0 sa technologie LED haute puissance et \u00e0 son optique avanc\u00e9e, vous obtiendrez une lumi\u00e8re brillante et uniforme avec une autonomie de 8 heures** par jour (en mode \u00e9lev\u00e9). De plus, la fonction de gradation intelligente vous permet de personnaliser l&#8217;intensit\u00e9 lumineuse et d&#8217;\u00e9conomiser de l&#8217;\u00e9nergie pour une autonomie encore plus longue, qui durera toute la semaine de travail de 40 heures** (en mode bas). Le surmoulage robuste de cette torche \u00e0 haute luminosit\u00e9 est con\u00e7u pour r\u00e9sister aux chocs accidentels et aux chutes d&#8217;une hauteur maximale de 7 m\u00e8tres.<\/p>\n","protected":false},"featured_media":0,"comment_status":"open","ping_status":"closed","template":"","meta":{"_acf_changed":false},"product_brand":[],"product_cat":[44],"product_tag":[],"class_list":{"0":"post-7515","1":"product","2":"type-product","3":"status-publish","5":"product_cat-area","6":"pa_uses-work","8":"first","9":"instock","10":"shipping-taxable","11":"product-type-simple"},"acf":[],"yoast_head":"<!-- This site is optimized with the Yoast SEO plugin v27.2 - https:\/\/yoast.com\/product\/yoast-seo-wordpress\/ -->\n<title>Energizer Hard Case Pro Work Light LED Torch - Switzerland<\/title>\n<meta name=\"robots\" content=\"index, follow, max-snippet:-1, max-image-preview:large, max-video-preview:-1\" \/>\n<link rel=\"canonical\" href=\"https:\/\/energizer.com\/eu\/switzerland\/product\/energizer-hard-case-pro-work-light-led-torch\/\" \/>\n<meta property=\"og:locale\" content=\"en_US\" \/>\n<meta property=\"og:type\" content=\"article\" \/>\n<meta property=\"og:title\" content=\"Energizer Hard Case Pro Work Light LED Torch - Switzerland\" \/>\n<meta property=\"og:description\" content=\"Lorsque vous \u00eates au travail, la lampe de poche LED Energizer Hard Case Professional Work Light l&#039;est aussi. Cette torche robuste, durable et r\u00e9sistante vous offre l&#039;\u00e9clairage portable n\u00e9cessaire \u00e0 toute t\u00e2che. Gr\u00e2ce \u00e0 sa technologie LED haute puissance et \u00e0 son optique avanc\u00e9e, vous obtiendrez une lumi\u00e8re brillante et uniforme avec une autonomie de 8 heures** par jour (en mode \u00e9lev\u00e9). De plus, la fonction de gradation intelligente vous permet de personnaliser l&#039;intensit\u00e9 lumineuse et d&#039;\u00e9conomiser de l&#039;\u00e9nergie pour une autonomie encore plus longue, qui durera toute la semaine de travail de 40 heures** (en mode bas). Le surmoulage robuste de cette torche \u00e0 haute luminosit\u00e9 est con\u00e7u pour r\u00e9sister aux chocs accidentels et aux chutes d&#039;une hauteur maximale de 7 m\u00e8tres.\" \/>\n<meta property=\"og:url\" content=\"https:\/\/energizer.com\/eu\/switzerland\/product\/energizer-hard-case-pro-work-light-led-torch\/\" \/>\n<meta property=\"og:site_name\" content=\"Switzerland\" \/>\n<meta property=\"article:modified_time\" content=\"2024-08-27T07:06:41+00:00\" \/>\n<meta name=\"twitter:card\" content=\"summary_large_image\" \/>\n<script type=\"application\/ld+json\" class=\"yoast-schema-graph\">{\"@context\":\"https:\/\/schema.org\",\"@graph\":[{\"@type\":\"WebPage\",\"@id\":\"https:\/\/energizer.com\/eu\/switzerland\/product\/energizer-hard-case-pro-work-light-led-torch\/\",\"url\":\"https:\/\/energizer.com\/eu\/switzerland\/product\/energizer-hard-case-pro-work-light-led-torch\/\",\"name\":\"Energizer Hard Case Pro Work Light LED Torch - Switzerland\",\"isPartOf\":{\"@id\":\"https:\/\/energizer.com\/eu\/switzerland\/#website\"},\"datePublished\":\"2024-06-03T05:16:50+00:00\",\"dateModified\":\"2024-08-27T07:06:41+00:00\",\"breadcrumb\":{\"@id\":\"https:\/\/energizer.com\/eu\/switzerland\/product\/energizer-hard-case-pro-work-light-led-torch\/#breadcrumb\"},\"inLanguage\":\"en-US\",\"potentialAction\":[{\"@type\":\"ReadAction\",\"target\":[\"https:\/\/energizer.com\/eu\/switzerland\/product\/energizer-hard-case-pro-work-light-led-torch\/\"]}]},{\"@type\":\"BreadcrumbList\",\"@id\":\"https:\/\/energizer.com\/eu\/switzerland\/product\/energizer-hard-case-pro-work-light-led-torch\/#breadcrumb\",\"itemListElement\":[{\"@type\":\"ListItem\",\"position\":1,\"name\":\"Home\",\"item\":\"https:\/\/energizer.com\/eu\/switzerland\/\"},{\"@type\":\"ListItem\",\"position\":2,\"name\":\"Energizer Hard Case Pro Work Light LED Torch\"}]},{\"@type\":\"WebSite\",\"@id\":\"https:\/\/energizer.com\/eu\/switzerland\/#website\",\"url\":\"https:\/\/energizer.com\/eu\/switzerland\/\",\"name\":\"Energizer Switzerland (FR)\",\"description\":\"\",\"publisher\":{\"@id\":\"https:\/\/energizer.com\/eu\/switzerland\/#organization\"},\"potentialAction\":[{\"@type\":\"SearchAction\",\"target\":{\"@type\":\"EntryPoint\",\"urlTemplate\":\"https:\/\/energizer.com\/eu\/switzerland\/?s={search_term_string}\"},\"query-input\":{\"@type\":\"PropertyValueSpecification\",\"valueRequired\":true,\"valueName\":\"search_term_string\"}}],\"inLanguage\":\"en-US\"},{\"@type\":\"Organization\",\"@id\":\"https:\/\/energizer.com\/eu\/switzerland\/#organization\",\"name\":\"Energizer Switzerland (FR)\",\"url\":\"https:\/\/energizer.com\/eu\/switzerland\/\",\"logo\":{\"@type\":\"ImageObject\",\"inLanguage\":\"en-US\",\"@id\":\"https:\/\/energizer.com\/eu\/switzerland\/#\/schema\/logo\/image\/\",\"url\":\"https:\/\/energizer.com\/eu\/switzerland\/wp-content\/uploads\/sites\/58\/2024\/04\/Energizer_brand.png\",\"contentUrl\":\"https:\/\/energizer.com\/eu\/switzerland\/wp-content\/uploads\/sites\/58\/2024\/04\/Energizer_brand.png\",\"width\":267,\"height\":100,\"caption\":\"Energizer Switzerland (FR)\"},\"image\":{\"@id\":\"https:\/\/energizer.com\/eu\/switzerland\/#\/schema\/logo\/image\/\"}}]}<\/script>\n<!-- \/ Yoast SEO plugin. -->","yoast_head_json":{"title":"Energizer Hard Case Pro Work Light LED Torch - Switzerland","robots":{"index":"index","follow":"follow","max-snippet":"max-snippet:-1","max-image-preview":"max-image-preview:large","max-video-preview":"max-video-preview:-1"},"canonical":"https:\/\/energizer.com\/eu\/switzerland\/product\/energizer-hard-case-pro-work-light-led-torch\/","og_locale":"en_US","og_type":"article","og_title":"Energizer Hard Case Pro Work Light LED Torch - Switzerland","og_description":"Lorsque vous \u00eates au travail, la lampe de poche LED Energizer Hard Case Professional Work Light l'est aussi. Cette torche robuste, durable et r\u00e9sistante vous offre l'\u00e9clairage portable n\u00e9cessaire \u00e0 toute t\u00e2che. Gr\u00e2ce \u00e0 sa technologie LED haute puissance et \u00e0 son optique avanc\u00e9e, vous obtiendrez une lumi\u00e8re brillante et uniforme avec une autonomie de 8 heures** par jour (en mode \u00e9lev\u00e9). De plus, la fonction de gradation intelligente vous permet de personnaliser l'intensit\u00e9 lumineuse et d'\u00e9conomiser de l'\u00e9nergie pour une autonomie encore plus longue, qui durera toute la semaine de travail de 40 heures** (en mode bas). Le surmoulage robuste de cette torche \u00e0 haute luminosit\u00e9 est con\u00e7u pour r\u00e9sister aux chocs accidentels et aux chutes d'une hauteur maximale de 7 m\u00e8tres.","og_url":"https:\/\/energizer.com\/eu\/switzerland\/product\/energizer-hard-case-pro-work-light-led-torch\/","og_site_name":"Switzerland","article_modified_time":"2024-08-27T07:06:41+00:00","twitter_card":"summary_large_image","schema":{"@context":"https:\/\/schema.org","@graph":[{"@type":"WebPage","@id":"https:\/\/energizer.com\/eu\/switzerland\/product\/energizer-hard-case-pro-work-light-led-torch\/","url":"https:\/\/energizer.com\/eu\/switzerland\/product\/energizer-hard-case-pro-work-light-led-torch\/","name":"Energizer Hard Case Pro Work Light LED Torch - Switzerland","isPartOf":{"@id":"https:\/\/energizer.com\/eu\/switzerland\/#website"},"datePublished":"2024-06-03T05:16:50+00:00","dateModified":"2024-08-27T07:06:41+00:00","breadcrumb":{"@id":"https:\/\/energizer.com\/eu\/switzerland\/product\/energizer-hard-case-pro-work-light-led-torch\/#breadcrumb"},"inLanguage":"en-US","potentialAction":[{"@type":"ReadAction","target":["https:\/\/energizer.com\/eu\/switzerland\/product\/energizer-hard-case-pro-work-light-led-torch\/"]}]},{"@type":"BreadcrumbList","@id":"https:\/\/energizer.com\/eu\/switzerland\/product\/energizer-hard-case-pro-work-light-led-torch\/#breadcrumb","itemListElement":[{"@type":"ListItem","position":1,"name":"Home","item":"https:\/\/energizer.com\/eu\/switzerland\/"},{"@type":"ListItem","position":2,"name":"Energizer Hard Case Pro Work Light LED Torch"}]},{"@type":"WebSite","@id":"https:\/\/energizer.com\/eu\/switzerland\/#website","url":"https:\/\/energizer.com\/eu\/switzerland\/","name":"Energizer Switzerland (FR)","description":"","publisher":{"@id":"https:\/\/energizer.com\/eu\/switzerland\/#organization"},"potentialAction":[{"@type":"SearchAction","target":{"@type":"EntryPoint","urlTemplate":"https:\/\/energizer.com\/eu\/switzerland\/?s={search_term_string}"},"query-input":{"@type":"PropertyValueSpecification","valueRequired":true,"valueName":"search_term_string"}}],"inLanguage":"en-US"},{"@type":"Organization","@id":"https:\/\/energizer.com\/eu\/switzerland\/#organization","name":"Energizer Switzerland (FR)","url":"https:\/\/energizer.com\/eu\/switzerland\/","logo":{"@type":"ImageObject","inLanguage":"en-US","@id":"https:\/\/energizer.com\/eu\/switzerland\/#\/schema\/logo\/image\/","url":"https:\/\/energizer.com\/eu\/switzerland\/wp-content\/uploads\/sites\/58\/2024\/04\/Energizer_brand.png","contentUrl":"https:\/\/energizer.com\/eu\/switzerland\/wp-content\/uploads\/sites\/58\/2024\/04\/Energizer_brand.png","width":267,"height":100,"caption":"Energizer Switzerland (FR)"},"image":{"@id":"https:\/\/energizer.com\/eu\/switzerland\/#\/schema\/logo\/image\/"}}]}},"_links":{"self":[{"href":"https:\/\/energizer.com\/eu\/switzerland\/wp-json\/wp\/v2\/product\/7515","targetHints":{"allow":["GET"]}}],"collection":[{"href":"https:\/\/energizer.com\/eu\/switzerland\/wp-json\/wp\/v2\/product"}],"about":[{"href":"https:\/\/energizer.com\/eu\/switzerland\/wp-json\/wp\/v2\/types\/product"}],"replies":[{"embeddable":true,"href":"https:\/\/energizer.com\/eu\/switzerland\/wp-json\/wp\/v2\/comments?post=7515"}],"version-history":[{"count":4,"href":"https:\/\/energizer.com\/eu\/switzerland\/wp-json\/wp\/v2\/product\/7515\/revisions"}],"predecessor-version":[{"id":9732,"href":"https:\/\/energizer.com\/eu\/switzerland\/wp-json\/wp\/v2\/product\/7515\/revisions\/9732"}],"wp:attachment":[{"href":"https:\/\/energizer.com\/eu\/switzerland\/wp-json\/wp\/v2\/media?parent=7515"}],"wp:term":[{"taxonomy":"product_brand","embeddable":true,"href":"https:\/\/energizer.com\/eu\/switzerland\/wp-json\/wp\/v2\/product_brand?post=7515"},{"taxonomy":"product_cat","embeddable":true,"href":"https:\/\/energizer.com\/eu\/switzerland\/wp-json\/wp\/v2\/product_cat?post=7515"},{"taxonomy":"product_tag","embeddable":true,"href":"https:\/\/energizer.com\/eu\/switzerland\/wp-json\/wp\/v2\/product_tag?post=7515"}],"curies":[{"name":"wp","href":"https:\/\/api.w.org\/{rel}","templated":true}]}}