{"id":7519,"date":"2024-06-03T05:16:50","date_gmt":"2024-06-03T05:16:50","guid":{"rendered":"https:\/\/23b13e8ab3.nxcli.io\/switzerland\/?post_type=product&#038;p=7519"},"modified":"2024-08-23T08:00:05","modified_gmt":"2024-08-23T08:00:05","slug":"energizer-fusion-3in1-work-tripod-torch","status":"publish","type":"product","link":"https:\/\/energizer.com\/eu\/switzerland\/product\/energizer-fusion-3in1-work-tripod-torch\/","title":{"rendered":"Energizer Fusion 3in1 Work Tripod Torch"},"content":{"rendered":"<ul>\n<li>La t\u00eate pivotante oriente la lumi\u00e8re ponctuelle l\u00e0 o\u00f9 elle est n\u00e9cessaire<\/li>\n<li>Pieds rabattables pour un \u00e9clairage directionnel ou de zone en mains libres<\/li>\n<li>Crochet de suspension int\u00e9gr\u00e9 pour une polyvalence maximale<\/li>\n<\/ul>\n","protected":false},"excerpt":{"rendered":"<p>La torche multifonction Energizer avec technologie Light Fusion offre une solution vraiment polyvalente pour n&#8217;importe quelle t\u00e2che. Vous avez le choix entre une application ponctuelle lumineuse et un \u00e9clairage de zone d&#8217;une luminosit\u00e9 impressionnante. Dot\u00e9e d&#8217;un tr\u00e9pied robuste et d&#8217;une t\u00eate pivotante, cette lampe se plie pour une excellente application mains libres. Pour l&#8217;utiliser comme torche \u00e0 main, il suffit de replier les pieds compacts. Avec tant d&#8217;options d&#8217;\u00e9clairage, cette solution fournit l&#8217;\u00e9clairage ponctuel et de zone n\u00e9cessaire \u00e0 tout usage.<\/p>\n","protected":false},"featured_media":0,"comment_status":"open","ping_status":"closed","template":"","meta":{"_acf_changed":false},"product_brand":[],"product_cat":[97],"product_tag":[],"class_list":{"0":"post-7519","1":"product","2":"type-product","3":"status-publish","5":"product_cat-handheld","6":"pa_uses-work","8":"first","9":"instock","10":"shipping-taxable","11":"product-type-simple"},"acf":[],"yoast_head":"<!-- This site is optimized with the Yoast SEO plugin v27.2 - https:\/\/yoast.com\/product\/yoast-seo-wordpress\/ -->\n<title>Energizer Fusion 3in1 Work Tripod Torch - Switzerland<\/title>\n<meta name=\"robots\" content=\"index, follow, max-snippet:-1, max-image-preview:large, max-video-preview:-1\" \/>\n<link rel=\"canonical\" href=\"https:\/\/energizer.com\/eu\/switzerland\/product\/energizer-fusion-3in1-work-tripod-torch\/\" \/>\n<meta property=\"og:locale\" content=\"en_US\" \/>\n<meta property=\"og:type\" content=\"article\" \/>\n<meta property=\"og:title\" content=\"Energizer Fusion 3in1 Work Tripod Torch - Switzerland\" \/>\n<meta property=\"og:description\" content=\"La torche multifonction Energizer avec technologie Light Fusion offre une solution vraiment polyvalente pour n&#039;importe quelle t\u00e2che. Vous avez le choix entre une application ponctuelle lumineuse et un \u00e9clairage de zone d&#039;une luminosit\u00e9 impressionnante. Dot\u00e9e d&#039;un tr\u00e9pied robuste et d&#039;une t\u00eate pivotante, cette lampe se plie pour une excellente application mains libres. Pour l&#039;utiliser comme torche \u00e0 main, il suffit de replier les pieds compacts. Avec tant d&#039;options d&#039;\u00e9clairage, cette solution fournit l&#039;\u00e9clairage ponctuel et de zone n\u00e9cessaire \u00e0 tout usage.\" \/>\n<meta property=\"og:url\" content=\"https:\/\/energizer.com\/eu\/switzerland\/product\/energizer-fusion-3in1-work-tripod-torch\/\" \/>\n<meta property=\"og:site_name\" content=\"Switzerland\" \/>\n<meta property=\"article:modified_time\" content=\"2024-08-23T08:00:05+00:00\" \/>\n<meta name=\"twitter:card\" content=\"summary_large_image\" \/>\n<script type=\"application\/ld+json\" class=\"yoast-schema-graph\">{\"@context\":\"https:\/\/schema.org\",\"@graph\":[{\"@type\":\"WebPage\",\"@id\":\"https:\/\/energizer.com\/eu\/switzerland\/product\/energizer-fusion-3in1-work-tripod-torch\/\",\"url\":\"https:\/\/energizer.com\/eu\/switzerland\/product\/energizer-fusion-3in1-work-tripod-torch\/\",\"name\":\"Energizer Fusion 3in1 Work Tripod Torch - Switzerland\",\"isPartOf\":{\"@id\":\"https:\/\/energizer.com\/eu\/switzerland\/#website\"},\"datePublished\":\"2024-06-03T05:16:50+00:00\",\"dateModified\":\"2024-08-23T08:00:05+00:00\",\"breadcrumb\":{\"@id\":\"https:\/\/energizer.com\/eu\/switzerland\/product\/energizer-fusion-3in1-work-tripod-torch\/#breadcrumb\"},\"inLanguage\":\"en-US\",\"potentialAction\":[{\"@type\":\"ReadAction\",\"target\":[\"https:\/\/energizer.com\/eu\/switzerland\/product\/energizer-fusion-3in1-work-tripod-torch\/\"]}]},{\"@type\":\"BreadcrumbList\",\"@id\":\"https:\/\/energizer.com\/eu\/switzerland\/product\/energizer-fusion-3in1-work-tripod-torch\/#breadcrumb\",\"itemListElement\":[{\"@type\":\"ListItem\",\"position\":1,\"name\":\"Home\",\"item\":\"https:\/\/energizer.com\/eu\/switzerland\/\"},{\"@type\":\"ListItem\",\"position\":2,\"name\":\"Energizer Fusion 3in1 Work Tripod Torch\"}]},{\"@type\":\"WebSite\",\"@id\":\"https:\/\/energizer.com\/eu\/switzerland\/#website\",\"url\":\"https:\/\/energizer.com\/eu\/switzerland\/\",\"name\":\"Energizer Switzerland (FR)\",\"description\":\"\",\"publisher\":{\"@id\":\"https:\/\/energizer.com\/eu\/switzerland\/#organization\"},\"potentialAction\":[{\"@type\":\"SearchAction\",\"target\":{\"@type\":\"EntryPoint\",\"urlTemplate\":\"https:\/\/energizer.com\/eu\/switzerland\/?s={search_term_string}\"},\"query-input\":{\"@type\":\"PropertyValueSpecification\",\"valueRequired\":true,\"valueName\":\"search_term_string\"}}],\"inLanguage\":\"en-US\"},{\"@type\":\"Organization\",\"@id\":\"https:\/\/energizer.com\/eu\/switzerland\/#organization\",\"name\":\"Energizer Switzerland (FR)\",\"url\":\"https:\/\/energizer.com\/eu\/switzerland\/\",\"logo\":{\"@type\":\"ImageObject\",\"inLanguage\":\"en-US\",\"@id\":\"https:\/\/energizer.com\/eu\/switzerland\/#\/schema\/logo\/image\/\",\"url\":\"https:\/\/energizer.com\/eu\/switzerland\/wp-content\/uploads\/sites\/58\/2024\/04\/Energizer_brand.png\",\"contentUrl\":\"https:\/\/energizer.com\/eu\/switzerland\/wp-content\/uploads\/sites\/58\/2024\/04\/Energizer_brand.png\",\"width\":267,\"height\":100,\"caption\":\"Energizer Switzerland (FR)\"},\"image\":{\"@id\":\"https:\/\/energizer.com\/eu\/switzerland\/#\/schema\/logo\/image\/\"}}]}<\/script>\n<!-- \/ Yoast SEO plugin. -->","yoast_head_json":{"title":"Energizer Fusion 3in1 Work Tripod Torch - Switzerland","robots":{"index":"index","follow":"follow","max-snippet":"max-snippet:-1","max-image-preview":"max-image-preview:large","max-video-preview":"max-video-preview:-1"},"canonical":"https:\/\/energizer.com\/eu\/switzerland\/product\/energizer-fusion-3in1-work-tripod-torch\/","og_locale":"en_US","og_type":"article","og_title":"Energizer Fusion 3in1 Work Tripod Torch - Switzerland","og_description":"La torche multifonction Energizer avec technologie Light Fusion offre une solution vraiment polyvalente pour n'importe quelle t\u00e2che. Vous avez le choix entre une application ponctuelle lumineuse et un \u00e9clairage de zone d'une luminosit\u00e9 impressionnante. Dot\u00e9e d'un tr\u00e9pied robuste et d'une t\u00eate pivotante, cette lampe se plie pour une excellente application mains libres. Pour l'utiliser comme torche \u00e0 main, il suffit de replier les pieds compacts. Avec tant d'options d'\u00e9clairage, cette solution fournit l'\u00e9clairage ponctuel et de zone n\u00e9cessaire \u00e0 tout usage.","og_url":"https:\/\/energizer.com\/eu\/switzerland\/product\/energizer-fusion-3in1-work-tripod-torch\/","og_site_name":"Switzerland","article_modified_time":"2024-08-23T08:00:05+00:00","twitter_card":"summary_large_image","schema":{"@context":"https:\/\/schema.org","@graph":[{"@type":"WebPage","@id":"https:\/\/energizer.com\/eu\/switzerland\/product\/energizer-fusion-3in1-work-tripod-torch\/","url":"https:\/\/energizer.com\/eu\/switzerland\/product\/energizer-fusion-3in1-work-tripod-torch\/","name":"Energizer Fusion 3in1 Work Tripod Torch - Switzerland","isPartOf":{"@id":"https:\/\/energizer.com\/eu\/switzerland\/#website"},"datePublished":"2024-06-03T05:16:50+00:00","dateModified":"2024-08-23T08:00:05+00:00","breadcrumb":{"@id":"https:\/\/energizer.com\/eu\/switzerland\/product\/energizer-fusion-3in1-work-tripod-torch\/#breadcrumb"},"inLanguage":"en-US","potentialAction":[{"@type":"ReadAction","target":["https:\/\/energizer.com\/eu\/switzerland\/product\/energizer-fusion-3in1-work-tripod-torch\/"]}]},{"@type":"BreadcrumbList","@id":"https:\/\/energizer.com\/eu\/switzerland\/product\/energizer-fusion-3in1-work-tripod-torch\/#breadcrumb","itemListElement":[{"@type":"ListItem","position":1,"name":"Home","item":"https:\/\/energizer.com\/eu\/switzerland\/"},{"@type":"ListItem","position":2,"name":"Energizer Fusion 3in1 Work Tripod Torch"}]},{"@type":"WebSite","@id":"https:\/\/energizer.com\/eu\/switzerland\/#website","url":"https:\/\/energizer.com\/eu\/switzerland\/","name":"Energizer Switzerland (FR)","description":"","publisher":{"@id":"https:\/\/energizer.com\/eu\/switzerland\/#organization"},"potentialAction":[{"@type":"SearchAction","target":{"@type":"EntryPoint","urlTemplate":"https:\/\/energizer.com\/eu\/switzerland\/?s={search_term_string}"},"query-input":{"@type":"PropertyValueSpecification","valueRequired":true,"valueName":"search_term_string"}}],"inLanguage":"en-US"},{"@type":"Organization","@id":"https:\/\/energizer.com\/eu\/switzerland\/#organization","name":"Energizer Switzerland (FR)","url":"https:\/\/energizer.com\/eu\/switzerland\/","logo":{"@type":"ImageObject","inLanguage":"en-US","@id":"https:\/\/energizer.com\/eu\/switzerland\/#\/schema\/logo\/image\/","url":"https:\/\/energizer.com\/eu\/switzerland\/wp-content\/uploads\/sites\/58\/2024\/04\/Energizer_brand.png","contentUrl":"https:\/\/energizer.com\/eu\/switzerland\/wp-content\/uploads\/sites\/58\/2024\/04\/Energizer_brand.png","width":267,"height":100,"caption":"Energizer Switzerland (FR)"},"image":{"@id":"https:\/\/energizer.com\/eu\/switzerland\/#\/schema\/logo\/image\/"}}]}},"_links":{"self":[{"href":"https:\/\/energizer.com\/eu\/switzerland\/wp-json\/wp\/v2\/product\/7519","targetHints":{"allow":["GET"]}}],"collection":[{"href":"https:\/\/energizer.com\/eu\/switzerland\/wp-json\/wp\/v2\/product"}],"about":[{"href":"https:\/\/energizer.com\/eu\/switzerland\/wp-json\/wp\/v2\/types\/product"}],"replies":[{"embeddable":true,"href":"https:\/\/energizer.com\/eu\/switzerland\/wp-json\/wp\/v2\/comments?post=7519"}],"version-history":[{"count":3,"href":"https:\/\/energizer.com\/eu\/switzerland\/wp-json\/wp\/v2\/product\/7519\/revisions"}],"predecessor-version":[{"id":8144,"href":"https:\/\/energizer.com\/eu\/switzerland\/wp-json\/wp\/v2\/product\/7519\/revisions\/8144"}],"wp:attachment":[{"href":"https:\/\/energizer.com\/eu\/switzerland\/wp-json\/wp\/v2\/media?parent=7519"}],"wp:term":[{"taxonomy":"product_brand","embeddable":true,"href":"https:\/\/energizer.com\/eu\/switzerland\/wp-json\/wp\/v2\/product_brand?post=7519"},{"taxonomy":"product_cat","embeddable":true,"href":"https:\/\/energizer.com\/eu\/switzerland\/wp-json\/wp\/v2\/product_cat?post=7519"},{"taxonomy":"product_tag","embeddable":true,"href":"https:\/\/energizer.com\/eu\/switzerland\/wp-json\/wp\/v2\/product_tag?post=7519"}],"curies":[{"name":"wp","href":"https:\/\/api.w.org\/{rel}","templated":true}]}}