{"id":7565,"date":"2024-06-03T05:16:54","date_gmt":"2024-06-03T05:16:54","guid":{"rendered":"https:\/\/23b13e8ab3.nxcli.io\/switzerland\/?post_type=product&#038;p=7565"},"modified":"2024-08-27T07:06:18","modified_gmt":"2024-08-27T07:06:18","slug":"energizer-led-work-light","status":"publish","type":"product","link":"https:\/\/energizer.com\/eu\/switzerland\/product\/energizer-led-work-light\/","title":{"rendered":"Energizer LED Work Light"},"content":{"rendered":"<ul>\n<li>Lampe de travail LED Energizer avec poign\u00e9e r\u00e9glable et 4 piles alcalines AA incluses<\/li>\n<li>Lumi\u00e8re puissante : Cette puissante lampe LED de 250 lumens offre une luminosit\u00e9 exceptionnelle et des performances \u00e9lev\u00e9es<\/li>\n<li>2 modes d&#8217;\u00e9clairage : Choisissez le mode \u00e9lev\u00e9 pour une luminosit\u00e9 maximale ou le mode \u00e9conomie d&#8217;\u00e9nergie pour optimiser l&#8217;autonomie<\/li>\n<li>Construction durable : Id\u00e9ale pour une utilisation de longue dur\u00e9e, cette lampe Energizer fiable est r\u00e9sistante \u00e0 l&#8217;eau IPX4 et aux chocs jusqu&#8217;\u00e0 1 m\u00e8tre<\/li>\n<li>Heures d&#8217;autonomie : Cette lampe de travail suspendue offre une autonomie de 8 heures<\/li>\n<li>Utilisation polyvalente : Dirigez la lumi\u00e8re l\u00e0 o\u00f9 vous en avez besoin, \u00e0 l&#8217;aide de la poign\u00e9e r\u00e9glable et mobile, pour mener \u00e0 bien n&#8217;importe quel projet de bricolage ou professionnel en toute simplicit\u00e9<\/li>\n<li>Alimentation fiable : Faites confiance \u00e0 Energizer pour obtenir les performances puissantes que nous promettons<\/li>\n<\/ul>\n","protected":false},"excerpt":{"rendered":"<p>Illuminez votre environnement sans effort avec cette lampe de travail haute performance. La lampe de travail LED Energizer offre une luminosit\u00e9 exceptionnelle pendant 8 heures &#8211; id\u00e9ale si vous effectuez de longs travaux dans des vides sanitaires, des sous-sols ou d&#8217;autres endroits sombres. Que vous fassiez du camping, que vous vous pr\u00e9pariez \u00e0 des situations d&#8217;urgence \u00e0 la maison ou qu&#8217;il y ait une coupure de courant, gardez votre lanterne Energizer \u00e0 port\u00e9e de main pour trouver votre chemin dans l&#8217;obscurit\u00e9. Ce panneau lumineux \u00e0 LED de 250 lumens peut \u00e9clairer les espaces les plus sombres. Elle est id\u00e9ale pour les projets de bricolage ou de travail, gr\u00e2ce \u00e0 son gros interrupteur \u00e0 bouton-poussoir qui la rend facile \u00e0 utiliser, m\u00eame avec des gants.<\/p>\n","protected":false},"featured_media":0,"comment_status":"open","ping_status":"closed","template":"","meta":{"_acf_changed":false},"product_brand":[],"product_cat":[44],"product_tag":[],"class_list":{"0":"post-7565","1":"product","2":"type-product","3":"status-publish","5":"product_cat-area","6":"pa_uses-work","8":"first","9":"instock","10":"shipping-taxable","11":"product-type-simple"},"acf":[],"yoast_head":"<!-- This site is optimized with the Yoast SEO plugin v27.2 - https:\/\/yoast.com\/product\/yoast-seo-wordpress\/ -->\n<title>Energizer LED Work Light - Switzerland<\/title>\n<meta name=\"robots\" content=\"index, follow, max-snippet:-1, max-image-preview:large, max-video-preview:-1\" \/>\n<link rel=\"canonical\" href=\"https:\/\/energizer.com\/eu\/switzerland\/product\/energizer-led-work-light\/\" \/>\n<meta property=\"og:locale\" content=\"en_US\" \/>\n<meta property=\"og:type\" content=\"article\" \/>\n<meta property=\"og:title\" content=\"Energizer LED Work Light - Switzerland\" \/>\n<meta property=\"og:description\" content=\"Illuminez votre environnement sans effort avec cette lampe de travail haute performance. La lampe de travail LED Energizer offre une luminosit\u00e9 exceptionnelle pendant 8 heures - id\u00e9ale si vous effectuez de longs travaux dans des vides sanitaires, des sous-sols ou d&#039;autres endroits sombres. Que vous fassiez du camping, que vous vous pr\u00e9pariez \u00e0 des situations d&#039;urgence \u00e0 la maison ou qu&#039;il y ait une coupure de courant, gardez votre lanterne Energizer \u00e0 port\u00e9e de main pour trouver votre chemin dans l&#039;obscurit\u00e9. Ce panneau lumineux \u00e0 LED de 250 lumens peut \u00e9clairer les espaces les plus sombres. Elle est id\u00e9ale pour les projets de bricolage ou de travail, gr\u00e2ce \u00e0 son gros interrupteur \u00e0 bouton-poussoir qui la rend facile \u00e0 utiliser, m\u00eame avec des gants.\" \/>\n<meta property=\"og:url\" content=\"https:\/\/energizer.com\/eu\/switzerland\/product\/energizer-led-work-light\/\" \/>\n<meta property=\"og:site_name\" content=\"Switzerland\" \/>\n<meta property=\"article:modified_time\" content=\"2024-08-27T07:06:18+00:00\" \/>\n<meta name=\"twitter:card\" content=\"summary_large_image\" \/>\n<script type=\"application\/ld+json\" class=\"yoast-schema-graph\">{\"@context\":\"https:\/\/schema.org\",\"@graph\":[{\"@type\":\"WebPage\",\"@id\":\"https:\/\/energizer.com\/eu\/switzerland\/product\/energizer-led-work-light\/\",\"url\":\"https:\/\/energizer.com\/eu\/switzerland\/product\/energizer-led-work-light\/\",\"name\":\"Energizer LED Work Light - Switzerland\",\"isPartOf\":{\"@id\":\"https:\/\/energizer.com\/eu\/switzerland\/#website\"},\"datePublished\":\"2024-06-03T05:16:54+00:00\",\"dateModified\":\"2024-08-27T07:06:18+00:00\",\"breadcrumb\":{\"@id\":\"https:\/\/energizer.com\/eu\/switzerland\/product\/energizer-led-work-light\/#breadcrumb\"},\"inLanguage\":\"en-US\",\"potentialAction\":[{\"@type\":\"ReadAction\",\"target\":[\"https:\/\/energizer.com\/eu\/switzerland\/product\/energizer-led-work-light\/\"]}]},{\"@type\":\"BreadcrumbList\",\"@id\":\"https:\/\/energizer.com\/eu\/switzerland\/product\/energizer-led-work-light\/#breadcrumb\",\"itemListElement\":[{\"@type\":\"ListItem\",\"position\":1,\"name\":\"Home\",\"item\":\"https:\/\/energizer.com\/eu\/switzerland\/\"},{\"@type\":\"ListItem\",\"position\":2,\"name\":\"Energizer LED Work Light\"}]},{\"@type\":\"WebSite\",\"@id\":\"https:\/\/energizer.com\/eu\/switzerland\/#website\",\"url\":\"https:\/\/energizer.com\/eu\/switzerland\/\",\"name\":\"Energizer Switzerland (FR)\",\"description\":\"\",\"publisher\":{\"@id\":\"https:\/\/energizer.com\/eu\/switzerland\/#organization\"},\"potentialAction\":[{\"@type\":\"SearchAction\",\"target\":{\"@type\":\"EntryPoint\",\"urlTemplate\":\"https:\/\/energizer.com\/eu\/switzerland\/?s={search_term_string}\"},\"query-input\":{\"@type\":\"PropertyValueSpecification\",\"valueRequired\":true,\"valueName\":\"search_term_string\"}}],\"inLanguage\":\"en-US\"},{\"@type\":\"Organization\",\"@id\":\"https:\/\/energizer.com\/eu\/switzerland\/#organization\",\"name\":\"Energizer Switzerland (FR)\",\"url\":\"https:\/\/energizer.com\/eu\/switzerland\/\",\"logo\":{\"@type\":\"ImageObject\",\"inLanguage\":\"en-US\",\"@id\":\"https:\/\/energizer.com\/eu\/switzerland\/#\/schema\/logo\/image\/\",\"url\":\"https:\/\/energizer.com\/eu\/switzerland\/wp-content\/uploads\/sites\/58\/2024\/04\/Energizer_brand.png\",\"contentUrl\":\"https:\/\/energizer.com\/eu\/switzerland\/wp-content\/uploads\/sites\/58\/2024\/04\/Energizer_brand.png\",\"width\":267,\"height\":100,\"caption\":\"Energizer Switzerland (FR)\"},\"image\":{\"@id\":\"https:\/\/energizer.com\/eu\/switzerland\/#\/schema\/logo\/image\/\"}}]}<\/script>\n<!-- \/ Yoast SEO plugin. -->","yoast_head_json":{"title":"Energizer LED Work Light - Switzerland","robots":{"index":"index","follow":"follow","max-snippet":"max-snippet:-1","max-image-preview":"max-image-preview:large","max-video-preview":"max-video-preview:-1"},"canonical":"https:\/\/energizer.com\/eu\/switzerland\/product\/energizer-led-work-light\/","og_locale":"en_US","og_type":"article","og_title":"Energizer LED Work Light - Switzerland","og_description":"Illuminez votre environnement sans effort avec cette lampe de travail haute performance. La lampe de travail LED Energizer offre une luminosit\u00e9 exceptionnelle pendant 8 heures - id\u00e9ale si vous effectuez de longs travaux dans des vides sanitaires, des sous-sols ou d'autres endroits sombres. Que vous fassiez du camping, que vous vous pr\u00e9pariez \u00e0 des situations d'urgence \u00e0 la maison ou qu'il y ait une coupure de courant, gardez votre lanterne Energizer \u00e0 port\u00e9e de main pour trouver votre chemin dans l'obscurit\u00e9. Ce panneau lumineux \u00e0 LED de 250 lumens peut \u00e9clairer les espaces les plus sombres. Elle est id\u00e9ale pour les projets de bricolage ou de travail, gr\u00e2ce \u00e0 son gros interrupteur \u00e0 bouton-poussoir qui la rend facile \u00e0 utiliser, m\u00eame avec des gants.","og_url":"https:\/\/energizer.com\/eu\/switzerland\/product\/energizer-led-work-light\/","og_site_name":"Switzerland","article_modified_time":"2024-08-27T07:06:18+00:00","twitter_card":"summary_large_image","schema":{"@context":"https:\/\/schema.org","@graph":[{"@type":"WebPage","@id":"https:\/\/energizer.com\/eu\/switzerland\/product\/energizer-led-work-light\/","url":"https:\/\/energizer.com\/eu\/switzerland\/product\/energizer-led-work-light\/","name":"Energizer LED Work Light - Switzerland","isPartOf":{"@id":"https:\/\/energizer.com\/eu\/switzerland\/#website"},"datePublished":"2024-06-03T05:16:54+00:00","dateModified":"2024-08-27T07:06:18+00:00","breadcrumb":{"@id":"https:\/\/energizer.com\/eu\/switzerland\/product\/energizer-led-work-light\/#breadcrumb"},"inLanguage":"en-US","potentialAction":[{"@type":"ReadAction","target":["https:\/\/energizer.com\/eu\/switzerland\/product\/energizer-led-work-light\/"]}]},{"@type":"BreadcrumbList","@id":"https:\/\/energizer.com\/eu\/switzerland\/product\/energizer-led-work-light\/#breadcrumb","itemListElement":[{"@type":"ListItem","position":1,"name":"Home","item":"https:\/\/energizer.com\/eu\/switzerland\/"},{"@type":"ListItem","position":2,"name":"Energizer LED Work Light"}]},{"@type":"WebSite","@id":"https:\/\/energizer.com\/eu\/switzerland\/#website","url":"https:\/\/energizer.com\/eu\/switzerland\/","name":"Energizer Switzerland (FR)","description":"","publisher":{"@id":"https:\/\/energizer.com\/eu\/switzerland\/#organization"},"potentialAction":[{"@type":"SearchAction","target":{"@type":"EntryPoint","urlTemplate":"https:\/\/energizer.com\/eu\/switzerland\/?s={search_term_string}"},"query-input":{"@type":"PropertyValueSpecification","valueRequired":true,"valueName":"search_term_string"}}],"inLanguage":"en-US"},{"@type":"Organization","@id":"https:\/\/energizer.com\/eu\/switzerland\/#organization","name":"Energizer Switzerland (FR)","url":"https:\/\/energizer.com\/eu\/switzerland\/","logo":{"@type":"ImageObject","inLanguage":"en-US","@id":"https:\/\/energizer.com\/eu\/switzerland\/#\/schema\/logo\/image\/","url":"https:\/\/energizer.com\/eu\/switzerland\/wp-content\/uploads\/sites\/58\/2024\/04\/Energizer_brand.png","contentUrl":"https:\/\/energizer.com\/eu\/switzerland\/wp-content\/uploads\/sites\/58\/2024\/04\/Energizer_brand.png","width":267,"height":100,"caption":"Energizer Switzerland (FR)"},"image":{"@id":"https:\/\/energizer.com\/eu\/switzerland\/#\/schema\/logo\/image\/"}}]}},"_links":{"self":[{"href":"https:\/\/energizer.com\/eu\/switzerland\/wp-json\/wp\/v2\/product\/7565","targetHints":{"allow":["GET"]}}],"collection":[{"href":"https:\/\/energizer.com\/eu\/switzerland\/wp-json\/wp\/v2\/product"}],"about":[{"href":"https:\/\/energizer.com\/eu\/switzerland\/wp-json\/wp\/v2\/types\/product"}],"replies":[{"embeddable":true,"href":"https:\/\/energizer.com\/eu\/switzerland\/wp-json\/wp\/v2\/comments?post=7565"}],"version-history":[{"count":4,"href":"https:\/\/energizer.com\/eu\/switzerland\/wp-json\/wp\/v2\/product\/7565\/revisions"}],"predecessor-version":[{"id":9730,"href":"https:\/\/energizer.com\/eu\/switzerland\/wp-json\/wp\/v2\/product\/7565\/revisions\/9730"}],"wp:attachment":[{"href":"https:\/\/energizer.com\/eu\/switzerland\/wp-json\/wp\/v2\/media?parent=7565"}],"wp:term":[{"taxonomy":"product_brand","embeddable":true,"href":"https:\/\/energizer.com\/eu\/switzerland\/wp-json\/wp\/v2\/product_brand?post=7565"},{"taxonomy":"product_cat","embeddable":true,"href":"https:\/\/energizer.com\/eu\/switzerland\/wp-json\/wp\/v2\/product_cat?post=7565"},{"taxonomy":"product_tag","embeddable":true,"href":"https:\/\/energizer.com\/eu\/switzerland\/wp-json\/wp\/v2\/product_tag?post=7565"}],"curies":[{"name":"wp","href":"https:\/\/api.w.org\/{rel}","templated":true}]}}