{"id":7570,"date":"2024-06-03T05:16:54","date_gmt":"2024-06-03T05:16:54","guid":{"rendered":"https:\/\/23b13e8ab3.nxcli.io\/switzerland\/?post_type=product&#038;p=7570"},"modified":"2024-08-27T07:05:23","modified_gmt":"2024-08-27T07:05:23","slug":"energizer-vision-hybrid-lantern","status":"publish","type":"product","link":"https:\/\/energizer.com\/eu\/switzerland\/product\/energizer-vision-hybrid-lantern\/","title":{"rendered":"Energizer Vision Hybrid Lantern"},"content":{"rendered":"<ul>\n<li>Une lanterne Energizer Vision Hybrid<\/li>\n<li>La lanterne Energizer fournit une lumi\u00e8re durable \u00e0 360 degr\u00e9s, parfaite pour les activit\u00e9s de plein air et les situations d&#8217;urgence<\/li>\n<li>La technologie Flexible Hybrid Powered permet d&#8217;utiliser la lanterne comme une lampe rechargeable ou comme une lampe \u00e0 piles<\/li>\n<li>Lanterne LED dot\u00e9e d&#8217;un port USB pour recharger vos appareils<\/li>\n<li>La r\u00e9sistance \u00e0 l&#8217;eau IPX4 et la r\u00e9sistance aux chocs jusqu&#8217;\u00e0 1 m\u00e8tre garantissent la durabilit\u00e9<\/li>\n<li>Fournit de la lumi\u00e8re jusqu&#8217;\u00e0 70 heures en mode faible avec des piles rechargeables, ou 30 heures en mode faible avec des piles AA<\/li>\n<\/ul>\n","protected":false},"excerpt":{"rendered":"<p>Pour une lumi\u00e8re puissante et brillante, parfaite pour toutes les t\u00e2ches, choisissez la lanterne Energizer Vision Hybrid. Jusqu&#8217;\u00e0 10 fois plus lumineuse que la technologie LED standard, cette lampe LED offre un \u00e9clairage \u00e0 360 degr\u00e9s id\u00e9al pour les aventures en plein air. Cette lampe LED est \u00e9quip\u00e9e d&#8217;un port USB qui vous permet de recharger vos appareils m\u00eame dans les situations d&#8217;urgence. Cette lampe Energizer est \u00e9galement dot\u00e9e de la technologie Flexible Hybrid Powered : il suffit de la charger pour l&#8217;utiliser comme une lanterne rechargeable ou d&#8217;ins\u00e9rer 4 piles AA pour l&#8217;utiliser comme une lanterne aliment\u00e9e par des piles. Personnalisez l&#8217;intensit\u00e9 lumineuse \u00e0 l&#8217;aide de la fonction de gradation, ou utilisez le mode veilleuse pour une lumi\u00e8re diffuse et durable.<\/p>\n","protected":false},"featured_media":0,"comment_status":"open","ping_status":"closed","template":"","meta":{"_acf_changed":false},"product_brand":[],"product_cat":[44],"product_tag":[],"class_list":{"0":"post-7570","1":"product","2":"type-product","3":"status-publish","5":"product_cat-area","6":"pa_uses-work","8":"first","9":"instock","10":"shipping-taxable","11":"product-type-simple"},"acf":[],"yoast_head":"<!-- This site is optimized with the Yoast SEO plugin v27.2 - https:\/\/yoast.com\/product\/yoast-seo-wordpress\/ -->\n<title>Energizer Vision Hybrid Lantern - Switzerland<\/title>\n<meta name=\"robots\" content=\"index, follow, max-snippet:-1, max-image-preview:large, max-video-preview:-1\" \/>\n<link rel=\"canonical\" href=\"https:\/\/energizer.com\/eu\/switzerland\/product\/energizer-vision-hybrid-lantern\/\" \/>\n<meta property=\"og:locale\" content=\"en_US\" \/>\n<meta property=\"og:type\" content=\"article\" \/>\n<meta property=\"og:title\" content=\"Energizer Vision Hybrid Lantern - Switzerland\" \/>\n<meta property=\"og:description\" content=\"Pour une lumi\u00e8re puissante et brillante, parfaite pour toutes les t\u00e2ches, choisissez la lanterne Energizer Vision Hybrid. Jusqu&#039;\u00e0 10 fois plus lumineuse que la technologie LED standard, cette lampe LED offre un \u00e9clairage \u00e0 360 degr\u00e9s id\u00e9al pour les aventures en plein air. Cette lampe LED est \u00e9quip\u00e9e d&#039;un port USB qui vous permet de recharger vos appareils m\u00eame dans les situations d&#039;urgence. Cette lampe Energizer est \u00e9galement dot\u00e9e de la technologie Flexible Hybrid Powered : il suffit de la charger pour l&#039;utiliser comme une lanterne rechargeable ou d&#039;ins\u00e9rer 4 piles AA pour l&#039;utiliser comme une lanterne aliment\u00e9e par des piles. Personnalisez l&#039;intensit\u00e9 lumineuse \u00e0 l&#039;aide de la fonction de gradation, ou utilisez le mode veilleuse pour une lumi\u00e8re diffuse et durable.\" \/>\n<meta property=\"og:url\" content=\"https:\/\/energizer.com\/eu\/switzerland\/product\/energizer-vision-hybrid-lantern\/\" \/>\n<meta property=\"og:site_name\" content=\"Switzerland\" \/>\n<meta property=\"article:modified_time\" content=\"2024-08-27T07:05:23+00:00\" \/>\n<meta name=\"twitter:card\" content=\"summary_large_image\" \/>\n<script type=\"application\/ld+json\" class=\"yoast-schema-graph\">{\"@context\":\"https:\/\/schema.org\",\"@graph\":[{\"@type\":\"WebPage\",\"@id\":\"https:\/\/energizer.com\/eu\/switzerland\/product\/energizer-vision-hybrid-lantern\/\",\"url\":\"https:\/\/energizer.com\/eu\/switzerland\/product\/energizer-vision-hybrid-lantern\/\",\"name\":\"Energizer Vision Hybrid Lantern - Switzerland\",\"isPartOf\":{\"@id\":\"https:\/\/energizer.com\/eu\/switzerland\/#website\"},\"datePublished\":\"2024-06-03T05:16:54+00:00\",\"dateModified\":\"2024-08-27T07:05:23+00:00\",\"breadcrumb\":{\"@id\":\"https:\/\/energizer.com\/eu\/switzerland\/product\/energizer-vision-hybrid-lantern\/#breadcrumb\"},\"inLanguage\":\"en-US\",\"potentialAction\":[{\"@type\":\"ReadAction\",\"target\":[\"https:\/\/energizer.com\/eu\/switzerland\/product\/energizer-vision-hybrid-lantern\/\"]}]},{\"@type\":\"BreadcrumbList\",\"@id\":\"https:\/\/energizer.com\/eu\/switzerland\/product\/energizer-vision-hybrid-lantern\/#breadcrumb\",\"itemListElement\":[{\"@type\":\"ListItem\",\"position\":1,\"name\":\"Home\",\"item\":\"https:\/\/energizer.com\/eu\/switzerland\/\"},{\"@type\":\"ListItem\",\"position\":2,\"name\":\"Energizer Vision Hybrid Lantern\"}]},{\"@type\":\"WebSite\",\"@id\":\"https:\/\/energizer.com\/eu\/switzerland\/#website\",\"url\":\"https:\/\/energizer.com\/eu\/switzerland\/\",\"name\":\"Energizer Switzerland (FR)\",\"description\":\"\",\"publisher\":{\"@id\":\"https:\/\/energizer.com\/eu\/switzerland\/#organization\"},\"potentialAction\":[{\"@type\":\"SearchAction\",\"target\":{\"@type\":\"EntryPoint\",\"urlTemplate\":\"https:\/\/energizer.com\/eu\/switzerland\/?s={search_term_string}\"},\"query-input\":{\"@type\":\"PropertyValueSpecification\",\"valueRequired\":true,\"valueName\":\"search_term_string\"}}],\"inLanguage\":\"en-US\"},{\"@type\":\"Organization\",\"@id\":\"https:\/\/energizer.com\/eu\/switzerland\/#organization\",\"name\":\"Energizer Switzerland (FR)\",\"url\":\"https:\/\/energizer.com\/eu\/switzerland\/\",\"logo\":{\"@type\":\"ImageObject\",\"inLanguage\":\"en-US\",\"@id\":\"https:\/\/energizer.com\/eu\/switzerland\/#\/schema\/logo\/image\/\",\"url\":\"https:\/\/energizer.com\/eu\/switzerland\/wp-content\/uploads\/sites\/58\/2024\/04\/Energizer_brand.png\",\"contentUrl\":\"https:\/\/energizer.com\/eu\/switzerland\/wp-content\/uploads\/sites\/58\/2024\/04\/Energizer_brand.png\",\"width\":267,\"height\":100,\"caption\":\"Energizer Switzerland (FR)\"},\"image\":{\"@id\":\"https:\/\/energizer.com\/eu\/switzerland\/#\/schema\/logo\/image\/\"}}]}<\/script>\n<!-- \/ Yoast SEO plugin. -->","yoast_head_json":{"title":"Energizer Vision Hybrid Lantern - Switzerland","robots":{"index":"index","follow":"follow","max-snippet":"max-snippet:-1","max-image-preview":"max-image-preview:large","max-video-preview":"max-video-preview:-1"},"canonical":"https:\/\/energizer.com\/eu\/switzerland\/product\/energizer-vision-hybrid-lantern\/","og_locale":"en_US","og_type":"article","og_title":"Energizer Vision Hybrid Lantern - Switzerland","og_description":"Pour une lumi\u00e8re puissante et brillante, parfaite pour toutes les t\u00e2ches, choisissez la lanterne Energizer Vision Hybrid. Jusqu'\u00e0 10 fois plus lumineuse que la technologie LED standard, cette lampe LED offre un \u00e9clairage \u00e0 360 degr\u00e9s id\u00e9al pour les aventures en plein air. Cette lampe LED est \u00e9quip\u00e9e d'un port USB qui vous permet de recharger vos appareils m\u00eame dans les situations d'urgence. Cette lampe Energizer est \u00e9galement dot\u00e9e de la technologie Flexible Hybrid Powered : il suffit de la charger pour l'utiliser comme une lanterne rechargeable ou d'ins\u00e9rer 4 piles AA pour l'utiliser comme une lanterne aliment\u00e9e par des piles. Personnalisez l'intensit\u00e9 lumineuse \u00e0 l'aide de la fonction de gradation, ou utilisez le mode veilleuse pour une lumi\u00e8re diffuse et durable.","og_url":"https:\/\/energizer.com\/eu\/switzerland\/product\/energizer-vision-hybrid-lantern\/","og_site_name":"Switzerland","article_modified_time":"2024-08-27T07:05:23+00:00","twitter_card":"summary_large_image","schema":{"@context":"https:\/\/schema.org","@graph":[{"@type":"WebPage","@id":"https:\/\/energizer.com\/eu\/switzerland\/product\/energizer-vision-hybrid-lantern\/","url":"https:\/\/energizer.com\/eu\/switzerland\/product\/energizer-vision-hybrid-lantern\/","name":"Energizer Vision Hybrid Lantern - Switzerland","isPartOf":{"@id":"https:\/\/energizer.com\/eu\/switzerland\/#website"},"datePublished":"2024-06-03T05:16:54+00:00","dateModified":"2024-08-27T07:05:23+00:00","breadcrumb":{"@id":"https:\/\/energizer.com\/eu\/switzerland\/product\/energizer-vision-hybrid-lantern\/#breadcrumb"},"inLanguage":"en-US","potentialAction":[{"@type":"ReadAction","target":["https:\/\/energizer.com\/eu\/switzerland\/product\/energizer-vision-hybrid-lantern\/"]}]},{"@type":"BreadcrumbList","@id":"https:\/\/energizer.com\/eu\/switzerland\/product\/energizer-vision-hybrid-lantern\/#breadcrumb","itemListElement":[{"@type":"ListItem","position":1,"name":"Home","item":"https:\/\/energizer.com\/eu\/switzerland\/"},{"@type":"ListItem","position":2,"name":"Energizer Vision Hybrid Lantern"}]},{"@type":"WebSite","@id":"https:\/\/energizer.com\/eu\/switzerland\/#website","url":"https:\/\/energizer.com\/eu\/switzerland\/","name":"Energizer Switzerland (FR)","description":"","publisher":{"@id":"https:\/\/energizer.com\/eu\/switzerland\/#organization"},"potentialAction":[{"@type":"SearchAction","target":{"@type":"EntryPoint","urlTemplate":"https:\/\/energizer.com\/eu\/switzerland\/?s={search_term_string}"},"query-input":{"@type":"PropertyValueSpecification","valueRequired":true,"valueName":"search_term_string"}}],"inLanguage":"en-US"},{"@type":"Organization","@id":"https:\/\/energizer.com\/eu\/switzerland\/#organization","name":"Energizer Switzerland (FR)","url":"https:\/\/energizer.com\/eu\/switzerland\/","logo":{"@type":"ImageObject","inLanguage":"en-US","@id":"https:\/\/energizer.com\/eu\/switzerland\/#\/schema\/logo\/image\/","url":"https:\/\/energizer.com\/eu\/switzerland\/wp-content\/uploads\/sites\/58\/2024\/04\/Energizer_brand.png","contentUrl":"https:\/\/energizer.com\/eu\/switzerland\/wp-content\/uploads\/sites\/58\/2024\/04\/Energizer_brand.png","width":267,"height":100,"caption":"Energizer Switzerland (FR)"},"image":{"@id":"https:\/\/energizer.com\/eu\/switzerland\/#\/schema\/logo\/image\/"}}]}},"_links":{"self":[{"href":"https:\/\/energizer.com\/eu\/switzerland\/wp-json\/wp\/v2\/product\/7570","targetHints":{"allow":["GET"]}}],"collection":[{"href":"https:\/\/energizer.com\/eu\/switzerland\/wp-json\/wp\/v2\/product"}],"about":[{"href":"https:\/\/energizer.com\/eu\/switzerland\/wp-json\/wp\/v2\/types\/product"}],"replies":[{"embeddable":true,"href":"https:\/\/energizer.com\/eu\/switzerland\/wp-json\/wp\/v2\/comments?post=7570"}],"version-history":[{"count":4,"href":"https:\/\/energizer.com\/eu\/switzerland\/wp-json\/wp\/v2\/product\/7570\/revisions"}],"predecessor-version":[{"id":9726,"href":"https:\/\/energizer.com\/eu\/switzerland\/wp-json\/wp\/v2\/product\/7570\/revisions\/9726"}],"wp:attachment":[{"href":"https:\/\/energizer.com\/eu\/switzerland\/wp-json\/wp\/v2\/media?parent=7570"}],"wp:term":[{"taxonomy":"product_brand","embeddable":true,"href":"https:\/\/energizer.com\/eu\/switzerland\/wp-json\/wp\/v2\/product_brand?post=7570"},{"taxonomy":"product_cat","embeddable":true,"href":"https:\/\/energizer.com\/eu\/switzerland\/wp-json\/wp\/v2\/product_cat?post=7570"},{"taxonomy":"product_tag","embeddable":true,"href":"https:\/\/energizer.com\/eu\/switzerland\/wp-json\/wp\/v2\/product_tag?post=7570"}],"curies":[{"name":"wp","href":"https:\/\/api.w.org\/{rel}","templated":true}]}}