{"id":5741,"date":"2024-05-23T12:22:04","date_gmt":"2024-05-23T12:22:04","guid":{"rendered":"https:\/\/23b13e8ab3.nxcli.io\/switzerland-german\/?page_id=5741"},"modified":"2024-07-31T07:20:38","modified_gmt":"2024-07-31T07:20:38","slug":"top-5-ways-to-prepare-for-a-power-outage","status":"publish","type":"page","link":"https:\/\/energizer.com\/eu\/switzerland_de\/responsibility\/top-5-ways-to-prepare-for-a-power-outage\/","title":{"rendered":"Top 5 Ways to Prepare for a Power Outage"},"content":{"rendered":"\t\t<div data-elementor-type=\"wp-page\" data-elementor-id=\"5741\" class=\"elementor elementor-5741\" data-elementor-post-type=\"page\">\n\t\t\t\t<div class=\"elementor-element elementor-element-9b5c823 e-flex e-con-boxed e-con e-parent\" data-id=\"9b5c823\" data-element_type=\"container\" data-e-type=\"container\">\n\t\t\t\t\t<div class=\"e-con-inner\">\n\t\t\t\t<div class=\"elementor-element elementor-element-7fe5857 elementor-widget elementor-widget-heading\" data-id=\"7fe5857\" data-element_type=\"widget\" data-e-type=\"widget\" data-widget_type=\"heading.default\">\n\t\t\t\t<div class=\"elementor-widget-container\">\n\t\t\t\t\t<h1 class=\"elementor-heading-title elementor-size-default\">Die f\u00fcnf h\u00e4ufigsten Fehler,  die Menschen bei einem Stromausfall machen<\/h1>\t\t\t\t<\/div>\n\t\t\t\t<\/div>\n\t\t\t\t<div class=\"elementor-element elementor-element-7d72013 elementor-widget-divider--view-line elementor-widget elementor-widget-divider\" data-id=\"7d72013\" data-element_type=\"widget\" data-e-type=\"widget\" data-widget_type=\"divider.default\">\n\t\t\t\t<div class=\"elementor-widget-container\">\n\t\t\t\t\t\t\t<div class=\"elementor-divider\">\n\t\t\t<span class=\"elementor-divider-separator\">\n\t\t\t\t\t\t<\/span>\n\t\t<\/div>\n\t\t\t\t\t\t<\/div>\n\t\t\t\t<\/div>\n\t\t\t\t\t<\/div>\n\t\t\t\t<\/div>\n\t\t<div class=\"elementor-element elementor-element-071971a e-flex e-con-boxed e-con e-parent\" data-id=\"071971a\" data-element_type=\"container\" data-e-type=\"container\">\n\t\t\t\t\t<div class=\"e-con-inner\">\n\t\t<div class=\"elementor-element elementor-element-679043e e-con-full e-flex e-con e-child\" data-id=\"679043e\" data-element_type=\"container\" data-e-type=\"container\">\n\t\t\t\t<div class=\"elementor-element elementor-element-a5c88d5 elementor-widget elementor-widget-text-editor\" data-id=\"a5c88d5\" data-element_type=\"widget\" data-e-type=\"widget\" data-widget_type=\"text-editor.default\">\n\t\t\t\t<div class=\"elementor-widget-container\">\n\t\t\t\t\t\t\t\t\tSt\u00fcrme, Hurrikane, \u00dcberschwemmungen und Tornados f\u00fchren zu Stromausf\u00e4llen. Und es scheint, dass dies heute h\u00e4ufiger passiert als je zuvor. Erfahren Sie, welche Fehler vor Beginn dieser Jahreszeit am h\u00e4ufigsten gemacht werden. So k\u00f6nnen Sie selbst sie leicht vermeiden und sich optimal auf Katastrophen vorbereiten:\t\t\t\t\t\t\t\t<\/div>\n\t\t\t\t<\/div>\n\t\t\t\t<div class=\"elementor-element elementor-element-7739ae2 elementor-widget__width-inherit elementor-widget elementor-widget-text-editor\" data-id=\"7739ae2\" data-element_type=\"widget\" data-e-type=\"widget\" data-widget_type=\"text-editor.default\">\n\t\t\t\t<div class=\"elementor-widget-container\">\n\t\t\t\t\t\t\t\t\t<h2>1. Zu geringer Wasservorrat<\/h2>\n\u00dcberlegen Sie, wie viele Liter Wasser Sie kaufen w\u00fcrden, wenn ein Hurrikan anst\u00fcnde. Multiplizieren Sie diese Menge nun mit 4! Wasser ist lebenswichtig und wird leicht untersch\u00e4tzt. Auch wenn St\u00fcrme unterschiedlich stark ausfallen k\u00f6nnen und sich die Versorgung mit Wasser und Strom manchmal schnell wiederherstellen l\u00e4sst, kann man auf gr\u00f6\u00dfere St\u00f6rungen nie zu gut vorbereitet sein. Ob es um einfache Bed\u00fcrfnisse wie Trinken und Kochen oder um weniger offensichtliche Dinge wie Baden und W\u00e4schewaschen geht \u2013 Sie brauchen dazu Wasser. Legen Sie sich daher bei einer Sturmwarnung einen Notwasservorrat an.\t\t\t\t\t\t\t\t<\/div>\n\t\t\t\t<\/div>\n\t\t\t\t<div class=\"elementor-element elementor-element-0363891 elementor-widget__width-inherit elementor-widget elementor-widget-text-editor\" data-id=\"0363891\" data-element_type=\"widget\" data-e-type=\"widget\" data-widget_type=\"text-editor.default\">\n\t\t\t\t<div class=\"elementor-widget-container\">\n\t\t\t\t\t\t\t\t\t<h2>2. Keine Notfallnahrung zu Hause<\/h2>\nMan vergisst leicht, dass bei einem Stromausfall auch die Mikrowelle ausf\u00e4llt und die \u00fcbliche Mikrowellenpizza kalt bleibt. Deshalb ist es wichtig, immer einen Vorrat an haltbaren Lebensmitteln zu haben, mit denen Sie sich und Ihre Familie ern\u00e4hren k\u00f6nnen. Und nur weil die Lagerung von Obst und Gem\u00fcse eine Herausforderung darstellt, hei\u00dft das nicht, dass Sie bei Ihrer gesunden Ern\u00e4hrung Kompromisse eingehen m\u00fcssen. Probieren Sie abgepackte Suppen, Trockenfleisch, gefriergetrocknete Fr\u00fcchte, N\u00fcsse und Samen in Bio-Qualit\u00e4t.\t\t\t\t\t\t\t\t<\/div>\n\t\t\t\t<\/div>\n\t\t\t\t<div class=\"elementor-element elementor-element-b2da0a8 elementor-widget__width-inherit elementor-widget elementor-widget-text-editor\" data-id=\"b2da0a8\" data-element_type=\"widget\" data-e-type=\"widget\" data-widget_type=\"text-editor.default\">\n\t\t\t\t<div class=\"elementor-widget-container\">\n\t\t\t\t\t\t\t\t\t<h2>3. Untersch\u00e4tzung der Notwendigkeit von hellem Licht<\/h2>\nDie kompakte wiederaufladbare LED-Leuchte Energizer\u00ae Weatheready\u00ae wird zum Aufladen eingesteckt und schaltet bei einem Stromausfall auf Batteriebetrieb um. Mit 3,5 Stunden Betriebszeit ist sie also immer dann einsatzbereit, wenn Sie sie brauchen. Mit ihren 25 Lumen eignet sie sich perfekt als Wegbeleuchtung und bietet Ihnen zus\u00e4tzliche Sicherheit.\nWenn Sie eine Fl\u00e4chenleuchte bevorzugen, w\u00e4hlen Sie unsere 500-Lumen-starke, faltbare Energizer\u00ae Weatheready\u00ae Notfall-Laterne. Sie l\u00e4sst sich schwenken und kann mit ihrem starken 360\u00b0-Licht einen ganzen Raum erhellen.\nWer beide H\u00e4nde frei braucht, f\u00fcr den ist die fallresistente, wasserfeste Energizer\u00ae Vision-LED-Stirnlampe die ideale Wahl. Mit ihr am Kopf k\u00f6nnen Sie Vorr\u00e4te tragen, das Haus vorbereiten und sogar Ihr Kind an der Hand nehmen, wenn unerwartet der Strom ausf\u00e4llt. Sie liefert Ihnen einen schwenkbaren Strahl \u00fcber eine Distanz von 35 Metern, der bis zu 4-mal heller ist als die Standard-LED-Technologie.\t\t\t\t\t\t\t\t<\/div>\n\t\t\t\t<\/div>\n\t\t\t\t<div class=\"elementor-element elementor-element-8b9b732 elementor-widget__width-inherit elementor-widget elementor-widget-text-editor\" data-id=\"8b9b732\" data-element_type=\"widget\" data-e-type=\"widget\" data-widget_type=\"text-editor.default\">\n\t\t\t\t<div class=\"elementor-widget-container\">\n\t\t\t\t\t\t\t\t\t<h2>4. Unzureichende Vorbereitung auf Stromausf\u00e4lle<\/h2>\nManche Stromausf\u00e4lle dauern l\u00e4nger als erwartet. Sparen Sie also nicht an Ersatzbatterien. Greifen Sie zu zuverl\u00e4ssigen Marken wie Energizer\u00ae Ultimative Lithium\u2122-Batterien mit einer Haltbarkeit von 20 Jahren*. Sie sind auslaufsicher** und funktionieren auch bei extremen Temperaturen, sodass Sie auf alles vorbereitet sind. Schnappen Sie sich von den verschiedenen Sorten jeweils ein paar Packungen, um bei l\u00e4ngeren Stromausf\u00e4llen alle Ihre Ger\u00e4te abzusichern.\t\t\t\t\t\t\t\t<\/div>\n\t\t\t\t<\/div>\n\t\t\t\t<div class=\"elementor-element elementor-element-7e75c35 elementor-widget__width-inherit elementor-widget elementor-widget-text-editor\" data-id=\"7e75c35\" data-element_type=\"widget\" data-e-type=\"widget\" data-widget_type=\"text-editor.default\">\n\t\t\t\t<div class=\"elementor-widget-container\">\n\t\t\t\t\t\t\t\t\t<h2>5. Au\u00dferachtlassen des Radios<\/h2>\nZur Notfallvorsorge geh\u00f6rt es, in Verbindung zu bleiben. Mit einem leeren Smartphone-Akku und ohne WLAN-Signal wird dies jedoch schnell zur Herausforderung. Deshalb ist es sinnvoll, ein batteriebetriebenes Radio als zus\u00e4tzliche Informationsquelle zu haben. Denken Sie nat\u00fcrlich auch daran, es mit langlebigen Energizer\u00ae Batterien auszustatten.\nEgal, was ansteht \u2013 Wirbelst\u00fcrme, \u00dcberschwemmungen oder sogar ein Tornado: mit diesen ultimativen Tipps und der Hilfe zuverl\u00e4ssiger, langlebiger und innovativer Energizer\u00ae-Produkte sind Sie f\u00fcr jede Wetterprognose gewappnet. Bleiben Sie sicher, trocken und im Hellen!\t\t\t\t\t\t\t\t<\/div>\n\t\t\t\t<\/div>\n\t\t\t\t<div class=\"elementor-element elementor-element-8273855 elementor-widget__width-inherit elementor-widget elementor-widget-text-editor\" data-id=\"8273855\" data-element_type=\"widget\" data-e-type=\"widget\" data-widget_type=\"text-editor.default\">\n\t\t\t\t<div class=\"elementor-widget-container\">\n\t\t\t\t\t\t\t\t\t*20 Jahre Haltbarkeit gilt nur f\u00fcr AA und AAA<br\/>\n**Auslaufsichere Konstruktion gilt f\u00fcr AA, AAA und 9 V<br\/>\nQuellen: FEMA, CNN, Rotes Kreuz\t\t\t\t\t\t\t\t<\/div>\n\t\t\t\t<\/div>\n\t\t\t\t<\/div>\n\t\t\t\t\t<\/div>\n\t\t\t\t<\/div>\n\t\t\t\t<\/div>\n\t\t","protected":false},"excerpt":{"rendered":"<p>Die f\u00fcnf h\u00e4ufigsten Fehler, die Menschen bei einem Stromausfall machen St\u00fcrme, Hurrikane, \u00dcberschwemmungen und Tornados f\u00fchren zu Stromausf\u00e4llen. Und es scheint, dass dies heute h\u00e4ufiger passiert als je zuvor. Erfahren Sie, welche Fehler vor Beginn dieser Jahreszeit am h\u00e4ufigsten gemacht werden. So k\u00f6nnen Sie selbst sie leicht vermeiden und sich optimal auf Katastrophen vorbereiten: 1. [&hellip;]<\/p>\n","protected":false},"author":1,"featured_media":0,"parent":4680,"menu_order":0,"comment_status":"closed","ping_status":"closed","template":"elementor_header_footer","meta":{"_acf_changed":false,"footnotes":""},"class_list":["post-5741","page","type-page","status-publish","hentry"],"acf":[],"yoast_head":"<!-- This site is optimized with the Yoast SEO plugin v27.4 - https:\/\/yoast.com\/product\/yoast-seo-wordpress\/ -->\n<title>Top 5 Ways to Prepare for a Power Outage - Switzerland German<\/title>\n<meta name=\"robots\" content=\"index, follow, max-snippet:-1, max-image-preview:large, max-video-preview:-1\" \/>\n<link rel=\"canonical\" href=\"https:\/\/energizer.com\/eu\/switzerland_de\/responsibility\/top-5-ways-to-prepare-for-a-power-outage\/\" \/>\n<meta property=\"og:locale\" content=\"en_US\" \/>\n<meta property=\"og:type\" content=\"article\" \/>\n<meta property=\"og:title\" content=\"Top 5 Ways to Prepare for a Power Outage - Switzerland German\" \/>\n<meta property=\"og:description\" content=\"Die f\u00fcnf h\u00e4ufigsten Fehler, die Menschen bei einem Stromausfall machen St\u00fcrme, Hurrikane, \u00dcberschwemmungen und Tornados f\u00fchren zu Stromausf\u00e4llen. Und es scheint, dass dies heute h\u00e4ufiger passiert als je zuvor. Erfahren Sie, welche Fehler vor Beginn dieser Jahreszeit am h\u00e4ufigsten gemacht werden. So k\u00f6nnen Sie selbst sie leicht vermeiden und sich optimal auf Katastrophen vorbereiten: 1. [&hellip;]\" \/>\n<meta property=\"og:url\" content=\"https:\/\/energizer.com\/eu\/switzerland_de\/responsibility\/top-5-ways-to-prepare-for-a-power-outage\/\" \/>\n<meta property=\"og:site_name\" content=\"Switzerland German\" \/>\n<meta property=\"article:modified_time\" content=\"2024-07-31T07:20:38+00:00\" \/>\n<meta name=\"twitter:card\" content=\"summary_large_image\" \/>\n<script type=\"application\/ld+json\" class=\"yoast-schema-graph\">{\"@context\":\"https:\\\/\\\/schema.org\",\"@graph\":[{\"@type\":\"WebPage\",\"@id\":\"https:\\\/\\\/energizer.com\\\/eu\\\/switzerland_de\\\/responsibility\\\/top-5-ways-to-prepare-for-a-power-outage\\\/\",\"url\":\"https:\\\/\\\/energizer.com\\\/eu\\\/switzerland_de\\\/responsibility\\\/top-5-ways-to-prepare-for-a-power-outage\\\/\",\"name\":\"Top 5 Ways to Prepare for a Power Outage - Switzerland German\",\"isPartOf\":{\"@id\":\"https:\\\/\\\/energizer.com\\\/eu\\\/switzerland_de\\\/#website\"},\"datePublished\":\"2024-05-23T12:22:04+00:00\",\"dateModified\":\"2024-07-31T07:20:38+00:00\",\"breadcrumb\":{\"@id\":\"https:\\\/\\\/energizer.com\\\/eu\\\/switzerland_de\\\/responsibility\\\/top-5-ways-to-prepare-for-a-power-outage\\\/#breadcrumb\"},\"inLanguage\":\"en-US\",\"potentialAction\":[{\"@type\":\"ReadAction\",\"target\":[\"https:\\\/\\\/energizer.com\\\/eu\\\/switzerland_de\\\/responsibility\\\/top-5-ways-to-prepare-for-a-power-outage\\\/\"]}]},{\"@type\":\"BreadcrumbList\",\"@id\":\"https:\\\/\\\/energizer.com\\\/eu\\\/switzerland_de\\\/responsibility\\\/top-5-ways-to-prepare-for-a-power-outage\\\/#breadcrumb\",\"itemListElement\":[{\"@type\":\"ListItem\",\"position\":1,\"name\":\"Home\",\"item\":\"https:\\\/\\\/energizer.com\\\/eu\\\/switzerland_de\\\/\"},{\"@type\":\"ListItem\",\"position\":2,\"name\":\"Responsibility\",\"item\":\"https:\\\/\\\/energizer.com\\\/eu\\\/switzerland_de\\\/responsibility\\\/\"},{\"@type\":\"ListItem\",\"position\":3,\"name\":\"Top 5 Ways to Prepare for a Power Outage\"}]},{\"@type\":\"WebSite\",\"@id\":\"https:\\\/\\\/energizer.com\\\/eu\\\/switzerland_de\\\/#website\",\"url\":\"https:\\\/\\\/energizer.com\\\/eu\\\/switzerland_de\\\/\",\"name\":\"Energizer Switzerland (DE)\",\"description\":\"\",\"publisher\":{\"@id\":\"https:\\\/\\\/energizer.com\\\/eu\\\/switzerland_de\\\/#organization\"},\"potentialAction\":[{\"@type\":\"SearchAction\",\"target\":{\"@type\":\"EntryPoint\",\"urlTemplate\":\"https:\\\/\\\/energizer.com\\\/eu\\\/switzerland_de\\\/?s={search_term_string}\"},\"query-input\":{\"@type\":\"PropertyValueSpecification\",\"valueRequired\":true,\"valueName\":\"search_term_string\"}}],\"inLanguage\":\"en-US\"},{\"@type\":\"Organization\",\"@id\":\"https:\\\/\\\/energizer.com\\\/eu\\\/switzerland_de\\\/#organization\",\"name\":\"Energizer Switzerland (DE)\",\"url\":\"https:\\\/\\\/energizer.com\\\/eu\\\/switzerland_de\\\/\",\"logo\":{\"@type\":\"ImageObject\",\"inLanguage\":\"en-US\",\"@id\":\"https:\\\/\\\/energizer.com\\\/eu\\\/switzerland_de\\\/#\\\/schema\\\/logo\\\/image\\\/\",\"url\":\"https:\\\/\\\/energizer.com\\\/eu\\\/switzerland_de\\\/wp-content\\\/uploads\\\/sites\\\/55\\\/2024\\\/04\\\/Energizer_brand.png\",\"contentUrl\":\"https:\\\/\\\/energizer.com\\\/eu\\\/switzerland_de\\\/wp-content\\\/uploads\\\/sites\\\/55\\\/2024\\\/04\\\/Energizer_brand.png\",\"width\":267,\"height\":100,\"caption\":\"Energizer Switzerland (DE)\"},\"image\":{\"@id\":\"https:\\\/\\\/energizer.com\\\/eu\\\/switzerland_de\\\/#\\\/schema\\\/logo\\\/image\\\/\"}}]}<\/script>\n<!-- \/ Yoast SEO plugin. -->","yoast_head_json":{"title":"Top 5 Ways to Prepare for a Power Outage - Switzerland German","robots":{"index":"index","follow":"follow","max-snippet":"max-snippet:-1","max-image-preview":"max-image-preview:large","max-video-preview":"max-video-preview:-1"},"canonical":"https:\/\/energizer.com\/eu\/switzerland_de\/responsibility\/top-5-ways-to-prepare-for-a-power-outage\/","og_locale":"en_US","og_type":"article","og_title":"Top 5 Ways to Prepare for a Power Outage - Switzerland German","og_description":"Die f\u00fcnf h\u00e4ufigsten Fehler, die Menschen bei einem Stromausfall machen St\u00fcrme, Hurrikane, \u00dcberschwemmungen und Tornados f\u00fchren zu Stromausf\u00e4llen. Und es scheint, dass dies heute h\u00e4ufiger passiert als je zuvor. Erfahren Sie, welche Fehler vor Beginn dieser Jahreszeit am h\u00e4ufigsten gemacht werden. So k\u00f6nnen Sie selbst sie leicht vermeiden und sich optimal auf Katastrophen vorbereiten: 1. [&hellip;]","og_url":"https:\/\/energizer.com\/eu\/switzerland_de\/responsibility\/top-5-ways-to-prepare-for-a-power-outage\/","og_site_name":"Switzerland German","article_modified_time":"2024-07-31T07:20:38+00:00","twitter_card":"summary_large_image","schema":{"@context":"https:\/\/schema.org","@graph":[{"@type":"WebPage","@id":"https:\/\/energizer.com\/eu\/switzerland_de\/responsibility\/top-5-ways-to-prepare-for-a-power-outage\/","url":"https:\/\/energizer.com\/eu\/switzerland_de\/responsibility\/top-5-ways-to-prepare-for-a-power-outage\/","name":"Top 5 Ways to Prepare for a Power Outage - Switzerland German","isPartOf":{"@id":"https:\/\/energizer.com\/eu\/switzerland_de\/#website"},"datePublished":"2024-05-23T12:22:04+00:00","dateModified":"2024-07-31T07:20:38+00:00","breadcrumb":{"@id":"https:\/\/energizer.com\/eu\/switzerland_de\/responsibility\/top-5-ways-to-prepare-for-a-power-outage\/#breadcrumb"},"inLanguage":"en-US","potentialAction":[{"@type":"ReadAction","target":["https:\/\/energizer.com\/eu\/switzerland_de\/responsibility\/top-5-ways-to-prepare-for-a-power-outage\/"]}]},{"@type":"BreadcrumbList","@id":"https:\/\/energizer.com\/eu\/switzerland_de\/responsibility\/top-5-ways-to-prepare-for-a-power-outage\/#breadcrumb","itemListElement":[{"@type":"ListItem","position":1,"name":"Home","item":"https:\/\/energizer.com\/eu\/switzerland_de\/"},{"@type":"ListItem","position":2,"name":"Responsibility","item":"https:\/\/energizer.com\/eu\/switzerland_de\/responsibility\/"},{"@type":"ListItem","position":3,"name":"Top 5 Ways to Prepare for a Power Outage"}]},{"@type":"WebSite","@id":"https:\/\/energizer.com\/eu\/switzerland_de\/#website","url":"https:\/\/energizer.com\/eu\/switzerland_de\/","name":"Energizer Switzerland (DE)","description":"","publisher":{"@id":"https:\/\/energizer.com\/eu\/switzerland_de\/#organization"},"potentialAction":[{"@type":"SearchAction","target":{"@type":"EntryPoint","urlTemplate":"https:\/\/energizer.com\/eu\/switzerland_de\/?s={search_term_string}"},"query-input":{"@type":"PropertyValueSpecification","valueRequired":true,"valueName":"search_term_string"}}],"inLanguage":"en-US"},{"@type":"Organization","@id":"https:\/\/energizer.com\/eu\/switzerland_de\/#organization","name":"Energizer Switzerland (DE)","url":"https:\/\/energizer.com\/eu\/switzerland_de\/","logo":{"@type":"ImageObject","inLanguage":"en-US","@id":"https:\/\/energizer.com\/eu\/switzerland_de\/#\/schema\/logo\/image\/","url":"https:\/\/energizer.com\/eu\/switzerland_de\/wp-content\/uploads\/sites\/55\/2024\/04\/Energizer_brand.png","contentUrl":"https:\/\/energizer.com\/eu\/switzerland_de\/wp-content\/uploads\/sites\/55\/2024\/04\/Energizer_brand.png","width":267,"height":100,"caption":"Energizer Switzerland (DE)"},"image":{"@id":"https:\/\/energizer.com\/eu\/switzerland_de\/#\/schema\/logo\/image\/"}}]}},"_links":{"self":[{"href":"https:\/\/energizer.com\/eu\/switzerland_de\/wp-json\/wp\/v2\/pages\/5741","targetHints":{"allow":["GET"]}}],"collection":[{"href":"https:\/\/energizer.com\/eu\/switzerland_de\/wp-json\/wp\/v2\/pages"}],"about":[{"href":"https:\/\/energizer.com\/eu\/switzerland_de\/wp-json\/wp\/v2\/types\/page"}],"author":[{"embeddable":true,"href":"https:\/\/energizer.com\/eu\/switzerland_de\/wp-json\/wp\/v2\/users\/1"}],"replies":[{"embeddable":true,"href":"https:\/\/energizer.com\/eu\/switzerland_de\/wp-json\/wp\/v2\/comments?post=5741"}],"version-history":[{"count":55,"href":"https:\/\/energizer.com\/eu\/switzerland_de\/wp-json\/wp\/v2\/pages\/5741\/revisions"}],"predecessor-version":[{"id":8839,"href":"https:\/\/energizer.com\/eu\/switzerland_de\/wp-json\/wp\/v2\/pages\/5741\/revisions\/8839"}],"up":[{"embeddable":true,"href":"https:\/\/energizer.com\/eu\/switzerland_de\/wp-json\/wp\/v2\/pages\/4680"}],"wp:attachment":[{"href":"https:\/\/energizer.com\/eu\/switzerland_de\/wp-json\/wp\/v2\/media?parent=5741"}],"curies":[{"name":"wp","href":"https:\/\/api.w.org\/{rel}","templated":true}]}}