{"id":3360,"date":"2024-05-13T07:45:25","date_gmt":"2024-05-13T07:45:25","guid":{"rendered":"http:\/\/64.91.246.76\/~energizer\/?post_type=product&#038;p=3360"},"modified":"2024-12-27T14:00:53","modified_gmt":"2024-12-27T14:00:53","slug":"energizer-max-aaa","status":"publish","type":"product","link":"https:\/\/energizer.com\/eu\/switzerland_de\/product\/energizer-max-aaa\/","title":{"rendered":"ENERGIZER\u00ae MAX &#8211; AAA"},"content":{"rendered":"<ul>\n<li>Energizer Max AAA-Batterien, alkalisch<\/li>\n<li>L\u00e4nger haltbar: AAA bis zu 100 % l\u00e4nger haltbar im Vergleich zur IEC 2015 Standard-Mindestdurchschnittsdauer in Spielzeug<\/li>\n<li>Effektive Leistung: Alkalibatterien von Energizer optimal f\u00fcr wichtige Gegenst\u00e4nde wie Uhren, Taschenlampen, drahtlose Computerm\u00e4use und Controller geeignet<\/li>\n<li>Auslaufschutz: Das auslaufsichere Design sch\u00fctzt Ihre Ger\u00e4te vor Sch\u00e4den; abgedeckt durch die Energizer-Auslaufgarantie<\/li>\n<li>Enth\u00e4lt recycelte Materialien: *Stahl bis zu 10 % recycelt. Nur AA\/AAA. Speziell gekennzeichnete Pakete<\/li>\n<li>Zuverl\u00e4ssig: Jede AAA-Alkalibatterie von Energizer ist bis zu 10 Jahre haltbar, sodass sie jederzeit einsatzbereit ist<\/li>\n<li>Energizer-Innovation: Von den Herstellern der weltweit langlebigsten AA-Batterie, Energizer Ultimate Lithium<\/li>\n<li>100 % recycelbare Verpackung: Energizer-Verpackungen sind zu 100 % recycelbar, unterst\u00fctzen verantwortungsvolle Forstwirtschaft und sind plastikfrei, ausgenommen Siegel auf ausgew\u00e4hlten Verpackungen<\/li>\n<\/ul>\n","protected":false},"excerpt":{"rendered":"<p>Holen Sie das Beste aus Ihren Ger\u00e4ten heraus: mit der zuverl\u00e4ssigen, langlebigen Leistung, die Sie von Energizer-Batterien gewohnt sind. Nutzen Sie AAA-Batterien f\u00fcr Kameras und die AAA-Alkalibatterien f\u00fcr Lampen, Fernbedienungen und Uhren. Dieses Produkt ist auch eine gute Wahl, wenn Sie LED-Batterien ben\u00f6tigen. Die Energizer Max AA-Batterien halten ihre Leistung w\u00e4hrend der Lagerung bis zu 10 Jahre und ihre auslaufsichere Konstruktion sch\u00fctzt Ihre Ger\u00e4te vor Sch\u00e4den. Mit Energizer ist die Leistung bereit, wenn Sie es sind. Die Max-Reihe von Energizer umfasst ebenfalls AA-, C-, D- und 9V-Batterien, so Sie ganz leicht die Power finden, die Sie brauchen<\/p>\n","protected":false},"featured_media":0,"comment_status":"open","ping_status":"closed","template":"","meta":{"_acf_changed":false},"product_brand":[],"product_cat":[26],"product_tag":[],"class_list":{"0":"post-3360","1":"product","2":"type-product","3":"status-publish","5":"product_cat-energizer-max","7":"first","8":"instock","9":"shipping-taxable","10":"product-type-simple"},"acf":[],"yoast_head":"<!-- This site is optimized with the Yoast SEO plugin v27.4 - https:\/\/yoast.com\/product\/yoast-seo-wordpress\/ -->\n<title>ENERGIZER\u00ae MAX - AAA - Switzerland German<\/title>\n<meta name=\"robots\" content=\"index, follow, max-snippet:-1, max-image-preview:large, max-video-preview:-1\" \/>\n<link rel=\"canonical\" href=\"https:\/\/energizer.com\/eu\/switzerland_de\/product\/energizer-max-aaa\/\" \/>\n<meta property=\"og:locale\" content=\"en_US\" \/>\n<meta property=\"og:type\" content=\"article\" \/>\n<meta property=\"og:title\" content=\"ENERGIZER\u00ae MAX - AAA - Switzerland German\" \/>\n<meta property=\"og:description\" content=\"Holen Sie das Beste aus Ihren Ger\u00e4ten heraus: mit der zuverl\u00e4ssigen, langlebigen Leistung, die Sie von Energizer-Batterien gewohnt sind. Nutzen Sie AAA-Batterien f\u00fcr Kameras und die AAA-Alkalibatterien f\u00fcr Lampen, Fernbedienungen und Uhren. Dieses Produkt ist auch eine gute Wahl, wenn Sie LED-Batterien ben\u00f6tigen. Die Energizer Max AA-Batterien halten ihre Leistung w\u00e4hrend der Lagerung bis zu 10 Jahre und ihre auslaufsichere Konstruktion sch\u00fctzt Ihre Ger\u00e4te vor Sch\u00e4den. Mit Energizer ist die Leistung bereit, wenn Sie es sind. Die Max-Reihe von Energizer umfasst ebenfalls AA-, C-, D- und 9V-Batterien, so Sie ganz leicht die Power finden, die Sie brauchen\" \/>\n<meta property=\"og:url\" content=\"https:\/\/energizer.com\/eu\/switzerland_de\/product\/energizer-max-aaa\/\" \/>\n<meta property=\"og:site_name\" content=\"Switzerland German\" \/>\n<meta property=\"article:modified_time\" content=\"2024-12-27T14:00:53+00:00\" \/>\n<meta name=\"twitter:card\" content=\"summary_large_image\" \/>\n<script type=\"application\/ld+json\" class=\"yoast-schema-graph\">{\"@context\":\"https:\\\/\\\/schema.org\",\"@graph\":[{\"@type\":\"WebPage\",\"@id\":\"https:\\\/\\\/energizer.com\\\/eu\\\/switzerland_de\\\/product\\\/energizer-max-aaa\\\/\",\"url\":\"https:\\\/\\\/energizer.com\\\/eu\\\/switzerland_de\\\/product\\\/energizer-max-aaa\\\/\",\"name\":\"ENERGIZER\u00ae MAX - AAA - Switzerland German\",\"isPartOf\":{\"@id\":\"https:\\\/\\\/energizer.com\\\/eu\\\/switzerland_de\\\/#website\"},\"datePublished\":\"2024-05-13T07:45:25+00:00\",\"dateModified\":\"2024-12-27T14:00:53+00:00\",\"breadcrumb\":{\"@id\":\"https:\\\/\\\/energizer.com\\\/eu\\\/switzerland_de\\\/product\\\/energizer-max-aaa\\\/#breadcrumb\"},\"inLanguage\":\"en-US\",\"potentialAction\":[{\"@type\":\"ReadAction\",\"target\":[\"https:\\\/\\\/energizer.com\\\/eu\\\/switzerland_de\\\/product\\\/energizer-max-aaa\\\/\"]}]},{\"@type\":\"BreadcrumbList\",\"@id\":\"https:\\\/\\\/energizer.com\\\/eu\\\/switzerland_de\\\/product\\\/energizer-max-aaa\\\/#breadcrumb\",\"itemListElement\":[{\"@type\":\"ListItem\",\"position\":1,\"name\":\"Home\",\"item\":\"https:\\\/\\\/energizer.com\\\/eu\\\/switzerland_de\\\/\"},{\"@type\":\"ListItem\",\"position\":2,\"name\":\"ENERGIZER\u00ae MAX &#8211; AAA\"}]},{\"@type\":\"WebSite\",\"@id\":\"https:\\\/\\\/energizer.com\\\/eu\\\/switzerland_de\\\/#website\",\"url\":\"https:\\\/\\\/energizer.com\\\/eu\\\/switzerland_de\\\/\",\"name\":\"Energizer Switzerland (DE)\",\"description\":\"\",\"publisher\":{\"@id\":\"https:\\\/\\\/energizer.com\\\/eu\\\/switzerland_de\\\/#organization\"},\"potentialAction\":[{\"@type\":\"SearchAction\",\"target\":{\"@type\":\"EntryPoint\",\"urlTemplate\":\"https:\\\/\\\/energizer.com\\\/eu\\\/switzerland_de\\\/?s={search_term_string}\"},\"query-input\":{\"@type\":\"PropertyValueSpecification\",\"valueRequired\":true,\"valueName\":\"search_term_string\"}}],\"inLanguage\":\"en-US\"},{\"@type\":\"Organization\",\"@id\":\"https:\\\/\\\/energizer.com\\\/eu\\\/switzerland_de\\\/#organization\",\"name\":\"Energizer Switzerland (DE)\",\"url\":\"https:\\\/\\\/energizer.com\\\/eu\\\/switzerland_de\\\/\",\"logo\":{\"@type\":\"ImageObject\",\"inLanguage\":\"en-US\",\"@id\":\"https:\\\/\\\/energizer.com\\\/eu\\\/switzerland_de\\\/#\\\/schema\\\/logo\\\/image\\\/\",\"url\":\"https:\\\/\\\/energizer.com\\\/eu\\\/switzerland_de\\\/wp-content\\\/uploads\\\/sites\\\/55\\\/2024\\\/04\\\/Energizer_brand.png\",\"contentUrl\":\"https:\\\/\\\/energizer.com\\\/eu\\\/switzerland_de\\\/wp-content\\\/uploads\\\/sites\\\/55\\\/2024\\\/04\\\/Energizer_brand.png\",\"width\":267,\"height\":100,\"caption\":\"Energizer Switzerland (DE)\"},\"image\":{\"@id\":\"https:\\\/\\\/energizer.com\\\/eu\\\/switzerland_de\\\/#\\\/schema\\\/logo\\\/image\\\/\"}}]}<\/script>\n<!-- \/ Yoast SEO plugin. -->","yoast_head_json":{"title":"ENERGIZER\u00ae MAX - AAA - Switzerland German","robots":{"index":"index","follow":"follow","max-snippet":"max-snippet:-1","max-image-preview":"max-image-preview:large","max-video-preview":"max-video-preview:-1"},"canonical":"https:\/\/energizer.com\/eu\/switzerland_de\/product\/energizer-max-aaa\/","og_locale":"en_US","og_type":"article","og_title":"ENERGIZER\u00ae MAX - AAA - Switzerland German","og_description":"Holen Sie das Beste aus Ihren Ger\u00e4ten heraus: mit der zuverl\u00e4ssigen, langlebigen Leistung, die Sie von Energizer-Batterien gewohnt sind. Nutzen Sie AAA-Batterien f\u00fcr Kameras und die AAA-Alkalibatterien f\u00fcr Lampen, Fernbedienungen und Uhren. Dieses Produkt ist auch eine gute Wahl, wenn Sie LED-Batterien ben\u00f6tigen. Die Energizer Max AA-Batterien halten ihre Leistung w\u00e4hrend der Lagerung bis zu 10 Jahre und ihre auslaufsichere Konstruktion sch\u00fctzt Ihre Ger\u00e4te vor Sch\u00e4den. Mit Energizer ist die Leistung bereit, wenn Sie es sind. Die Max-Reihe von Energizer umfasst ebenfalls AA-, C-, D- und 9V-Batterien, so Sie ganz leicht die Power finden, die Sie brauchen","og_url":"https:\/\/energizer.com\/eu\/switzerland_de\/product\/energizer-max-aaa\/","og_site_name":"Switzerland German","article_modified_time":"2024-12-27T14:00:53+00:00","twitter_card":"summary_large_image","schema":{"@context":"https:\/\/schema.org","@graph":[{"@type":"WebPage","@id":"https:\/\/energizer.com\/eu\/switzerland_de\/product\/energizer-max-aaa\/","url":"https:\/\/energizer.com\/eu\/switzerland_de\/product\/energizer-max-aaa\/","name":"ENERGIZER\u00ae MAX - AAA - Switzerland German","isPartOf":{"@id":"https:\/\/energizer.com\/eu\/switzerland_de\/#website"},"datePublished":"2024-05-13T07:45:25+00:00","dateModified":"2024-12-27T14:00:53+00:00","breadcrumb":{"@id":"https:\/\/energizer.com\/eu\/switzerland_de\/product\/energizer-max-aaa\/#breadcrumb"},"inLanguage":"en-US","potentialAction":[{"@type":"ReadAction","target":["https:\/\/energizer.com\/eu\/switzerland_de\/product\/energizer-max-aaa\/"]}]},{"@type":"BreadcrumbList","@id":"https:\/\/energizer.com\/eu\/switzerland_de\/product\/energizer-max-aaa\/#breadcrumb","itemListElement":[{"@type":"ListItem","position":1,"name":"Home","item":"https:\/\/energizer.com\/eu\/switzerland_de\/"},{"@type":"ListItem","position":2,"name":"ENERGIZER\u00ae MAX &#8211; AAA"}]},{"@type":"WebSite","@id":"https:\/\/energizer.com\/eu\/switzerland_de\/#website","url":"https:\/\/energizer.com\/eu\/switzerland_de\/","name":"Energizer Switzerland (DE)","description":"","publisher":{"@id":"https:\/\/energizer.com\/eu\/switzerland_de\/#organization"},"potentialAction":[{"@type":"SearchAction","target":{"@type":"EntryPoint","urlTemplate":"https:\/\/energizer.com\/eu\/switzerland_de\/?s={search_term_string}"},"query-input":{"@type":"PropertyValueSpecification","valueRequired":true,"valueName":"search_term_string"}}],"inLanguage":"en-US"},{"@type":"Organization","@id":"https:\/\/energizer.com\/eu\/switzerland_de\/#organization","name":"Energizer Switzerland (DE)","url":"https:\/\/energizer.com\/eu\/switzerland_de\/","logo":{"@type":"ImageObject","inLanguage":"en-US","@id":"https:\/\/energizer.com\/eu\/switzerland_de\/#\/schema\/logo\/image\/","url":"https:\/\/energizer.com\/eu\/switzerland_de\/wp-content\/uploads\/sites\/55\/2024\/04\/Energizer_brand.png","contentUrl":"https:\/\/energizer.com\/eu\/switzerland_de\/wp-content\/uploads\/sites\/55\/2024\/04\/Energizer_brand.png","width":267,"height":100,"caption":"Energizer Switzerland (DE)"},"image":{"@id":"https:\/\/energizer.com\/eu\/switzerland_de\/#\/schema\/logo\/image\/"}}]}},"_links":{"self":[{"href":"https:\/\/energizer.com\/eu\/switzerland_de\/wp-json\/wp\/v2\/product\/3360","targetHints":{"allow":["GET"]}}],"collection":[{"href":"https:\/\/energizer.com\/eu\/switzerland_de\/wp-json\/wp\/v2\/product"}],"about":[{"href":"https:\/\/energizer.com\/eu\/switzerland_de\/wp-json\/wp\/v2\/types\/product"}],"replies":[{"embeddable":true,"href":"https:\/\/energizer.com\/eu\/switzerland_de\/wp-json\/wp\/v2\/comments?post=3360"}],"version-history":[{"count":12,"href":"https:\/\/energizer.com\/eu\/switzerland_de\/wp-json\/wp\/v2\/product\/3360\/revisions"}],"predecessor-version":[{"id":9938,"href":"https:\/\/energizer.com\/eu\/switzerland_de\/wp-json\/wp\/v2\/product\/3360\/revisions\/9938"}],"wp:attachment":[{"href":"https:\/\/energizer.com\/eu\/switzerland_de\/wp-json\/wp\/v2\/media?parent=3360"}],"wp:term":[{"taxonomy":"product_brand","embeddable":true,"href":"https:\/\/energizer.com\/eu\/switzerland_de\/wp-json\/wp\/v2\/product_brand?post=3360"},{"taxonomy":"product_cat","embeddable":true,"href":"https:\/\/energizer.com\/eu\/switzerland_de\/wp-json\/wp\/v2\/product_cat?post=3360"},{"taxonomy":"product_tag","embeddable":true,"href":"https:\/\/energizer.com\/eu\/switzerland_de\/wp-json\/wp\/v2\/product_tag?post=3360"}],"curies":[{"name":"wp","href":"https:\/\/api.w.org\/{rel}","templated":true}]}}