{"id":3420,"date":"2024-05-13T07:42:15","date_gmt":"2024-05-13T07:42:15","guid":{"rendered":"http:\/\/64.91.246.76\/~energizer\/?post_type=product&#038;p=3420"},"modified":"2025-02-04T10:57:55","modified_gmt":"2025-02-04T10:57:55","slug":"energizer-max-9v","status":"publish","type":"product","link":"https:\/\/energizer.com\/eu\/switzerland_de\/product\/energizer-max-9v\/","title":{"rendered":"ENERGIZER\u00ae MAX &#8211; 9V"},"content":{"rendered":"<ul>\n<li>Energizer Max 9V-Batterien, alkalisch<\/li>\n<li>Langlebig: Zuverl\u00e4ssige Leistung beim Betreiben Ihrer Ger\u00e4te<\/li>\n<li>Effektive Leistung: Batterien von Energizer optimal f\u00fcr wichtige Alltagsgegenst\u00e4nde wie Rauchmelder, Fernbedienungen, Spielzeug und T\u00fcrklingeln<\/li>\n<li>Zuverl\u00e4ssig: Jede 9V-Alkalibatterie ist bis zu 5 Jahre haltbar, sodass sie jederzeit einsatzbereit ist<\/li>\n<li>Energizer-Innovation: Von den Herstellern der weltweit langlebigsten AA-Batterie, Energizer Ultimate Lithium<\/li>\n<li>\n<div class=\"jsx-3712484095 relative px-2.5 pb-2\">\n<div class=\"jsx-3712484095 comment-privacy-wrapper\">100 % recycelbare Verpackung: Energizer-Verpackungen sind zu 100 % recycelbar, unterst\u00fctzen verantwortungsvolle Forstwirtschaft und sind plastikfrei, ausgenommen Siegel auf ausgew\u00e4hlten Verpackungen<\/div>\n<\/div>\n<\/li>\n<\/ul>\n","protected":false},"excerpt":{"rendered":"<p>Holen Sie das Beste aus Ihren Ger\u00e4ten heraus: mit der zuverl\u00e4ssigen, langlebigen Leistung, die Sie von Energizer-Batterien gewohnt sind. Die 9-V-Batterien sind optimal f\u00fcr Rauchmelder, Rasierapparate und T\u00fcrklingeln geeignet. Dieses Produkt ist auch eine gute Wahl, wenn Sie leistungsstarke Batterien f\u00fcr Ihre Taschenlampe ben\u00f6tigen. Jede 9V-Batterie von Energizer halten ihre Leistung w\u00e4hrend der Lagerung bis zu 5 Jahre lang. Mit Energizer ist die Leistung bereit, wenn Sie es sind. Die Max-Reihe von Energizer umfasst ebenfalls AA-, AAA-, C- und D-Batterien, so Sie ganz leicht die Power finden, die Sie brauchen.<\/p>\n","protected":false},"featured_media":0,"comment_status":"open","ping_status":"closed","template":"","meta":{"_acf_changed":false},"product_brand":[],"product_cat":[26],"product_tag":[],"class_list":{"0":"post-3420","1":"product","2":"type-product","3":"status-publish","5":"product_cat-energizer-max","7":"first","8":"instock","9":"shipping-taxable","10":"product-type-simple"},"acf":[],"yoast_head":"<!-- This site is optimized with the Yoast SEO plugin v27.4 - https:\/\/yoast.com\/product\/yoast-seo-wordpress\/ -->\n<title>ENERGIZER\u00ae MAX - 9V - Switzerland German<\/title>\n<meta name=\"robots\" content=\"index, follow, max-snippet:-1, max-image-preview:large, max-video-preview:-1\" \/>\n<link rel=\"canonical\" href=\"https:\/\/energizer.com\/eu\/switzerland_de\/product\/energizer-max-9v\/\" \/>\n<meta property=\"og:locale\" content=\"en_US\" \/>\n<meta property=\"og:type\" content=\"article\" \/>\n<meta property=\"og:title\" content=\"ENERGIZER\u00ae MAX - 9V - Switzerland German\" \/>\n<meta property=\"og:description\" content=\"Holen Sie das Beste aus Ihren Ger\u00e4ten heraus: mit der zuverl\u00e4ssigen, langlebigen Leistung, die Sie von Energizer-Batterien gewohnt sind. Die 9-V-Batterien sind optimal f\u00fcr Rauchmelder, Rasierapparate und T\u00fcrklingeln geeignet. Dieses Produkt ist auch eine gute Wahl, wenn Sie leistungsstarke Batterien f\u00fcr Ihre Taschenlampe ben\u00f6tigen. Jede 9V-Batterie von Energizer halten ihre Leistung w\u00e4hrend der Lagerung bis zu 5 Jahre lang. Mit Energizer ist die Leistung bereit, wenn Sie es sind. Die Max-Reihe von Energizer umfasst ebenfalls AA-, AAA-, C- und D-Batterien, so Sie ganz leicht die Power finden, die Sie brauchen.\" \/>\n<meta property=\"og:url\" content=\"https:\/\/energizer.com\/eu\/switzerland_de\/product\/energizer-max-9v\/\" \/>\n<meta property=\"og:site_name\" content=\"Switzerland German\" \/>\n<meta property=\"article:modified_time\" content=\"2025-02-04T10:57:55+00:00\" \/>\n<meta name=\"twitter:card\" content=\"summary_large_image\" \/>\n<script type=\"application\/ld+json\" class=\"yoast-schema-graph\">{\"@context\":\"https:\\\/\\\/schema.org\",\"@graph\":[{\"@type\":\"WebPage\",\"@id\":\"https:\\\/\\\/energizer.com\\\/eu\\\/switzerland_de\\\/product\\\/energizer-max-9v\\\/\",\"url\":\"https:\\\/\\\/energizer.com\\\/eu\\\/switzerland_de\\\/product\\\/energizer-max-9v\\\/\",\"name\":\"ENERGIZER\u00ae MAX - 9V - Switzerland German\",\"isPartOf\":{\"@id\":\"https:\\\/\\\/energizer.com\\\/eu\\\/switzerland_de\\\/#website\"},\"datePublished\":\"2024-05-13T07:42:15+00:00\",\"dateModified\":\"2025-02-04T10:57:55+00:00\",\"breadcrumb\":{\"@id\":\"https:\\\/\\\/energizer.com\\\/eu\\\/switzerland_de\\\/product\\\/energizer-max-9v\\\/#breadcrumb\"},\"inLanguage\":\"en-US\",\"potentialAction\":[{\"@type\":\"ReadAction\",\"target\":[\"https:\\\/\\\/energizer.com\\\/eu\\\/switzerland_de\\\/product\\\/energizer-max-9v\\\/\"]}]},{\"@type\":\"BreadcrumbList\",\"@id\":\"https:\\\/\\\/energizer.com\\\/eu\\\/switzerland_de\\\/product\\\/energizer-max-9v\\\/#breadcrumb\",\"itemListElement\":[{\"@type\":\"ListItem\",\"position\":1,\"name\":\"Home\",\"item\":\"https:\\\/\\\/energizer.com\\\/eu\\\/switzerland_de\\\/\"},{\"@type\":\"ListItem\",\"position\":2,\"name\":\"ENERGIZER\u00ae MAX &#8211; 9V\"}]},{\"@type\":\"WebSite\",\"@id\":\"https:\\\/\\\/energizer.com\\\/eu\\\/switzerland_de\\\/#website\",\"url\":\"https:\\\/\\\/energizer.com\\\/eu\\\/switzerland_de\\\/\",\"name\":\"Energizer Switzerland (DE)\",\"description\":\"\",\"publisher\":{\"@id\":\"https:\\\/\\\/energizer.com\\\/eu\\\/switzerland_de\\\/#organization\"},\"potentialAction\":[{\"@type\":\"SearchAction\",\"target\":{\"@type\":\"EntryPoint\",\"urlTemplate\":\"https:\\\/\\\/energizer.com\\\/eu\\\/switzerland_de\\\/?s={search_term_string}\"},\"query-input\":{\"@type\":\"PropertyValueSpecification\",\"valueRequired\":true,\"valueName\":\"search_term_string\"}}],\"inLanguage\":\"en-US\"},{\"@type\":\"Organization\",\"@id\":\"https:\\\/\\\/energizer.com\\\/eu\\\/switzerland_de\\\/#organization\",\"name\":\"Energizer Switzerland (DE)\",\"url\":\"https:\\\/\\\/energizer.com\\\/eu\\\/switzerland_de\\\/\",\"logo\":{\"@type\":\"ImageObject\",\"inLanguage\":\"en-US\",\"@id\":\"https:\\\/\\\/energizer.com\\\/eu\\\/switzerland_de\\\/#\\\/schema\\\/logo\\\/image\\\/\",\"url\":\"https:\\\/\\\/energizer.com\\\/eu\\\/switzerland_de\\\/wp-content\\\/uploads\\\/sites\\\/55\\\/2024\\\/04\\\/Energizer_brand.png\",\"contentUrl\":\"https:\\\/\\\/energizer.com\\\/eu\\\/switzerland_de\\\/wp-content\\\/uploads\\\/sites\\\/55\\\/2024\\\/04\\\/Energizer_brand.png\",\"width\":267,\"height\":100,\"caption\":\"Energizer Switzerland (DE)\"},\"image\":{\"@id\":\"https:\\\/\\\/energizer.com\\\/eu\\\/switzerland_de\\\/#\\\/schema\\\/logo\\\/image\\\/\"}}]}<\/script>\n<!-- \/ Yoast SEO plugin. -->","yoast_head_json":{"title":"ENERGIZER\u00ae MAX - 9V - Switzerland German","robots":{"index":"index","follow":"follow","max-snippet":"max-snippet:-1","max-image-preview":"max-image-preview:large","max-video-preview":"max-video-preview:-1"},"canonical":"https:\/\/energizer.com\/eu\/switzerland_de\/product\/energizer-max-9v\/","og_locale":"en_US","og_type":"article","og_title":"ENERGIZER\u00ae MAX - 9V - Switzerland German","og_description":"Holen Sie das Beste aus Ihren Ger\u00e4ten heraus: mit der zuverl\u00e4ssigen, langlebigen Leistung, die Sie von Energizer-Batterien gewohnt sind. Die 9-V-Batterien sind optimal f\u00fcr Rauchmelder, Rasierapparate und T\u00fcrklingeln geeignet. Dieses Produkt ist auch eine gute Wahl, wenn Sie leistungsstarke Batterien f\u00fcr Ihre Taschenlampe ben\u00f6tigen. Jede 9V-Batterie von Energizer halten ihre Leistung w\u00e4hrend der Lagerung bis zu 5 Jahre lang. Mit Energizer ist die Leistung bereit, wenn Sie es sind. Die Max-Reihe von Energizer umfasst ebenfalls AA-, AAA-, C- und D-Batterien, so Sie ganz leicht die Power finden, die Sie brauchen.","og_url":"https:\/\/energizer.com\/eu\/switzerland_de\/product\/energizer-max-9v\/","og_site_name":"Switzerland German","article_modified_time":"2025-02-04T10:57:55+00:00","twitter_card":"summary_large_image","schema":{"@context":"https:\/\/schema.org","@graph":[{"@type":"WebPage","@id":"https:\/\/energizer.com\/eu\/switzerland_de\/product\/energizer-max-9v\/","url":"https:\/\/energizer.com\/eu\/switzerland_de\/product\/energizer-max-9v\/","name":"ENERGIZER\u00ae MAX - 9V - Switzerland German","isPartOf":{"@id":"https:\/\/energizer.com\/eu\/switzerland_de\/#website"},"datePublished":"2024-05-13T07:42:15+00:00","dateModified":"2025-02-04T10:57:55+00:00","breadcrumb":{"@id":"https:\/\/energizer.com\/eu\/switzerland_de\/product\/energizer-max-9v\/#breadcrumb"},"inLanguage":"en-US","potentialAction":[{"@type":"ReadAction","target":["https:\/\/energizer.com\/eu\/switzerland_de\/product\/energizer-max-9v\/"]}]},{"@type":"BreadcrumbList","@id":"https:\/\/energizer.com\/eu\/switzerland_de\/product\/energizer-max-9v\/#breadcrumb","itemListElement":[{"@type":"ListItem","position":1,"name":"Home","item":"https:\/\/energizer.com\/eu\/switzerland_de\/"},{"@type":"ListItem","position":2,"name":"ENERGIZER\u00ae MAX &#8211; 9V"}]},{"@type":"WebSite","@id":"https:\/\/energizer.com\/eu\/switzerland_de\/#website","url":"https:\/\/energizer.com\/eu\/switzerland_de\/","name":"Energizer Switzerland (DE)","description":"","publisher":{"@id":"https:\/\/energizer.com\/eu\/switzerland_de\/#organization"},"potentialAction":[{"@type":"SearchAction","target":{"@type":"EntryPoint","urlTemplate":"https:\/\/energizer.com\/eu\/switzerland_de\/?s={search_term_string}"},"query-input":{"@type":"PropertyValueSpecification","valueRequired":true,"valueName":"search_term_string"}}],"inLanguage":"en-US"},{"@type":"Organization","@id":"https:\/\/energizer.com\/eu\/switzerland_de\/#organization","name":"Energizer Switzerland (DE)","url":"https:\/\/energizer.com\/eu\/switzerland_de\/","logo":{"@type":"ImageObject","inLanguage":"en-US","@id":"https:\/\/energizer.com\/eu\/switzerland_de\/#\/schema\/logo\/image\/","url":"https:\/\/energizer.com\/eu\/switzerland_de\/wp-content\/uploads\/sites\/55\/2024\/04\/Energizer_brand.png","contentUrl":"https:\/\/energizer.com\/eu\/switzerland_de\/wp-content\/uploads\/sites\/55\/2024\/04\/Energizer_brand.png","width":267,"height":100,"caption":"Energizer Switzerland (DE)"},"image":{"@id":"https:\/\/energizer.com\/eu\/switzerland_de\/#\/schema\/logo\/image\/"}}]}},"_links":{"self":[{"href":"https:\/\/energizer.com\/eu\/switzerland_de\/wp-json\/wp\/v2\/product\/3420","targetHints":{"allow":["GET"]}}],"collection":[{"href":"https:\/\/energizer.com\/eu\/switzerland_de\/wp-json\/wp\/v2\/product"}],"about":[{"href":"https:\/\/energizer.com\/eu\/switzerland_de\/wp-json\/wp\/v2\/types\/product"}],"replies":[{"embeddable":true,"href":"https:\/\/energizer.com\/eu\/switzerland_de\/wp-json\/wp\/v2\/comments?post=3420"}],"version-history":[{"count":12,"href":"https:\/\/energizer.com\/eu\/switzerland_de\/wp-json\/wp\/v2\/product\/3420\/revisions"}],"predecessor-version":[{"id":10055,"href":"https:\/\/energizer.com\/eu\/switzerland_de\/wp-json\/wp\/v2\/product\/3420\/revisions\/10055"}],"wp:attachment":[{"href":"https:\/\/energizer.com\/eu\/switzerland_de\/wp-json\/wp\/v2\/media?parent=3420"}],"wp:term":[{"taxonomy":"product_brand","embeddable":true,"href":"https:\/\/energizer.com\/eu\/switzerland_de\/wp-json\/wp\/v2\/product_brand?post=3420"},{"taxonomy":"product_cat","embeddable":true,"href":"https:\/\/energizer.com\/eu\/switzerland_de\/wp-json\/wp\/v2\/product_cat?post=3420"},{"taxonomy":"product_tag","embeddable":true,"href":"https:\/\/energizer.com\/eu\/switzerland_de\/wp-json\/wp\/v2\/product_tag?post=3420"}],"curies":[{"name":"wp","href":"https:\/\/api.w.org\/{rel}","templated":true}]}}