{"id":3428,"date":"2024-05-13T07:51:51","date_gmt":"2024-05-13T07:51:51","guid":{"rendered":"http:\/\/64.91.246.76\/~energizer\/?post_type=product&#038;p=3428"},"modified":"2024-12-27T14:00:59","modified_gmt":"2024-12-27T14:00:59","slug":"energizer-ultimate-lithium-aa","status":"publish","type":"product","link":"https:\/\/energizer.com\/eu\/switzerland_de\/product\/energizer-ultimate-lithium-aa\/","title":{"rendered":"ENERGIZER\u00ae ULTIMATE LITHIUM &#8211; AA"},"content":{"rendered":"<ul>\n<li>4er-Pack Energizer Ultimate Lithium AA-Batterien<\/li>\n<li>Mit der weltweit l\u00e4ngsten Halbarkeit: Nichts h\u00e4lt l\u00e4nger als Lithium-AA-Batterien von Energizer<\/li>\n<li>Effektive Leistung: Lithium-Doppel-A-Batterien f\u00fcr Smart-Home-Ger\u00e4te, Uhren, Fernbedienungen, Taschenlampen, Digitalkameras und mehr Alltagsgegenst\u00e4nde geeignet<\/li>\n<li>Auslaufschutz: Die Batterien sind bei normalem Gebrauch garantiert auslaufsicher<\/li>\n<li>Zuverl\u00e4ssig: Jede Lithium-AA-Batterie ist bis zu 25 Jahre haltbar und vertr\u00e4gt extreme Temperaturen von -40 \u00b0C bis 60 \u00b0C f\u00fcr den ganzj\u00e4hrigen Einsatz im Innen- und Au\u00dfenbereich<\/li>\n<li>100 % recycelbare Verpackung: Energizer-Verpackungen sind zu 100 % recycelbar, unterst\u00fctzen verantwortungsvolle Forstwirtschaft und sind plastikfrei, ausgenommen Siegel auf ausgew\u00e4hlten Gro\u00dfpackungen<\/li>\n<li>Enth\u00e4lt recycelte Materialien: *Stahl bis zu 10 % recycelt. Nur AA\/AAA. Speziell gekennzeichnete Pakete<\/li>\n<\/ul>\n","protected":false},"excerpt":{"rendered":"<p>Holen Sie das Beste aus Ihren High-Tech heraus: mit der zuverl\u00e4ssigen Leistung der weltweit langlebigsten AA-Batterie \u2013 Energizer Ultimate Lithium AA. Nutzen Sie diese AA-Lithiumbatterien f\u00fcr Lampen, Smart-Home-Ger\u00e4te und \u00dcberwachungssysteme sowie f\u00fcr Kameras, Uhren und Fernbedienungen. Diese AA-Batterien sind ebenfalls eine gute Wahl, wenn Sie langlebige Batterien f\u00fcr T\u00fcrklingeln ben\u00f6tigen. Die Ultimate Lithium AA-Batterien von Energizer halten die Leistung w\u00e4hrend der Lagerung bis zu 25 Jahre lang, sodass sie jederzeit einsatzbereit sind. Jede Batterie ist bei normalem Gebrauch garantiert auslaufsicher. Diese AA-Batterien von Energizer funktionieren au\u00dferdem auch bei extremen Temperaturen \u2013 von -40 \u00b0C bis 60 \u00b0C \u2013 f\u00fcr Leistung, wenn Sie sie am meisten brauchen. Die Energizer Ultimate Lithium-Reihe umfasst auch AAA-Batterien und 9V-Batterien, so dass Sie ganz leicht die Power finden, die Sie brauchen. Wiederaufladbare Batterien finden Sie bei Energizer Recharge \u2013 ideal f\u00fcr viel verwendete Ger\u00e4te. Energizer versteht, wie wichtig es ist, den Planeten und seine Natur zu sch\u00fctzen. Aus diesem Grund werden diese Batterien in zu 100 % recycelbaren, plastikfreien Verpackungen* verkauft, die verantwortungsvolle Forstwirtschaft unterst\u00fctzen. Bitte beachten Sie, dass das Energizer-Batteriepack, das Sie erhalten, je nach Einzelhandelsbestand von der gezeigten Verpackung abweichen kann. Danke f\u00fcr Ihre Geduld bei der Umstellung auf recycelbare Verpackungen. *Ausgenommen Siegel auf ausgew\u00e4hlten Verpackungen<\/p>\n","protected":false},"featured_media":0,"comment_status":"open","ping_status":"closed","template":"","meta":{"_acf_changed":false},"product_brand":[],"product_cat":[30],"product_tag":[],"class_list":{"0":"post-3428","1":"product","2":"type-product","3":"status-publish","5":"product_cat-energizer-ultimate-lithium","7":"first","8":"instock","9":"shipping-taxable","10":"product-type-simple"},"acf":[],"yoast_head":"<!-- This site is optimized with the Yoast SEO plugin v27.4 - https:\/\/yoast.com\/product\/yoast-seo-wordpress\/ -->\n<title>ENERGIZER\u00ae ULTIMATE LITHIUM - AA - Switzerland German<\/title>\n<meta name=\"robots\" content=\"index, follow, max-snippet:-1, max-image-preview:large, max-video-preview:-1\" \/>\n<link rel=\"canonical\" href=\"https:\/\/energizer.com\/eu\/switzerland_de\/product\/energizer-ultimate-lithium-aa\/\" \/>\n<meta property=\"og:locale\" content=\"en_US\" \/>\n<meta property=\"og:type\" content=\"article\" \/>\n<meta property=\"og:title\" content=\"ENERGIZER\u00ae ULTIMATE LITHIUM - AA - Switzerland German\" \/>\n<meta property=\"og:description\" content=\"Holen Sie das Beste aus Ihren High-Tech heraus: mit der zuverl\u00e4ssigen Leistung der weltweit langlebigsten AA-Batterie \u2013 Energizer Ultimate Lithium AA. Nutzen Sie diese AA-Lithiumbatterien f\u00fcr Lampen, Smart-Home-Ger\u00e4te und \u00dcberwachungssysteme sowie f\u00fcr Kameras, Uhren und Fernbedienungen. Diese AA-Batterien sind ebenfalls eine gute Wahl, wenn Sie langlebige Batterien f\u00fcr T\u00fcrklingeln ben\u00f6tigen. Die Ultimate Lithium AA-Batterien von Energizer halten die Leistung w\u00e4hrend der Lagerung bis zu 25 Jahre lang, sodass sie jederzeit einsatzbereit sind. Jede Batterie ist bei normalem Gebrauch garantiert auslaufsicher. Diese AA-Batterien von Energizer funktionieren au\u00dferdem auch bei extremen Temperaturen \u2013 von -40 \u00b0C bis 60 \u00b0C \u2013 f\u00fcr Leistung, wenn Sie sie am meisten brauchen. Die Energizer Ultimate Lithium-Reihe umfasst auch AAA-Batterien und 9V-Batterien, so dass Sie ganz leicht die Power finden, die Sie brauchen. Wiederaufladbare Batterien finden Sie bei Energizer Recharge \u2013 ideal f\u00fcr viel verwendete Ger\u00e4te. Energizer versteht, wie wichtig es ist, den Planeten und seine Natur zu sch\u00fctzen. Aus diesem Grund werden diese Batterien in zu 100 % recycelbaren, plastikfreien Verpackungen* verkauft, die verantwortungsvolle Forstwirtschaft unterst\u00fctzen. Bitte beachten Sie, dass das Energizer-Batteriepack, das Sie erhalten, je nach Einzelhandelsbestand von der gezeigten Verpackung abweichen kann. Danke f\u00fcr Ihre Geduld bei der Umstellung auf recycelbare Verpackungen. *Ausgenommen Siegel auf ausgew\u00e4hlten Verpackungen\" \/>\n<meta property=\"og:url\" content=\"https:\/\/energizer.com\/eu\/switzerland_de\/product\/energizer-ultimate-lithium-aa\/\" \/>\n<meta property=\"og:site_name\" content=\"Switzerland German\" \/>\n<meta property=\"article:modified_time\" content=\"2024-12-27T14:00:59+00:00\" \/>\n<meta name=\"twitter:card\" content=\"summary_large_image\" \/>\n<script type=\"application\/ld+json\" class=\"yoast-schema-graph\">{\"@context\":\"https:\\\/\\\/schema.org\",\"@graph\":[{\"@type\":\"WebPage\",\"@id\":\"https:\\\/\\\/energizer.com\\\/eu\\\/switzerland_de\\\/product\\\/energizer-ultimate-lithium-aa\\\/\",\"url\":\"https:\\\/\\\/energizer.com\\\/eu\\\/switzerland_de\\\/product\\\/energizer-ultimate-lithium-aa\\\/\",\"name\":\"ENERGIZER\u00ae ULTIMATE LITHIUM - AA - Switzerland German\",\"isPartOf\":{\"@id\":\"https:\\\/\\\/energizer.com\\\/eu\\\/switzerland_de\\\/#website\"},\"datePublished\":\"2024-05-13T07:51:51+00:00\",\"dateModified\":\"2024-12-27T14:00:59+00:00\",\"breadcrumb\":{\"@id\":\"https:\\\/\\\/energizer.com\\\/eu\\\/switzerland_de\\\/product\\\/energizer-ultimate-lithium-aa\\\/#breadcrumb\"},\"inLanguage\":\"en-US\",\"potentialAction\":[{\"@type\":\"ReadAction\",\"target\":[\"https:\\\/\\\/energizer.com\\\/eu\\\/switzerland_de\\\/product\\\/energizer-ultimate-lithium-aa\\\/\"]}]},{\"@type\":\"BreadcrumbList\",\"@id\":\"https:\\\/\\\/energizer.com\\\/eu\\\/switzerland_de\\\/product\\\/energizer-ultimate-lithium-aa\\\/#breadcrumb\",\"itemListElement\":[{\"@type\":\"ListItem\",\"position\":1,\"name\":\"Home\",\"item\":\"https:\\\/\\\/energizer.com\\\/eu\\\/switzerland_de\\\/\"},{\"@type\":\"ListItem\",\"position\":2,\"name\":\"ENERGIZER\u00ae ULTIMATE LITHIUM &#8211; AA\"}]},{\"@type\":\"WebSite\",\"@id\":\"https:\\\/\\\/energizer.com\\\/eu\\\/switzerland_de\\\/#website\",\"url\":\"https:\\\/\\\/energizer.com\\\/eu\\\/switzerland_de\\\/\",\"name\":\"Energizer Switzerland (DE)\",\"description\":\"\",\"publisher\":{\"@id\":\"https:\\\/\\\/energizer.com\\\/eu\\\/switzerland_de\\\/#organization\"},\"potentialAction\":[{\"@type\":\"SearchAction\",\"target\":{\"@type\":\"EntryPoint\",\"urlTemplate\":\"https:\\\/\\\/energizer.com\\\/eu\\\/switzerland_de\\\/?s={search_term_string}\"},\"query-input\":{\"@type\":\"PropertyValueSpecification\",\"valueRequired\":true,\"valueName\":\"search_term_string\"}}],\"inLanguage\":\"en-US\"},{\"@type\":\"Organization\",\"@id\":\"https:\\\/\\\/energizer.com\\\/eu\\\/switzerland_de\\\/#organization\",\"name\":\"Energizer Switzerland (DE)\",\"url\":\"https:\\\/\\\/energizer.com\\\/eu\\\/switzerland_de\\\/\",\"logo\":{\"@type\":\"ImageObject\",\"inLanguage\":\"en-US\",\"@id\":\"https:\\\/\\\/energizer.com\\\/eu\\\/switzerland_de\\\/#\\\/schema\\\/logo\\\/image\\\/\",\"url\":\"https:\\\/\\\/energizer.com\\\/eu\\\/switzerland_de\\\/wp-content\\\/uploads\\\/sites\\\/55\\\/2024\\\/04\\\/Energizer_brand.png\",\"contentUrl\":\"https:\\\/\\\/energizer.com\\\/eu\\\/switzerland_de\\\/wp-content\\\/uploads\\\/sites\\\/55\\\/2024\\\/04\\\/Energizer_brand.png\",\"width\":267,\"height\":100,\"caption\":\"Energizer Switzerland (DE)\"},\"image\":{\"@id\":\"https:\\\/\\\/energizer.com\\\/eu\\\/switzerland_de\\\/#\\\/schema\\\/logo\\\/image\\\/\"}}]}<\/script>\n<!-- \/ Yoast SEO plugin. -->","yoast_head_json":{"title":"ENERGIZER\u00ae ULTIMATE LITHIUM - AA - Switzerland German","robots":{"index":"index","follow":"follow","max-snippet":"max-snippet:-1","max-image-preview":"max-image-preview:large","max-video-preview":"max-video-preview:-1"},"canonical":"https:\/\/energizer.com\/eu\/switzerland_de\/product\/energizer-ultimate-lithium-aa\/","og_locale":"en_US","og_type":"article","og_title":"ENERGIZER\u00ae ULTIMATE LITHIUM - AA - Switzerland German","og_description":"Holen Sie das Beste aus Ihren High-Tech heraus: mit der zuverl\u00e4ssigen Leistung der weltweit langlebigsten AA-Batterie \u2013 Energizer Ultimate Lithium AA. Nutzen Sie diese AA-Lithiumbatterien f\u00fcr Lampen, Smart-Home-Ger\u00e4te und \u00dcberwachungssysteme sowie f\u00fcr Kameras, Uhren und Fernbedienungen. Diese AA-Batterien sind ebenfalls eine gute Wahl, wenn Sie langlebige Batterien f\u00fcr T\u00fcrklingeln ben\u00f6tigen. Die Ultimate Lithium AA-Batterien von Energizer halten die Leistung w\u00e4hrend der Lagerung bis zu 25 Jahre lang, sodass sie jederzeit einsatzbereit sind. Jede Batterie ist bei normalem Gebrauch garantiert auslaufsicher. Diese AA-Batterien von Energizer funktionieren au\u00dferdem auch bei extremen Temperaturen \u2013 von -40 \u00b0C bis 60 \u00b0C \u2013 f\u00fcr Leistung, wenn Sie sie am meisten brauchen. Die Energizer Ultimate Lithium-Reihe umfasst auch AAA-Batterien und 9V-Batterien, so dass Sie ganz leicht die Power finden, die Sie brauchen. Wiederaufladbare Batterien finden Sie bei Energizer Recharge \u2013 ideal f\u00fcr viel verwendete Ger\u00e4te. Energizer versteht, wie wichtig es ist, den Planeten und seine Natur zu sch\u00fctzen. Aus diesem Grund werden diese Batterien in zu 100 % recycelbaren, plastikfreien Verpackungen* verkauft, die verantwortungsvolle Forstwirtschaft unterst\u00fctzen. Bitte beachten Sie, dass das Energizer-Batteriepack, das Sie erhalten, je nach Einzelhandelsbestand von der gezeigten Verpackung abweichen kann. Danke f\u00fcr Ihre Geduld bei der Umstellung auf recycelbare Verpackungen. *Ausgenommen Siegel auf ausgew\u00e4hlten Verpackungen","og_url":"https:\/\/energizer.com\/eu\/switzerland_de\/product\/energizer-ultimate-lithium-aa\/","og_site_name":"Switzerland German","article_modified_time":"2024-12-27T14:00:59+00:00","twitter_card":"summary_large_image","schema":{"@context":"https:\/\/schema.org","@graph":[{"@type":"WebPage","@id":"https:\/\/energizer.com\/eu\/switzerland_de\/product\/energizer-ultimate-lithium-aa\/","url":"https:\/\/energizer.com\/eu\/switzerland_de\/product\/energizer-ultimate-lithium-aa\/","name":"ENERGIZER\u00ae ULTIMATE LITHIUM - AA - Switzerland German","isPartOf":{"@id":"https:\/\/energizer.com\/eu\/switzerland_de\/#website"},"datePublished":"2024-05-13T07:51:51+00:00","dateModified":"2024-12-27T14:00:59+00:00","breadcrumb":{"@id":"https:\/\/energizer.com\/eu\/switzerland_de\/product\/energizer-ultimate-lithium-aa\/#breadcrumb"},"inLanguage":"en-US","potentialAction":[{"@type":"ReadAction","target":["https:\/\/energizer.com\/eu\/switzerland_de\/product\/energizer-ultimate-lithium-aa\/"]}]},{"@type":"BreadcrumbList","@id":"https:\/\/energizer.com\/eu\/switzerland_de\/product\/energizer-ultimate-lithium-aa\/#breadcrumb","itemListElement":[{"@type":"ListItem","position":1,"name":"Home","item":"https:\/\/energizer.com\/eu\/switzerland_de\/"},{"@type":"ListItem","position":2,"name":"ENERGIZER\u00ae ULTIMATE LITHIUM &#8211; AA"}]},{"@type":"WebSite","@id":"https:\/\/energizer.com\/eu\/switzerland_de\/#website","url":"https:\/\/energizer.com\/eu\/switzerland_de\/","name":"Energizer Switzerland (DE)","description":"","publisher":{"@id":"https:\/\/energizer.com\/eu\/switzerland_de\/#organization"},"potentialAction":[{"@type":"SearchAction","target":{"@type":"EntryPoint","urlTemplate":"https:\/\/energizer.com\/eu\/switzerland_de\/?s={search_term_string}"},"query-input":{"@type":"PropertyValueSpecification","valueRequired":true,"valueName":"search_term_string"}}],"inLanguage":"en-US"},{"@type":"Organization","@id":"https:\/\/energizer.com\/eu\/switzerland_de\/#organization","name":"Energizer Switzerland (DE)","url":"https:\/\/energizer.com\/eu\/switzerland_de\/","logo":{"@type":"ImageObject","inLanguage":"en-US","@id":"https:\/\/energizer.com\/eu\/switzerland_de\/#\/schema\/logo\/image\/","url":"https:\/\/energizer.com\/eu\/switzerland_de\/wp-content\/uploads\/sites\/55\/2024\/04\/Energizer_brand.png","contentUrl":"https:\/\/energizer.com\/eu\/switzerland_de\/wp-content\/uploads\/sites\/55\/2024\/04\/Energizer_brand.png","width":267,"height":100,"caption":"Energizer Switzerland (DE)"},"image":{"@id":"https:\/\/energizer.com\/eu\/switzerland_de\/#\/schema\/logo\/image\/"}}]}},"_links":{"self":[{"href":"https:\/\/energizer.com\/eu\/switzerland_de\/wp-json\/wp\/v2\/product\/3428","targetHints":{"allow":["GET"]}}],"collection":[{"href":"https:\/\/energizer.com\/eu\/switzerland_de\/wp-json\/wp\/v2\/product"}],"about":[{"href":"https:\/\/energizer.com\/eu\/switzerland_de\/wp-json\/wp\/v2\/types\/product"}],"replies":[{"embeddable":true,"href":"https:\/\/energizer.com\/eu\/switzerland_de\/wp-json\/wp\/v2\/comments?post=3428"}],"version-history":[{"count":11,"href":"https:\/\/energizer.com\/eu\/switzerland_de\/wp-json\/wp\/v2\/product\/3428\/revisions"}],"predecessor-version":[{"id":9957,"href":"https:\/\/energizer.com\/eu\/switzerland_de\/wp-json\/wp\/v2\/product\/3428\/revisions\/9957"}],"wp:attachment":[{"href":"https:\/\/energizer.com\/eu\/switzerland_de\/wp-json\/wp\/v2\/media?parent=3428"}],"wp:term":[{"taxonomy":"product_brand","embeddable":true,"href":"https:\/\/energizer.com\/eu\/switzerland_de\/wp-json\/wp\/v2\/product_brand?post=3428"},{"taxonomy":"product_cat","embeddable":true,"href":"https:\/\/energizer.com\/eu\/switzerland_de\/wp-json\/wp\/v2\/product_cat?post=3428"},{"taxonomy":"product_tag","embeddable":true,"href":"https:\/\/energizer.com\/eu\/switzerland_de\/wp-json\/wp\/v2\/product_tag?post=3428"}],"curies":[{"name":"wp","href":"https:\/\/api.w.org\/{rel}","templated":true}]}}