{"id":4174,"date":"2024-05-16T06:36:04","date_gmt":"2024-05-16T06:36:04","guid":{"rendered":"https:\/\/23b13e8ab3.nxcli.io\/switzerland-german\/?post_type=product&#038;p=4174"},"modified":"2024-08-23T09:55:57","modified_gmt":"2024-08-23T09:55:57","slug":"energizer-electronic-batteries-cr1216","status":"publish","type":"product","link":"https:\/\/energizer.com\/eu\/switzerland_de\/product\/energizer-electronic-batteries-cr1216\/","title":{"rendered":"ENERGIZER\u00ae ELECTRONIC BATTERIES \u2013 CR1216"},"content":{"rendered":"<ul>\n<li>Energizer 1216 Lithium-Knopfzelle<\/li>\n<li>Bietet ergiebige, zuverl\u00e4ssige Leistung f\u00fcr Spezialger\u00e4te wie Herzfrequenzmesser, Fernbedienungen, schl\u00fcssellose Zugangssysteme, Blutzuckermessger\u00e4te, Spiele und Spielzeuge<\/li>\n<li>Die Lithium-Knopfzellen k\u00f6nnen bis zu 10 Jahre gelagert werden und sind so einsatzbereit, wenn Sie sie ben\u00f6tigen<\/li>\n<li>Zellgr\u00f6\u00dfe: 1216; IEC: CR1216; Typ: Lithium-Knopfzelle; Volt: 3<\/li>\n<li>Ersatz f\u00fcr: L40 und DL1216<\/li>\n<li>Diese Lithium-Batterien sind f\u00fcr einen breiten Temperaturbereich von -30 bis 60\u00a0\u00baC geeignet<\/li>\n<\/ul>\n","protected":false},"excerpt":{"rendered":"<p>Lassen Sie sich nicht durch die kompakten Ma\u00dfe t\u00e4uschen: Diese Energizer 1216 Lithium-Knopfzelle mit 3\u00a0Volt versorgt knopfzellenbetriebene Ger\u00e4te zuverl\u00e4ssig mit Energie. Ob Herzfrequenzmesser, Blutzuckermessger\u00e4te, Fernbedienungen, schl\u00fcssellose Zugangssysteme, Schl\u00fcsselanh\u00e4nger, Uhren, Spiele und Spielzeug oder noch spezialisiertere Ger\u00e4te \u2013 diese Batterien sind mit den Ger\u00e4ten kompatibel, die zu Ihrem Leben geh\u00f6ren, und sorgen daf\u00fcr, dass diese nicht stillstehen. Die haltbaren Energizer Lithium-Knopfzellen sind f\u00fcr einen breiten Temperaturbereich (von -30 bis 60\u00a0\u00baC) geeignet und bieten auch bei einer Lagerung von bis zu 10 Jahren eine zuverl\u00e4ssige Leistung. Die umweltfreundlichen Batterien enthalten kein Quecksilber und sind kindergesichert verpackt. Daher sind Energizer-Knopfzellen die perfekte Wahl f\u00fcr Ihre Spezialger\u00e4te.<\/p>\n","protected":false},"featured_media":0,"comment_status":"open","ping_status":"closed","template":"","meta":{"_acf_changed":false},"product_brand":[],"product_cat":[58],"product_tag":[],"class_list":{"0":"post-4174","1":"product","2":"type-product","3":"status-publish","5":"product_cat-speciality","7":"first","8":"instock","9":"shipping-taxable","10":"product-type-simple"},"acf":[],"yoast_head":"<!-- This site is optimized with the Yoast SEO plugin v27.4 - https:\/\/yoast.com\/product\/yoast-seo-wordpress\/ -->\n<title>ENERGIZER\u00ae ELECTRONIC BATTERIES \u2013 CR1216 - Switzerland German<\/title>\n<meta name=\"robots\" content=\"index, follow, max-snippet:-1, max-image-preview:large, max-video-preview:-1\" \/>\n<link rel=\"canonical\" href=\"https:\/\/energizer.com\/eu\/switzerland_de\/product\/energizer-electronic-batteries-cr1216\/\" \/>\n<meta property=\"og:locale\" content=\"en_US\" \/>\n<meta property=\"og:type\" content=\"article\" \/>\n<meta property=\"og:title\" content=\"ENERGIZER\u00ae ELECTRONIC BATTERIES \u2013 CR1216 - Switzerland German\" \/>\n<meta property=\"og:description\" content=\"Lassen Sie sich nicht durch die kompakten Ma\u00dfe t\u00e4uschen: Diese Energizer 1216 Lithium-Knopfzelle mit 3\u00a0Volt versorgt knopfzellenbetriebene Ger\u00e4te zuverl\u00e4ssig mit Energie. Ob Herzfrequenzmesser, Blutzuckermessger\u00e4te, Fernbedienungen, schl\u00fcssellose Zugangssysteme, Schl\u00fcsselanh\u00e4nger, Uhren, Spiele und Spielzeug oder noch spezialisiertere Ger\u00e4te \u2013 diese Batterien sind mit den Ger\u00e4ten kompatibel, die zu Ihrem Leben geh\u00f6ren, und sorgen daf\u00fcr, dass diese nicht stillstehen. Die haltbaren Energizer Lithium-Knopfzellen sind f\u00fcr einen breiten Temperaturbereich (von -30 bis 60\u00a0\u00baC) geeignet und bieten auch bei einer Lagerung von bis zu 10 Jahren eine zuverl\u00e4ssige Leistung. Die umweltfreundlichen Batterien enthalten kein Quecksilber und sind kindergesichert verpackt. Daher sind Energizer-Knopfzellen die perfekte Wahl f\u00fcr Ihre Spezialger\u00e4te.\" \/>\n<meta property=\"og:url\" content=\"https:\/\/energizer.com\/eu\/switzerland_de\/product\/energizer-electronic-batteries-cr1216\/\" \/>\n<meta property=\"og:site_name\" content=\"Switzerland German\" \/>\n<meta property=\"article:modified_time\" content=\"2024-08-23T09:55:57+00:00\" \/>\n<meta name=\"twitter:card\" content=\"summary_large_image\" \/>\n<script type=\"application\/ld+json\" class=\"yoast-schema-graph\">{\"@context\":\"https:\\\/\\\/schema.org\",\"@graph\":[{\"@type\":\"WebPage\",\"@id\":\"https:\\\/\\\/energizer.com\\\/eu\\\/switzerland_de\\\/product\\\/energizer-electronic-batteries-cr1216\\\/\",\"url\":\"https:\\\/\\\/energizer.com\\\/eu\\\/switzerland_de\\\/product\\\/energizer-electronic-batteries-cr1216\\\/\",\"name\":\"ENERGIZER\u00ae ELECTRONIC BATTERIES \u2013 CR1216 - Switzerland German\",\"isPartOf\":{\"@id\":\"https:\\\/\\\/energizer.com\\\/eu\\\/switzerland_de\\\/#website\"},\"datePublished\":\"2024-05-16T06:36:04+00:00\",\"dateModified\":\"2024-08-23T09:55:57+00:00\",\"breadcrumb\":{\"@id\":\"https:\\\/\\\/energizer.com\\\/eu\\\/switzerland_de\\\/product\\\/energizer-electronic-batteries-cr1216\\\/#breadcrumb\"},\"inLanguage\":\"en-US\",\"potentialAction\":[{\"@type\":\"ReadAction\",\"target\":[\"https:\\\/\\\/energizer.com\\\/eu\\\/switzerland_de\\\/product\\\/energizer-electronic-batteries-cr1216\\\/\"]}]},{\"@type\":\"BreadcrumbList\",\"@id\":\"https:\\\/\\\/energizer.com\\\/eu\\\/switzerland_de\\\/product\\\/energizer-electronic-batteries-cr1216\\\/#breadcrumb\",\"itemListElement\":[{\"@type\":\"ListItem\",\"position\":1,\"name\":\"Home\",\"item\":\"https:\\\/\\\/energizer.com\\\/eu\\\/switzerland_de\\\/\"},{\"@type\":\"ListItem\",\"position\":2,\"name\":\"ENERGIZER\u00ae ELECTRONIC BATTERIES \u2013 CR1216\"}]},{\"@type\":\"WebSite\",\"@id\":\"https:\\\/\\\/energizer.com\\\/eu\\\/switzerland_de\\\/#website\",\"url\":\"https:\\\/\\\/energizer.com\\\/eu\\\/switzerland_de\\\/\",\"name\":\"Energizer Switzerland (DE)\",\"description\":\"\",\"publisher\":{\"@id\":\"https:\\\/\\\/energizer.com\\\/eu\\\/switzerland_de\\\/#organization\"},\"potentialAction\":[{\"@type\":\"SearchAction\",\"target\":{\"@type\":\"EntryPoint\",\"urlTemplate\":\"https:\\\/\\\/energizer.com\\\/eu\\\/switzerland_de\\\/?s={search_term_string}\"},\"query-input\":{\"@type\":\"PropertyValueSpecification\",\"valueRequired\":true,\"valueName\":\"search_term_string\"}}],\"inLanguage\":\"en-US\"},{\"@type\":\"Organization\",\"@id\":\"https:\\\/\\\/energizer.com\\\/eu\\\/switzerland_de\\\/#organization\",\"name\":\"Energizer Switzerland (DE)\",\"url\":\"https:\\\/\\\/energizer.com\\\/eu\\\/switzerland_de\\\/\",\"logo\":{\"@type\":\"ImageObject\",\"inLanguage\":\"en-US\",\"@id\":\"https:\\\/\\\/energizer.com\\\/eu\\\/switzerland_de\\\/#\\\/schema\\\/logo\\\/image\\\/\",\"url\":\"https:\\\/\\\/energizer.com\\\/eu\\\/switzerland_de\\\/wp-content\\\/uploads\\\/sites\\\/55\\\/2024\\\/04\\\/Energizer_brand.png\",\"contentUrl\":\"https:\\\/\\\/energizer.com\\\/eu\\\/switzerland_de\\\/wp-content\\\/uploads\\\/sites\\\/55\\\/2024\\\/04\\\/Energizer_brand.png\",\"width\":267,\"height\":100,\"caption\":\"Energizer Switzerland (DE)\"},\"image\":{\"@id\":\"https:\\\/\\\/energizer.com\\\/eu\\\/switzerland_de\\\/#\\\/schema\\\/logo\\\/image\\\/\"}}]}<\/script>\n<!-- \/ Yoast SEO plugin. -->","yoast_head_json":{"title":"ENERGIZER\u00ae ELECTRONIC BATTERIES \u2013 CR1216 - Switzerland German","robots":{"index":"index","follow":"follow","max-snippet":"max-snippet:-1","max-image-preview":"max-image-preview:large","max-video-preview":"max-video-preview:-1"},"canonical":"https:\/\/energizer.com\/eu\/switzerland_de\/product\/energizer-electronic-batteries-cr1216\/","og_locale":"en_US","og_type":"article","og_title":"ENERGIZER\u00ae ELECTRONIC BATTERIES \u2013 CR1216 - Switzerland German","og_description":"Lassen Sie sich nicht durch die kompakten Ma\u00dfe t\u00e4uschen: Diese Energizer 1216 Lithium-Knopfzelle mit 3\u00a0Volt versorgt knopfzellenbetriebene Ger\u00e4te zuverl\u00e4ssig mit Energie. Ob Herzfrequenzmesser, Blutzuckermessger\u00e4te, Fernbedienungen, schl\u00fcssellose Zugangssysteme, Schl\u00fcsselanh\u00e4nger, Uhren, Spiele und Spielzeug oder noch spezialisiertere Ger\u00e4te \u2013 diese Batterien sind mit den Ger\u00e4ten kompatibel, die zu Ihrem Leben geh\u00f6ren, und sorgen daf\u00fcr, dass diese nicht stillstehen. Die haltbaren Energizer Lithium-Knopfzellen sind f\u00fcr einen breiten Temperaturbereich (von -30 bis 60\u00a0\u00baC) geeignet und bieten auch bei einer Lagerung von bis zu 10 Jahren eine zuverl\u00e4ssige Leistung. Die umweltfreundlichen Batterien enthalten kein Quecksilber und sind kindergesichert verpackt. Daher sind Energizer-Knopfzellen die perfekte Wahl f\u00fcr Ihre Spezialger\u00e4te.","og_url":"https:\/\/energizer.com\/eu\/switzerland_de\/product\/energizer-electronic-batteries-cr1216\/","og_site_name":"Switzerland German","article_modified_time":"2024-08-23T09:55:57+00:00","twitter_card":"summary_large_image","schema":{"@context":"https:\/\/schema.org","@graph":[{"@type":"WebPage","@id":"https:\/\/energizer.com\/eu\/switzerland_de\/product\/energizer-electronic-batteries-cr1216\/","url":"https:\/\/energizer.com\/eu\/switzerland_de\/product\/energizer-electronic-batteries-cr1216\/","name":"ENERGIZER\u00ae ELECTRONIC BATTERIES \u2013 CR1216 - Switzerland German","isPartOf":{"@id":"https:\/\/energizer.com\/eu\/switzerland_de\/#website"},"datePublished":"2024-05-16T06:36:04+00:00","dateModified":"2024-08-23T09:55:57+00:00","breadcrumb":{"@id":"https:\/\/energizer.com\/eu\/switzerland_de\/product\/energizer-electronic-batteries-cr1216\/#breadcrumb"},"inLanguage":"en-US","potentialAction":[{"@type":"ReadAction","target":["https:\/\/energizer.com\/eu\/switzerland_de\/product\/energizer-electronic-batteries-cr1216\/"]}]},{"@type":"BreadcrumbList","@id":"https:\/\/energizer.com\/eu\/switzerland_de\/product\/energizer-electronic-batteries-cr1216\/#breadcrumb","itemListElement":[{"@type":"ListItem","position":1,"name":"Home","item":"https:\/\/energizer.com\/eu\/switzerland_de\/"},{"@type":"ListItem","position":2,"name":"ENERGIZER\u00ae ELECTRONIC BATTERIES \u2013 CR1216"}]},{"@type":"WebSite","@id":"https:\/\/energizer.com\/eu\/switzerland_de\/#website","url":"https:\/\/energizer.com\/eu\/switzerland_de\/","name":"Energizer Switzerland (DE)","description":"","publisher":{"@id":"https:\/\/energizer.com\/eu\/switzerland_de\/#organization"},"potentialAction":[{"@type":"SearchAction","target":{"@type":"EntryPoint","urlTemplate":"https:\/\/energizer.com\/eu\/switzerland_de\/?s={search_term_string}"},"query-input":{"@type":"PropertyValueSpecification","valueRequired":true,"valueName":"search_term_string"}}],"inLanguage":"en-US"},{"@type":"Organization","@id":"https:\/\/energizer.com\/eu\/switzerland_de\/#organization","name":"Energizer Switzerland (DE)","url":"https:\/\/energizer.com\/eu\/switzerland_de\/","logo":{"@type":"ImageObject","inLanguage":"en-US","@id":"https:\/\/energizer.com\/eu\/switzerland_de\/#\/schema\/logo\/image\/","url":"https:\/\/energizer.com\/eu\/switzerland_de\/wp-content\/uploads\/sites\/55\/2024\/04\/Energizer_brand.png","contentUrl":"https:\/\/energizer.com\/eu\/switzerland_de\/wp-content\/uploads\/sites\/55\/2024\/04\/Energizer_brand.png","width":267,"height":100,"caption":"Energizer Switzerland (DE)"},"image":{"@id":"https:\/\/energizer.com\/eu\/switzerland_de\/#\/schema\/logo\/image\/"}}]}},"_links":{"self":[{"href":"https:\/\/energizer.com\/eu\/switzerland_de\/wp-json\/wp\/v2\/product\/4174","targetHints":{"allow":["GET"]}}],"collection":[{"href":"https:\/\/energizer.com\/eu\/switzerland_de\/wp-json\/wp\/v2\/product"}],"about":[{"href":"https:\/\/energizer.com\/eu\/switzerland_de\/wp-json\/wp\/v2\/types\/product"}],"replies":[{"embeddable":true,"href":"https:\/\/energizer.com\/eu\/switzerland_de\/wp-json\/wp\/v2\/comments?post=4174"}],"version-history":[{"count":5,"href":"https:\/\/energizer.com\/eu\/switzerland_de\/wp-json\/wp\/v2\/product\/4174\/revisions"}],"predecessor-version":[{"id":7314,"href":"https:\/\/energizer.com\/eu\/switzerland_de\/wp-json\/wp\/v2\/product\/4174\/revisions\/7314"}],"wp:attachment":[{"href":"https:\/\/energizer.com\/eu\/switzerland_de\/wp-json\/wp\/v2\/media?parent=4174"}],"wp:term":[{"taxonomy":"product_brand","embeddable":true,"href":"https:\/\/energizer.com\/eu\/switzerland_de\/wp-json\/wp\/v2\/product_brand?post=4174"},{"taxonomy":"product_cat","embeddable":true,"href":"https:\/\/energizer.com\/eu\/switzerland_de\/wp-json\/wp\/v2\/product_cat?post=4174"},{"taxonomy":"product_tag","embeddable":true,"href":"https:\/\/energizer.com\/eu\/switzerland_de\/wp-json\/wp\/v2\/product_tag?post=4174"}],"curies":[{"name":"wp","href":"https:\/\/api.w.org\/{rel}","templated":true}]}}