{"id":4182,"date":"2024-05-16T06:49:58","date_gmt":"2024-05-16T06:49:58","guid":{"rendered":"https:\/\/23b13e8ab3.nxcli.io\/switzerland-german\/?post_type=product&#038;p=4182"},"modified":"2024-08-23T13:13:42","modified_gmt":"2024-08-23T13:13:42","slug":"energizer-electronic-batteries-br1225","status":"publish","type":"product","link":"https:\/\/energizer.com\/eu\/switzerland_de\/product\/energizer-electronic-batteries-br1225\/","title":{"rendered":"ENERGIZER\u00ae ELECTRONIC BATTERIES \u2013 BR1225"},"content":{"rendered":"<ul>\n<li>E-Book-Reader<\/li>\n<li>Tragbare Spielkonsolen<\/li>\n<li>Pers\u00f6nliche Organizer<\/li>\n<li>Elektronische Spiele und Spielzeuge<\/li>\n<li>Computer<\/li>\n<li>Fernbedienungen<\/li>\n<li>K\u00f6rperpflege<\/li>\n<li>Taschenrechner<\/li>\n<li>Schl\u00fcssellose und elektrische Schl\u00f6sser<\/li>\n<li>Garagen\u00f6ffner<\/li>\n<li>Digitale Thermometer<\/li>\n<li>Blutdruckmessger\u00e4te<\/li>\n<li>Gesundheit zu Hause<\/li>\n<\/ul>\n","protected":false},"excerpt":{"rendered":"<p>Energizer\u00ae ist seit Jahrzehnten weltweit f\u00fchrend im Bereich kleiner Elektronikbatterien. Sie k\u00f6nnen sich also auf die pr\u00e4zise Technik der Batterien verlassen, wenn es um die Stromversorgung all Ihrer elektronischen Kleinger\u00e4te geht, von Blutzuckermessger\u00e4ten und Fitness-Trackern bis hin zu den neuesten Spielen und Spielzeugen.<\/p>\n","protected":false},"featured_media":0,"comment_status":"open","ping_status":"closed","template":"","meta":{"_acf_changed":false},"product_brand":[],"product_cat":[58],"product_tag":[],"class_list":{"0":"post-4182","1":"product","2":"type-product","3":"status-publish","5":"product_cat-speciality","7":"first","8":"instock","9":"shipping-taxable","10":"product-type-simple"},"acf":[],"yoast_head":"<!-- This site is optimized with the Yoast SEO plugin v27.4 - https:\/\/yoast.com\/product\/yoast-seo-wordpress\/ -->\n<title>ENERGIZER\u00ae ELECTRONIC BATTERIES \u2013 BR1225 - Switzerland German<\/title>\n<meta name=\"robots\" content=\"index, follow, max-snippet:-1, max-image-preview:large, max-video-preview:-1\" \/>\n<link rel=\"canonical\" href=\"https:\/\/energizer.com\/eu\/switzerland_de\/product\/energizer-electronic-batteries-br1225\/\" \/>\n<meta property=\"og:locale\" content=\"en_US\" \/>\n<meta property=\"og:type\" content=\"article\" \/>\n<meta property=\"og:title\" content=\"ENERGIZER\u00ae ELECTRONIC BATTERIES \u2013 BR1225 - Switzerland German\" \/>\n<meta property=\"og:description\" content=\"Energizer\u00ae ist seit Jahrzehnten weltweit f\u00fchrend im Bereich kleiner Elektronikbatterien. Sie k\u00f6nnen sich also auf die pr\u00e4zise Technik der Batterien verlassen, wenn es um die Stromversorgung all Ihrer elektronischen Kleinger\u00e4te geht, von Blutzuckermessger\u00e4ten und Fitness-Trackern bis hin zu den neuesten Spielen und Spielzeugen.\" \/>\n<meta property=\"og:url\" content=\"https:\/\/energizer.com\/eu\/switzerland_de\/product\/energizer-electronic-batteries-br1225\/\" \/>\n<meta property=\"og:site_name\" content=\"Switzerland German\" \/>\n<meta property=\"article:modified_time\" content=\"2024-08-23T13:13:42+00:00\" \/>\n<meta name=\"twitter:card\" content=\"summary_large_image\" \/>\n<script type=\"application\/ld+json\" class=\"yoast-schema-graph\">{\"@context\":\"https:\\\/\\\/schema.org\",\"@graph\":[{\"@type\":\"WebPage\",\"@id\":\"https:\\\/\\\/energizer.com\\\/eu\\\/switzerland_de\\\/product\\\/energizer-electronic-batteries-br1225\\\/\",\"url\":\"https:\\\/\\\/energizer.com\\\/eu\\\/switzerland_de\\\/product\\\/energizer-electronic-batteries-br1225\\\/\",\"name\":\"ENERGIZER\u00ae ELECTRONIC BATTERIES \u2013 BR1225 - Switzerland German\",\"isPartOf\":{\"@id\":\"https:\\\/\\\/energizer.com\\\/eu\\\/switzerland_de\\\/#website\"},\"datePublished\":\"2024-05-16T06:49:58+00:00\",\"dateModified\":\"2024-08-23T13:13:42+00:00\",\"breadcrumb\":{\"@id\":\"https:\\\/\\\/energizer.com\\\/eu\\\/switzerland_de\\\/product\\\/energizer-electronic-batteries-br1225\\\/#breadcrumb\"},\"inLanguage\":\"en-US\",\"potentialAction\":[{\"@type\":\"ReadAction\",\"target\":[\"https:\\\/\\\/energizer.com\\\/eu\\\/switzerland_de\\\/product\\\/energizer-electronic-batteries-br1225\\\/\"]}]},{\"@type\":\"BreadcrumbList\",\"@id\":\"https:\\\/\\\/energizer.com\\\/eu\\\/switzerland_de\\\/product\\\/energizer-electronic-batteries-br1225\\\/#breadcrumb\",\"itemListElement\":[{\"@type\":\"ListItem\",\"position\":1,\"name\":\"Home\",\"item\":\"https:\\\/\\\/energizer.com\\\/eu\\\/switzerland_de\\\/\"},{\"@type\":\"ListItem\",\"position\":2,\"name\":\"ENERGIZER\u00ae ELECTRONIC BATTERIES \u2013 BR1225\"}]},{\"@type\":\"WebSite\",\"@id\":\"https:\\\/\\\/energizer.com\\\/eu\\\/switzerland_de\\\/#website\",\"url\":\"https:\\\/\\\/energizer.com\\\/eu\\\/switzerland_de\\\/\",\"name\":\"Energizer Switzerland (DE)\",\"description\":\"\",\"publisher\":{\"@id\":\"https:\\\/\\\/energizer.com\\\/eu\\\/switzerland_de\\\/#organization\"},\"potentialAction\":[{\"@type\":\"SearchAction\",\"target\":{\"@type\":\"EntryPoint\",\"urlTemplate\":\"https:\\\/\\\/energizer.com\\\/eu\\\/switzerland_de\\\/?s={search_term_string}\"},\"query-input\":{\"@type\":\"PropertyValueSpecification\",\"valueRequired\":true,\"valueName\":\"search_term_string\"}}],\"inLanguage\":\"en-US\"},{\"@type\":\"Organization\",\"@id\":\"https:\\\/\\\/energizer.com\\\/eu\\\/switzerland_de\\\/#organization\",\"name\":\"Energizer Switzerland (DE)\",\"url\":\"https:\\\/\\\/energizer.com\\\/eu\\\/switzerland_de\\\/\",\"logo\":{\"@type\":\"ImageObject\",\"inLanguage\":\"en-US\",\"@id\":\"https:\\\/\\\/energizer.com\\\/eu\\\/switzerland_de\\\/#\\\/schema\\\/logo\\\/image\\\/\",\"url\":\"https:\\\/\\\/energizer.com\\\/eu\\\/switzerland_de\\\/wp-content\\\/uploads\\\/sites\\\/55\\\/2024\\\/04\\\/Energizer_brand.png\",\"contentUrl\":\"https:\\\/\\\/energizer.com\\\/eu\\\/switzerland_de\\\/wp-content\\\/uploads\\\/sites\\\/55\\\/2024\\\/04\\\/Energizer_brand.png\",\"width\":267,\"height\":100,\"caption\":\"Energizer Switzerland (DE)\"},\"image\":{\"@id\":\"https:\\\/\\\/energizer.com\\\/eu\\\/switzerland_de\\\/#\\\/schema\\\/logo\\\/image\\\/\"}}]}<\/script>\n<!-- \/ Yoast SEO plugin. -->","yoast_head_json":{"title":"ENERGIZER\u00ae ELECTRONIC BATTERIES \u2013 BR1225 - Switzerland German","robots":{"index":"index","follow":"follow","max-snippet":"max-snippet:-1","max-image-preview":"max-image-preview:large","max-video-preview":"max-video-preview:-1"},"canonical":"https:\/\/energizer.com\/eu\/switzerland_de\/product\/energizer-electronic-batteries-br1225\/","og_locale":"en_US","og_type":"article","og_title":"ENERGIZER\u00ae ELECTRONIC BATTERIES \u2013 BR1225 - Switzerland German","og_description":"Energizer\u00ae ist seit Jahrzehnten weltweit f\u00fchrend im Bereich kleiner Elektronikbatterien. Sie k\u00f6nnen sich also auf die pr\u00e4zise Technik der Batterien verlassen, wenn es um die Stromversorgung all Ihrer elektronischen Kleinger\u00e4te geht, von Blutzuckermessger\u00e4ten und Fitness-Trackern bis hin zu den neuesten Spielen und Spielzeugen.","og_url":"https:\/\/energizer.com\/eu\/switzerland_de\/product\/energizer-electronic-batteries-br1225\/","og_site_name":"Switzerland German","article_modified_time":"2024-08-23T13:13:42+00:00","twitter_card":"summary_large_image","schema":{"@context":"https:\/\/schema.org","@graph":[{"@type":"WebPage","@id":"https:\/\/energizer.com\/eu\/switzerland_de\/product\/energizer-electronic-batteries-br1225\/","url":"https:\/\/energizer.com\/eu\/switzerland_de\/product\/energizer-electronic-batteries-br1225\/","name":"ENERGIZER\u00ae ELECTRONIC BATTERIES \u2013 BR1225 - Switzerland German","isPartOf":{"@id":"https:\/\/energizer.com\/eu\/switzerland_de\/#website"},"datePublished":"2024-05-16T06:49:58+00:00","dateModified":"2024-08-23T13:13:42+00:00","breadcrumb":{"@id":"https:\/\/energizer.com\/eu\/switzerland_de\/product\/energizer-electronic-batteries-br1225\/#breadcrumb"},"inLanguage":"en-US","potentialAction":[{"@type":"ReadAction","target":["https:\/\/energizer.com\/eu\/switzerland_de\/product\/energizer-electronic-batteries-br1225\/"]}]},{"@type":"BreadcrumbList","@id":"https:\/\/energizer.com\/eu\/switzerland_de\/product\/energizer-electronic-batteries-br1225\/#breadcrumb","itemListElement":[{"@type":"ListItem","position":1,"name":"Home","item":"https:\/\/energizer.com\/eu\/switzerland_de\/"},{"@type":"ListItem","position":2,"name":"ENERGIZER\u00ae ELECTRONIC BATTERIES \u2013 BR1225"}]},{"@type":"WebSite","@id":"https:\/\/energizer.com\/eu\/switzerland_de\/#website","url":"https:\/\/energizer.com\/eu\/switzerland_de\/","name":"Energizer Switzerland (DE)","description":"","publisher":{"@id":"https:\/\/energizer.com\/eu\/switzerland_de\/#organization"},"potentialAction":[{"@type":"SearchAction","target":{"@type":"EntryPoint","urlTemplate":"https:\/\/energizer.com\/eu\/switzerland_de\/?s={search_term_string}"},"query-input":{"@type":"PropertyValueSpecification","valueRequired":true,"valueName":"search_term_string"}}],"inLanguage":"en-US"},{"@type":"Organization","@id":"https:\/\/energizer.com\/eu\/switzerland_de\/#organization","name":"Energizer Switzerland (DE)","url":"https:\/\/energizer.com\/eu\/switzerland_de\/","logo":{"@type":"ImageObject","inLanguage":"en-US","@id":"https:\/\/energizer.com\/eu\/switzerland_de\/#\/schema\/logo\/image\/","url":"https:\/\/energizer.com\/eu\/switzerland_de\/wp-content\/uploads\/sites\/55\/2024\/04\/Energizer_brand.png","contentUrl":"https:\/\/energizer.com\/eu\/switzerland_de\/wp-content\/uploads\/sites\/55\/2024\/04\/Energizer_brand.png","width":267,"height":100,"caption":"Energizer Switzerland (DE)"},"image":{"@id":"https:\/\/energizer.com\/eu\/switzerland_de\/#\/schema\/logo\/image\/"}}]}},"_links":{"self":[{"href":"https:\/\/energizer.com\/eu\/switzerland_de\/wp-json\/wp\/v2\/product\/4182","targetHints":{"allow":["GET"]}}],"collection":[{"href":"https:\/\/energizer.com\/eu\/switzerland_de\/wp-json\/wp\/v2\/product"}],"about":[{"href":"https:\/\/energizer.com\/eu\/switzerland_de\/wp-json\/wp\/v2\/types\/product"}],"replies":[{"embeddable":true,"href":"https:\/\/energizer.com\/eu\/switzerland_de\/wp-json\/wp\/v2\/comments?post=4182"}],"version-history":[{"count":7,"href":"https:\/\/energizer.com\/eu\/switzerland_de\/wp-json\/wp\/v2\/product\/4182\/revisions"}],"predecessor-version":[{"id":9638,"href":"https:\/\/energizer.com\/eu\/switzerland_de\/wp-json\/wp\/v2\/product\/4182\/revisions\/9638"}],"wp:attachment":[{"href":"https:\/\/energizer.com\/eu\/switzerland_de\/wp-json\/wp\/v2\/media?parent=4182"}],"wp:term":[{"taxonomy":"product_brand","embeddable":true,"href":"https:\/\/energizer.com\/eu\/switzerland_de\/wp-json\/wp\/v2\/product_brand?post=4182"},{"taxonomy":"product_cat","embeddable":true,"href":"https:\/\/energizer.com\/eu\/switzerland_de\/wp-json\/wp\/v2\/product_cat?post=4182"},{"taxonomy":"product_tag","embeddable":true,"href":"https:\/\/energizer.com\/eu\/switzerland_de\/wp-json\/wp\/v2\/product_tag?post=4182"}],"curies":[{"name":"wp","href":"https:\/\/api.w.org\/{rel}","templated":true}]}}