{"id":4255,"date":"2024-05-16T07:51:36","date_gmt":"2024-05-16T07:51:36","guid":{"rendered":"https:\/\/23b13e8ab3.nxcli.io\/switzerland-german\/?post_type=product&#038;p=4255"},"modified":"2024-08-23T09:54:16","modified_gmt":"2024-08-23T09:54:16","slug":"energizer-electronic-batteries-cr2025","status":"publish","type":"product","link":"https:\/\/energizer.com\/eu\/switzerland_de\/product\/energizer-electronic-batteries-cr2025\/","title":{"rendered":"ENERGIZER\u00ae ELECTRONIC BATTERIES \u2013 CR2025"},"content":{"rendered":"<ul>\n<li>Energizer CR2025 Lithium-Knopfbatterien<\/li>\n<li>Langlebig: Jede Lithium-Batterie h\u00e4lt bis zu 10 Jahre, wenn sie gelagert wird, so dass sie immer einsatzbereit ist, wenn Sie sie brauchen<\/li>\n<li>Zuverl\u00e4ssige Leistung: Langlebige, zuverl\u00e4ssige Leistung in Spezialger\u00e4ten wie Herzfrequenzmessern, Fernbedienungen, schl\u00fcssellosen Zugangssystemen, Taschenrechnern und Spielzeug<\/li>\n<li>Sicher: Energizer Lithium-Knopfbatterien sind in einer kindersicheren Verpackung verpackt<\/li>\n<li>Zuverl\u00e4ssig: Diese Energizer CR2025 Lithium-Batterien halten auch extremen Temperaturen stand, von -30\u00ba bis 60\u00ba C<\/li>\n<li>Energizer Innovation: Von den Herstellern der weltweit langlebigsten AA-Batterien, Energizer Ultimate Lithium<\/li>\n<\/ul>\n","protected":false},"excerpt":{"rendered":"<p>Holen Sie das Beste aus Ihren wichtigen Ger\u00e4ten heraus &#8211; mit der zuverl\u00e4ssigen, lang anhaltenden Energie, die Sie von Energizer erwarten. Decken Sie sich mit Energizer CR2025 Batterien f\u00fcr Uhren und Wearables sowie mit Batterien f\u00fcr Schl\u00fcsselanh\u00e4nger, Fernbedienungen und Alarmsensoren ein. Dieser Batteriesatz ist auch eine gute Wahl, wenn Sie eine neue Autoschl\u00fcsselbatterie ben\u00f6tigen. Jede Energizer Lithium-Batterie CR2025 h\u00e4lt bei Lagerung bis zu 10 Jahre lang Strom und ist temperaturbest\u00e4ndig von -30\u00ba bis 60\u00baC. Sie sind au\u00dferdem verantwortungsbewusst gestaltet, enthalten kein Quecksilber und haben eine kindersichere Sicherheitsverpackung.<\/p>\n","protected":false},"featured_media":0,"comment_status":"open","ping_status":"closed","template":"","meta":{"_acf_changed":false},"product_brand":[],"product_cat":[58],"product_tag":[],"class_list":{"0":"post-4255","1":"product","2":"type-product","3":"status-publish","5":"product_cat-speciality","7":"first","8":"instock","9":"shipping-taxable","10":"product-type-simple"},"acf":[],"yoast_head":"<!-- This site is optimized with the Yoast SEO plugin v27.4 - https:\/\/yoast.com\/product\/yoast-seo-wordpress\/ -->\n<title>ENERGIZER\u00ae ELECTRONIC BATTERIES \u2013 CR2025 - Switzerland German<\/title>\n<meta name=\"robots\" content=\"index, follow, max-snippet:-1, max-image-preview:large, max-video-preview:-1\" \/>\n<link rel=\"canonical\" href=\"https:\/\/energizer.com\/eu\/switzerland_de\/product\/energizer-electronic-batteries-cr2025\/\" \/>\n<meta property=\"og:locale\" content=\"en_US\" \/>\n<meta property=\"og:type\" content=\"article\" \/>\n<meta property=\"og:title\" content=\"ENERGIZER\u00ae ELECTRONIC BATTERIES \u2013 CR2025 - Switzerland German\" \/>\n<meta property=\"og:description\" content=\"Holen Sie das Beste aus Ihren wichtigen Ger\u00e4ten heraus - mit der zuverl\u00e4ssigen, lang anhaltenden Energie, die Sie von Energizer erwarten. Decken Sie sich mit Energizer CR2025 Batterien f\u00fcr Uhren und Wearables sowie mit Batterien f\u00fcr Schl\u00fcsselanh\u00e4nger, Fernbedienungen und Alarmsensoren ein. Dieser Batteriesatz ist auch eine gute Wahl, wenn Sie eine neue Autoschl\u00fcsselbatterie ben\u00f6tigen. Jede Energizer Lithium-Batterie CR2025 h\u00e4lt bei Lagerung bis zu 10 Jahre lang Strom und ist temperaturbest\u00e4ndig von -30\u00ba bis 60\u00baC. Sie sind au\u00dferdem verantwortungsbewusst gestaltet, enthalten kein Quecksilber und haben eine kindersichere Sicherheitsverpackung.\" \/>\n<meta property=\"og:url\" content=\"https:\/\/energizer.com\/eu\/switzerland_de\/product\/energizer-electronic-batteries-cr2025\/\" \/>\n<meta property=\"og:site_name\" content=\"Switzerland German\" \/>\n<meta property=\"article:modified_time\" content=\"2024-08-23T09:54:16+00:00\" \/>\n<meta name=\"twitter:card\" content=\"summary_large_image\" \/>\n<script type=\"application\/ld+json\" class=\"yoast-schema-graph\">{\"@context\":\"https:\\\/\\\/schema.org\",\"@graph\":[{\"@type\":\"WebPage\",\"@id\":\"https:\\\/\\\/energizer.com\\\/eu\\\/switzerland_de\\\/product\\\/energizer-electronic-batteries-cr2025\\\/\",\"url\":\"https:\\\/\\\/energizer.com\\\/eu\\\/switzerland_de\\\/product\\\/energizer-electronic-batteries-cr2025\\\/\",\"name\":\"ENERGIZER\u00ae ELECTRONIC BATTERIES \u2013 CR2025 - Switzerland German\",\"isPartOf\":{\"@id\":\"https:\\\/\\\/energizer.com\\\/eu\\\/switzerland_de\\\/#website\"},\"datePublished\":\"2024-05-16T07:51:36+00:00\",\"dateModified\":\"2024-08-23T09:54:16+00:00\",\"breadcrumb\":{\"@id\":\"https:\\\/\\\/energizer.com\\\/eu\\\/switzerland_de\\\/product\\\/energizer-electronic-batteries-cr2025\\\/#breadcrumb\"},\"inLanguage\":\"en-US\",\"potentialAction\":[{\"@type\":\"ReadAction\",\"target\":[\"https:\\\/\\\/energizer.com\\\/eu\\\/switzerland_de\\\/product\\\/energizer-electronic-batteries-cr2025\\\/\"]}]},{\"@type\":\"BreadcrumbList\",\"@id\":\"https:\\\/\\\/energizer.com\\\/eu\\\/switzerland_de\\\/product\\\/energizer-electronic-batteries-cr2025\\\/#breadcrumb\",\"itemListElement\":[{\"@type\":\"ListItem\",\"position\":1,\"name\":\"Home\",\"item\":\"https:\\\/\\\/energizer.com\\\/eu\\\/switzerland_de\\\/\"},{\"@type\":\"ListItem\",\"position\":2,\"name\":\"ENERGIZER\u00ae ELECTRONIC BATTERIES \u2013 CR2025\"}]},{\"@type\":\"WebSite\",\"@id\":\"https:\\\/\\\/energizer.com\\\/eu\\\/switzerland_de\\\/#website\",\"url\":\"https:\\\/\\\/energizer.com\\\/eu\\\/switzerland_de\\\/\",\"name\":\"Energizer Switzerland (DE)\",\"description\":\"\",\"publisher\":{\"@id\":\"https:\\\/\\\/energizer.com\\\/eu\\\/switzerland_de\\\/#organization\"},\"potentialAction\":[{\"@type\":\"SearchAction\",\"target\":{\"@type\":\"EntryPoint\",\"urlTemplate\":\"https:\\\/\\\/energizer.com\\\/eu\\\/switzerland_de\\\/?s={search_term_string}\"},\"query-input\":{\"@type\":\"PropertyValueSpecification\",\"valueRequired\":true,\"valueName\":\"search_term_string\"}}],\"inLanguage\":\"en-US\"},{\"@type\":\"Organization\",\"@id\":\"https:\\\/\\\/energizer.com\\\/eu\\\/switzerland_de\\\/#organization\",\"name\":\"Energizer Switzerland (DE)\",\"url\":\"https:\\\/\\\/energizer.com\\\/eu\\\/switzerland_de\\\/\",\"logo\":{\"@type\":\"ImageObject\",\"inLanguage\":\"en-US\",\"@id\":\"https:\\\/\\\/energizer.com\\\/eu\\\/switzerland_de\\\/#\\\/schema\\\/logo\\\/image\\\/\",\"url\":\"https:\\\/\\\/energizer.com\\\/eu\\\/switzerland_de\\\/wp-content\\\/uploads\\\/sites\\\/55\\\/2024\\\/04\\\/Energizer_brand.png\",\"contentUrl\":\"https:\\\/\\\/energizer.com\\\/eu\\\/switzerland_de\\\/wp-content\\\/uploads\\\/sites\\\/55\\\/2024\\\/04\\\/Energizer_brand.png\",\"width\":267,\"height\":100,\"caption\":\"Energizer Switzerland (DE)\"},\"image\":{\"@id\":\"https:\\\/\\\/energizer.com\\\/eu\\\/switzerland_de\\\/#\\\/schema\\\/logo\\\/image\\\/\"}}]}<\/script>\n<!-- \/ Yoast SEO plugin. -->","yoast_head_json":{"title":"ENERGIZER\u00ae ELECTRONIC BATTERIES \u2013 CR2025 - Switzerland German","robots":{"index":"index","follow":"follow","max-snippet":"max-snippet:-1","max-image-preview":"max-image-preview:large","max-video-preview":"max-video-preview:-1"},"canonical":"https:\/\/energizer.com\/eu\/switzerland_de\/product\/energizer-electronic-batteries-cr2025\/","og_locale":"en_US","og_type":"article","og_title":"ENERGIZER\u00ae ELECTRONIC BATTERIES \u2013 CR2025 - Switzerland German","og_description":"Holen Sie das Beste aus Ihren wichtigen Ger\u00e4ten heraus - mit der zuverl\u00e4ssigen, lang anhaltenden Energie, die Sie von Energizer erwarten. Decken Sie sich mit Energizer CR2025 Batterien f\u00fcr Uhren und Wearables sowie mit Batterien f\u00fcr Schl\u00fcsselanh\u00e4nger, Fernbedienungen und Alarmsensoren ein. Dieser Batteriesatz ist auch eine gute Wahl, wenn Sie eine neue Autoschl\u00fcsselbatterie ben\u00f6tigen. Jede Energizer Lithium-Batterie CR2025 h\u00e4lt bei Lagerung bis zu 10 Jahre lang Strom und ist temperaturbest\u00e4ndig von -30\u00ba bis 60\u00baC. Sie sind au\u00dferdem verantwortungsbewusst gestaltet, enthalten kein Quecksilber und haben eine kindersichere Sicherheitsverpackung.","og_url":"https:\/\/energizer.com\/eu\/switzerland_de\/product\/energizer-electronic-batteries-cr2025\/","og_site_name":"Switzerland German","article_modified_time":"2024-08-23T09:54:16+00:00","twitter_card":"summary_large_image","schema":{"@context":"https:\/\/schema.org","@graph":[{"@type":"WebPage","@id":"https:\/\/energizer.com\/eu\/switzerland_de\/product\/energizer-electronic-batteries-cr2025\/","url":"https:\/\/energizer.com\/eu\/switzerland_de\/product\/energizer-electronic-batteries-cr2025\/","name":"ENERGIZER\u00ae ELECTRONIC BATTERIES \u2013 CR2025 - Switzerland German","isPartOf":{"@id":"https:\/\/energizer.com\/eu\/switzerland_de\/#website"},"datePublished":"2024-05-16T07:51:36+00:00","dateModified":"2024-08-23T09:54:16+00:00","breadcrumb":{"@id":"https:\/\/energizer.com\/eu\/switzerland_de\/product\/energizer-electronic-batteries-cr2025\/#breadcrumb"},"inLanguage":"en-US","potentialAction":[{"@type":"ReadAction","target":["https:\/\/energizer.com\/eu\/switzerland_de\/product\/energizer-electronic-batteries-cr2025\/"]}]},{"@type":"BreadcrumbList","@id":"https:\/\/energizer.com\/eu\/switzerland_de\/product\/energizer-electronic-batteries-cr2025\/#breadcrumb","itemListElement":[{"@type":"ListItem","position":1,"name":"Home","item":"https:\/\/energizer.com\/eu\/switzerland_de\/"},{"@type":"ListItem","position":2,"name":"ENERGIZER\u00ae ELECTRONIC BATTERIES \u2013 CR2025"}]},{"@type":"WebSite","@id":"https:\/\/energizer.com\/eu\/switzerland_de\/#website","url":"https:\/\/energizer.com\/eu\/switzerland_de\/","name":"Energizer Switzerland (DE)","description":"","publisher":{"@id":"https:\/\/energizer.com\/eu\/switzerland_de\/#organization"},"potentialAction":[{"@type":"SearchAction","target":{"@type":"EntryPoint","urlTemplate":"https:\/\/energizer.com\/eu\/switzerland_de\/?s={search_term_string}"},"query-input":{"@type":"PropertyValueSpecification","valueRequired":true,"valueName":"search_term_string"}}],"inLanguage":"en-US"},{"@type":"Organization","@id":"https:\/\/energizer.com\/eu\/switzerland_de\/#organization","name":"Energizer Switzerland (DE)","url":"https:\/\/energizer.com\/eu\/switzerland_de\/","logo":{"@type":"ImageObject","inLanguage":"en-US","@id":"https:\/\/energizer.com\/eu\/switzerland_de\/#\/schema\/logo\/image\/","url":"https:\/\/energizer.com\/eu\/switzerland_de\/wp-content\/uploads\/sites\/55\/2024\/04\/Energizer_brand.png","contentUrl":"https:\/\/energizer.com\/eu\/switzerland_de\/wp-content\/uploads\/sites\/55\/2024\/04\/Energizer_brand.png","width":267,"height":100,"caption":"Energizer Switzerland (DE)"},"image":{"@id":"https:\/\/energizer.com\/eu\/switzerland_de\/#\/schema\/logo\/image\/"}}]}},"_links":{"self":[{"href":"https:\/\/energizer.com\/eu\/switzerland_de\/wp-json\/wp\/v2\/product\/4255","targetHints":{"allow":["GET"]}}],"collection":[{"href":"https:\/\/energizer.com\/eu\/switzerland_de\/wp-json\/wp\/v2\/product"}],"about":[{"href":"https:\/\/energizer.com\/eu\/switzerland_de\/wp-json\/wp\/v2\/types\/product"}],"replies":[{"embeddable":true,"href":"https:\/\/energizer.com\/eu\/switzerland_de\/wp-json\/wp\/v2\/comments?post=4255"}],"version-history":[{"count":8,"href":"https:\/\/energizer.com\/eu\/switzerland_de\/wp-json\/wp\/v2\/product\/4255\/revisions"}],"predecessor-version":[{"id":9035,"href":"https:\/\/energizer.com\/eu\/switzerland_de\/wp-json\/wp\/v2\/product\/4255\/revisions\/9035"}],"wp:attachment":[{"href":"https:\/\/energizer.com\/eu\/switzerland_de\/wp-json\/wp\/v2\/media?parent=4255"}],"wp:term":[{"taxonomy":"product_brand","embeddable":true,"href":"https:\/\/energizer.com\/eu\/switzerland_de\/wp-json\/wp\/v2\/product_brand?post=4255"},{"taxonomy":"product_cat","embeddable":true,"href":"https:\/\/energizer.com\/eu\/switzerland_de\/wp-json\/wp\/v2\/product_cat?post=4255"},{"taxonomy":"product_tag","embeddable":true,"href":"https:\/\/energizer.com\/eu\/switzerland_de\/wp-json\/wp\/v2\/product_tag?post=4255"}],"curies":[{"name":"wp","href":"https:\/\/api.w.org\/{rel}","templated":true}]}}