{"id":4709,"date":"2024-05-17T08:32:47","date_gmt":"2024-05-17T08:32:47","guid":{"rendered":"https:\/\/23b13e8ab3.nxcli.io\/switzerland-german\/?post_type=product&#038;p=4709"},"modified":"2024-08-23T09:50:20","modified_gmt":"2024-08-23T09:50:20","slug":"energizer-1-hour-charger","status":"publish","type":"product","link":"https:\/\/energizer.com\/eu\/switzerland_de\/product\/energizer-1-hour-charger\/","title":{"rendered":"ENERGIZER\u00ae 1 HOUR CHARGER"},"content":{"rendered":"<ul>\n<li>Das 1-Stunden-Ladeger\u00e4t l\u00e4dt 1 bis 4 AA- oder AAA-NiMH-Akkus auf einmal auf (4 AA-Akkus im Lieferumfang enthalten)<\/li>\n<li>Liefert eine volle Ladung in 1 Stunde oder weniger*<\/li>\n<li>Leicht ablesbare Batteriestandsanzeige h\u00e4lt Sie \u00fcber den Ladezustand Ihrer Batterien auf dem Laufenden<\/li>\n<li>Individuelle Ladekan\u00e4le geben Ihnen die Flexibilit\u00e4t, zwischen 1 und 4 wiederaufladbaren Batterien gleichzeitig zu laden<\/li>\n<li>Temperaturkontrolle verhindert Sch\u00e4den durch \u00dcberhitzung<\/li>\n<li>Kompatibel mit allen wiederaufladbaren AAA- oder AA-NiMH-Batterien (Energizer Recharge-Batterien empfohlen)<\/li>\n<li>Weltweit die Nummer 1 unter den wiederaufladbaren Marken (laut Marktforschungsdaten)<\/li>\n<\/ul>\n","protected":false},"excerpt":{"rendered":"<p>Lernen Sie das Energizer-Ladeger\u00e4t kennen, das es in sich hat: Dieses 1-Stunden-Ladeger\u00e4t macht seinem Namen alle Ehre und sorgt f\u00fcr eine superschnelle Komplettladung in einer Stunde oder weniger*. Einzelne Ladekan\u00e4le geben Ihnen die Flexibilit\u00e4t, 1 bis 4 AA- oder AAA-NiMH-Batterien gleichzeitig zu laden. Die intuitive LED-Batterieanzeige h\u00e4lt Sie in Echtzeit \u00fcber den Status Ihrer Batterien auf dem Laufenden. Und dieses Ladeger\u00e4t \u00fcberl\u00e4dt oder \u00fcberhitzt nicht: Die Delta V-Ladeschutzfunktion unterbricht die Stromzufuhr zum Stromkreis, wenn der Ladevorgang abgeschlossen ist, so dass Sie sich keine Sorgen um eine Besch\u00e4digung Ihrer Batterien oder um Stromverschwendung machen m\u00fcssen.<\/p>\n","protected":false},"featured_media":0,"comment_status":"open","ping_status":"closed","template":"","meta":{"_acf_changed":false},"product_brand":[],"product_cat":[82],"product_tag":[],"class_list":{"0":"post-4709","1":"product","2":"type-product","3":"status-publish","5":"product_cat-recharge-battery-chargers","7":"first","8":"instock","9":"shipping-taxable","10":"product-type-simple"},"acf":[],"yoast_head":"<!-- This site is optimized with the Yoast SEO plugin v27.4 - https:\/\/yoast.com\/product\/yoast-seo-wordpress\/ -->\n<title>ENERGIZER\u00ae 1 HOUR CHARGER - Switzerland German<\/title>\n<meta name=\"robots\" content=\"index, follow, max-snippet:-1, max-image-preview:large, max-video-preview:-1\" \/>\n<link rel=\"canonical\" href=\"https:\/\/energizer.com\/eu\/switzerland_de\/product\/energizer-1-hour-charger\/\" \/>\n<meta property=\"og:locale\" content=\"en_US\" \/>\n<meta property=\"og:type\" content=\"article\" \/>\n<meta property=\"og:title\" content=\"ENERGIZER\u00ae 1 HOUR CHARGER - Switzerland German\" \/>\n<meta property=\"og:description\" content=\"Lernen Sie das Energizer-Ladeger\u00e4t kennen, das es in sich hat: Dieses 1-Stunden-Ladeger\u00e4t macht seinem Namen alle Ehre und sorgt f\u00fcr eine superschnelle Komplettladung in einer Stunde oder weniger*. Einzelne Ladekan\u00e4le geben Ihnen die Flexibilit\u00e4t, 1 bis 4 AA- oder AAA-NiMH-Batterien gleichzeitig zu laden. Die intuitive LED-Batterieanzeige h\u00e4lt Sie in Echtzeit \u00fcber den Status Ihrer Batterien auf dem Laufenden. Und dieses Ladeger\u00e4t \u00fcberl\u00e4dt oder \u00fcberhitzt nicht: Die Delta V-Ladeschutzfunktion unterbricht die Stromzufuhr zum Stromkreis, wenn der Ladevorgang abgeschlossen ist, so dass Sie sich keine Sorgen um eine Besch\u00e4digung Ihrer Batterien oder um Stromverschwendung machen m\u00fcssen.\" \/>\n<meta property=\"og:url\" content=\"https:\/\/energizer.com\/eu\/switzerland_de\/product\/energizer-1-hour-charger\/\" \/>\n<meta property=\"og:site_name\" content=\"Switzerland German\" \/>\n<meta property=\"article:modified_time\" content=\"2024-08-23T09:50:20+00:00\" \/>\n<meta name=\"twitter:card\" content=\"summary_large_image\" \/>\n<script type=\"application\/ld+json\" class=\"yoast-schema-graph\">{\"@context\":\"https:\\\/\\\/schema.org\",\"@graph\":[{\"@type\":\"WebPage\",\"@id\":\"https:\\\/\\\/energizer.com\\\/eu\\\/switzerland_de\\\/product\\\/energizer-1-hour-charger\\\/\",\"url\":\"https:\\\/\\\/energizer.com\\\/eu\\\/switzerland_de\\\/product\\\/energizer-1-hour-charger\\\/\",\"name\":\"ENERGIZER\u00ae 1 HOUR CHARGER - Switzerland German\",\"isPartOf\":{\"@id\":\"https:\\\/\\\/energizer.com\\\/eu\\\/switzerland_de\\\/#website\"},\"datePublished\":\"2024-05-17T08:32:47+00:00\",\"dateModified\":\"2024-08-23T09:50:20+00:00\",\"breadcrumb\":{\"@id\":\"https:\\\/\\\/energizer.com\\\/eu\\\/switzerland_de\\\/product\\\/energizer-1-hour-charger\\\/#breadcrumb\"},\"inLanguage\":\"en-US\",\"potentialAction\":[{\"@type\":\"ReadAction\",\"target\":[\"https:\\\/\\\/energizer.com\\\/eu\\\/switzerland_de\\\/product\\\/energizer-1-hour-charger\\\/\"]}]},{\"@type\":\"BreadcrumbList\",\"@id\":\"https:\\\/\\\/energizer.com\\\/eu\\\/switzerland_de\\\/product\\\/energizer-1-hour-charger\\\/#breadcrumb\",\"itemListElement\":[{\"@type\":\"ListItem\",\"position\":1,\"name\":\"Home\",\"item\":\"https:\\\/\\\/energizer.com\\\/eu\\\/switzerland_de\\\/\"},{\"@type\":\"ListItem\",\"position\":2,\"name\":\"ENERGIZER\u00ae 1 HOUR CHARGER\"}]},{\"@type\":\"WebSite\",\"@id\":\"https:\\\/\\\/energizer.com\\\/eu\\\/switzerland_de\\\/#website\",\"url\":\"https:\\\/\\\/energizer.com\\\/eu\\\/switzerland_de\\\/\",\"name\":\"Energizer Switzerland (DE)\",\"description\":\"\",\"publisher\":{\"@id\":\"https:\\\/\\\/energizer.com\\\/eu\\\/switzerland_de\\\/#organization\"},\"potentialAction\":[{\"@type\":\"SearchAction\",\"target\":{\"@type\":\"EntryPoint\",\"urlTemplate\":\"https:\\\/\\\/energizer.com\\\/eu\\\/switzerland_de\\\/?s={search_term_string}\"},\"query-input\":{\"@type\":\"PropertyValueSpecification\",\"valueRequired\":true,\"valueName\":\"search_term_string\"}}],\"inLanguage\":\"en-US\"},{\"@type\":\"Organization\",\"@id\":\"https:\\\/\\\/energizer.com\\\/eu\\\/switzerland_de\\\/#organization\",\"name\":\"Energizer Switzerland (DE)\",\"url\":\"https:\\\/\\\/energizer.com\\\/eu\\\/switzerland_de\\\/\",\"logo\":{\"@type\":\"ImageObject\",\"inLanguage\":\"en-US\",\"@id\":\"https:\\\/\\\/energizer.com\\\/eu\\\/switzerland_de\\\/#\\\/schema\\\/logo\\\/image\\\/\",\"url\":\"https:\\\/\\\/energizer.com\\\/eu\\\/switzerland_de\\\/wp-content\\\/uploads\\\/sites\\\/55\\\/2024\\\/04\\\/Energizer_brand.png\",\"contentUrl\":\"https:\\\/\\\/energizer.com\\\/eu\\\/switzerland_de\\\/wp-content\\\/uploads\\\/sites\\\/55\\\/2024\\\/04\\\/Energizer_brand.png\",\"width\":267,\"height\":100,\"caption\":\"Energizer Switzerland (DE)\"},\"image\":{\"@id\":\"https:\\\/\\\/energizer.com\\\/eu\\\/switzerland_de\\\/#\\\/schema\\\/logo\\\/image\\\/\"}}]}<\/script>\n<!-- \/ Yoast SEO plugin. -->","yoast_head_json":{"title":"ENERGIZER\u00ae 1 HOUR CHARGER - Switzerland German","robots":{"index":"index","follow":"follow","max-snippet":"max-snippet:-1","max-image-preview":"max-image-preview:large","max-video-preview":"max-video-preview:-1"},"canonical":"https:\/\/energizer.com\/eu\/switzerland_de\/product\/energizer-1-hour-charger\/","og_locale":"en_US","og_type":"article","og_title":"ENERGIZER\u00ae 1 HOUR CHARGER - Switzerland German","og_description":"Lernen Sie das Energizer-Ladeger\u00e4t kennen, das es in sich hat: Dieses 1-Stunden-Ladeger\u00e4t macht seinem Namen alle Ehre und sorgt f\u00fcr eine superschnelle Komplettladung in einer Stunde oder weniger*. Einzelne Ladekan\u00e4le geben Ihnen die Flexibilit\u00e4t, 1 bis 4 AA- oder AAA-NiMH-Batterien gleichzeitig zu laden. Die intuitive LED-Batterieanzeige h\u00e4lt Sie in Echtzeit \u00fcber den Status Ihrer Batterien auf dem Laufenden. Und dieses Ladeger\u00e4t \u00fcberl\u00e4dt oder \u00fcberhitzt nicht: Die Delta V-Ladeschutzfunktion unterbricht die Stromzufuhr zum Stromkreis, wenn der Ladevorgang abgeschlossen ist, so dass Sie sich keine Sorgen um eine Besch\u00e4digung Ihrer Batterien oder um Stromverschwendung machen m\u00fcssen.","og_url":"https:\/\/energizer.com\/eu\/switzerland_de\/product\/energizer-1-hour-charger\/","og_site_name":"Switzerland German","article_modified_time":"2024-08-23T09:50:20+00:00","twitter_card":"summary_large_image","schema":{"@context":"https:\/\/schema.org","@graph":[{"@type":"WebPage","@id":"https:\/\/energizer.com\/eu\/switzerland_de\/product\/energizer-1-hour-charger\/","url":"https:\/\/energizer.com\/eu\/switzerland_de\/product\/energizer-1-hour-charger\/","name":"ENERGIZER\u00ae 1 HOUR CHARGER - Switzerland German","isPartOf":{"@id":"https:\/\/energizer.com\/eu\/switzerland_de\/#website"},"datePublished":"2024-05-17T08:32:47+00:00","dateModified":"2024-08-23T09:50:20+00:00","breadcrumb":{"@id":"https:\/\/energizer.com\/eu\/switzerland_de\/product\/energizer-1-hour-charger\/#breadcrumb"},"inLanguage":"en-US","potentialAction":[{"@type":"ReadAction","target":["https:\/\/energizer.com\/eu\/switzerland_de\/product\/energizer-1-hour-charger\/"]}]},{"@type":"BreadcrumbList","@id":"https:\/\/energizer.com\/eu\/switzerland_de\/product\/energizer-1-hour-charger\/#breadcrumb","itemListElement":[{"@type":"ListItem","position":1,"name":"Home","item":"https:\/\/energizer.com\/eu\/switzerland_de\/"},{"@type":"ListItem","position":2,"name":"ENERGIZER\u00ae 1 HOUR CHARGER"}]},{"@type":"WebSite","@id":"https:\/\/energizer.com\/eu\/switzerland_de\/#website","url":"https:\/\/energizer.com\/eu\/switzerland_de\/","name":"Energizer Switzerland (DE)","description":"","publisher":{"@id":"https:\/\/energizer.com\/eu\/switzerland_de\/#organization"},"potentialAction":[{"@type":"SearchAction","target":{"@type":"EntryPoint","urlTemplate":"https:\/\/energizer.com\/eu\/switzerland_de\/?s={search_term_string}"},"query-input":{"@type":"PropertyValueSpecification","valueRequired":true,"valueName":"search_term_string"}}],"inLanguage":"en-US"},{"@type":"Organization","@id":"https:\/\/energizer.com\/eu\/switzerland_de\/#organization","name":"Energizer Switzerland (DE)","url":"https:\/\/energizer.com\/eu\/switzerland_de\/","logo":{"@type":"ImageObject","inLanguage":"en-US","@id":"https:\/\/energizer.com\/eu\/switzerland_de\/#\/schema\/logo\/image\/","url":"https:\/\/energizer.com\/eu\/switzerland_de\/wp-content\/uploads\/sites\/55\/2024\/04\/Energizer_brand.png","contentUrl":"https:\/\/energizer.com\/eu\/switzerland_de\/wp-content\/uploads\/sites\/55\/2024\/04\/Energizer_brand.png","width":267,"height":100,"caption":"Energizer Switzerland (DE)"},"image":{"@id":"https:\/\/energizer.com\/eu\/switzerland_de\/#\/schema\/logo\/image\/"}}]}},"_links":{"self":[{"href":"https:\/\/energizer.com\/eu\/switzerland_de\/wp-json\/wp\/v2\/product\/4709","targetHints":{"allow":["GET"]}}],"collection":[{"href":"https:\/\/energizer.com\/eu\/switzerland_de\/wp-json\/wp\/v2\/product"}],"about":[{"href":"https:\/\/energizer.com\/eu\/switzerland_de\/wp-json\/wp\/v2\/types\/product"}],"replies":[{"embeddable":true,"href":"https:\/\/energizer.com\/eu\/switzerland_de\/wp-json\/wp\/v2\/comments?post=4709"}],"version-history":[{"count":3,"href":"https:\/\/energizer.com\/eu\/switzerland_de\/wp-json\/wp\/v2\/product\/4709\/revisions"}],"predecessor-version":[{"id":8349,"href":"https:\/\/energizer.com\/eu\/switzerland_de\/wp-json\/wp\/v2\/product\/4709\/revisions\/8349"}],"wp:attachment":[{"href":"https:\/\/energizer.com\/eu\/switzerland_de\/wp-json\/wp\/v2\/media?parent=4709"}],"wp:term":[{"taxonomy":"product_brand","embeddable":true,"href":"https:\/\/energizer.com\/eu\/switzerland_de\/wp-json\/wp\/v2\/product_brand?post=4709"},{"taxonomy":"product_cat","embeddable":true,"href":"https:\/\/energizer.com\/eu\/switzerland_de\/wp-json\/wp\/v2\/product_cat?post=4709"},{"taxonomy":"product_tag","embeddable":true,"href":"https:\/\/energizer.com\/eu\/switzerland_de\/wp-json\/wp\/v2\/product_tag?post=4709"}],"curies":[{"name":"wp","href":"https:\/\/api.w.org\/{rel}","templated":true}]}}