{"id":4711,"date":"2024-05-17T08:34:30","date_gmt":"2024-05-17T08:34:30","guid":{"rendered":"https:\/\/23b13e8ab3.nxcli.io\/switzerland-german\/?post_type=product&#038;p=4711"},"modified":"2024-08-23T09:50:18","modified_gmt":"2024-08-23T09:50:18","slug":"energizer-base-charger","status":"publish","type":"product","link":"https:\/\/energizer.com\/eu\/switzerland_de\/product\/energizer-base-charger\/","title":{"rendered":"ENERGIZER\u00ae BASE CHARGER"},"content":{"rendered":"<ul>\n<li>L\u00e4dt 2 oder 4 wiederaufladbare AA- oder AAA-NiMH-Batterien auf einmal auf (4 AA-Batterien enthalten)<\/li>\n<li>Das g\u00fcnstigste Energizer-Batterieladeger\u00e4t auf dem Markt; eine kluge Wahl, um Geld zu sparen<\/li>\n<li>Liefert eine volle Ladung in 8 Stunden*<\/li>\n<li>Gr\u00fcne LED-Anzeigen zeigen an, dass Ihre Batterien geladen werden<\/li>\n<li>Weltweit die Nr. 1 unter den Akku-Marken (laut Marktforschungsdaten)<\/li>\n<li>F\u00fcr optimale Leistung mit Energizer Recharge Universal-Batterien verwenden<\/li>\n<\/ul>\n","protected":false},"excerpt":{"rendered":"<p>Lernen Sie die erschwingliche Wahl kennen, um Ihre wiederaufladbaren Batterien am Laufen zu halten. Das Energizer Base Battery Charger l\u00e4dt 2 oder 4 AA- oder AAA-NiMH-Batterien in 8 Stunden auf* und ist einfach zu bedienen: Legen Sie Ihre Batterien einfach in die Ladekan\u00e4le ein, schlie\u00dfen Sie das Ger\u00e4t an die Steckdose an und machen Sie mit Ihrem Tag weiter. Die gr\u00fcne Kontrollleuchte zeigt Ihnen an, dass der Ladevorgang l\u00e4uft. Sparen Sie Geld und bleiben Sie aufgeladen mit der lang anhaltenden und zuverl\u00e4ssigen Leistung von Energizer Recharge, der weltweit f\u00fchrenden Marke f\u00fcr wiederaufladbare Batterien (laut Marktforschungsdaten).<\/p>\n","protected":false},"featured_media":0,"comment_status":"open","ping_status":"closed","template":"","meta":{"_acf_changed":false},"product_brand":[],"product_cat":[82],"product_tag":[],"class_list":{"0":"post-4711","1":"product","2":"type-product","3":"status-publish","5":"product_cat-recharge-battery-chargers","7":"first","8":"instock","9":"shipping-taxable","10":"product-type-simple"},"acf":[],"yoast_head":"<!-- This site is optimized with the Yoast SEO plugin v27.4 - https:\/\/yoast.com\/product\/yoast-seo-wordpress\/ -->\n<title>ENERGIZER\u00ae BASE CHARGER - Switzerland German<\/title>\n<meta name=\"robots\" content=\"index, follow, max-snippet:-1, max-image-preview:large, max-video-preview:-1\" \/>\n<link rel=\"canonical\" href=\"https:\/\/energizer.com\/eu\/switzerland_de\/product\/energizer-base-charger\/\" \/>\n<meta property=\"og:locale\" content=\"en_US\" \/>\n<meta property=\"og:type\" content=\"article\" \/>\n<meta property=\"og:title\" content=\"ENERGIZER\u00ae BASE CHARGER - Switzerland German\" \/>\n<meta property=\"og:description\" content=\"Lernen Sie die erschwingliche Wahl kennen, um Ihre wiederaufladbaren Batterien am Laufen zu halten. Das Energizer Base Battery Charger l\u00e4dt 2 oder 4 AA- oder AAA-NiMH-Batterien in 8 Stunden auf* und ist einfach zu bedienen: Legen Sie Ihre Batterien einfach in die Ladekan\u00e4le ein, schlie\u00dfen Sie das Ger\u00e4t an die Steckdose an und machen Sie mit Ihrem Tag weiter. Die gr\u00fcne Kontrollleuchte zeigt Ihnen an, dass der Ladevorgang l\u00e4uft. Sparen Sie Geld und bleiben Sie aufgeladen mit der lang anhaltenden und zuverl\u00e4ssigen Leistung von Energizer Recharge, der weltweit f\u00fchrenden Marke f\u00fcr wiederaufladbare Batterien (laut Marktforschungsdaten).\" \/>\n<meta property=\"og:url\" content=\"https:\/\/energizer.com\/eu\/switzerland_de\/product\/energizer-base-charger\/\" \/>\n<meta property=\"og:site_name\" content=\"Switzerland German\" \/>\n<meta property=\"article:modified_time\" content=\"2024-08-23T09:50:18+00:00\" \/>\n<meta name=\"twitter:card\" content=\"summary_large_image\" \/>\n<script type=\"application\/ld+json\" class=\"yoast-schema-graph\">{\"@context\":\"https:\\\/\\\/schema.org\",\"@graph\":[{\"@type\":\"WebPage\",\"@id\":\"https:\\\/\\\/energizer.com\\\/eu\\\/switzerland_de\\\/product\\\/energizer-base-charger\\\/\",\"url\":\"https:\\\/\\\/energizer.com\\\/eu\\\/switzerland_de\\\/product\\\/energizer-base-charger\\\/\",\"name\":\"ENERGIZER\u00ae BASE CHARGER - Switzerland German\",\"isPartOf\":{\"@id\":\"https:\\\/\\\/energizer.com\\\/eu\\\/switzerland_de\\\/#website\"},\"datePublished\":\"2024-05-17T08:34:30+00:00\",\"dateModified\":\"2024-08-23T09:50:18+00:00\",\"breadcrumb\":{\"@id\":\"https:\\\/\\\/energizer.com\\\/eu\\\/switzerland_de\\\/product\\\/energizer-base-charger\\\/#breadcrumb\"},\"inLanguage\":\"en-US\",\"potentialAction\":[{\"@type\":\"ReadAction\",\"target\":[\"https:\\\/\\\/energizer.com\\\/eu\\\/switzerland_de\\\/product\\\/energizer-base-charger\\\/\"]}]},{\"@type\":\"BreadcrumbList\",\"@id\":\"https:\\\/\\\/energizer.com\\\/eu\\\/switzerland_de\\\/product\\\/energizer-base-charger\\\/#breadcrumb\",\"itemListElement\":[{\"@type\":\"ListItem\",\"position\":1,\"name\":\"Home\",\"item\":\"https:\\\/\\\/energizer.com\\\/eu\\\/switzerland_de\\\/\"},{\"@type\":\"ListItem\",\"position\":2,\"name\":\"ENERGIZER\u00ae BASE CHARGER\"}]},{\"@type\":\"WebSite\",\"@id\":\"https:\\\/\\\/energizer.com\\\/eu\\\/switzerland_de\\\/#website\",\"url\":\"https:\\\/\\\/energizer.com\\\/eu\\\/switzerland_de\\\/\",\"name\":\"Energizer Switzerland (DE)\",\"description\":\"\",\"publisher\":{\"@id\":\"https:\\\/\\\/energizer.com\\\/eu\\\/switzerland_de\\\/#organization\"},\"potentialAction\":[{\"@type\":\"SearchAction\",\"target\":{\"@type\":\"EntryPoint\",\"urlTemplate\":\"https:\\\/\\\/energizer.com\\\/eu\\\/switzerland_de\\\/?s={search_term_string}\"},\"query-input\":{\"@type\":\"PropertyValueSpecification\",\"valueRequired\":true,\"valueName\":\"search_term_string\"}}],\"inLanguage\":\"en-US\"},{\"@type\":\"Organization\",\"@id\":\"https:\\\/\\\/energizer.com\\\/eu\\\/switzerland_de\\\/#organization\",\"name\":\"Energizer Switzerland (DE)\",\"url\":\"https:\\\/\\\/energizer.com\\\/eu\\\/switzerland_de\\\/\",\"logo\":{\"@type\":\"ImageObject\",\"inLanguage\":\"en-US\",\"@id\":\"https:\\\/\\\/energizer.com\\\/eu\\\/switzerland_de\\\/#\\\/schema\\\/logo\\\/image\\\/\",\"url\":\"https:\\\/\\\/energizer.com\\\/eu\\\/switzerland_de\\\/wp-content\\\/uploads\\\/sites\\\/55\\\/2024\\\/04\\\/Energizer_brand.png\",\"contentUrl\":\"https:\\\/\\\/energizer.com\\\/eu\\\/switzerland_de\\\/wp-content\\\/uploads\\\/sites\\\/55\\\/2024\\\/04\\\/Energizer_brand.png\",\"width\":267,\"height\":100,\"caption\":\"Energizer Switzerland (DE)\"},\"image\":{\"@id\":\"https:\\\/\\\/energizer.com\\\/eu\\\/switzerland_de\\\/#\\\/schema\\\/logo\\\/image\\\/\"}}]}<\/script>\n<!-- \/ Yoast SEO plugin. -->","yoast_head_json":{"title":"ENERGIZER\u00ae BASE CHARGER - Switzerland German","robots":{"index":"index","follow":"follow","max-snippet":"max-snippet:-1","max-image-preview":"max-image-preview:large","max-video-preview":"max-video-preview:-1"},"canonical":"https:\/\/energizer.com\/eu\/switzerland_de\/product\/energizer-base-charger\/","og_locale":"en_US","og_type":"article","og_title":"ENERGIZER\u00ae BASE CHARGER - Switzerland German","og_description":"Lernen Sie die erschwingliche Wahl kennen, um Ihre wiederaufladbaren Batterien am Laufen zu halten. Das Energizer Base Battery Charger l\u00e4dt 2 oder 4 AA- oder AAA-NiMH-Batterien in 8 Stunden auf* und ist einfach zu bedienen: Legen Sie Ihre Batterien einfach in die Ladekan\u00e4le ein, schlie\u00dfen Sie das Ger\u00e4t an die Steckdose an und machen Sie mit Ihrem Tag weiter. Die gr\u00fcne Kontrollleuchte zeigt Ihnen an, dass der Ladevorgang l\u00e4uft. Sparen Sie Geld und bleiben Sie aufgeladen mit der lang anhaltenden und zuverl\u00e4ssigen Leistung von Energizer Recharge, der weltweit f\u00fchrenden Marke f\u00fcr wiederaufladbare Batterien (laut Marktforschungsdaten).","og_url":"https:\/\/energizer.com\/eu\/switzerland_de\/product\/energizer-base-charger\/","og_site_name":"Switzerland German","article_modified_time":"2024-08-23T09:50:18+00:00","twitter_card":"summary_large_image","schema":{"@context":"https:\/\/schema.org","@graph":[{"@type":"WebPage","@id":"https:\/\/energizer.com\/eu\/switzerland_de\/product\/energizer-base-charger\/","url":"https:\/\/energizer.com\/eu\/switzerland_de\/product\/energizer-base-charger\/","name":"ENERGIZER\u00ae BASE CHARGER - Switzerland German","isPartOf":{"@id":"https:\/\/energizer.com\/eu\/switzerland_de\/#website"},"datePublished":"2024-05-17T08:34:30+00:00","dateModified":"2024-08-23T09:50:18+00:00","breadcrumb":{"@id":"https:\/\/energizer.com\/eu\/switzerland_de\/product\/energizer-base-charger\/#breadcrumb"},"inLanguage":"en-US","potentialAction":[{"@type":"ReadAction","target":["https:\/\/energizer.com\/eu\/switzerland_de\/product\/energizer-base-charger\/"]}]},{"@type":"BreadcrumbList","@id":"https:\/\/energizer.com\/eu\/switzerland_de\/product\/energizer-base-charger\/#breadcrumb","itemListElement":[{"@type":"ListItem","position":1,"name":"Home","item":"https:\/\/energizer.com\/eu\/switzerland_de\/"},{"@type":"ListItem","position":2,"name":"ENERGIZER\u00ae BASE CHARGER"}]},{"@type":"WebSite","@id":"https:\/\/energizer.com\/eu\/switzerland_de\/#website","url":"https:\/\/energizer.com\/eu\/switzerland_de\/","name":"Energizer Switzerland (DE)","description":"","publisher":{"@id":"https:\/\/energizer.com\/eu\/switzerland_de\/#organization"},"potentialAction":[{"@type":"SearchAction","target":{"@type":"EntryPoint","urlTemplate":"https:\/\/energizer.com\/eu\/switzerland_de\/?s={search_term_string}"},"query-input":{"@type":"PropertyValueSpecification","valueRequired":true,"valueName":"search_term_string"}}],"inLanguage":"en-US"},{"@type":"Organization","@id":"https:\/\/energizer.com\/eu\/switzerland_de\/#organization","name":"Energizer Switzerland (DE)","url":"https:\/\/energizer.com\/eu\/switzerland_de\/","logo":{"@type":"ImageObject","inLanguage":"en-US","@id":"https:\/\/energizer.com\/eu\/switzerland_de\/#\/schema\/logo\/image\/","url":"https:\/\/energizer.com\/eu\/switzerland_de\/wp-content\/uploads\/sites\/55\/2024\/04\/Energizer_brand.png","contentUrl":"https:\/\/energizer.com\/eu\/switzerland_de\/wp-content\/uploads\/sites\/55\/2024\/04\/Energizer_brand.png","width":267,"height":100,"caption":"Energizer Switzerland (DE)"},"image":{"@id":"https:\/\/energizer.com\/eu\/switzerland_de\/#\/schema\/logo\/image\/"}}]}},"_links":{"self":[{"href":"https:\/\/energizer.com\/eu\/switzerland_de\/wp-json\/wp\/v2\/product\/4711","targetHints":{"allow":["GET"]}}],"collection":[{"href":"https:\/\/energizer.com\/eu\/switzerland_de\/wp-json\/wp\/v2\/product"}],"about":[{"href":"https:\/\/energizer.com\/eu\/switzerland_de\/wp-json\/wp\/v2\/types\/product"}],"replies":[{"embeddable":true,"href":"https:\/\/energizer.com\/eu\/switzerland_de\/wp-json\/wp\/v2\/comments?post=4711"}],"version-history":[{"count":4,"href":"https:\/\/energizer.com\/eu\/switzerland_de\/wp-json\/wp\/v2\/product\/4711\/revisions"}],"predecessor-version":[{"id":8348,"href":"https:\/\/energizer.com\/eu\/switzerland_de\/wp-json\/wp\/v2\/product\/4711\/revisions\/8348"}],"wp:attachment":[{"href":"https:\/\/energizer.com\/eu\/switzerland_de\/wp-json\/wp\/v2\/media?parent=4711"}],"wp:term":[{"taxonomy":"product_brand","embeddable":true,"href":"https:\/\/energizer.com\/eu\/switzerland_de\/wp-json\/wp\/v2\/product_brand?post=4711"},{"taxonomy":"product_cat","embeddable":true,"href":"https:\/\/energizer.com\/eu\/switzerland_de\/wp-json\/wp\/v2\/product_cat?post=4711"},{"taxonomy":"product_tag","embeddable":true,"href":"https:\/\/energizer.com\/eu\/switzerland_de\/wp-json\/wp\/v2\/product_tag?post=4711"}],"curies":[{"name":"wp","href":"https:\/\/api.w.org\/{rel}","templated":true}]}}