{"id":4713,"date":"2024-05-17T08:36:51","date_gmt":"2024-05-17T08:36:51","guid":{"rendered":"https:\/\/23b13e8ab3.nxcli.io\/switzerland-german\/?post_type=product&#038;p=4713"},"modified":"2024-08-23T09:50:17","modified_gmt":"2024-08-23T09:50:17","slug":"energizer-pro-charger","status":"publish","type":"product","link":"https:\/\/energizer.com\/eu\/switzerland_de\/product\/energizer-pro-charger\/","title":{"rendered":"ENERGIZER\u00ae PRO-CHARGER"},"content":{"rendered":"<ul>\n<li>Energizer Recharge Pro Ladeger\u00e4t f\u00fcr wiederaufladbare NiMH AA- und AAA-Batterien<\/li>\n<li>Kompatibel: Dieses Energizer-Ladeger\u00e4t versorgt alle AAA- und AA-NiMH-Ladebatterien &#8211; Energizer Recharge-Batterien empfohlen<\/li>\n<li>Zuverl\u00e4ssig: Die schnelle Ladeleistung von Recharge Pro liefert eine volle Ladung in 4 Stunden &#8211; die Zeiten k\u00f6nnen je nach NiMH-Akku variieren<\/li>\n<li>Einfach zu bedienen: Die Ladestatusanzeige informiert Sie optisch und akustisch \u00fcber den Ladezustand Ihrer Batterien<\/li>\n<li>Sicher: Mit \u00dcberladeschutz und Sicherheitsabschaltung, um ein \u00dcberladen der Batterien zu verhindern und ihre Leistung zu maximieren<\/li>\n<li>Die Wahl der Kunden: Energizer ist laut Scan-Daten weltweit die Nummer 1 unter den Akku-Marken<\/li>\n<\/ul>\n","protected":false},"excerpt":{"rendered":"<p>W\u00e4hlen Sie das schnelle und zuverl\u00e4ssige Energizer Pro Batterieladeger\u00e4t, um Ihre wichtigen Ger\u00e4te mit maximaler Leistung zu betreiben. Perfekt f\u00fcr Ihre meistgenutzten Ger\u00e4te, wie z. B. Digitalkameras, Babyphone, Gaming-Controller, kabellose M\u00e4use und mehr. Dieses praktische Energizer Pro-Ladeger\u00e4t l\u00e4dt 2 oder 4 AA- oder AAA-NiMH-Akkus in nur 4 Stunden auf (die Zeiten k\u00f6nnen je nach NiMH-Akku variieren). Laden Sie das Ladeger\u00e4t einfach auf und schlie\u00dfen Sie es an, wenn Sie die Batterien ben\u00f6tigen. Mit seinen LED-Leuchten (rot = 0-49%, gelb = 50-99%, gr\u00fcn = 100%) und akustischen Signalt\u00f6nen informiert Sie das Energizer Pro Ladeger\u00e4t \u00fcber den Ladezustand Ihrer Batterien.<\/p>\n","protected":false},"featured_media":0,"comment_status":"open","ping_status":"closed","template":"","meta":{"_acf_changed":false},"product_brand":[],"product_cat":[82],"product_tag":[],"class_list":{"0":"post-4713","1":"product","2":"type-product","3":"status-publish","5":"product_cat-recharge-battery-chargers","7":"first","8":"instock","9":"shipping-taxable","10":"product-type-simple"},"acf":[],"yoast_head":"<!-- This site is optimized with the Yoast SEO plugin v27.4 - https:\/\/yoast.com\/product\/yoast-seo-wordpress\/ -->\n<title>ENERGIZER\u00ae PRO-CHARGER - Switzerland German<\/title>\n<meta name=\"robots\" content=\"index, follow, max-snippet:-1, max-image-preview:large, max-video-preview:-1\" \/>\n<link rel=\"canonical\" href=\"https:\/\/energizer.com\/eu\/switzerland_de\/product\/energizer-pro-charger\/\" \/>\n<meta property=\"og:locale\" content=\"en_US\" \/>\n<meta property=\"og:type\" content=\"article\" \/>\n<meta property=\"og:title\" content=\"ENERGIZER\u00ae PRO-CHARGER - Switzerland German\" \/>\n<meta property=\"og:description\" content=\"W\u00e4hlen Sie das schnelle und zuverl\u00e4ssige Energizer Pro Batterieladeger\u00e4t, um Ihre wichtigen Ger\u00e4te mit maximaler Leistung zu betreiben. Perfekt f\u00fcr Ihre meistgenutzten Ger\u00e4te, wie z. B. Digitalkameras, Babyphone, Gaming-Controller, kabellose M\u00e4use und mehr. Dieses praktische Energizer Pro-Ladeger\u00e4t l\u00e4dt 2 oder 4 AA- oder AAA-NiMH-Akkus in nur 4 Stunden auf (die Zeiten k\u00f6nnen je nach NiMH-Akku variieren). Laden Sie das Ladeger\u00e4t einfach auf und schlie\u00dfen Sie es an, wenn Sie die Batterien ben\u00f6tigen. Mit seinen LED-Leuchten (rot = 0-49%, gelb = 50-99%, gr\u00fcn = 100%) und akustischen Signalt\u00f6nen informiert Sie das Energizer Pro Ladeger\u00e4t \u00fcber den Ladezustand Ihrer Batterien.\" \/>\n<meta property=\"og:url\" content=\"https:\/\/energizer.com\/eu\/switzerland_de\/product\/energizer-pro-charger\/\" \/>\n<meta property=\"og:site_name\" content=\"Switzerland German\" \/>\n<meta property=\"article:modified_time\" content=\"2024-08-23T09:50:17+00:00\" \/>\n<meta name=\"twitter:card\" content=\"summary_large_image\" \/>\n<script type=\"application\/ld+json\" class=\"yoast-schema-graph\">{\"@context\":\"https:\\\/\\\/schema.org\",\"@graph\":[{\"@type\":\"WebPage\",\"@id\":\"https:\\\/\\\/energizer.com\\\/eu\\\/switzerland_de\\\/product\\\/energizer-pro-charger\\\/\",\"url\":\"https:\\\/\\\/energizer.com\\\/eu\\\/switzerland_de\\\/product\\\/energizer-pro-charger\\\/\",\"name\":\"ENERGIZER\u00ae PRO-CHARGER - Switzerland German\",\"isPartOf\":{\"@id\":\"https:\\\/\\\/energizer.com\\\/eu\\\/switzerland_de\\\/#website\"},\"datePublished\":\"2024-05-17T08:36:51+00:00\",\"dateModified\":\"2024-08-23T09:50:17+00:00\",\"breadcrumb\":{\"@id\":\"https:\\\/\\\/energizer.com\\\/eu\\\/switzerland_de\\\/product\\\/energizer-pro-charger\\\/#breadcrumb\"},\"inLanguage\":\"en-US\",\"potentialAction\":[{\"@type\":\"ReadAction\",\"target\":[\"https:\\\/\\\/energizer.com\\\/eu\\\/switzerland_de\\\/product\\\/energizer-pro-charger\\\/\"]}]},{\"@type\":\"BreadcrumbList\",\"@id\":\"https:\\\/\\\/energizer.com\\\/eu\\\/switzerland_de\\\/product\\\/energizer-pro-charger\\\/#breadcrumb\",\"itemListElement\":[{\"@type\":\"ListItem\",\"position\":1,\"name\":\"Home\",\"item\":\"https:\\\/\\\/energizer.com\\\/eu\\\/switzerland_de\\\/\"},{\"@type\":\"ListItem\",\"position\":2,\"name\":\"ENERGIZER\u00ae PRO-CHARGER\"}]},{\"@type\":\"WebSite\",\"@id\":\"https:\\\/\\\/energizer.com\\\/eu\\\/switzerland_de\\\/#website\",\"url\":\"https:\\\/\\\/energizer.com\\\/eu\\\/switzerland_de\\\/\",\"name\":\"Energizer Switzerland (DE)\",\"description\":\"\",\"publisher\":{\"@id\":\"https:\\\/\\\/energizer.com\\\/eu\\\/switzerland_de\\\/#organization\"},\"potentialAction\":[{\"@type\":\"SearchAction\",\"target\":{\"@type\":\"EntryPoint\",\"urlTemplate\":\"https:\\\/\\\/energizer.com\\\/eu\\\/switzerland_de\\\/?s={search_term_string}\"},\"query-input\":{\"@type\":\"PropertyValueSpecification\",\"valueRequired\":true,\"valueName\":\"search_term_string\"}}],\"inLanguage\":\"en-US\"},{\"@type\":\"Organization\",\"@id\":\"https:\\\/\\\/energizer.com\\\/eu\\\/switzerland_de\\\/#organization\",\"name\":\"Energizer Switzerland (DE)\",\"url\":\"https:\\\/\\\/energizer.com\\\/eu\\\/switzerland_de\\\/\",\"logo\":{\"@type\":\"ImageObject\",\"inLanguage\":\"en-US\",\"@id\":\"https:\\\/\\\/energizer.com\\\/eu\\\/switzerland_de\\\/#\\\/schema\\\/logo\\\/image\\\/\",\"url\":\"https:\\\/\\\/energizer.com\\\/eu\\\/switzerland_de\\\/wp-content\\\/uploads\\\/sites\\\/55\\\/2024\\\/04\\\/Energizer_brand.png\",\"contentUrl\":\"https:\\\/\\\/energizer.com\\\/eu\\\/switzerland_de\\\/wp-content\\\/uploads\\\/sites\\\/55\\\/2024\\\/04\\\/Energizer_brand.png\",\"width\":267,\"height\":100,\"caption\":\"Energizer Switzerland (DE)\"},\"image\":{\"@id\":\"https:\\\/\\\/energizer.com\\\/eu\\\/switzerland_de\\\/#\\\/schema\\\/logo\\\/image\\\/\"}}]}<\/script>\n<!-- \/ Yoast SEO plugin. -->","yoast_head_json":{"title":"ENERGIZER\u00ae PRO-CHARGER - Switzerland German","robots":{"index":"index","follow":"follow","max-snippet":"max-snippet:-1","max-image-preview":"max-image-preview:large","max-video-preview":"max-video-preview:-1"},"canonical":"https:\/\/energizer.com\/eu\/switzerland_de\/product\/energizer-pro-charger\/","og_locale":"en_US","og_type":"article","og_title":"ENERGIZER\u00ae PRO-CHARGER - Switzerland German","og_description":"W\u00e4hlen Sie das schnelle und zuverl\u00e4ssige Energizer Pro Batterieladeger\u00e4t, um Ihre wichtigen Ger\u00e4te mit maximaler Leistung zu betreiben. Perfekt f\u00fcr Ihre meistgenutzten Ger\u00e4te, wie z. B. Digitalkameras, Babyphone, Gaming-Controller, kabellose M\u00e4use und mehr. Dieses praktische Energizer Pro-Ladeger\u00e4t l\u00e4dt 2 oder 4 AA- oder AAA-NiMH-Akkus in nur 4 Stunden auf (die Zeiten k\u00f6nnen je nach NiMH-Akku variieren). Laden Sie das Ladeger\u00e4t einfach auf und schlie\u00dfen Sie es an, wenn Sie die Batterien ben\u00f6tigen. Mit seinen LED-Leuchten (rot = 0-49%, gelb = 50-99%, gr\u00fcn = 100%) und akustischen Signalt\u00f6nen informiert Sie das Energizer Pro Ladeger\u00e4t \u00fcber den Ladezustand Ihrer Batterien.","og_url":"https:\/\/energizer.com\/eu\/switzerland_de\/product\/energizer-pro-charger\/","og_site_name":"Switzerland German","article_modified_time":"2024-08-23T09:50:17+00:00","twitter_card":"summary_large_image","schema":{"@context":"https:\/\/schema.org","@graph":[{"@type":"WebPage","@id":"https:\/\/energizer.com\/eu\/switzerland_de\/product\/energizer-pro-charger\/","url":"https:\/\/energizer.com\/eu\/switzerland_de\/product\/energizer-pro-charger\/","name":"ENERGIZER\u00ae PRO-CHARGER - Switzerland German","isPartOf":{"@id":"https:\/\/energizer.com\/eu\/switzerland_de\/#website"},"datePublished":"2024-05-17T08:36:51+00:00","dateModified":"2024-08-23T09:50:17+00:00","breadcrumb":{"@id":"https:\/\/energizer.com\/eu\/switzerland_de\/product\/energizer-pro-charger\/#breadcrumb"},"inLanguage":"en-US","potentialAction":[{"@type":"ReadAction","target":["https:\/\/energizer.com\/eu\/switzerland_de\/product\/energizer-pro-charger\/"]}]},{"@type":"BreadcrumbList","@id":"https:\/\/energizer.com\/eu\/switzerland_de\/product\/energizer-pro-charger\/#breadcrumb","itemListElement":[{"@type":"ListItem","position":1,"name":"Home","item":"https:\/\/energizer.com\/eu\/switzerland_de\/"},{"@type":"ListItem","position":2,"name":"ENERGIZER\u00ae PRO-CHARGER"}]},{"@type":"WebSite","@id":"https:\/\/energizer.com\/eu\/switzerland_de\/#website","url":"https:\/\/energizer.com\/eu\/switzerland_de\/","name":"Energizer Switzerland (DE)","description":"","publisher":{"@id":"https:\/\/energizer.com\/eu\/switzerland_de\/#organization"},"potentialAction":[{"@type":"SearchAction","target":{"@type":"EntryPoint","urlTemplate":"https:\/\/energizer.com\/eu\/switzerland_de\/?s={search_term_string}"},"query-input":{"@type":"PropertyValueSpecification","valueRequired":true,"valueName":"search_term_string"}}],"inLanguage":"en-US"},{"@type":"Organization","@id":"https:\/\/energizer.com\/eu\/switzerland_de\/#organization","name":"Energizer Switzerland (DE)","url":"https:\/\/energizer.com\/eu\/switzerland_de\/","logo":{"@type":"ImageObject","inLanguage":"en-US","@id":"https:\/\/energizer.com\/eu\/switzerland_de\/#\/schema\/logo\/image\/","url":"https:\/\/energizer.com\/eu\/switzerland_de\/wp-content\/uploads\/sites\/55\/2024\/04\/Energizer_brand.png","contentUrl":"https:\/\/energizer.com\/eu\/switzerland_de\/wp-content\/uploads\/sites\/55\/2024\/04\/Energizer_brand.png","width":267,"height":100,"caption":"Energizer Switzerland (DE)"},"image":{"@id":"https:\/\/energizer.com\/eu\/switzerland_de\/#\/schema\/logo\/image\/"}}]}},"_links":{"self":[{"href":"https:\/\/energizer.com\/eu\/switzerland_de\/wp-json\/wp\/v2\/product\/4713","targetHints":{"allow":["GET"]}}],"collection":[{"href":"https:\/\/energizer.com\/eu\/switzerland_de\/wp-json\/wp\/v2\/product"}],"about":[{"href":"https:\/\/energizer.com\/eu\/switzerland_de\/wp-json\/wp\/v2\/types\/product"}],"replies":[{"embeddable":true,"href":"https:\/\/energizer.com\/eu\/switzerland_de\/wp-json\/wp\/v2\/comments?post=4713"}],"version-history":[{"count":4,"href":"https:\/\/energizer.com\/eu\/switzerland_de\/wp-json\/wp\/v2\/product\/4713\/revisions"}],"predecessor-version":[{"id":8346,"href":"https:\/\/energizer.com\/eu\/switzerland_de\/wp-json\/wp\/v2\/product\/4713\/revisions\/8346"}],"wp:attachment":[{"href":"https:\/\/energizer.com\/eu\/switzerland_de\/wp-json\/wp\/v2\/media?parent=4713"}],"wp:term":[{"taxonomy":"product_brand","embeddable":true,"href":"https:\/\/energizer.com\/eu\/switzerland_de\/wp-json\/wp\/v2\/product_brand?post=4713"},{"taxonomy":"product_cat","embeddable":true,"href":"https:\/\/energizer.com\/eu\/switzerland_de\/wp-json\/wp\/v2\/product_cat?post=4713"},{"taxonomy":"product_tag","embeddable":true,"href":"https:\/\/energizer.com\/eu\/switzerland_de\/wp-json\/wp\/v2\/product_tag?post=4713"}],"curies":[{"name":"wp","href":"https:\/\/api.w.org\/{rel}","templated":true}]}}