{"id":4718,"date":"2024-05-17T08:38:28","date_gmt":"2024-05-17T08:38:28","guid":{"rendered":"https:\/\/23b13e8ab3.nxcli.io\/switzerland-german\/?post_type=product&#038;p=4718"},"modified":"2024-08-23T09:50:15","modified_gmt":"2024-08-23T09:50:15","slug":"energizer-maxi-charger","status":"publish","type":"product","link":"https:\/\/energizer.com\/eu\/switzerland_de\/product\/energizer-maxi-charger\/","title":{"rendered":"ENERGIZER\u00ae MAXI CHARGER"},"content":{"rendered":"<ul>\n<li>L\u00e4dt 2 oder 4 wiederaufladbare AA- oder AAA-NiMH-Batterien auf einmal auf (4 AA-Batterien im Lieferumfang enthalten)<\/li>\n<li>Liefert eine volle Ladung in 5 Stunden*<\/li>\n<li>Gro\u00dfes, leicht ablesbares LED-Display zeigt den Ladestatus an (rot = Laden, gr\u00fcn = betriebsbereit)<\/li>\n<li>Delta-V-Funktion schaltet den Ladevorgang ab, um Ihre Batterien vor \u00dcberladung zu sch\u00fctzen<\/li>\n<li>Kompatibel mit allen AAA- oder AA-NiMH-Akkus (Energizer Recharge-Batterien empfohlen)<\/li>\n<li>Weltweit die Nummer 1 unter den wiederaufladbaren Marken (laut Marktforschungsdaten)<\/li>\n<\/ul>\n","protected":false},"excerpt":{"rendered":"<p>Mit dem Energizer Recharge Maxi Charger haben Sie immer die n\u00f6tige Energie zur Hand. Dieses handliche Ger\u00e4t l\u00e4dt 2 oder 4 AA- oder AAA-NiMH-Batterien in 5 Stunden auf* und ist einfach zu bedienen: Laden Sie das Ger\u00e4t auf, schlie\u00dfen Sie es an die Steckdose an und laden Sie die Batterien auf, wenn Sie sie brauchen. Die Anzeige des Ladeger\u00e4ts leuchtet gr\u00fcn, wenn der Akku voll geladen ist. Sollten Sie eine schlechte oder prim\u00e4re Batterie einlegen, pulsiert das Display, um Sie darauf hinzuweisen. Perfekt f\u00fcr die am h\u00e4ufigsten verwendeten Ger\u00e4te wie Fernbedienungen, Computerm\u00e4use und sogar Gamecontroller&#8230; Maximieren Sie also die Batterieleistung mit der Ladeleistung von Energizer, der weltweit f\u00fchrenden Marke f\u00fcr Akkus (laut Marktforschungsdaten).<\/p>\n","protected":false},"featured_media":0,"comment_status":"open","ping_status":"closed","template":"","meta":{"_acf_changed":false},"product_brand":[],"product_cat":[82],"product_tag":[],"class_list":{"0":"post-4718","1":"product","2":"type-product","3":"status-publish","5":"product_cat-recharge-battery-chargers","7":"first","8":"instock","9":"shipping-taxable","10":"product-type-simple"},"acf":[],"yoast_head":"<!-- This site is optimized with the Yoast SEO plugin v27.4 - https:\/\/yoast.com\/product\/yoast-seo-wordpress\/ -->\n<title>ENERGIZER\u00ae MAXI CHARGER - Switzerland German<\/title>\n<meta name=\"robots\" content=\"index, follow, max-snippet:-1, max-image-preview:large, max-video-preview:-1\" \/>\n<link rel=\"canonical\" href=\"https:\/\/energizer.com\/eu\/switzerland_de\/product\/energizer-maxi-charger\/\" \/>\n<meta property=\"og:locale\" content=\"en_US\" \/>\n<meta property=\"og:type\" content=\"article\" \/>\n<meta property=\"og:title\" content=\"ENERGIZER\u00ae MAXI CHARGER - Switzerland German\" \/>\n<meta property=\"og:description\" content=\"Mit dem Energizer Recharge Maxi Charger haben Sie immer die n\u00f6tige Energie zur Hand. Dieses handliche Ger\u00e4t l\u00e4dt 2 oder 4 AA- oder AAA-NiMH-Batterien in 5 Stunden auf* und ist einfach zu bedienen: Laden Sie das Ger\u00e4t auf, schlie\u00dfen Sie es an die Steckdose an und laden Sie die Batterien auf, wenn Sie sie brauchen. Die Anzeige des Ladeger\u00e4ts leuchtet gr\u00fcn, wenn der Akku voll geladen ist. Sollten Sie eine schlechte oder prim\u00e4re Batterie einlegen, pulsiert das Display, um Sie darauf hinzuweisen. Perfekt f\u00fcr die am h\u00e4ufigsten verwendeten Ger\u00e4te wie Fernbedienungen, Computerm\u00e4use und sogar Gamecontroller... Maximieren Sie also die Batterieleistung mit der Ladeleistung von Energizer, der weltweit f\u00fchrenden Marke f\u00fcr Akkus (laut Marktforschungsdaten).\" \/>\n<meta property=\"og:url\" content=\"https:\/\/energizer.com\/eu\/switzerland_de\/product\/energizer-maxi-charger\/\" \/>\n<meta property=\"og:site_name\" content=\"Switzerland German\" \/>\n<meta property=\"article:modified_time\" content=\"2024-08-23T09:50:15+00:00\" \/>\n<meta name=\"twitter:card\" content=\"summary_large_image\" \/>\n<script type=\"application\/ld+json\" class=\"yoast-schema-graph\">{\"@context\":\"https:\\\/\\\/schema.org\",\"@graph\":[{\"@type\":\"WebPage\",\"@id\":\"https:\\\/\\\/energizer.com\\\/eu\\\/switzerland_de\\\/product\\\/energizer-maxi-charger\\\/\",\"url\":\"https:\\\/\\\/energizer.com\\\/eu\\\/switzerland_de\\\/product\\\/energizer-maxi-charger\\\/\",\"name\":\"ENERGIZER\u00ae MAXI CHARGER - Switzerland German\",\"isPartOf\":{\"@id\":\"https:\\\/\\\/energizer.com\\\/eu\\\/switzerland_de\\\/#website\"},\"datePublished\":\"2024-05-17T08:38:28+00:00\",\"dateModified\":\"2024-08-23T09:50:15+00:00\",\"breadcrumb\":{\"@id\":\"https:\\\/\\\/energizer.com\\\/eu\\\/switzerland_de\\\/product\\\/energizer-maxi-charger\\\/#breadcrumb\"},\"inLanguage\":\"en-US\",\"potentialAction\":[{\"@type\":\"ReadAction\",\"target\":[\"https:\\\/\\\/energizer.com\\\/eu\\\/switzerland_de\\\/product\\\/energizer-maxi-charger\\\/\"]}]},{\"@type\":\"BreadcrumbList\",\"@id\":\"https:\\\/\\\/energizer.com\\\/eu\\\/switzerland_de\\\/product\\\/energizer-maxi-charger\\\/#breadcrumb\",\"itemListElement\":[{\"@type\":\"ListItem\",\"position\":1,\"name\":\"Home\",\"item\":\"https:\\\/\\\/energizer.com\\\/eu\\\/switzerland_de\\\/\"},{\"@type\":\"ListItem\",\"position\":2,\"name\":\"ENERGIZER\u00ae MAXI CHARGER\"}]},{\"@type\":\"WebSite\",\"@id\":\"https:\\\/\\\/energizer.com\\\/eu\\\/switzerland_de\\\/#website\",\"url\":\"https:\\\/\\\/energizer.com\\\/eu\\\/switzerland_de\\\/\",\"name\":\"Energizer Switzerland (DE)\",\"description\":\"\",\"publisher\":{\"@id\":\"https:\\\/\\\/energizer.com\\\/eu\\\/switzerland_de\\\/#organization\"},\"potentialAction\":[{\"@type\":\"SearchAction\",\"target\":{\"@type\":\"EntryPoint\",\"urlTemplate\":\"https:\\\/\\\/energizer.com\\\/eu\\\/switzerland_de\\\/?s={search_term_string}\"},\"query-input\":{\"@type\":\"PropertyValueSpecification\",\"valueRequired\":true,\"valueName\":\"search_term_string\"}}],\"inLanguage\":\"en-US\"},{\"@type\":\"Organization\",\"@id\":\"https:\\\/\\\/energizer.com\\\/eu\\\/switzerland_de\\\/#organization\",\"name\":\"Energizer Switzerland (DE)\",\"url\":\"https:\\\/\\\/energizer.com\\\/eu\\\/switzerland_de\\\/\",\"logo\":{\"@type\":\"ImageObject\",\"inLanguage\":\"en-US\",\"@id\":\"https:\\\/\\\/energizer.com\\\/eu\\\/switzerland_de\\\/#\\\/schema\\\/logo\\\/image\\\/\",\"url\":\"https:\\\/\\\/energizer.com\\\/eu\\\/switzerland_de\\\/wp-content\\\/uploads\\\/sites\\\/55\\\/2024\\\/04\\\/Energizer_brand.png\",\"contentUrl\":\"https:\\\/\\\/energizer.com\\\/eu\\\/switzerland_de\\\/wp-content\\\/uploads\\\/sites\\\/55\\\/2024\\\/04\\\/Energizer_brand.png\",\"width\":267,\"height\":100,\"caption\":\"Energizer Switzerland (DE)\"},\"image\":{\"@id\":\"https:\\\/\\\/energizer.com\\\/eu\\\/switzerland_de\\\/#\\\/schema\\\/logo\\\/image\\\/\"}}]}<\/script>\n<!-- \/ Yoast SEO plugin. -->","yoast_head_json":{"title":"ENERGIZER\u00ae MAXI CHARGER - Switzerland German","robots":{"index":"index","follow":"follow","max-snippet":"max-snippet:-1","max-image-preview":"max-image-preview:large","max-video-preview":"max-video-preview:-1"},"canonical":"https:\/\/energizer.com\/eu\/switzerland_de\/product\/energizer-maxi-charger\/","og_locale":"en_US","og_type":"article","og_title":"ENERGIZER\u00ae MAXI CHARGER - Switzerland German","og_description":"Mit dem Energizer Recharge Maxi Charger haben Sie immer die n\u00f6tige Energie zur Hand. Dieses handliche Ger\u00e4t l\u00e4dt 2 oder 4 AA- oder AAA-NiMH-Batterien in 5 Stunden auf* und ist einfach zu bedienen: Laden Sie das Ger\u00e4t auf, schlie\u00dfen Sie es an die Steckdose an und laden Sie die Batterien auf, wenn Sie sie brauchen. Die Anzeige des Ladeger\u00e4ts leuchtet gr\u00fcn, wenn der Akku voll geladen ist. Sollten Sie eine schlechte oder prim\u00e4re Batterie einlegen, pulsiert das Display, um Sie darauf hinzuweisen. Perfekt f\u00fcr die am h\u00e4ufigsten verwendeten Ger\u00e4te wie Fernbedienungen, Computerm\u00e4use und sogar Gamecontroller... Maximieren Sie also die Batterieleistung mit der Ladeleistung von Energizer, der weltweit f\u00fchrenden Marke f\u00fcr Akkus (laut Marktforschungsdaten).","og_url":"https:\/\/energizer.com\/eu\/switzerland_de\/product\/energizer-maxi-charger\/","og_site_name":"Switzerland German","article_modified_time":"2024-08-23T09:50:15+00:00","twitter_card":"summary_large_image","schema":{"@context":"https:\/\/schema.org","@graph":[{"@type":"WebPage","@id":"https:\/\/energizer.com\/eu\/switzerland_de\/product\/energizer-maxi-charger\/","url":"https:\/\/energizer.com\/eu\/switzerland_de\/product\/energizer-maxi-charger\/","name":"ENERGIZER\u00ae MAXI CHARGER - Switzerland German","isPartOf":{"@id":"https:\/\/energizer.com\/eu\/switzerland_de\/#website"},"datePublished":"2024-05-17T08:38:28+00:00","dateModified":"2024-08-23T09:50:15+00:00","breadcrumb":{"@id":"https:\/\/energizer.com\/eu\/switzerland_de\/product\/energizer-maxi-charger\/#breadcrumb"},"inLanguage":"en-US","potentialAction":[{"@type":"ReadAction","target":["https:\/\/energizer.com\/eu\/switzerland_de\/product\/energizer-maxi-charger\/"]}]},{"@type":"BreadcrumbList","@id":"https:\/\/energizer.com\/eu\/switzerland_de\/product\/energizer-maxi-charger\/#breadcrumb","itemListElement":[{"@type":"ListItem","position":1,"name":"Home","item":"https:\/\/energizer.com\/eu\/switzerland_de\/"},{"@type":"ListItem","position":2,"name":"ENERGIZER\u00ae MAXI CHARGER"}]},{"@type":"WebSite","@id":"https:\/\/energizer.com\/eu\/switzerland_de\/#website","url":"https:\/\/energizer.com\/eu\/switzerland_de\/","name":"Energizer Switzerland (DE)","description":"","publisher":{"@id":"https:\/\/energizer.com\/eu\/switzerland_de\/#organization"},"potentialAction":[{"@type":"SearchAction","target":{"@type":"EntryPoint","urlTemplate":"https:\/\/energizer.com\/eu\/switzerland_de\/?s={search_term_string}"},"query-input":{"@type":"PropertyValueSpecification","valueRequired":true,"valueName":"search_term_string"}}],"inLanguage":"en-US"},{"@type":"Organization","@id":"https:\/\/energizer.com\/eu\/switzerland_de\/#organization","name":"Energizer Switzerland (DE)","url":"https:\/\/energizer.com\/eu\/switzerland_de\/","logo":{"@type":"ImageObject","inLanguage":"en-US","@id":"https:\/\/energizer.com\/eu\/switzerland_de\/#\/schema\/logo\/image\/","url":"https:\/\/energizer.com\/eu\/switzerland_de\/wp-content\/uploads\/sites\/55\/2024\/04\/Energizer_brand.png","contentUrl":"https:\/\/energizer.com\/eu\/switzerland_de\/wp-content\/uploads\/sites\/55\/2024\/04\/Energizer_brand.png","width":267,"height":100,"caption":"Energizer Switzerland (DE)"},"image":{"@id":"https:\/\/energizer.com\/eu\/switzerland_de\/#\/schema\/logo\/image\/"}}]}},"_links":{"self":[{"href":"https:\/\/energizer.com\/eu\/switzerland_de\/wp-json\/wp\/v2\/product\/4718","targetHints":{"allow":["GET"]}}],"collection":[{"href":"https:\/\/energizer.com\/eu\/switzerland_de\/wp-json\/wp\/v2\/product"}],"about":[{"href":"https:\/\/energizer.com\/eu\/switzerland_de\/wp-json\/wp\/v2\/types\/product"}],"replies":[{"embeddable":true,"href":"https:\/\/energizer.com\/eu\/switzerland_de\/wp-json\/wp\/v2\/comments?post=4718"}],"version-history":[{"count":4,"href":"https:\/\/energizer.com\/eu\/switzerland_de\/wp-json\/wp\/v2\/product\/4718\/revisions"}],"predecessor-version":[{"id":8344,"href":"https:\/\/energizer.com\/eu\/switzerland_de\/wp-json\/wp\/v2\/product\/4718\/revisions\/8344"}],"wp:attachment":[{"href":"https:\/\/energizer.com\/eu\/switzerland_de\/wp-json\/wp\/v2\/media?parent=4718"}],"wp:term":[{"taxonomy":"product_brand","embeddable":true,"href":"https:\/\/energizer.com\/eu\/switzerland_de\/wp-json\/wp\/v2\/product_brand?post=4718"},{"taxonomy":"product_cat","embeddable":true,"href":"https:\/\/energizer.com\/eu\/switzerland_de\/wp-json\/wp\/v2\/product_cat?post=4718"},{"taxonomy":"product_tag","embeddable":true,"href":"https:\/\/energizer.com\/eu\/switzerland_de\/wp-json\/wp\/v2\/product_tag?post=4718"}],"curies":[{"name":"wp","href":"https:\/\/api.w.org\/{rel}","templated":true}]}}