{"id":4720,"date":"2024-05-17T08:40:10","date_gmt":"2024-05-17T08:40:10","guid":{"rendered":"https:\/\/23b13e8ab3.nxcli.io\/switzerland-german\/?post_type=product&#038;p=4720"},"modified":"2024-08-23T09:50:12","modified_gmt":"2024-08-23T09:50:12","slug":"energizer-universal-charger","status":"publish","type":"product","link":"https:\/\/energizer.com\/eu\/switzerland_de\/product\/energizer-universal-charger\/","title":{"rendered":"ENERGIZER\u00ae UNIVERSAL CHARGER"},"content":{"rendered":"<ul>\n<li>Universelles Batterieladeger\u00e4t f\u00fcr alle wiederaufladbaren Batterien in Standardgr\u00f6\u00dfen (AA, AAA, C, D und 9V)<\/li>\n<li>L\u00e4dt 4 AA-Batterien in 5 Stunden vollst\u00e4ndig auf *<\/li>\n<li>Die LED-Anzeigeleiste informiert Sie \u00fcber den Ladestatus Ihrer Batterien<\/li>\n<li>L\u00e4dt 2 oder 4 wiederaufladbare AA-, AAA-, C- oder D-Batterien oder 1 oder 2 9V-Batterien gleichzeitig auf<\/li>\n<li>Integrierter Adapter und abnehmbares Kabel zur einfachen Aufbewahrung bei Nichtgebrauch. Schaltet sich automatisch ab, wenn die Batterien geladen sind, um sie vor \u00dcberladung zu sch\u00fctzen und die Batterieleistung zu maximieren<\/li>\n<li>Kompatibel mit AAA, AA, C, D und 9V NiMH-Batterien (Energizer Recharge-Batterien empfohlen)<\/li>\n<\/ul>\n","protected":false},"excerpt":{"rendered":"<p>Suchen Sie nach einer einfachen M\u00f6glichkeit, ALLE Ihre Batterien aufzuladen? Mit dem Energizer Universal-Ladeger\u00e4t k\u00f6nnen Sie wiederaufladbare Standardbatterien aller Gr\u00f6\u00dfen &#8211; von AAA bis 9V NiMH &#8211; mit nur einem Ger\u00e4t aufladen. Der LED-Statusanzeigebalken zeigt das Ende des Ladevorgangs in Echtzeit an. Das Ladeger\u00e4t stoppt den Ladevorgang automatisch, sobald die Akkus vollst\u00e4ndig aufgeladen sind, und tr\u00e4gt so zur Maximierung der Akkuleistung bei. Dank zahlreicher Sicherheitsfunktionen, wie z. B. der Erkennung von defekten und prim\u00e4ren Batterien, dem Verpolungsschutz und einem Timer zum Schutz vor \u00dcberladung, werden Ihre Batterien jedes Mal zuverl\u00e4ssig und problemlos geladen.<\/p>\n","protected":false},"featured_media":0,"comment_status":"open","ping_status":"closed","template":"","meta":{"_acf_changed":false},"product_brand":[],"product_cat":[82],"product_tag":[],"class_list":{"0":"post-4720","1":"product","2":"type-product","3":"status-publish","5":"product_cat-recharge-battery-chargers","7":"first","8":"instock","9":"shipping-taxable","10":"product-type-simple"},"acf":[],"yoast_head":"<!-- This site is optimized with the Yoast SEO plugin v27.4 - https:\/\/yoast.com\/product\/yoast-seo-wordpress\/ -->\n<title>ENERGIZER\u00ae UNIVERSAL CHARGER - Switzerland German<\/title>\n<meta name=\"robots\" content=\"index, follow, max-snippet:-1, max-image-preview:large, max-video-preview:-1\" \/>\n<link rel=\"canonical\" href=\"https:\/\/energizer.com\/eu\/switzerland_de\/product\/energizer-universal-charger\/\" \/>\n<meta property=\"og:locale\" content=\"en_US\" \/>\n<meta property=\"og:type\" content=\"article\" \/>\n<meta property=\"og:title\" content=\"ENERGIZER\u00ae UNIVERSAL CHARGER - Switzerland German\" \/>\n<meta property=\"og:description\" content=\"Suchen Sie nach einer einfachen M\u00f6glichkeit, ALLE Ihre Batterien aufzuladen? Mit dem Energizer Universal-Ladeger\u00e4t k\u00f6nnen Sie wiederaufladbare Standardbatterien aller Gr\u00f6\u00dfen - von AAA bis 9V NiMH - mit nur einem Ger\u00e4t aufladen. Der LED-Statusanzeigebalken zeigt das Ende des Ladevorgangs in Echtzeit an. Das Ladeger\u00e4t stoppt den Ladevorgang automatisch, sobald die Akkus vollst\u00e4ndig aufgeladen sind, und tr\u00e4gt so zur Maximierung der Akkuleistung bei. Dank zahlreicher Sicherheitsfunktionen, wie z. B. der Erkennung von defekten und prim\u00e4ren Batterien, dem Verpolungsschutz und einem Timer zum Schutz vor \u00dcberladung, werden Ihre Batterien jedes Mal zuverl\u00e4ssig und problemlos geladen.\" \/>\n<meta property=\"og:url\" content=\"https:\/\/energizer.com\/eu\/switzerland_de\/product\/energizer-universal-charger\/\" \/>\n<meta property=\"og:site_name\" content=\"Switzerland German\" \/>\n<meta property=\"article:modified_time\" content=\"2024-08-23T09:50:12+00:00\" \/>\n<meta name=\"twitter:card\" content=\"summary_large_image\" \/>\n<script type=\"application\/ld+json\" class=\"yoast-schema-graph\">{\"@context\":\"https:\\\/\\\/schema.org\",\"@graph\":[{\"@type\":\"WebPage\",\"@id\":\"https:\\\/\\\/energizer.com\\\/eu\\\/switzerland_de\\\/product\\\/energizer-universal-charger\\\/\",\"url\":\"https:\\\/\\\/energizer.com\\\/eu\\\/switzerland_de\\\/product\\\/energizer-universal-charger\\\/\",\"name\":\"ENERGIZER\u00ae UNIVERSAL CHARGER - Switzerland German\",\"isPartOf\":{\"@id\":\"https:\\\/\\\/energizer.com\\\/eu\\\/switzerland_de\\\/#website\"},\"datePublished\":\"2024-05-17T08:40:10+00:00\",\"dateModified\":\"2024-08-23T09:50:12+00:00\",\"breadcrumb\":{\"@id\":\"https:\\\/\\\/energizer.com\\\/eu\\\/switzerland_de\\\/product\\\/energizer-universal-charger\\\/#breadcrumb\"},\"inLanguage\":\"en-US\",\"potentialAction\":[{\"@type\":\"ReadAction\",\"target\":[\"https:\\\/\\\/energizer.com\\\/eu\\\/switzerland_de\\\/product\\\/energizer-universal-charger\\\/\"]}]},{\"@type\":\"BreadcrumbList\",\"@id\":\"https:\\\/\\\/energizer.com\\\/eu\\\/switzerland_de\\\/product\\\/energizer-universal-charger\\\/#breadcrumb\",\"itemListElement\":[{\"@type\":\"ListItem\",\"position\":1,\"name\":\"Home\",\"item\":\"https:\\\/\\\/energizer.com\\\/eu\\\/switzerland_de\\\/\"},{\"@type\":\"ListItem\",\"position\":2,\"name\":\"ENERGIZER\u00ae UNIVERSAL CHARGER\"}]},{\"@type\":\"WebSite\",\"@id\":\"https:\\\/\\\/energizer.com\\\/eu\\\/switzerland_de\\\/#website\",\"url\":\"https:\\\/\\\/energizer.com\\\/eu\\\/switzerland_de\\\/\",\"name\":\"Energizer Switzerland (DE)\",\"description\":\"\",\"publisher\":{\"@id\":\"https:\\\/\\\/energizer.com\\\/eu\\\/switzerland_de\\\/#organization\"},\"potentialAction\":[{\"@type\":\"SearchAction\",\"target\":{\"@type\":\"EntryPoint\",\"urlTemplate\":\"https:\\\/\\\/energizer.com\\\/eu\\\/switzerland_de\\\/?s={search_term_string}\"},\"query-input\":{\"@type\":\"PropertyValueSpecification\",\"valueRequired\":true,\"valueName\":\"search_term_string\"}}],\"inLanguage\":\"en-US\"},{\"@type\":\"Organization\",\"@id\":\"https:\\\/\\\/energizer.com\\\/eu\\\/switzerland_de\\\/#organization\",\"name\":\"Energizer Switzerland (DE)\",\"url\":\"https:\\\/\\\/energizer.com\\\/eu\\\/switzerland_de\\\/\",\"logo\":{\"@type\":\"ImageObject\",\"inLanguage\":\"en-US\",\"@id\":\"https:\\\/\\\/energizer.com\\\/eu\\\/switzerland_de\\\/#\\\/schema\\\/logo\\\/image\\\/\",\"url\":\"https:\\\/\\\/energizer.com\\\/eu\\\/switzerland_de\\\/wp-content\\\/uploads\\\/sites\\\/55\\\/2024\\\/04\\\/Energizer_brand.png\",\"contentUrl\":\"https:\\\/\\\/energizer.com\\\/eu\\\/switzerland_de\\\/wp-content\\\/uploads\\\/sites\\\/55\\\/2024\\\/04\\\/Energizer_brand.png\",\"width\":267,\"height\":100,\"caption\":\"Energizer Switzerland (DE)\"},\"image\":{\"@id\":\"https:\\\/\\\/energizer.com\\\/eu\\\/switzerland_de\\\/#\\\/schema\\\/logo\\\/image\\\/\"}}]}<\/script>\n<!-- \/ Yoast SEO plugin. -->","yoast_head_json":{"title":"ENERGIZER\u00ae UNIVERSAL CHARGER - Switzerland German","robots":{"index":"index","follow":"follow","max-snippet":"max-snippet:-1","max-image-preview":"max-image-preview:large","max-video-preview":"max-video-preview:-1"},"canonical":"https:\/\/energizer.com\/eu\/switzerland_de\/product\/energizer-universal-charger\/","og_locale":"en_US","og_type":"article","og_title":"ENERGIZER\u00ae UNIVERSAL CHARGER - Switzerland German","og_description":"Suchen Sie nach einer einfachen M\u00f6glichkeit, ALLE Ihre Batterien aufzuladen? Mit dem Energizer Universal-Ladeger\u00e4t k\u00f6nnen Sie wiederaufladbare Standardbatterien aller Gr\u00f6\u00dfen - von AAA bis 9V NiMH - mit nur einem Ger\u00e4t aufladen. Der LED-Statusanzeigebalken zeigt das Ende des Ladevorgangs in Echtzeit an. Das Ladeger\u00e4t stoppt den Ladevorgang automatisch, sobald die Akkus vollst\u00e4ndig aufgeladen sind, und tr\u00e4gt so zur Maximierung der Akkuleistung bei. Dank zahlreicher Sicherheitsfunktionen, wie z. B. der Erkennung von defekten und prim\u00e4ren Batterien, dem Verpolungsschutz und einem Timer zum Schutz vor \u00dcberladung, werden Ihre Batterien jedes Mal zuverl\u00e4ssig und problemlos geladen.","og_url":"https:\/\/energizer.com\/eu\/switzerland_de\/product\/energizer-universal-charger\/","og_site_name":"Switzerland German","article_modified_time":"2024-08-23T09:50:12+00:00","twitter_card":"summary_large_image","schema":{"@context":"https:\/\/schema.org","@graph":[{"@type":"WebPage","@id":"https:\/\/energizer.com\/eu\/switzerland_de\/product\/energizer-universal-charger\/","url":"https:\/\/energizer.com\/eu\/switzerland_de\/product\/energizer-universal-charger\/","name":"ENERGIZER\u00ae UNIVERSAL CHARGER - Switzerland German","isPartOf":{"@id":"https:\/\/energizer.com\/eu\/switzerland_de\/#website"},"datePublished":"2024-05-17T08:40:10+00:00","dateModified":"2024-08-23T09:50:12+00:00","breadcrumb":{"@id":"https:\/\/energizer.com\/eu\/switzerland_de\/product\/energizer-universal-charger\/#breadcrumb"},"inLanguage":"en-US","potentialAction":[{"@type":"ReadAction","target":["https:\/\/energizer.com\/eu\/switzerland_de\/product\/energizer-universal-charger\/"]}]},{"@type":"BreadcrumbList","@id":"https:\/\/energizer.com\/eu\/switzerland_de\/product\/energizer-universal-charger\/#breadcrumb","itemListElement":[{"@type":"ListItem","position":1,"name":"Home","item":"https:\/\/energizer.com\/eu\/switzerland_de\/"},{"@type":"ListItem","position":2,"name":"ENERGIZER\u00ae UNIVERSAL CHARGER"}]},{"@type":"WebSite","@id":"https:\/\/energizer.com\/eu\/switzerland_de\/#website","url":"https:\/\/energizer.com\/eu\/switzerland_de\/","name":"Energizer Switzerland (DE)","description":"","publisher":{"@id":"https:\/\/energizer.com\/eu\/switzerland_de\/#organization"},"potentialAction":[{"@type":"SearchAction","target":{"@type":"EntryPoint","urlTemplate":"https:\/\/energizer.com\/eu\/switzerland_de\/?s={search_term_string}"},"query-input":{"@type":"PropertyValueSpecification","valueRequired":true,"valueName":"search_term_string"}}],"inLanguage":"en-US"},{"@type":"Organization","@id":"https:\/\/energizer.com\/eu\/switzerland_de\/#organization","name":"Energizer Switzerland (DE)","url":"https:\/\/energizer.com\/eu\/switzerland_de\/","logo":{"@type":"ImageObject","inLanguage":"en-US","@id":"https:\/\/energizer.com\/eu\/switzerland_de\/#\/schema\/logo\/image\/","url":"https:\/\/energizer.com\/eu\/switzerland_de\/wp-content\/uploads\/sites\/55\/2024\/04\/Energizer_brand.png","contentUrl":"https:\/\/energizer.com\/eu\/switzerland_de\/wp-content\/uploads\/sites\/55\/2024\/04\/Energizer_brand.png","width":267,"height":100,"caption":"Energizer Switzerland (DE)"},"image":{"@id":"https:\/\/energizer.com\/eu\/switzerland_de\/#\/schema\/logo\/image\/"}}]}},"_links":{"self":[{"href":"https:\/\/energizer.com\/eu\/switzerland_de\/wp-json\/wp\/v2\/product\/4720","targetHints":{"allow":["GET"]}}],"collection":[{"href":"https:\/\/energizer.com\/eu\/switzerland_de\/wp-json\/wp\/v2\/product"}],"about":[{"href":"https:\/\/energizer.com\/eu\/switzerland_de\/wp-json\/wp\/v2\/types\/product"}],"replies":[{"embeddable":true,"href":"https:\/\/energizer.com\/eu\/switzerland_de\/wp-json\/wp\/v2\/comments?post=4720"}],"version-history":[{"count":4,"href":"https:\/\/energizer.com\/eu\/switzerland_de\/wp-json\/wp\/v2\/product\/4720\/revisions"}],"predecessor-version":[{"id":9068,"href":"https:\/\/energizer.com\/eu\/switzerland_de\/wp-json\/wp\/v2\/product\/4720\/revisions\/9068"}],"wp:attachment":[{"href":"https:\/\/energizer.com\/eu\/switzerland_de\/wp-json\/wp\/v2\/media?parent=4720"}],"wp:term":[{"taxonomy":"product_brand","embeddable":true,"href":"https:\/\/energizer.com\/eu\/switzerland_de\/wp-json\/wp\/v2\/product_brand?post=4720"},{"taxonomy":"product_cat","embeddable":true,"href":"https:\/\/energizer.com\/eu\/switzerland_de\/wp-json\/wp\/v2\/product_cat?post=4720"},{"taxonomy":"product_tag","embeddable":true,"href":"https:\/\/energizer.com\/eu\/switzerland_de\/wp-json\/wp\/v2\/product_tag?post=4720"}],"curies":[{"name":"wp","href":"https:\/\/api.w.org\/{rel}","templated":true}]}}