{"id":4723,"date":"2024-05-17T08:41:40","date_gmt":"2024-05-17T08:41:40","guid":{"rendered":"https:\/\/23b13e8ab3.nxcli.io\/switzerland-german\/?post_type=product&#038;p=4723"},"modified":"2024-08-23T09:50:10","modified_gmt":"2024-08-23T09:50:10","slug":"energizer-mini-charger","status":"publish","type":"product","link":"https:\/\/energizer.com\/eu\/switzerland_de\/product\/energizer-mini-charger\/","title":{"rendered":"ENERGIZER\u00ae MINI CHARGER"},"content":{"rendered":"<ul>\n<li>Energizer Accu Recharge Mini Batterieladeger\u00e4t f\u00fcr wiederaufladbare NiMH-Batterien (AA und AAA) \u2013 2 AAA-Batterien enthalten<\/li>\n<li>Optimale Kompatibilit\u00e4t: Dieses kompakte Energizer Ladeger\u00e4t versorgt alle wiederaufladbaren AA &amp; AAA NiMH-Batterien zuverl\u00e4ssig mit Energie \u2013 Energizer Recharge Batterien empfohlen<\/li>\n<li>Besonders zuverl\u00e4ssig: Volle Aufladung in nur 8 Stunden \u2013 die Ladezeiten k\u00f6nnen je nach NiMH-Akku variieren<\/li>\n<li>Einfache Nutzung: Der LED-Bildschirm zeigt den Ladezustand der Batterien an (rot = ladend, gr\u00fcn = betriebsbereit)<\/li>\n<li>Hohe Sicherheit: Der Sicherheitstimer verhindert eine \u00dcberladung der Akkus und maximiert ihre Leistung<\/li>\n<li>Erste Wahl: Energizer ist die f\u00fchrende Akku-Marke der Welt (basierend auf Scanner-Daten)<\/li>\n<\/ul>\n","protected":false},"excerpt":{"rendered":"<p>Verlassen Sie sich auf die zuverl\u00e4ssigen Ladeger\u00e4te von Energizer, um Ihre Elektronik mit maximaler Leistung zu betreiben. Egal ob Sie Ihre wiederaufladbaren Batterien f\u00fcr Fernbedienungen, Funkm\u00e4use, Babyphone, Gaming-Controller, Spielzeug oder sonstige Ger\u00e4te verwenden \u2013 mit diesem Energizer Batterieladeger\u00e4t treffen Sie die ideale Wahl, um Ihre Akkus aufzuladen! Der Energizer Mini Charger l\u00e4dt 1 oder 2 AA- bzw. AAA-NiMH-Akkus in nur 8 Stunden auf (die Ladezeiten k\u00f6nnen je nach NiMH-Akku variieren). Das Ladeger\u00e4t wird mit zwei wiederaufladbaren AAA-Batterien (700 mAh; 1,2 Volt) der Marke Energizer Recharge Power Plus geliefert. F\u00fchren Sie Ihre Akkus zum Aufladen einfach in den leistungsstarken Energizer Mini Charger ein. Die Anzeige des Ladeger\u00e4ts gibt den Aufladestatus an und leuchtet bei voller Ladung gr\u00fcn auf. Au\u00dferdem verf\u00fcgt der Energizer Mini Charger \u00fcber eine automatische Abschaltfunktion und sch\u00fctzt vor \u00dcberladung. Bei Interesse an weiteren Ladeger\u00e4ten und auch wiederaufladbaren Batterien steht Ihnen unser Energizer Recharge Sortiment zur Auswahl \u2013 ideal f\u00fcr leistungsstarke und wiederverwendbare Energie. Seit der Erfindung der ersten Verbraucherbatterie in 1896 blickt Energizer auf starke Innovationen zur\u00fcck, darunter das Patent f\u00fcr die erste Alkalibatterie im Jahr 1959. Energizer bringt dieses Innovationsbewusstsein auch in Initiativen zugunsten der Umwelt ein, indem sie zum Beispiel bereits 1958 das erste wiederaufladbare Batteriesystem sowie 1989 die erste Batterie ohne Quecksilberzusatz eingef\u00fchrt haben. Unter der Marke Energizer Recharge wurden zudem die ersten wiederaufladbaren Batterien der Welt entwickelt, die recyceltes Material enthielten. Das Unternehmen arbeitet intensiv mit Organisationen zusammen, die Verbraucher informieren und ermutigen Batterien und Batterieverpackungen zu recyceln, um Nachhaltigkeit zu f\u00f6rdern.<\/p>\n","protected":false},"featured_media":0,"comment_status":"open","ping_status":"closed","template":"","meta":{"_acf_changed":false},"product_brand":[],"product_cat":[82],"product_tag":[],"class_list":{"0":"post-4723","1":"product","2":"type-product","3":"status-publish","5":"product_cat-recharge-battery-chargers","7":"first","8":"instock","9":"shipping-taxable","10":"product-type-simple"},"acf":[],"yoast_head":"<!-- This site is optimized with the Yoast SEO plugin v27.4 - https:\/\/yoast.com\/product\/yoast-seo-wordpress\/ -->\n<title>ENERGIZER\u00ae MINI CHARGER - Switzerland German<\/title>\n<meta name=\"robots\" content=\"index, follow, max-snippet:-1, max-image-preview:large, max-video-preview:-1\" \/>\n<link rel=\"canonical\" href=\"https:\/\/energizer.com\/eu\/switzerland_de\/product\/energizer-mini-charger\/\" \/>\n<meta property=\"og:locale\" content=\"en_US\" \/>\n<meta property=\"og:type\" content=\"article\" \/>\n<meta property=\"og:title\" content=\"ENERGIZER\u00ae MINI CHARGER - Switzerland German\" \/>\n<meta property=\"og:description\" content=\"Verlassen Sie sich auf die zuverl\u00e4ssigen Ladeger\u00e4te von Energizer, um Ihre Elektronik mit maximaler Leistung zu betreiben. Egal ob Sie Ihre wiederaufladbaren Batterien f\u00fcr Fernbedienungen, Funkm\u00e4use, Babyphone, Gaming-Controller, Spielzeug oder sonstige Ger\u00e4te verwenden \u2013 mit diesem Energizer Batterieladeger\u00e4t treffen Sie die ideale Wahl, um Ihre Akkus aufzuladen! Der Energizer Mini Charger l\u00e4dt 1 oder 2 AA- bzw. AAA-NiMH-Akkus in nur 8 Stunden auf (die Ladezeiten k\u00f6nnen je nach NiMH-Akku variieren). Das Ladeger\u00e4t wird mit zwei wiederaufladbaren AAA-Batterien (700 mAh; 1,2 Volt) der Marke Energizer Recharge Power Plus geliefert. F\u00fchren Sie Ihre Akkus zum Aufladen einfach in den leistungsstarken Energizer Mini Charger ein. Die Anzeige des Ladeger\u00e4ts gibt den Aufladestatus an und leuchtet bei voller Ladung gr\u00fcn auf. Au\u00dferdem verf\u00fcgt der Energizer Mini Charger \u00fcber eine automatische Abschaltfunktion und sch\u00fctzt vor \u00dcberladung. Bei Interesse an weiteren Ladeger\u00e4ten und auch wiederaufladbaren Batterien steht Ihnen unser Energizer Recharge Sortiment zur Auswahl \u2013 ideal f\u00fcr leistungsstarke und wiederverwendbare Energie. Seit der Erfindung der ersten Verbraucherbatterie in 1896 blickt Energizer auf starke Innovationen zur\u00fcck, darunter das Patent f\u00fcr die erste Alkalibatterie im Jahr 1959. Energizer bringt dieses Innovationsbewusstsein auch in Initiativen zugunsten der Umwelt ein, indem sie zum Beispiel bereits 1958 das erste wiederaufladbare Batteriesystem sowie 1989 die erste Batterie ohne Quecksilberzusatz eingef\u00fchrt haben. Unter der Marke Energizer Recharge wurden zudem die ersten wiederaufladbaren Batterien der Welt entwickelt, die recyceltes Material enthielten. Das Unternehmen arbeitet intensiv mit Organisationen zusammen, die Verbraucher informieren und ermutigen Batterien und Batterieverpackungen zu recyceln, um Nachhaltigkeit zu f\u00f6rdern.\" \/>\n<meta property=\"og:url\" content=\"https:\/\/energizer.com\/eu\/switzerland_de\/product\/energizer-mini-charger\/\" \/>\n<meta property=\"og:site_name\" content=\"Switzerland German\" \/>\n<meta property=\"article:modified_time\" content=\"2024-08-23T09:50:10+00:00\" \/>\n<meta name=\"twitter:card\" content=\"summary_large_image\" \/>\n<script type=\"application\/ld+json\" class=\"yoast-schema-graph\">{\"@context\":\"https:\\\/\\\/schema.org\",\"@graph\":[{\"@type\":\"WebPage\",\"@id\":\"https:\\\/\\\/energizer.com\\\/eu\\\/switzerland_de\\\/product\\\/energizer-mini-charger\\\/\",\"url\":\"https:\\\/\\\/energizer.com\\\/eu\\\/switzerland_de\\\/product\\\/energizer-mini-charger\\\/\",\"name\":\"ENERGIZER\u00ae MINI CHARGER - Switzerland German\",\"isPartOf\":{\"@id\":\"https:\\\/\\\/energizer.com\\\/eu\\\/switzerland_de\\\/#website\"},\"datePublished\":\"2024-05-17T08:41:40+00:00\",\"dateModified\":\"2024-08-23T09:50:10+00:00\",\"breadcrumb\":{\"@id\":\"https:\\\/\\\/energizer.com\\\/eu\\\/switzerland_de\\\/product\\\/energizer-mini-charger\\\/#breadcrumb\"},\"inLanguage\":\"en-US\",\"potentialAction\":[{\"@type\":\"ReadAction\",\"target\":[\"https:\\\/\\\/energizer.com\\\/eu\\\/switzerland_de\\\/product\\\/energizer-mini-charger\\\/\"]}]},{\"@type\":\"BreadcrumbList\",\"@id\":\"https:\\\/\\\/energizer.com\\\/eu\\\/switzerland_de\\\/product\\\/energizer-mini-charger\\\/#breadcrumb\",\"itemListElement\":[{\"@type\":\"ListItem\",\"position\":1,\"name\":\"Home\",\"item\":\"https:\\\/\\\/energizer.com\\\/eu\\\/switzerland_de\\\/\"},{\"@type\":\"ListItem\",\"position\":2,\"name\":\"ENERGIZER\u00ae MINI CHARGER\"}]},{\"@type\":\"WebSite\",\"@id\":\"https:\\\/\\\/energizer.com\\\/eu\\\/switzerland_de\\\/#website\",\"url\":\"https:\\\/\\\/energizer.com\\\/eu\\\/switzerland_de\\\/\",\"name\":\"Energizer Switzerland (DE)\",\"description\":\"\",\"publisher\":{\"@id\":\"https:\\\/\\\/energizer.com\\\/eu\\\/switzerland_de\\\/#organization\"},\"potentialAction\":[{\"@type\":\"SearchAction\",\"target\":{\"@type\":\"EntryPoint\",\"urlTemplate\":\"https:\\\/\\\/energizer.com\\\/eu\\\/switzerland_de\\\/?s={search_term_string}\"},\"query-input\":{\"@type\":\"PropertyValueSpecification\",\"valueRequired\":true,\"valueName\":\"search_term_string\"}}],\"inLanguage\":\"en-US\"},{\"@type\":\"Organization\",\"@id\":\"https:\\\/\\\/energizer.com\\\/eu\\\/switzerland_de\\\/#organization\",\"name\":\"Energizer Switzerland (DE)\",\"url\":\"https:\\\/\\\/energizer.com\\\/eu\\\/switzerland_de\\\/\",\"logo\":{\"@type\":\"ImageObject\",\"inLanguage\":\"en-US\",\"@id\":\"https:\\\/\\\/energizer.com\\\/eu\\\/switzerland_de\\\/#\\\/schema\\\/logo\\\/image\\\/\",\"url\":\"https:\\\/\\\/energizer.com\\\/eu\\\/switzerland_de\\\/wp-content\\\/uploads\\\/sites\\\/55\\\/2024\\\/04\\\/Energizer_brand.png\",\"contentUrl\":\"https:\\\/\\\/energizer.com\\\/eu\\\/switzerland_de\\\/wp-content\\\/uploads\\\/sites\\\/55\\\/2024\\\/04\\\/Energizer_brand.png\",\"width\":267,\"height\":100,\"caption\":\"Energizer Switzerland (DE)\"},\"image\":{\"@id\":\"https:\\\/\\\/energizer.com\\\/eu\\\/switzerland_de\\\/#\\\/schema\\\/logo\\\/image\\\/\"}}]}<\/script>\n<!-- \/ Yoast SEO plugin. -->","yoast_head_json":{"title":"ENERGIZER\u00ae MINI CHARGER - Switzerland German","robots":{"index":"index","follow":"follow","max-snippet":"max-snippet:-1","max-image-preview":"max-image-preview:large","max-video-preview":"max-video-preview:-1"},"canonical":"https:\/\/energizer.com\/eu\/switzerland_de\/product\/energizer-mini-charger\/","og_locale":"en_US","og_type":"article","og_title":"ENERGIZER\u00ae MINI CHARGER - Switzerland German","og_description":"Verlassen Sie sich auf die zuverl\u00e4ssigen Ladeger\u00e4te von Energizer, um Ihre Elektronik mit maximaler Leistung zu betreiben. Egal ob Sie Ihre wiederaufladbaren Batterien f\u00fcr Fernbedienungen, Funkm\u00e4use, Babyphone, Gaming-Controller, Spielzeug oder sonstige Ger\u00e4te verwenden \u2013 mit diesem Energizer Batterieladeger\u00e4t treffen Sie die ideale Wahl, um Ihre Akkus aufzuladen! Der Energizer Mini Charger l\u00e4dt 1 oder 2 AA- bzw. AAA-NiMH-Akkus in nur 8 Stunden auf (die Ladezeiten k\u00f6nnen je nach NiMH-Akku variieren). Das Ladeger\u00e4t wird mit zwei wiederaufladbaren AAA-Batterien (700 mAh; 1,2 Volt) der Marke Energizer Recharge Power Plus geliefert. F\u00fchren Sie Ihre Akkus zum Aufladen einfach in den leistungsstarken Energizer Mini Charger ein. Die Anzeige des Ladeger\u00e4ts gibt den Aufladestatus an und leuchtet bei voller Ladung gr\u00fcn auf. Au\u00dferdem verf\u00fcgt der Energizer Mini Charger \u00fcber eine automatische Abschaltfunktion und sch\u00fctzt vor \u00dcberladung. Bei Interesse an weiteren Ladeger\u00e4ten und auch wiederaufladbaren Batterien steht Ihnen unser Energizer Recharge Sortiment zur Auswahl \u2013 ideal f\u00fcr leistungsstarke und wiederverwendbare Energie. Seit der Erfindung der ersten Verbraucherbatterie in 1896 blickt Energizer auf starke Innovationen zur\u00fcck, darunter das Patent f\u00fcr die erste Alkalibatterie im Jahr 1959. Energizer bringt dieses Innovationsbewusstsein auch in Initiativen zugunsten der Umwelt ein, indem sie zum Beispiel bereits 1958 das erste wiederaufladbare Batteriesystem sowie 1989 die erste Batterie ohne Quecksilberzusatz eingef\u00fchrt haben. Unter der Marke Energizer Recharge wurden zudem die ersten wiederaufladbaren Batterien der Welt entwickelt, die recyceltes Material enthielten. Das Unternehmen arbeitet intensiv mit Organisationen zusammen, die Verbraucher informieren und ermutigen Batterien und Batterieverpackungen zu recyceln, um Nachhaltigkeit zu f\u00f6rdern.","og_url":"https:\/\/energizer.com\/eu\/switzerland_de\/product\/energizer-mini-charger\/","og_site_name":"Switzerland German","article_modified_time":"2024-08-23T09:50:10+00:00","twitter_card":"summary_large_image","schema":{"@context":"https:\/\/schema.org","@graph":[{"@type":"WebPage","@id":"https:\/\/energizer.com\/eu\/switzerland_de\/product\/energizer-mini-charger\/","url":"https:\/\/energizer.com\/eu\/switzerland_de\/product\/energizer-mini-charger\/","name":"ENERGIZER\u00ae MINI CHARGER - Switzerland German","isPartOf":{"@id":"https:\/\/energizer.com\/eu\/switzerland_de\/#website"},"datePublished":"2024-05-17T08:41:40+00:00","dateModified":"2024-08-23T09:50:10+00:00","breadcrumb":{"@id":"https:\/\/energizer.com\/eu\/switzerland_de\/product\/energizer-mini-charger\/#breadcrumb"},"inLanguage":"en-US","potentialAction":[{"@type":"ReadAction","target":["https:\/\/energizer.com\/eu\/switzerland_de\/product\/energizer-mini-charger\/"]}]},{"@type":"BreadcrumbList","@id":"https:\/\/energizer.com\/eu\/switzerland_de\/product\/energizer-mini-charger\/#breadcrumb","itemListElement":[{"@type":"ListItem","position":1,"name":"Home","item":"https:\/\/energizer.com\/eu\/switzerland_de\/"},{"@type":"ListItem","position":2,"name":"ENERGIZER\u00ae MINI CHARGER"}]},{"@type":"WebSite","@id":"https:\/\/energizer.com\/eu\/switzerland_de\/#website","url":"https:\/\/energizer.com\/eu\/switzerland_de\/","name":"Energizer Switzerland (DE)","description":"","publisher":{"@id":"https:\/\/energizer.com\/eu\/switzerland_de\/#organization"},"potentialAction":[{"@type":"SearchAction","target":{"@type":"EntryPoint","urlTemplate":"https:\/\/energizer.com\/eu\/switzerland_de\/?s={search_term_string}"},"query-input":{"@type":"PropertyValueSpecification","valueRequired":true,"valueName":"search_term_string"}}],"inLanguage":"en-US"},{"@type":"Organization","@id":"https:\/\/energizer.com\/eu\/switzerland_de\/#organization","name":"Energizer Switzerland (DE)","url":"https:\/\/energizer.com\/eu\/switzerland_de\/","logo":{"@type":"ImageObject","inLanguage":"en-US","@id":"https:\/\/energizer.com\/eu\/switzerland_de\/#\/schema\/logo\/image\/","url":"https:\/\/energizer.com\/eu\/switzerland_de\/wp-content\/uploads\/sites\/55\/2024\/04\/Energizer_brand.png","contentUrl":"https:\/\/energizer.com\/eu\/switzerland_de\/wp-content\/uploads\/sites\/55\/2024\/04\/Energizer_brand.png","width":267,"height":100,"caption":"Energizer Switzerland (DE)"},"image":{"@id":"https:\/\/energizer.com\/eu\/switzerland_de\/#\/schema\/logo\/image\/"}}]}},"_links":{"self":[{"href":"https:\/\/energizer.com\/eu\/switzerland_de\/wp-json\/wp\/v2\/product\/4723","targetHints":{"allow":["GET"]}}],"collection":[{"href":"https:\/\/energizer.com\/eu\/switzerland_de\/wp-json\/wp\/v2\/product"}],"about":[{"href":"https:\/\/energizer.com\/eu\/switzerland_de\/wp-json\/wp\/v2\/types\/product"}],"replies":[{"embeddable":true,"href":"https:\/\/energizer.com\/eu\/switzerland_de\/wp-json\/wp\/v2\/comments?post=4723"}],"version-history":[{"count":4,"href":"https:\/\/energizer.com\/eu\/switzerland_de\/wp-json\/wp\/v2\/product\/4723\/revisions"}],"predecessor-version":[{"id":7179,"href":"https:\/\/energizer.com\/eu\/switzerland_de\/wp-json\/wp\/v2\/product\/4723\/revisions\/7179"}],"wp:attachment":[{"href":"https:\/\/energizer.com\/eu\/switzerland_de\/wp-json\/wp\/v2\/media?parent=4723"}],"wp:term":[{"taxonomy":"product_brand","embeddable":true,"href":"https:\/\/energizer.com\/eu\/switzerland_de\/wp-json\/wp\/v2\/product_brand?post=4723"},{"taxonomy":"product_cat","embeddable":true,"href":"https:\/\/energizer.com\/eu\/switzerland_de\/wp-json\/wp\/v2\/product_cat?post=4723"},{"taxonomy":"product_tag","embeddable":true,"href":"https:\/\/energizer.com\/eu\/switzerland_de\/wp-json\/wp\/v2\/product_tag?post=4723"}],"curies":[{"name":"wp","href":"https:\/\/api.w.org\/{rel}","templated":true}]}}