{"id":4815,"date":"2024-05-13T07:35:22","date_gmt":"2024-05-13T07:35:22","guid":{"rendered":"https:\/\/23b13e8ab3.nxcli.io\/switzerland-german\/?post_type=product&#038;p=4815"},"modified":"2025-08-04T06:34:01","modified_gmt":"2025-08-04T06:34:01","slug":"energizer-max-plus-aa","status":"publish","type":"product","link":"https:\/\/energizer.com\/eu\/switzerland_de\/product\/energizer-max-plus-aa\/","title":{"rendered":"ENERGIZER\u00ae MAX PLUS \u2122 &#8211; AA"},"content":{"rendered":"<ul>\n<li>Energizer Max Plus AA-Batterien, alkalisch<\/li>\n<li>Maximal Langlebig: Diese langlebigste Alkalibatterie von Energizer h\u00e4lt bis zu 200 % l\u00e4nger in Digitalkameras als die basische Alkalibatterie von Energizer<\/li>\n<li>Effektive Leistung: Alkalibatterien von Energizer optimal f\u00fcr Fernbedienungen, Uhren, Kameras und weiterer Ihrer Alltagsger\u00e4te geeignet<\/li>\n<li>Auslaufschutz: AA-Batterien mit auslaufsicherer Konstruktion zum Schutz Ihrer Ger\u00e4te vor Sch\u00e4den und abgedeckt durch die Energizer-Auslaufgarantie<\/li>\n<li>Zuverl\u00e4ssig: Jede AA-Alkalibatterie von Energizer ist bis zu 10 Jahre haltbar, sodass sie jederzeit einsatzbereit ist<\/li>\n<li>Energizer-Innovation: Von den Herstellern der weltweit langlebigsten AA-Batterie, Energizer Ultimate Lithium<\/li>\n<li>\n<div class=\"jsx-3712484095 relative px-2.5 pb-2\">\n<div class=\"jsx-3712484095 comment-privacy-wrapper\">100 % recycelbare Verpackung: Energizer-Verpackungen sind zu 100 % recycelbar, unterst\u00fctzen verantwortungsvolle Forstwirtschaft und sind plastikfrei, ausgenommen Siegel auf ausgew\u00e4hlten Verpackungen<\/div>\n<\/div>\n<\/li>\n<\/ul>\n","protected":false},"excerpt":{"rendered":"<p>Holen Sie das Beste aus Ihren Ger\u00e4ten heraus: mit der zuverl\u00e4ssigen, langlebigen Leistung, die Sie von Energizer-Batterien gewohnt sind. Kaufen Sie AA-Gaming-Controller-Batterien und AA-Alkalibatterien f\u00fcr Lampen, Fernbedienungen, Uhren und Spielzeug. Diese AA-Batterien sind ebenfalls eine gute Wahl, wenn Sie zuverl\u00e4ssige Batterien f\u00fcr LED-Lichter ben\u00f6tigen. Die Energizer Max Plus AA-Batterien halten ihre Leistung w\u00e4hrend der Lagerung bis zu 10 Jahre und ihre auslaufsichere Konstruktion sch\u00fctzt Ihre Ger\u00e4te vor Sch\u00e4den. Mit Energizer ist die Leistung bereit, wenn Sie es sind. Die Max Plus-Reihe von Energizer umfasst ebenfalls AAA-, C-, D- und 9V-Batterien, so Sie ganz leicht die Power finden, die Sie brauchen.<\/p>\n","protected":false},"featured_media":10081,"comment_status":"open","ping_status":"closed","template":"","meta":{"_acf_changed":false},"product_brand":[],"product_cat":[87],"product_tag":[],"class_list":{"0":"post-4815","1":"product","2":"type-product","3":"status-publish","4":"has-post-thumbnail","6":"product_cat-energizer-max-plus","8":"first","9":"instock","10":"shipping-taxable","11":"product-type-simple"},"acf":[],"yoast_head":"<!-- This site is optimized with the Yoast SEO plugin v27.4 - https:\/\/yoast.com\/product\/yoast-seo-wordpress\/ -->\n<title>ENERGIZER\u00ae MAX PLUS \u2122 - AA - Switzerland German<\/title>\n<meta name=\"robots\" content=\"index, follow, max-snippet:-1, max-image-preview:large, max-video-preview:-1\" \/>\n<link rel=\"canonical\" href=\"https:\/\/energizer.com\/eu\/switzerland_de\/product\/energizer-max-plus-aa\/\" \/>\n<meta property=\"og:locale\" content=\"en_US\" \/>\n<meta property=\"og:type\" content=\"article\" \/>\n<meta property=\"og:title\" content=\"ENERGIZER\u00ae MAX PLUS \u2122 - AA - Switzerland German\" \/>\n<meta property=\"og:description\" content=\"Holen Sie das Beste aus Ihren Ger\u00e4ten heraus: mit der zuverl\u00e4ssigen, langlebigen Leistung, die Sie von Energizer-Batterien gewohnt sind. Kaufen Sie AA-Gaming-Controller-Batterien und AA-Alkalibatterien f\u00fcr Lampen, Fernbedienungen, Uhren und Spielzeug. Diese AA-Batterien sind ebenfalls eine gute Wahl, wenn Sie zuverl\u00e4ssige Batterien f\u00fcr LED-Lichter ben\u00f6tigen. Die Energizer Max Plus AA-Batterien halten ihre Leistung w\u00e4hrend der Lagerung bis zu 10 Jahre und ihre auslaufsichere Konstruktion sch\u00fctzt Ihre Ger\u00e4te vor Sch\u00e4den. Mit Energizer ist die Leistung bereit, wenn Sie es sind. Die Max Plus-Reihe von Energizer umfasst ebenfalls AAA-, C-, D- und 9V-Batterien, so Sie ganz leicht die Power finden, die Sie brauchen.\" \/>\n<meta property=\"og:url\" content=\"https:\/\/energizer.com\/eu\/switzerland_de\/product\/energizer-max-plus-aa\/\" \/>\n<meta property=\"og:site_name\" content=\"Switzerland German\" \/>\n<meta property=\"article:modified_time\" content=\"2025-08-04T06:34:01+00:00\" \/>\n<meta property=\"og:image\" content=\"https:\/\/energizer.com\/eu\/switzerland_de\/wp-content\/uploads\/sites\/55\/2024\/05\/ENR_MAX-PLUS_CHP4_Hang-Card_AA4_Front_Hero-Package-Image_UPN-188978_EU.jpg\" \/>\n\t<meta property=\"og:image:width\" content=\"1000\" \/>\n\t<meta property=\"og:image:height\" content=\"1000\" \/>\n\t<meta property=\"og:image:type\" content=\"image\/jpeg\" \/>\n<meta name=\"twitter:card\" content=\"summary_large_image\" \/>\n<script type=\"application\/ld+json\" class=\"yoast-schema-graph\">{\"@context\":\"https:\\\/\\\/schema.org\",\"@graph\":[{\"@type\":\"WebPage\",\"@id\":\"https:\\\/\\\/energizer.com\\\/eu\\\/switzerland_de\\\/product\\\/energizer-max-plus-aa\\\/\",\"url\":\"https:\\\/\\\/energizer.com\\\/eu\\\/switzerland_de\\\/product\\\/energizer-max-plus-aa\\\/\",\"name\":\"ENERGIZER\u00ae MAX PLUS \u2122 - AA - Switzerland German\",\"isPartOf\":{\"@id\":\"https:\\\/\\\/energizer.com\\\/eu\\\/switzerland_de\\\/#website\"},\"primaryImageOfPage\":{\"@id\":\"https:\\\/\\\/energizer.com\\\/eu\\\/switzerland_de\\\/product\\\/energizer-max-plus-aa\\\/#primaryimage\"},\"image\":{\"@id\":\"https:\\\/\\\/energizer.com\\\/eu\\\/switzerland_de\\\/product\\\/energizer-max-plus-aa\\\/#primaryimage\"},\"thumbnailUrl\":\"https:\\\/\\\/energizer.com\\\/eu\\\/switzerland_de\\\/wp-content\\\/uploads\\\/sites\\\/55\\\/2024\\\/05\\\/ENR_MAX-PLUS_CHP4_Hang-Card_AA4_Front_Hero-Package-Image_UPN-188978_EU.jpg\",\"datePublished\":\"2024-05-13T07:35:22+00:00\",\"dateModified\":\"2025-08-04T06:34:01+00:00\",\"breadcrumb\":{\"@id\":\"https:\\\/\\\/energizer.com\\\/eu\\\/switzerland_de\\\/product\\\/energizer-max-plus-aa\\\/#breadcrumb\"},\"inLanguage\":\"en-US\",\"potentialAction\":[{\"@type\":\"ReadAction\",\"target\":[\"https:\\\/\\\/energizer.com\\\/eu\\\/switzerland_de\\\/product\\\/energizer-max-plus-aa\\\/\"]}]},{\"@type\":\"ImageObject\",\"inLanguage\":\"en-US\",\"@id\":\"https:\\\/\\\/energizer.com\\\/eu\\\/switzerland_de\\\/product\\\/energizer-max-plus-aa\\\/#primaryimage\",\"url\":\"https:\\\/\\\/energizer.com\\\/eu\\\/switzerland_de\\\/wp-content\\\/uploads\\\/sites\\\/55\\\/2024\\\/05\\\/ENR_MAX-PLUS_CHP4_Hang-Card_AA4_Front_Hero-Package-Image_UPN-188978_EU.jpg\",\"contentUrl\":\"https:\\\/\\\/energizer.com\\\/eu\\\/switzerland_de\\\/wp-content\\\/uploads\\\/sites\\\/55\\\/2024\\\/05\\\/ENR_MAX-PLUS_CHP4_Hang-Card_AA4_Front_Hero-Package-Image_UPN-188978_EU.jpg\",\"width\":1000,\"height\":1000},{\"@type\":\"BreadcrumbList\",\"@id\":\"https:\\\/\\\/energizer.com\\\/eu\\\/switzerland_de\\\/product\\\/energizer-max-plus-aa\\\/#breadcrumb\",\"itemListElement\":[{\"@type\":\"ListItem\",\"position\":1,\"name\":\"Home\",\"item\":\"https:\\\/\\\/energizer.com\\\/eu\\\/switzerland_de\\\/\"},{\"@type\":\"ListItem\",\"position\":2,\"name\":\"ENERGIZER\u00ae MAX PLUS \u2122 &#8211; AA\"}]},{\"@type\":\"WebSite\",\"@id\":\"https:\\\/\\\/energizer.com\\\/eu\\\/switzerland_de\\\/#website\",\"url\":\"https:\\\/\\\/energizer.com\\\/eu\\\/switzerland_de\\\/\",\"name\":\"Energizer Switzerland (DE)\",\"description\":\"\",\"publisher\":{\"@id\":\"https:\\\/\\\/energizer.com\\\/eu\\\/switzerland_de\\\/#organization\"},\"potentialAction\":[{\"@type\":\"SearchAction\",\"target\":{\"@type\":\"EntryPoint\",\"urlTemplate\":\"https:\\\/\\\/energizer.com\\\/eu\\\/switzerland_de\\\/?s={search_term_string}\"},\"query-input\":{\"@type\":\"PropertyValueSpecification\",\"valueRequired\":true,\"valueName\":\"search_term_string\"}}],\"inLanguage\":\"en-US\"},{\"@type\":\"Organization\",\"@id\":\"https:\\\/\\\/energizer.com\\\/eu\\\/switzerland_de\\\/#organization\",\"name\":\"Energizer Switzerland (DE)\",\"url\":\"https:\\\/\\\/energizer.com\\\/eu\\\/switzerland_de\\\/\",\"logo\":{\"@type\":\"ImageObject\",\"inLanguage\":\"en-US\",\"@id\":\"https:\\\/\\\/energizer.com\\\/eu\\\/switzerland_de\\\/#\\\/schema\\\/logo\\\/image\\\/\",\"url\":\"https:\\\/\\\/energizer.com\\\/eu\\\/switzerland_de\\\/wp-content\\\/uploads\\\/sites\\\/55\\\/2024\\\/04\\\/Energizer_brand.png\",\"contentUrl\":\"https:\\\/\\\/energizer.com\\\/eu\\\/switzerland_de\\\/wp-content\\\/uploads\\\/sites\\\/55\\\/2024\\\/04\\\/Energizer_brand.png\",\"width\":267,\"height\":100,\"caption\":\"Energizer Switzerland (DE)\"},\"image\":{\"@id\":\"https:\\\/\\\/energizer.com\\\/eu\\\/switzerland_de\\\/#\\\/schema\\\/logo\\\/image\\\/\"}}]}<\/script>\n<!-- \/ Yoast SEO plugin. -->","yoast_head_json":{"title":"ENERGIZER\u00ae MAX PLUS \u2122 - AA - Switzerland German","robots":{"index":"index","follow":"follow","max-snippet":"max-snippet:-1","max-image-preview":"max-image-preview:large","max-video-preview":"max-video-preview:-1"},"canonical":"https:\/\/energizer.com\/eu\/switzerland_de\/product\/energizer-max-plus-aa\/","og_locale":"en_US","og_type":"article","og_title":"ENERGIZER\u00ae MAX PLUS \u2122 - AA - Switzerland German","og_description":"Holen Sie das Beste aus Ihren Ger\u00e4ten heraus: mit der zuverl\u00e4ssigen, langlebigen Leistung, die Sie von Energizer-Batterien gewohnt sind. Kaufen Sie AA-Gaming-Controller-Batterien und AA-Alkalibatterien f\u00fcr Lampen, Fernbedienungen, Uhren und Spielzeug. Diese AA-Batterien sind ebenfalls eine gute Wahl, wenn Sie zuverl\u00e4ssige Batterien f\u00fcr LED-Lichter ben\u00f6tigen. Die Energizer Max Plus AA-Batterien halten ihre Leistung w\u00e4hrend der Lagerung bis zu 10 Jahre und ihre auslaufsichere Konstruktion sch\u00fctzt Ihre Ger\u00e4te vor Sch\u00e4den. Mit Energizer ist die Leistung bereit, wenn Sie es sind. Die Max Plus-Reihe von Energizer umfasst ebenfalls AAA-, C-, D- und 9V-Batterien, so Sie ganz leicht die Power finden, die Sie brauchen.","og_url":"https:\/\/energizer.com\/eu\/switzerland_de\/product\/energizer-max-plus-aa\/","og_site_name":"Switzerland German","article_modified_time":"2025-08-04T06:34:01+00:00","og_image":[{"width":1000,"height":1000,"url":"https:\/\/energizer.com\/eu\/switzerland_de\/wp-content\/uploads\/sites\/55\/2024\/05\/ENR_MAX-PLUS_CHP4_Hang-Card_AA4_Front_Hero-Package-Image_UPN-188978_EU.jpg","type":"image\/jpeg"}],"twitter_card":"summary_large_image","schema":{"@context":"https:\/\/schema.org","@graph":[{"@type":"WebPage","@id":"https:\/\/energizer.com\/eu\/switzerland_de\/product\/energizer-max-plus-aa\/","url":"https:\/\/energizer.com\/eu\/switzerland_de\/product\/energizer-max-plus-aa\/","name":"ENERGIZER\u00ae MAX PLUS \u2122 - AA - Switzerland German","isPartOf":{"@id":"https:\/\/energizer.com\/eu\/switzerland_de\/#website"},"primaryImageOfPage":{"@id":"https:\/\/energizer.com\/eu\/switzerland_de\/product\/energizer-max-plus-aa\/#primaryimage"},"image":{"@id":"https:\/\/energizer.com\/eu\/switzerland_de\/product\/energizer-max-plus-aa\/#primaryimage"},"thumbnailUrl":"https:\/\/energizer.com\/eu\/switzerland_de\/wp-content\/uploads\/sites\/55\/2024\/05\/ENR_MAX-PLUS_CHP4_Hang-Card_AA4_Front_Hero-Package-Image_UPN-188978_EU.jpg","datePublished":"2024-05-13T07:35:22+00:00","dateModified":"2025-08-04T06:34:01+00:00","breadcrumb":{"@id":"https:\/\/energizer.com\/eu\/switzerland_de\/product\/energizer-max-plus-aa\/#breadcrumb"},"inLanguage":"en-US","potentialAction":[{"@type":"ReadAction","target":["https:\/\/energizer.com\/eu\/switzerland_de\/product\/energizer-max-plus-aa\/"]}]},{"@type":"ImageObject","inLanguage":"en-US","@id":"https:\/\/energizer.com\/eu\/switzerland_de\/product\/energizer-max-plus-aa\/#primaryimage","url":"https:\/\/energizer.com\/eu\/switzerland_de\/wp-content\/uploads\/sites\/55\/2024\/05\/ENR_MAX-PLUS_CHP4_Hang-Card_AA4_Front_Hero-Package-Image_UPN-188978_EU.jpg","contentUrl":"https:\/\/energizer.com\/eu\/switzerland_de\/wp-content\/uploads\/sites\/55\/2024\/05\/ENR_MAX-PLUS_CHP4_Hang-Card_AA4_Front_Hero-Package-Image_UPN-188978_EU.jpg","width":1000,"height":1000},{"@type":"BreadcrumbList","@id":"https:\/\/energizer.com\/eu\/switzerland_de\/product\/energizer-max-plus-aa\/#breadcrumb","itemListElement":[{"@type":"ListItem","position":1,"name":"Home","item":"https:\/\/energizer.com\/eu\/switzerland_de\/"},{"@type":"ListItem","position":2,"name":"ENERGIZER\u00ae MAX PLUS \u2122 &#8211; AA"}]},{"@type":"WebSite","@id":"https:\/\/energizer.com\/eu\/switzerland_de\/#website","url":"https:\/\/energizer.com\/eu\/switzerland_de\/","name":"Energizer Switzerland (DE)","description":"","publisher":{"@id":"https:\/\/energizer.com\/eu\/switzerland_de\/#organization"},"potentialAction":[{"@type":"SearchAction","target":{"@type":"EntryPoint","urlTemplate":"https:\/\/energizer.com\/eu\/switzerland_de\/?s={search_term_string}"},"query-input":{"@type":"PropertyValueSpecification","valueRequired":true,"valueName":"search_term_string"}}],"inLanguage":"en-US"},{"@type":"Organization","@id":"https:\/\/energizer.com\/eu\/switzerland_de\/#organization","name":"Energizer Switzerland (DE)","url":"https:\/\/energizer.com\/eu\/switzerland_de\/","logo":{"@type":"ImageObject","inLanguage":"en-US","@id":"https:\/\/energizer.com\/eu\/switzerland_de\/#\/schema\/logo\/image\/","url":"https:\/\/energizer.com\/eu\/switzerland_de\/wp-content\/uploads\/sites\/55\/2024\/04\/Energizer_brand.png","contentUrl":"https:\/\/energizer.com\/eu\/switzerland_de\/wp-content\/uploads\/sites\/55\/2024\/04\/Energizer_brand.png","width":267,"height":100,"caption":"Energizer Switzerland (DE)"},"image":{"@id":"https:\/\/energizer.com\/eu\/switzerland_de\/#\/schema\/logo\/image\/"}}]}},"_links":{"self":[{"href":"https:\/\/energizer.com\/eu\/switzerland_de\/wp-json\/wp\/v2\/product\/4815","targetHints":{"allow":["GET"]}}],"collection":[{"href":"https:\/\/energizer.com\/eu\/switzerland_de\/wp-json\/wp\/v2\/product"}],"about":[{"href":"https:\/\/energizer.com\/eu\/switzerland_de\/wp-json\/wp\/v2\/types\/product"}],"replies":[{"embeddable":true,"href":"https:\/\/energizer.com\/eu\/switzerland_de\/wp-json\/wp\/v2\/comments?post=4815"}],"version-history":[{"count":12,"href":"https:\/\/energizer.com\/eu\/switzerland_de\/wp-json\/wp\/v2\/product\/4815\/revisions"}],"predecessor-version":[{"id":10084,"href":"https:\/\/energizer.com\/eu\/switzerland_de\/wp-json\/wp\/v2\/product\/4815\/revisions\/10084"}],"wp:featuredmedia":[{"embeddable":true,"href":"https:\/\/energizer.com\/eu\/switzerland_de\/wp-json\/wp\/v2\/media\/10081"}],"wp:attachment":[{"href":"https:\/\/energizer.com\/eu\/switzerland_de\/wp-json\/wp\/v2\/media?parent=4815"}],"wp:term":[{"taxonomy":"product_brand","embeddable":true,"href":"https:\/\/energizer.com\/eu\/switzerland_de\/wp-json\/wp\/v2\/product_brand?post=4815"},{"taxonomy":"product_cat","embeddable":true,"href":"https:\/\/energizer.com\/eu\/switzerland_de\/wp-json\/wp\/v2\/product_cat?post=4815"},{"taxonomy":"product_tag","embeddable":true,"href":"https:\/\/energizer.com\/eu\/switzerland_de\/wp-json\/wp\/v2\/product_tag?post=4815"}],"curies":[{"name":"wp","href":"https:\/\/api.w.org\/{rel}","templated":true}]}}