{"id":5066,"date":"2024-05-21T05:11:29","date_gmt":"2024-05-21T05:11:29","guid":{"rendered":"https:\/\/23b13e8ab3.nxcli.io\/switzerland-german\/?post_type=product&#038;p=5066"},"modified":"2025-02-04T11:18:18","modified_gmt":"2025-02-04T11:18:18","slug":"energizer-recharge-power-plus-aaa","status":"publish","type":"product","link":"https:\/\/energizer.com\/eu\/switzerland_de\/product\/energizer-recharge-power-plus-aaa\/","title":{"rendered":"ENERGIZER\u00ae RECHARGE POWER PLUS \u2013 AAA"},"content":{"rendered":"<ul>\n<li>Energizer Recharge Power Plus AA-Batterien<\/li>\n<li>Langlebig: Wiederaufladbare AA-Batterien von Energizer halten in Digitalkameras bis zu 4x l\u00e4nger als einfache Alkalibatterien von Energizer \u2013 Ergebnisse k\u00f6nnen je nach Ger\u00e4t variieren<\/li>\n<li>Effektive Leistung: AA-Batterien f\u00fcr Kameras, Lampen, Controller, Uhren und mehr Ihrer Alltagsger\u00e4te geeignet<\/li>\n<li>Auslaufschutz: Die wiederaufladbaren Batterien von Energizer wurden dazu entwickelt, Ihre wichtigen Ger\u00e4te unter normalen Nutzungsbedingungen vor sch\u00e4dlichem Auslaufen zu sch\u00fctzen<\/li>\n<li>Wiederaufladbar: Jede AA-Batterie kann bis zu 500 Mal geladen werden, wobei eine Ladung bis zu 12 Monate lang gelagert werden kann<\/li>\n<li>Kundenfavorit: Energizer ist die weltweit f\u00fchrende wiederaufladbare Marke im Einzelhandel<\/li>\n<li>Energizer-Innovation: Die weltweit erste wiederaufladbare AA-Batterie aus 22 % recycelten Materialien<\/li>\n<li>100 % recycelbare Verpackung: Energizer-Verpackungen sind zu 100 % recycelbar, unterst\u00fctzen verantwortungsvolle Forstwirtschaft und sind plastikfrei, ausgenommen Siegel auf ausgew\u00e4hlten Verpackungen<\/li>\n<\/ul>\n","protected":false},"excerpt":{"rendered":"<p>Holen Sie das Beste aus Ihren Alltags- und High-Tech-Ger\u00e4ten heraus: mit der zuverl\u00e4ssigen Leistung der wiederaufladbaren Energizer Accu Recharge Power Plus AA-Batterien. Nutzen Sie diese wiederaufladbare Energizer-Batterien f\u00fcr Lampen und Uhren sowie f\u00fcr T\u00fcrklingeln, Fernbedienungen, Audioger\u00e4te und andere drahtlose Elektronik. Diese AA-Batterien sind ebenfalls eine gute Wahl, wenn Sie langlebige, wiederaufladbare AA-Batterien f\u00fcr Kameras brauchen &#8211; mit nur einer Ladung k\u00f6nnen Sie bis zu 349 Fotos schie\u00dfen. Die wiederaufladbaren Energizer Accu Recharge Power Plus AA-Batterien sind immer bereit, wenn Sie es sind. Sie sind beim Kauf bereits vollst\u00e4ndig geladen und halten ihre Leistung bei der Lagerung bis zu 12 Monate lang.<\/p>\n<p>Zum Aufladen der wiederaufladbaren Batterien k\u00f6nnen Sie jedes Energizer Recharge-Ladeger\u00e4t verwenden.<\/p>\n","protected":false},"featured_media":0,"comment_status":"open","ping_status":"closed","template":"","meta":{"_acf_changed":false},"product_brand":[],"product_cat":[31],"product_tag":[],"class_list":{"0":"post-5066","1":"product","2":"type-product","3":"status-publish","5":"product_cat-energizer-recharge","7":"first","8":"instock","9":"shipping-taxable","10":"product-type-simple"},"acf":[],"yoast_head":"<!-- This site is optimized with the Yoast SEO plugin v27.4 - https:\/\/yoast.com\/product\/yoast-seo-wordpress\/ -->\n<title>ENERGIZER\u00ae RECHARGE POWER PLUS \u2013 AAA - Switzerland German<\/title>\n<meta name=\"robots\" content=\"index, follow, max-snippet:-1, max-image-preview:large, max-video-preview:-1\" \/>\n<link rel=\"canonical\" href=\"https:\/\/energizer.com\/eu\/switzerland_de\/product\/energizer-recharge-power-plus-aaa\/\" \/>\n<meta property=\"og:locale\" content=\"en_US\" \/>\n<meta property=\"og:type\" content=\"article\" \/>\n<meta property=\"og:title\" content=\"ENERGIZER\u00ae RECHARGE POWER PLUS \u2013 AAA - Switzerland German\" \/>\n<meta property=\"og:description\" content=\"Holen Sie das Beste aus Ihren Alltags- und High-Tech-Ger\u00e4ten heraus: mit der zuverl\u00e4ssigen Leistung der wiederaufladbaren Energizer Accu Recharge Power Plus AA-Batterien. Nutzen Sie diese wiederaufladbare Energizer-Batterien f\u00fcr Lampen und Uhren sowie f\u00fcr T\u00fcrklingeln, Fernbedienungen, Audioger\u00e4te und andere drahtlose Elektronik. Diese AA-Batterien sind ebenfalls eine gute Wahl, wenn Sie langlebige, wiederaufladbare AA-Batterien f\u00fcr Kameras brauchen - mit nur einer Ladung k\u00f6nnen Sie bis zu 349 Fotos schie\u00dfen. Die wiederaufladbaren Energizer Accu Recharge Power Plus AA-Batterien sind immer bereit, wenn Sie es sind. Sie sind beim Kauf bereits vollst\u00e4ndig geladen und halten ihre Leistung bei der Lagerung bis zu 12 Monate lang.  Zum Aufladen der wiederaufladbaren Batterien k\u00f6nnen Sie jedes Energizer Recharge-Ladeger\u00e4t verwenden.\" \/>\n<meta property=\"og:url\" content=\"https:\/\/energizer.com\/eu\/switzerland_de\/product\/energizer-recharge-power-plus-aaa\/\" \/>\n<meta property=\"og:site_name\" content=\"Switzerland German\" \/>\n<meta property=\"article:modified_time\" content=\"2025-02-04T11:18:18+00:00\" \/>\n<meta name=\"twitter:card\" content=\"summary_large_image\" \/>\n<script type=\"application\/ld+json\" class=\"yoast-schema-graph\">{\"@context\":\"https:\\\/\\\/schema.org\",\"@graph\":[{\"@type\":\"WebPage\",\"@id\":\"https:\\\/\\\/energizer.com\\\/eu\\\/switzerland_de\\\/product\\\/energizer-recharge-power-plus-aaa\\\/\",\"url\":\"https:\\\/\\\/energizer.com\\\/eu\\\/switzerland_de\\\/product\\\/energizer-recharge-power-plus-aaa\\\/\",\"name\":\"ENERGIZER\u00ae RECHARGE POWER PLUS \u2013 AAA - Switzerland German\",\"isPartOf\":{\"@id\":\"https:\\\/\\\/energizer.com\\\/eu\\\/switzerland_de\\\/#website\"},\"datePublished\":\"2024-05-21T05:11:29+00:00\",\"dateModified\":\"2025-02-04T11:18:18+00:00\",\"breadcrumb\":{\"@id\":\"https:\\\/\\\/energizer.com\\\/eu\\\/switzerland_de\\\/product\\\/energizer-recharge-power-plus-aaa\\\/#breadcrumb\"},\"inLanguage\":\"en-US\",\"potentialAction\":[{\"@type\":\"ReadAction\",\"target\":[\"https:\\\/\\\/energizer.com\\\/eu\\\/switzerland_de\\\/product\\\/energizer-recharge-power-plus-aaa\\\/\"]}]},{\"@type\":\"BreadcrumbList\",\"@id\":\"https:\\\/\\\/energizer.com\\\/eu\\\/switzerland_de\\\/product\\\/energizer-recharge-power-plus-aaa\\\/#breadcrumb\",\"itemListElement\":[{\"@type\":\"ListItem\",\"position\":1,\"name\":\"Home\",\"item\":\"https:\\\/\\\/energizer.com\\\/eu\\\/switzerland_de\\\/\"},{\"@type\":\"ListItem\",\"position\":2,\"name\":\"ENERGIZER\u00ae RECHARGE POWER PLUS \u2013 AAA\"}]},{\"@type\":\"WebSite\",\"@id\":\"https:\\\/\\\/energizer.com\\\/eu\\\/switzerland_de\\\/#website\",\"url\":\"https:\\\/\\\/energizer.com\\\/eu\\\/switzerland_de\\\/\",\"name\":\"Energizer Switzerland (DE)\",\"description\":\"\",\"publisher\":{\"@id\":\"https:\\\/\\\/energizer.com\\\/eu\\\/switzerland_de\\\/#organization\"},\"potentialAction\":[{\"@type\":\"SearchAction\",\"target\":{\"@type\":\"EntryPoint\",\"urlTemplate\":\"https:\\\/\\\/energizer.com\\\/eu\\\/switzerland_de\\\/?s={search_term_string}\"},\"query-input\":{\"@type\":\"PropertyValueSpecification\",\"valueRequired\":true,\"valueName\":\"search_term_string\"}}],\"inLanguage\":\"en-US\"},{\"@type\":\"Organization\",\"@id\":\"https:\\\/\\\/energizer.com\\\/eu\\\/switzerland_de\\\/#organization\",\"name\":\"Energizer Switzerland (DE)\",\"url\":\"https:\\\/\\\/energizer.com\\\/eu\\\/switzerland_de\\\/\",\"logo\":{\"@type\":\"ImageObject\",\"inLanguage\":\"en-US\",\"@id\":\"https:\\\/\\\/energizer.com\\\/eu\\\/switzerland_de\\\/#\\\/schema\\\/logo\\\/image\\\/\",\"url\":\"https:\\\/\\\/energizer.com\\\/eu\\\/switzerland_de\\\/wp-content\\\/uploads\\\/sites\\\/55\\\/2024\\\/04\\\/Energizer_brand.png\",\"contentUrl\":\"https:\\\/\\\/energizer.com\\\/eu\\\/switzerland_de\\\/wp-content\\\/uploads\\\/sites\\\/55\\\/2024\\\/04\\\/Energizer_brand.png\",\"width\":267,\"height\":100,\"caption\":\"Energizer Switzerland (DE)\"},\"image\":{\"@id\":\"https:\\\/\\\/energizer.com\\\/eu\\\/switzerland_de\\\/#\\\/schema\\\/logo\\\/image\\\/\"}}]}<\/script>\n<!-- \/ Yoast SEO plugin. -->","yoast_head_json":{"title":"ENERGIZER\u00ae RECHARGE POWER PLUS \u2013 AAA - Switzerland German","robots":{"index":"index","follow":"follow","max-snippet":"max-snippet:-1","max-image-preview":"max-image-preview:large","max-video-preview":"max-video-preview:-1"},"canonical":"https:\/\/energizer.com\/eu\/switzerland_de\/product\/energizer-recharge-power-plus-aaa\/","og_locale":"en_US","og_type":"article","og_title":"ENERGIZER\u00ae RECHARGE POWER PLUS \u2013 AAA - Switzerland German","og_description":"Holen Sie das Beste aus Ihren Alltags- und High-Tech-Ger\u00e4ten heraus: mit der zuverl\u00e4ssigen Leistung der wiederaufladbaren Energizer Accu Recharge Power Plus AA-Batterien. Nutzen Sie diese wiederaufladbare Energizer-Batterien f\u00fcr Lampen und Uhren sowie f\u00fcr T\u00fcrklingeln, Fernbedienungen, Audioger\u00e4te und andere drahtlose Elektronik. Diese AA-Batterien sind ebenfalls eine gute Wahl, wenn Sie langlebige, wiederaufladbare AA-Batterien f\u00fcr Kameras brauchen - mit nur einer Ladung k\u00f6nnen Sie bis zu 349 Fotos schie\u00dfen. Die wiederaufladbaren Energizer Accu Recharge Power Plus AA-Batterien sind immer bereit, wenn Sie es sind. Sie sind beim Kauf bereits vollst\u00e4ndig geladen und halten ihre Leistung bei der Lagerung bis zu 12 Monate lang.  Zum Aufladen der wiederaufladbaren Batterien k\u00f6nnen Sie jedes Energizer Recharge-Ladeger\u00e4t verwenden.","og_url":"https:\/\/energizer.com\/eu\/switzerland_de\/product\/energizer-recharge-power-plus-aaa\/","og_site_name":"Switzerland German","article_modified_time":"2025-02-04T11:18:18+00:00","twitter_card":"summary_large_image","schema":{"@context":"https:\/\/schema.org","@graph":[{"@type":"WebPage","@id":"https:\/\/energizer.com\/eu\/switzerland_de\/product\/energizer-recharge-power-plus-aaa\/","url":"https:\/\/energizer.com\/eu\/switzerland_de\/product\/energizer-recharge-power-plus-aaa\/","name":"ENERGIZER\u00ae RECHARGE POWER PLUS \u2013 AAA - Switzerland German","isPartOf":{"@id":"https:\/\/energizer.com\/eu\/switzerland_de\/#website"},"datePublished":"2024-05-21T05:11:29+00:00","dateModified":"2025-02-04T11:18:18+00:00","breadcrumb":{"@id":"https:\/\/energizer.com\/eu\/switzerland_de\/product\/energizer-recharge-power-plus-aaa\/#breadcrumb"},"inLanguage":"en-US","potentialAction":[{"@type":"ReadAction","target":["https:\/\/energizer.com\/eu\/switzerland_de\/product\/energizer-recharge-power-plus-aaa\/"]}]},{"@type":"BreadcrumbList","@id":"https:\/\/energizer.com\/eu\/switzerland_de\/product\/energizer-recharge-power-plus-aaa\/#breadcrumb","itemListElement":[{"@type":"ListItem","position":1,"name":"Home","item":"https:\/\/energizer.com\/eu\/switzerland_de\/"},{"@type":"ListItem","position":2,"name":"ENERGIZER\u00ae RECHARGE POWER PLUS \u2013 AAA"}]},{"@type":"WebSite","@id":"https:\/\/energizer.com\/eu\/switzerland_de\/#website","url":"https:\/\/energizer.com\/eu\/switzerland_de\/","name":"Energizer Switzerland (DE)","description":"","publisher":{"@id":"https:\/\/energizer.com\/eu\/switzerland_de\/#organization"},"potentialAction":[{"@type":"SearchAction","target":{"@type":"EntryPoint","urlTemplate":"https:\/\/energizer.com\/eu\/switzerland_de\/?s={search_term_string}"},"query-input":{"@type":"PropertyValueSpecification","valueRequired":true,"valueName":"search_term_string"}}],"inLanguage":"en-US"},{"@type":"Organization","@id":"https:\/\/energizer.com\/eu\/switzerland_de\/#organization","name":"Energizer Switzerland (DE)","url":"https:\/\/energizer.com\/eu\/switzerland_de\/","logo":{"@type":"ImageObject","inLanguage":"en-US","@id":"https:\/\/energizer.com\/eu\/switzerland_de\/#\/schema\/logo\/image\/","url":"https:\/\/energizer.com\/eu\/switzerland_de\/wp-content\/uploads\/sites\/55\/2024\/04\/Energizer_brand.png","contentUrl":"https:\/\/energizer.com\/eu\/switzerland_de\/wp-content\/uploads\/sites\/55\/2024\/04\/Energizer_brand.png","width":267,"height":100,"caption":"Energizer Switzerland (DE)"},"image":{"@id":"https:\/\/energizer.com\/eu\/switzerland_de\/#\/schema\/logo\/image\/"}}]}},"_links":{"self":[{"href":"https:\/\/energizer.com\/eu\/switzerland_de\/wp-json\/wp\/v2\/product\/5066","targetHints":{"allow":["GET"]}}],"collection":[{"href":"https:\/\/energizer.com\/eu\/switzerland_de\/wp-json\/wp\/v2\/product"}],"about":[{"href":"https:\/\/energizer.com\/eu\/switzerland_de\/wp-json\/wp\/v2\/types\/product"}],"replies":[{"embeddable":true,"href":"https:\/\/energizer.com\/eu\/switzerland_de\/wp-json\/wp\/v2\/comments?post=5066"}],"version-history":[{"count":12,"href":"https:\/\/energizer.com\/eu\/switzerland_de\/wp-json\/wp\/v2\/product\/5066\/revisions"}],"predecessor-version":[{"id":10064,"href":"https:\/\/energizer.com\/eu\/switzerland_de\/wp-json\/wp\/v2\/product\/5066\/revisions\/10064"}],"wp:attachment":[{"href":"https:\/\/energizer.com\/eu\/switzerland_de\/wp-json\/wp\/v2\/media?parent=5066"}],"wp:term":[{"taxonomy":"product_brand","embeddable":true,"href":"https:\/\/energizer.com\/eu\/switzerland_de\/wp-json\/wp\/v2\/product_brand?post=5066"},{"taxonomy":"product_cat","embeddable":true,"href":"https:\/\/energizer.com\/eu\/switzerland_de\/wp-json\/wp\/v2\/product_cat?post=5066"},{"taxonomy":"product_tag","embeddable":true,"href":"https:\/\/energizer.com\/eu\/switzerland_de\/wp-json\/wp\/v2\/product_tag?post=5066"}],"curies":[{"name":"wp","href":"https:\/\/api.w.org\/{rel}","templated":true}]}}