{"id":5191,"date":"2024-05-21T13:28:42","date_gmt":"2024-05-21T13:28:42","guid":{"rendered":"https:\/\/23b13e8ab3.nxcli.io\/switzerland-german\/?post_type=product&#038;p=5191"},"modified":"2024-08-23T09:41:48","modified_gmt":"2024-08-23T09:41:48","slug":"energizer-rechargeable-headlight","status":"publish","type":"product","link":"https:\/\/energizer.com\/eu\/switzerland_de\/product\/energizer-rechargeable-headlight\/","title":{"rendered":"Energizer Rechargeable Headlight"},"content":{"rendered":"<ul>\n<li>Ideal f\u00fcr Vielnutzer und umweltbewusste Anwender<\/li>\n<li>Wiederaufladbar (USB-Kabel enthalten)<\/li>\n<li>Energizer Smart Dimming-Technologie zur Steuerung der Lichtintensit\u00e4t<\/li>\n<li>VisionGuard sch\u00fctzt die Sehkraft durch schrittweise Erh\u00f6hung der Lichtintensit\u00e4t<\/li>\n<li>Rote und gr\u00fcne LEDs f\u00fcr Nachtsicht<\/li>\n<\/ul>\n","protected":false},"excerpt":{"rendered":"<p>Die Energizer Vision Ultra HD Rechargeable Headlamp bietet hervorragende Leistung in einem kompakten Design. Die Stirnlampe zeigt innovative Eigenschaften mit ihrer Wiederaufladbarkeit (USB-Anschluss) und der Energizer Smart Dimming-Technologie, die eine einfache Steuerung der Lichtintensit\u00e4t erm\u00f6glicht. Zus\u00e4tzlich zu den wei\u00dfen LEDs verf\u00fcgt diese Lampe \u00fcber gr\u00fcne und rote LEDs, die die Nachtsicht bei Outdoor-Aktivit\u00e4ten wie Jagen und Fischen erhalten. Die VisionGuard-Technologie erh\u00f6ht schrittweise die Lichtintensit\u00e4t, um zu verhindern, dass ein Fernlicht direkt in die Augen des Benutzers leuchtet.<\/p>\n","protected":false},"featured_media":0,"comment_status":"open","ping_status":"closed","template":"","meta":{"_acf_changed":false},"product_brand":[],"product_cat":[43],"product_tag":[],"class_list":{"0":"post-5191","1":"product","2":"type-product","3":"status-publish","5":"product_cat-hands-free","6":"pa_uses-diy","8":"first","9":"instock","10":"shipping-taxable","11":"product-type-simple"},"acf":[],"yoast_head":"<!-- This site is optimized with the Yoast SEO plugin v27.4 - https:\/\/yoast.com\/product\/yoast-seo-wordpress\/ -->\n<title>Energizer Rechargeable Headlight - Switzerland German<\/title>\n<meta name=\"robots\" content=\"index, follow, max-snippet:-1, max-image-preview:large, max-video-preview:-1\" \/>\n<link rel=\"canonical\" href=\"https:\/\/energizer.com\/eu\/switzerland_de\/product\/energizer-rechargeable-headlight\/\" \/>\n<meta property=\"og:locale\" content=\"en_US\" \/>\n<meta property=\"og:type\" content=\"article\" \/>\n<meta property=\"og:title\" content=\"Energizer Rechargeable Headlight - Switzerland German\" \/>\n<meta property=\"og:description\" content=\"Die Energizer Vision Ultra HD Rechargeable Headlamp bietet hervorragende Leistung in einem kompakten Design. Die Stirnlampe zeigt innovative Eigenschaften mit ihrer Wiederaufladbarkeit (USB-Anschluss) und der Energizer Smart Dimming-Technologie, die eine einfache Steuerung der Lichtintensit\u00e4t erm\u00f6glicht. Zus\u00e4tzlich zu den wei\u00dfen LEDs verf\u00fcgt diese Lampe \u00fcber gr\u00fcne und rote LEDs, die die Nachtsicht bei Outdoor-Aktivit\u00e4ten wie Jagen und Fischen erhalten. Die VisionGuard-Technologie erh\u00f6ht schrittweise die Lichtintensit\u00e4t, um zu verhindern, dass ein Fernlicht direkt in die Augen des Benutzers leuchtet.\" \/>\n<meta property=\"og:url\" content=\"https:\/\/energizer.com\/eu\/switzerland_de\/product\/energizer-rechargeable-headlight\/\" \/>\n<meta property=\"og:site_name\" content=\"Switzerland German\" \/>\n<meta property=\"article:modified_time\" content=\"2024-08-23T09:41:48+00:00\" \/>\n<meta name=\"twitter:card\" content=\"summary_large_image\" \/>\n<script type=\"application\/ld+json\" class=\"yoast-schema-graph\">{\"@context\":\"https:\\\/\\\/schema.org\",\"@graph\":[{\"@type\":\"WebPage\",\"@id\":\"https:\\\/\\\/energizer.com\\\/eu\\\/switzerland_de\\\/product\\\/energizer-rechargeable-headlight\\\/\",\"url\":\"https:\\\/\\\/energizer.com\\\/eu\\\/switzerland_de\\\/product\\\/energizer-rechargeable-headlight\\\/\",\"name\":\"Energizer Rechargeable Headlight - Switzerland German\",\"isPartOf\":{\"@id\":\"https:\\\/\\\/energizer.com\\\/eu\\\/switzerland_de\\\/#website\"},\"datePublished\":\"2024-05-21T13:28:42+00:00\",\"dateModified\":\"2024-08-23T09:41:48+00:00\",\"breadcrumb\":{\"@id\":\"https:\\\/\\\/energizer.com\\\/eu\\\/switzerland_de\\\/product\\\/energizer-rechargeable-headlight\\\/#breadcrumb\"},\"inLanguage\":\"en-US\",\"potentialAction\":[{\"@type\":\"ReadAction\",\"target\":[\"https:\\\/\\\/energizer.com\\\/eu\\\/switzerland_de\\\/product\\\/energizer-rechargeable-headlight\\\/\"]}]},{\"@type\":\"BreadcrumbList\",\"@id\":\"https:\\\/\\\/energizer.com\\\/eu\\\/switzerland_de\\\/product\\\/energizer-rechargeable-headlight\\\/#breadcrumb\",\"itemListElement\":[{\"@type\":\"ListItem\",\"position\":1,\"name\":\"Home\",\"item\":\"https:\\\/\\\/energizer.com\\\/eu\\\/switzerland_de\\\/\"},{\"@type\":\"ListItem\",\"position\":2,\"name\":\"Energizer Rechargeable Headlight\"}]},{\"@type\":\"WebSite\",\"@id\":\"https:\\\/\\\/energizer.com\\\/eu\\\/switzerland_de\\\/#website\",\"url\":\"https:\\\/\\\/energizer.com\\\/eu\\\/switzerland_de\\\/\",\"name\":\"Energizer Switzerland (DE)\",\"description\":\"\",\"publisher\":{\"@id\":\"https:\\\/\\\/energizer.com\\\/eu\\\/switzerland_de\\\/#organization\"},\"potentialAction\":[{\"@type\":\"SearchAction\",\"target\":{\"@type\":\"EntryPoint\",\"urlTemplate\":\"https:\\\/\\\/energizer.com\\\/eu\\\/switzerland_de\\\/?s={search_term_string}\"},\"query-input\":{\"@type\":\"PropertyValueSpecification\",\"valueRequired\":true,\"valueName\":\"search_term_string\"}}],\"inLanguage\":\"en-US\"},{\"@type\":\"Organization\",\"@id\":\"https:\\\/\\\/energizer.com\\\/eu\\\/switzerland_de\\\/#organization\",\"name\":\"Energizer Switzerland (DE)\",\"url\":\"https:\\\/\\\/energizer.com\\\/eu\\\/switzerland_de\\\/\",\"logo\":{\"@type\":\"ImageObject\",\"inLanguage\":\"en-US\",\"@id\":\"https:\\\/\\\/energizer.com\\\/eu\\\/switzerland_de\\\/#\\\/schema\\\/logo\\\/image\\\/\",\"url\":\"https:\\\/\\\/energizer.com\\\/eu\\\/switzerland_de\\\/wp-content\\\/uploads\\\/sites\\\/55\\\/2024\\\/04\\\/Energizer_brand.png\",\"contentUrl\":\"https:\\\/\\\/energizer.com\\\/eu\\\/switzerland_de\\\/wp-content\\\/uploads\\\/sites\\\/55\\\/2024\\\/04\\\/Energizer_brand.png\",\"width\":267,\"height\":100,\"caption\":\"Energizer Switzerland (DE)\"},\"image\":{\"@id\":\"https:\\\/\\\/energizer.com\\\/eu\\\/switzerland_de\\\/#\\\/schema\\\/logo\\\/image\\\/\"}}]}<\/script>\n<!-- \/ Yoast SEO plugin. -->","yoast_head_json":{"title":"Energizer Rechargeable Headlight - Switzerland German","robots":{"index":"index","follow":"follow","max-snippet":"max-snippet:-1","max-image-preview":"max-image-preview:large","max-video-preview":"max-video-preview:-1"},"canonical":"https:\/\/energizer.com\/eu\/switzerland_de\/product\/energizer-rechargeable-headlight\/","og_locale":"en_US","og_type":"article","og_title":"Energizer Rechargeable Headlight - Switzerland German","og_description":"Die Energizer Vision Ultra HD Rechargeable Headlamp bietet hervorragende Leistung in einem kompakten Design. Die Stirnlampe zeigt innovative Eigenschaften mit ihrer Wiederaufladbarkeit (USB-Anschluss) und der Energizer Smart Dimming-Technologie, die eine einfache Steuerung der Lichtintensit\u00e4t erm\u00f6glicht. Zus\u00e4tzlich zu den wei\u00dfen LEDs verf\u00fcgt diese Lampe \u00fcber gr\u00fcne und rote LEDs, die die Nachtsicht bei Outdoor-Aktivit\u00e4ten wie Jagen und Fischen erhalten. Die VisionGuard-Technologie erh\u00f6ht schrittweise die Lichtintensit\u00e4t, um zu verhindern, dass ein Fernlicht direkt in die Augen des Benutzers leuchtet.","og_url":"https:\/\/energizer.com\/eu\/switzerland_de\/product\/energizer-rechargeable-headlight\/","og_site_name":"Switzerland German","article_modified_time":"2024-08-23T09:41:48+00:00","twitter_card":"summary_large_image","schema":{"@context":"https:\/\/schema.org","@graph":[{"@type":"WebPage","@id":"https:\/\/energizer.com\/eu\/switzerland_de\/product\/energizer-rechargeable-headlight\/","url":"https:\/\/energizer.com\/eu\/switzerland_de\/product\/energizer-rechargeable-headlight\/","name":"Energizer Rechargeable Headlight - Switzerland German","isPartOf":{"@id":"https:\/\/energizer.com\/eu\/switzerland_de\/#website"},"datePublished":"2024-05-21T13:28:42+00:00","dateModified":"2024-08-23T09:41:48+00:00","breadcrumb":{"@id":"https:\/\/energizer.com\/eu\/switzerland_de\/product\/energizer-rechargeable-headlight\/#breadcrumb"},"inLanguage":"en-US","potentialAction":[{"@type":"ReadAction","target":["https:\/\/energizer.com\/eu\/switzerland_de\/product\/energizer-rechargeable-headlight\/"]}]},{"@type":"BreadcrumbList","@id":"https:\/\/energizer.com\/eu\/switzerland_de\/product\/energizer-rechargeable-headlight\/#breadcrumb","itemListElement":[{"@type":"ListItem","position":1,"name":"Home","item":"https:\/\/energizer.com\/eu\/switzerland_de\/"},{"@type":"ListItem","position":2,"name":"Energizer Rechargeable Headlight"}]},{"@type":"WebSite","@id":"https:\/\/energizer.com\/eu\/switzerland_de\/#website","url":"https:\/\/energizer.com\/eu\/switzerland_de\/","name":"Energizer Switzerland (DE)","description":"","publisher":{"@id":"https:\/\/energizer.com\/eu\/switzerland_de\/#organization"},"potentialAction":[{"@type":"SearchAction","target":{"@type":"EntryPoint","urlTemplate":"https:\/\/energizer.com\/eu\/switzerland_de\/?s={search_term_string}"},"query-input":{"@type":"PropertyValueSpecification","valueRequired":true,"valueName":"search_term_string"}}],"inLanguage":"en-US"},{"@type":"Organization","@id":"https:\/\/energizer.com\/eu\/switzerland_de\/#organization","name":"Energizer Switzerland (DE)","url":"https:\/\/energizer.com\/eu\/switzerland_de\/","logo":{"@type":"ImageObject","inLanguage":"en-US","@id":"https:\/\/energizer.com\/eu\/switzerland_de\/#\/schema\/logo\/image\/","url":"https:\/\/energizer.com\/eu\/switzerland_de\/wp-content\/uploads\/sites\/55\/2024\/04\/Energizer_brand.png","contentUrl":"https:\/\/energizer.com\/eu\/switzerland_de\/wp-content\/uploads\/sites\/55\/2024\/04\/Energizer_brand.png","width":267,"height":100,"caption":"Energizer Switzerland (DE)"},"image":{"@id":"https:\/\/energizer.com\/eu\/switzerland_de\/#\/schema\/logo\/image\/"}}]}},"_links":{"self":[{"href":"https:\/\/energizer.com\/eu\/switzerland_de\/wp-json\/wp\/v2\/product\/5191","targetHints":{"allow":["GET"]}}],"collection":[{"href":"https:\/\/energizer.com\/eu\/switzerland_de\/wp-json\/wp\/v2\/product"}],"about":[{"href":"https:\/\/energizer.com\/eu\/switzerland_de\/wp-json\/wp\/v2\/types\/product"}],"replies":[{"embeddable":true,"href":"https:\/\/energizer.com\/eu\/switzerland_de\/wp-json\/wp\/v2\/comments?post=5191"}],"version-history":[{"count":2,"href":"https:\/\/energizer.com\/eu\/switzerland_de\/wp-json\/wp\/v2\/product\/5191\/revisions"}],"predecessor-version":[{"id":7975,"href":"https:\/\/energizer.com\/eu\/switzerland_de\/wp-json\/wp\/v2\/product\/5191\/revisions\/7975"}],"wp:attachment":[{"href":"https:\/\/energizer.com\/eu\/switzerland_de\/wp-json\/wp\/v2\/media?parent=5191"}],"wp:term":[{"taxonomy":"product_brand","embeddable":true,"href":"https:\/\/energizer.com\/eu\/switzerland_de\/wp-json\/wp\/v2\/product_brand?post=5191"},{"taxonomy":"product_cat","embeddable":true,"href":"https:\/\/energizer.com\/eu\/switzerland_de\/wp-json\/wp\/v2\/product_cat?post=5191"},{"taxonomy":"product_tag","embeddable":true,"href":"https:\/\/energizer.com\/eu\/switzerland_de\/wp-json\/wp\/v2\/product_tag?post=5191"}],"curies":[{"name":"wp","href":"https:\/\/api.w.org\/{rel}","templated":true}]}}