{"id":5193,"date":"2024-05-21T13:32:31","date_gmt":"2024-05-21T13:32:31","guid":{"rendered":"https:\/\/23b13e8ab3.nxcli.io\/switzerland-german\/?post_type=product&#038;p=5193"},"modified":"2024-08-23T09:41:46","modified_gmt":"2024-08-23T09:41:46","slug":"energizer-hybrid-tactical-1200","status":"publish","type":"product","link":"https:\/\/energizer.com\/eu\/switzerland_de\/product\/energizer-hybrid-tactical-1200\/","title":{"rendered":"Energizer  HYBRID TACTICAL 1200"},"content":{"rendered":"<ul>\n<li>Energizer Hybrid Tactical LED-Taschenlampe<\/li>\n<li>Eine robuste taktische Lampe aus Metall, die leistungsstarke Helligkeit und robuste Konstruktion kombiniert<\/li>\n<li>Hervorragend geeignet als Notlicht, Camping-Taschenlampe und LED-Arbeitslicht<\/li>\n<li>Leistungsstarkes, helles LED-Licht mit bis zu 1200 Lumen f\u00fcr 4 Stunden im High-Modus<\/li>\n<li>IPX4 wasserfest und sto\u00dffest bis zu 3 Fu\u00df<\/li>\n<li>Betrieb mit einem wiederaufladbaren Akkupack (im Lieferumfang enthalten) oder 6 AA-Batterien f\u00fcr eine vielseitige batteriebetriebene Leuchte<\/li>\n<li>Vertrauen Sie auf Energizer f\u00fcr zuverl\u00e4ssige Leistung in jeder Situation<\/li>\n<\/ul>\n","protected":false},"excerpt":{"rendered":"<p>Bringen Sie mit der Energizer Hybrid Tactical Light ein helles Licht in dunkle Situationen. In dieser robusten LED-Taschenlampe aus Metall vereinen sich kraftvolle Leistung und robuste Konstruktion. Verstauen Sie eine in Ihrem Rucksack als Campinglampe, oder stellen Sie eine in Ihrem Haus als Notfalltaschenlampe auf. Die wiederaufladbare Taschenlampe ist bis zu 15-mal heller als herk\u00f6mmliche LED-Lichttechnologie und wirft einen Lichtstrahl aus, der \u00fcber 650 Fu\u00df weit reicht. Die Modi \u201eHigh\u201c und \u201eLow\u201c sorgen f\u00fcr die richtige Lichtmenge f\u00fcr Ihre Aufgabe, und das Stroboskoplicht hilft Ihnen, f\u00fcr den Notfall ger\u00fcstet zu sein. Die Au\u00dfenleuchte wird entweder mit AA-Batterien oder dem im Lieferumfang enthaltenen Akkupack betrieben. Die wiederaufladbare Leuchte l\u00e4sst sich \u00fcber ein USB-Ladekabel in 8 Stunden vollst\u00e4ndig aufladen und verf\u00fcgt \u00fcber einen USB-Anschluss, \u00fcber den Sie andere Ger\u00e4te aufladen k\u00f6nnen. Das Geh\u00e4use aus Flugzeugaluminium und die bruchsichere Linse sorgen f\u00fcr robuste Haltbarkeit, und der Druckknopf auf der R\u00fcckseite macht die Bedienung dieser Energizer-Taschenlampe einfach. Vertrauen Sie auf Energizer f\u00fcr zuverl\u00e4ssige Leistung in jeder Situation.<\/p>\n","protected":false},"featured_media":0,"comment_status":"open","ping_status":"closed","template":"","meta":{"_acf_changed":false},"product_brand":[],"product_cat":[97],"product_tag":[],"class_list":{"0":"post-5193","1":"product","2":"type-product","3":"status-publish","5":"product_cat-handheld","6":"pa_uses-diy","8":"first","9":"instock","10":"shipping-taxable","11":"product-type-simple"},"acf":[],"yoast_head":"<!-- This site is optimized with the Yoast SEO plugin v27.4 - https:\/\/yoast.com\/product\/yoast-seo-wordpress\/ -->\n<title>Energizer HYBRID TACTICAL 1200 - Switzerland German<\/title>\n<meta name=\"robots\" content=\"index, follow, max-snippet:-1, max-image-preview:large, max-video-preview:-1\" \/>\n<link rel=\"canonical\" href=\"https:\/\/energizer.com\/eu\/switzerland_de\/product\/energizer-hybrid-tactical-1200\/\" \/>\n<meta property=\"og:locale\" content=\"en_US\" \/>\n<meta property=\"og:type\" content=\"article\" \/>\n<meta property=\"og:title\" content=\"Energizer HYBRID TACTICAL 1200 - Switzerland German\" \/>\n<meta property=\"og:description\" content=\"Bringen Sie mit der Energizer Hybrid Tactical Light ein helles Licht in dunkle Situationen. In dieser robusten LED-Taschenlampe aus Metall vereinen sich kraftvolle Leistung und robuste Konstruktion. Verstauen Sie eine in Ihrem Rucksack als Campinglampe, oder stellen Sie eine in Ihrem Haus als Notfalltaschenlampe auf. Die wiederaufladbare Taschenlampe ist bis zu 15-mal heller als herk\u00f6mmliche LED-Lichttechnologie und wirft einen Lichtstrahl aus, der \u00fcber 650 Fu\u00df weit reicht. Die Modi \u201eHigh\u201c und \u201eLow\u201c sorgen f\u00fcr die richtige Lichtmenge f\u00fcr Ihre Aufgabe, und das Stroboskoplicht hilft Ihnen, f\u00fcr den Notfall ger\u00fcstet zu sein. Die Au\u00dfenleuchte wird entweder mit AA-Batterien oder dem im Lieferumfang enthaltenen Akkupack betrieben. Die wiederaufladbare Leuchte l\u00e4sst sich \u00fcber ein USB-Ladekabel in 8 Stunden vollst\u00e4ndig aufladen und verf\u00fcgt \u00fcber einen USB-Anschluss, \u00fcber den Sie andere Ger\u00e4te aufladen k\u00f6nnen. Das Geh\u00e4use aus Flugzeugaluminium und die bruchsichere Linse sorgen f\u00fcr robuste Haltbarkeit, und der Druckknopf auf der R\u00fcckseite macht die Bedienung dieser Energizer-Taschenlampe einfach. Vertrauen Sie auf Energizer f\u00fcr zuverl\u00e4ssige Leistung in jeder Situation.\" \/>\n<meta property=\"og:url\" content=\"https:\/\/energizer.com\/eu\/switzerland_de\/product\/energizer-hybrid-tactical-1200\/\" \/>\n<meta property=\"og:site_name\" content=\"Switzerland German\" \/>\n<meta property=\"article:modified_time\" content=\"2024-08-23T09:41:46+00:00\" \/>\n<meta name=\"twitter:card\" content=\"summary_large_image\" \/>\n<script type=\"application\/ld+json\" class=\"yoast-schema-graph\">{\"@context\":\"https:\\\/\\\/schema.org\",\"@graph\":[{\"@type\":\"WebPage\",\"@id\":\"https:\\\/\\\/energizer.com\\\/eu\\\/switzerland_de\\\/product\\\/energizer-hybrid-tactical-1200\\\/\",\"url\":\"https:\\\/\\\/energizer.com\\\/eu\\\/switzerland_de\\\/product\\\/energizer-hybrid-tactical-1200\\\/\",\"name\":\"Energizer HYBRID TACTICAL 1200 - Switzerland German\",\"isPartOf\":{\"@id\":\"https:\\\/\\\/energizer.com\\\/eu\\\/switzerland_de\\\/#website\"},\"datePublished\":\"2024-05-21T13:32:31+00:00\",\"dateModified\":\"2024-08-23T09:41:46+00:00\",\"breadcrumb\":{\"@id\":\"https:\\\/\\\/energizer.com\\\/eu\\\/switzerland_de\\\/product\\\/energizer-hybrid-tactical-1200\\\/#breadcrumb\"},\"inLanguage\":\"en-US\",\"potentialAction\":[{\"@type\":\"ReadAction\",\"target\":[\"https:\\\/\\\/energizer.com\\\/eu\\\/switzerland_de\\\/product\\\/energizer-hybrid-tactical-1200\\\/\"]}]},{\"@type\":\"BreadcrumbList\",\"@id\":\"https:\\\/\\\/energizer.com\\\/eu\\\/switzerland_de\\\/product\\\/energizer-hybrid-tactical-1200\\\/#breadcrumb\",\"itemListElement\":[{\"@type\":\"ListItem\",\"position\":1,\"name\":\"Home\",\"item\":\"https:\\\/\\\/energizer.com\\\/eu\\\/switzerland_de\\\/\"},{\"@type\":\"ListItem\",\"position\":2,\"name\":\"Energizer HYBRID TACTICAL 1200\"}]},{\"@type\":\"WebSite\",\"@id\":\"https:\\\/\\\/energizer.com\\\/eu\\\/switzerland_de\\\/#website\",\"url\":\"https:\\\/\\\/energizer.com\\\/eu\\\/switzerland_de\\\/\",\"name\":\"Energizer Switzerland (DE)\",\"description\":\"\",\"publisher\":{\"@id\":\"https:\\\/\\\/energizer.com\\\/eu\\\/switzerland_de\\\/#organization\"},\"potentialAction\":[{\"@type\":\"SearchAction\",\"target\":{\"@type\":\"EntryPoint\",\"urlTemplate\":\"https:\\\/\\\/energizer.com\\\/eu\\\/switzerland_de\\\/?s={search_term_string}\"},\"query-input\":{\"@type\":\"PropertyValueSpecification\",\"valueRequired\":true,\"valueName\":\"search_term_string\"}}],\"inLanguage\":\"en-US\"},{\"@type\":\"Organization\",\"@id\":\"https:\\\/\\\/energizer.com\\\/eu\\\/switzerland_de\\\/#organization\",\"name\":\"Energizer Switzerland (DE)\",\"url\":\"https:\\\/\\\/energizer.com\\\/eu\\\/switzerland_de\\\/\",\"logo\":{\"@type\":\"ImageObject\",\"inLanguage\":\"en-US\",\"@id\":\"https:\\\/\\\/energizer.com\\\/eu\\\/switzerland_de\\\/#\\\/schema\\\/logo\\\/image\\\/\",\"url\":\"https:\\\/\\\/energizer.com\\\/eu\\\/switzerland_de\\\/wp-content\\\/uploads\\\/sites\\\/55\\\/2024\\\/04\\\/Energizer_brand.png\",\"contentUrl\":\"https:\\\/\\\/energizer.com\\\/eu\\\/switzerland_de\\\/wp-content\\\/uploads\\\/sites\\\/55\\\/2024\\\/04\\\/Energizer_brand.png\",\"width\":267,\"height\":100,\"caption\":\"Energizer Switzerland (DE)\"},\"image\":{\"@id\":\"https:\\\/\\\/energizer.com\\\/eu\\\/switzerland_de\\\/#\\\/schema\\\/logo\\\/image\\\/\"}}]}<\/script>\n<!-- \/ Yoast SEO plugin. -->","yoast_head_json":{"title":"Energizer HYBRID TACTICAL 1200 - Switzerland German","robots":{"index":"index","follow":"follow","max-snippet":"max-snippet:-1","max-image-preview":"max-image-preview:large","max-video-preview":"max-video-preview:-1"},"canonical":"https:\/\/energizer.com\/eu\/switzerland_de\/product\/energizer-hybrid-tactical-1200\/","og_locale":"en_US","og_type":"article","og_title":"Energizer HYBRID TACTICAL 1200 - Switzerland German","og_description":"Bringen Sie mit der Energizer Hybrid Tactical Light ein helles Licht in dunkle Situationen. In dieser robusten LED-Taschenlampe aus Metall vereinen sich kraftvolle Leistung und robuste Konstruktion. Verstauen Sie eine in Ihrem Rucksack als Campinglampe, oder stellen Sie eine in Ihrem Haus als Notfalltaschenlampe auf. Die wiederaufladbare Taschenlampe ist bis zu 15-mal heller als herk\u00f6mmliche LED-Lichttechnologie und wirft einen Lichtstrahl aus, der \u00fcber 650 Fu\u00df weit reicht. Die Modi \u201eHigh\u201c und \u201eLow\u201c sorgen f\u00fcr die richtige Lichtmenge f\u00fcr Ihre Aufgabe, und das Stroboskoplicht hilft Ihnen, f\u00fcr den Notfall ger\u00fcstet zu sein. Die Au\u00dfenleuchte wird entweder mit AA-Batterien oder dem im Lieferumfang enthaltenen Akkupack betrieben. Die wiederaufladbare Leuchte l\u00e4sst sich \u00fcber ein USB-Ladekabel in 8 Stunden vollst\u00e4ndig aufladen und verf\u00fcgt \u00fcber einen USB-Anschluss, \u00fcber den Sie andere Ger\u00e4te aufladen k\u00f6nnen. Das Geh\u00e4use aus Flugzeugaluminium und die bruchsichere Linse sorgen f\u00fcr robuste Haltbarkeit, und der Druckknopf auf der R\u00fcckseite macht die Bedienung dieser Energizer-Taschenlampe einfach. Vertrauen Sie auf Energizer f\u00fcr zuverl\u00e4ssige Leistung in jeder Situation.","og_url":"https:\/\/energizer.com\/eu\/switzerland_de\/product\/energizer-hybrid-tactical-1200\/","og_site_name":"Switzerland German","article_modified_time":"2024-08-23T09:41:46+00:00","twitter_card":"summary_large_image","schema":{"@context":"https:\/\/schema.org","@graph":[{"@type":"WebPage","@id":"https:\/\/energizer.com\/eu\/switzerland_de\/product\/energizer-hybrid-tactical-1200\/","url":"https:\/\/energizer.com\/eu\/switzerland_de\/product\/energizer-hybrid-tactical-1200\/","name":"Energizer HYBRID TACTICAL 1200 - Switzerland German","isPartOf":{"@id":"https:\/\/energizer.com\/eu\/switzerland_de\/#website"},"datePublished":"2024-05-21T13:32:31+00:00","dateModified":"2024-08-23T09:41:46+00:00","breadcrumb":{"@id":"https:\/\/energizer.com\/eu\/switzerland_de\/product\/energizer-hybrid-tactical-1200\/#breadcrumb"},"inLanguage":"en-US","potentialAction":[{"@type":"ReadAction","target":["https:\/\/energizer.com\/eu\/switzerland_de\/product\/energizer-hybrid-tactical-1200\/"]}]},{"@type":"BreadcrumbList","@id":"https:\/\/energizer.com\/eu\/switzerland_de\/product\/energizer-hybrid-tactical-1200\/#breadcrumb","itemListElement":[{"@type":"ListItem","position":1,"name":"Home","item":"https:\/\/energizer.com\/eu\/switzerland_de\/"},{"@type":"ListItem","position":2,"name":"Energizer HYBRID TACTICAL 1200"}]},{"@type":"WebSite","@id":"https:\/\/energizer.com\/eu\/switzerland_de\/#website","url":"https:\/\/energizer.com\/eu\/switzerland_de\/","name":"Energizer Switzerland (DE)","description":"","publisher":{"@id":"https:\/\/energizer.com\/eu\/switzerland_de\/#organization"},"potentialAction":[{"@type":"SearchAction","target":{"@type":"EntryPoint","urlTemplate":"https:\/\/energizer.com\/eu\/switzerland_de\/?s={search_term_string}"},"query-input":{"@type":"PropertyValueSpecification","valueRequired":true,"valueName":"search_term_string"}}],"inLanguage":"en-US"},{"@type":"Organization","@id":"https:\/\/energizer.com\/eu\/switzerland_de\/#organization","name":"Energizer Switzerland (DE)","url":"https:\/\/energizer.com\/eu\/switzerland_de\/","logo":{"@type":"ImageObject","inLanguage":"en-US","@id":"https:\/\/energizer.com\/eu\/switzerland_de\/#\/schema\/logo\/image\/","url":"https:\/\/energizer.com\/eu\/switzerland_de\/wp-content\/uploads\/sites\/55\/2024\/04\/Energizer_brand.png","contentUrl":"https:\/\/energizer.com\/eu\/switzerland_de\/wp-content\/uploads\/sites\/55\/2024\/04\/Energizer_brand.png","width":267,"height":100,"caption":"Energizer Switzerland (DE)"},"image":{"@id":"https:\/\/energizer.com\/eu\/switzerland_de\/#\/schema\/logo\/image\/"}}]}},"_links":{"self":[{"href":"https:\/\/energizer.com\/eu\/switzerland_de\/wp-json\/wp\/v2\/product\/5193","targetHints":{"allow":["GET"]}}],"collection":[{"href":"https:\/\/energizer.com\/eu\/switzerland_de\/wp-json\/wp\/v2\/product"}],"about":[{"href":"https:\/\/energizer.com\/eu\/switzerland_de\/wp-json\/wp\/v2\/types\/product"}],"replies":[{"embeddable":true,"href":"https:\/\/energizer.com\/eu\/switzerland_de\/wp-json\/wp\/v2\/comments?post=5193"}],"version-history":[{"count":3,"href":"https:\/\/energizer.com\/eu\/switzerland_de\/wp-json\/wp\/v2\/product\/5193\/revisions"}],"predecessor-version":[{"id":7912,"href":"https:\/\/energizer.com\/eu\/switzerland_de\/wp-json\/wp\/v2\/product\/5193\/revisions\/7912"}],"wp:attachment":[{"href":"https:\/\/energizer.com\/eu\/switzerland_de\/wp-json\/wp\/v2\/media?parent=5193"}],"wp:term":[{"taxonomy":"product_brand","embeddable":true,"href":"https:\/\/energizer.com\/eu\/switzerland_de\/wp-json\/wp\/v2\/product_brand?post=5193"},{"taxonomy":"product_cat","embeddable":true,"href":"https:\/\/energizer.com\/eu\/switzerland_de\/wp-json\/wp\/v2\/product_cat?post=5193"},{"taxonomy":"product_tag","embeddable":true,"href":"https:\/\/energizer.com\/eu\/switzerland_de\/wp-json\/wp\/v2\/product_tag?post=5193"}],"curies":[{"name":"wp","href":"https:\/\/api.w.org\/{rel}","templated":true}]}}