{"id":5199,"date":"2024-05-21T13:54:58","date_gmt":"2024-05-21T13:54:58","guid":{"rendered":"https:\/\/23b13e8ab3.nxcli.io\/switzerland-german\/?post_type=product&#038;p=5199"},"modified":"2024-08-23T09:41:42","modified_gmt":"2024-08-23T09:41:42","slug":"energizer-x-focus-2aa-torch","status":"publish","type":"product","link":"https:\/\/energizer.com\/eu\/switzerland_de\/product\/energizer-x-focus-2aa-torch\/","title":{"rendered":"Energizer X Focus 2AA Torch"},"content":{"rendered":"<ul>\n<li>Einstellbarer fokussierbarer Lichtstrahl<\/li>\n<li>Ausgestattet mit praktischem Endschalter<\/li>\n<li>Bis zu 10x heller als herk\u00f6mmliche LED-Technologie<\/li>\n<li>Kompakt und leicht<\/li>\n<li>Rutschfester Griff und integrierte Trageschlaufe<\/li>\n<li>Lang anhaltende Leistung<\/li>\n<li>Wasserfest f\u00fcr den Einsatz im Freien<\/li>\n<li>Funktioniert mit 2 AA-Batterien<\/li>\n<\/ul>\n","protected":false},"excerpt":{"rendered":"<p>Mit ihrem kompakten und leichten Design ist die Energizer X-Focus eine helle Lampe mit der neuesten LED-Technologie. Die Leuchte verf\u00fcgt \u00fcber eine verstellbare Fokussierlinse, die einen au\u00dfergew\u00f6hnlich flexiblen Lichtstrahl erm\u00f6glicht. Durch einfaches Drehen kann der Benutzer den Lichtstrahl entweder auf ein starkes Spotlicht oder ein breites Flutlicht einstellen, um alle Beleuchtungsanforderungen zu erf\u00fcllen. Die Leuchte ist mit einem rutschfesten Griff, einer Trageschlaufe und einer bruchsicheren Linse ausgestattet, um die Haltbarkeit zu erh\u00f6hen. Die Energizer X-Focus ist eine wirklich leistungsstarke Lampe f\u00fcr alle Beleuchtungsanforderungen im Innen- und Au\u00dfenbereich.<\/p>\n","protected":false},"featured_media":0,"comment_status":"open","ping_status":"closed","template":"","meta":{"_acf_changed":false},"product_brand":[],"product_cat":[97],"product_tag":[],"class_list":{"0":"post-5199","1":"product","2":"type-product","3":"status-publish","5":"product_cat-handheld","6":"pa_uses-everyday","8":"first","9":"instock","10":"shipping-taxable","11":"product-type-simple"},"acf":[],"yoast_head":"<!-- This site is optimized with the Yoast SEO plugin v27.4 - https:\/\/yoast.com\/product\/yoast-seo-wordpress\/ -->\n<title>Energizer X Focus 2AA Torch - Switzerland German<\/title>\n<meta name=\"robots\" content=\"index, follow, max-snippet:-1, max-image-preview:large, max-video-preview:-1\" \/>\n<link rel=\"canonical\" href=\"https:\/\/energizer.com\/eu\/switzerland_de\/product\/energizer-x-focus-2aa-torch\/\" \/>\n<meta property=\"og:locale\" content=\"en_US\" \/>\n<meta property=\"og:type\" content=\"article\" \/>\n<meta property=\"og:title\" content=\"Energizer X Focus 2AA Torch - Switzerland German\" \/>\n<meta property=\"og:description\" content=\"Mit ihrem kompakten und leichten Design ist die Energizer X-Focus eine helle Lampe mit der neuesten LED-Technologie. Die Leuchte verf\u00fcgt \u00fcber eine verstellbare Fokussierlinse, die einen au\u00dfergew\u00f6hnlich flexiblen Lichtstrahl erm\u00f6glicht. Durch einfaches Drehen kann der Benutzer den Lichtstrahl entweder auf ein starkes Spotlicht oder ein breites Flutlicht einstellen, um alle Beleuchtungsanforderungen zu erf\u00fcllen. Die Leuchte ist mit einem rutschfesten Griff, einer Trageschlaufe und einer bruchsicheren Linse ausgestattet, um die Haltbarkeit zu erh\u00f6hen. Die Energizer X-Focus ist eine wirklich leistungsstarke Lampe f\u00fcr alle Beleuchtungsanforderungen im Innen- und Au\u00dfenbereich.\" \/>\n<meta property=\"og:url\" content=\"https:\/\/energizer.com\/eu\/switzerland_de\/product\/energizer-x-focus-2aa-torch\/\" \/>\n<meta property=\"og:site_name\" content=\"Switzerland German\" \/>\n<meta property=\"article:modified_time\" content=\"2024-08-23T09:41:42+00:00\" \/>\n<meta name=\"twitter:card\" content=\"summary_large_image\" \/>\n<script type=\"application\/ld+json\" class=\"yoast-schema-graph\">{\"@context\":\"https:\\\/\\\/schema.org\",\"@graph\":[{\"@type\":\"WebPage\",\"@id\":\"https:\\\/\\\/energizer.com\\\/eu\\\/switzerland_de\\\/product\\\/energizer-x-focus-2aa-torch\\\/\",\"url\":\"https:\\\/\\\/energizer.com\\\/eu\\\/switzerland_de\\\/product\\\/energizer-x-focus-2aa-torch\\\/\",\"name\":\"Energizer X Focus 2AA Torch - Switzerland German\",\"isPartOf\":{\"@id\":\"https:\\\/\\\/energizer.com\\\/eu\\\/switzerland_de\\\/#website\"},\"datePublished\":\"2024-05-21T13:54:58+00:00\",\"dateModified\":\"2024-08-23T09:41:42+00:00\",\"breadcrumb\":{\"@id\":\"https:\\\/\\\/energizer.com\\\/eu\\\/switzerland_de\\\/product\\\/energizer-x-focus-2aa-torch\\\/#breadcrumb\"},\"inLanguage\":\"en-US\",\"potentialAction\":[{\"@type\":\"ReadAction\",\"target\":[\"https:\\\/\\\/energizer.com\\\/eu\\\/switzerland_de\\\/product\\\/energizer-x-focus-2aa-torch\\\/\"]}]},{\"@type\":\"BreadcrumbList\",\"@id\":\"https:\\\/\\\/energizer.com\\\/eu\\\/switzerland_de\\\/product\\\/energizer-x-focus-2aa-torch\\\/#breadcrumb\",\"itemListElement\":[{\"@type\":\"ListItem\",\"position\":1,\"name\":\"Home\",\"item\":\"https:\\\/\\\/energizer.com\\\/eu\\\/switzerland_de\\\/\"},{\"@type\":\"ListItem\",\"position\":2,\"name\":\"Energizer X Focus 2AA Torch\"}]},{\"@type\":\"WebSite\",\"@id\":\"https:\\\/\\\/energizer.com\\\/eu\\\/switzerland_de\\\/#website\",\"url\":\"https:\\\/\\\/energizer.com\\\/eu\\\/switzerland_de\\\/\",\"name\":\"Energizer Switzerland (DE)\",\"description\":\"\",\"publisher\":{\"@id\":\"https:\\\/\\\/energizer.com\\\/eu\\\/switzerland_de\\\/#organization\"},\"potentialAction\":[{\"@type\":\"SearchAction\",\"target\":{\"@type\":\"EntryPoint\",\"urlTemplate\":\"https:\\\/\\\/energizer.com\\\/eu\\\/switzerland_de\\\/?s={search_term_string}\"},\"query-input\":{\"@type\":\"PropertyValueSpecification\",\"valueRequired\":true,\"valueName\":\"search_term_string\"}}],\"inLanguage\":\"en-US\"},{\"@type\":\"Organization\",\"@id\":\"https:\\\/\\\/energizer.com\\\/eu\\\/switzerland_de\\\/#organization\",\"name\":\"Energizer Switzerland (DE)\",\"url\":\"https:\\\/\\\/energizer.com\\\/eu\\\/switzerland_de\\\/\",\"logo\":{\"@type\":\"ImageObject\",\"inLanguage\":\"en-US\",\"@id\":\"https:\\\/\\\/energizer.com\\\/eu\\\/switzerland_de\\\/#\\\/schema\\\/logo\\\/image\\\/\",\"url\":\"https:\\\/\\\/energizer.com\\\/eu\\\/switzerland_de\\\/wp-content\\\/uploads\\\/sites\\\/55\\\/2024\\\/04\\\/Energizer_brand.png\",\"contentUrl\":\"https:\\\/\\\/energizer.com\\\/eu\\\/switzerland_de\\\/wp-content\\\/uploads\\\/sites\\\/55\\\/2024\\\/04\\\/Energizer_brand.png\",\"width\":267,\"height\":100,\"caption\":\"Energizer Switzerland (DE)\"},\"image\":{\"@id\":\"https:\\\/\\\/energizer.com\\\/eu\\\/switzerland_de\\\/#\\\/schema\\\/logo\\\/image\\\/\"}}]}<\/script>\n<!-- \/ Yoast SEO plugin. -->","yoast_head_json":{"title":"Energizer X Focus 2AA Torch - Switzerland German","robots":{"index":"index","follow":"follow","max-snippet":"max-snippet:-1","max-image-preview":"max-image-preview:large","max-video-preview":"max-video-preview:-1"},"canonical":"https:\/\/energizer.com\/eu\/switzerland_de\/product\/energizer-x-focus-2aa-torch\/","og_locale":"en_US","og_type":"article","og_title":"Energizer X Focus 2AA Torch - Switzerland German","og_description":"Mit ihrem kompakten und leichten Design ist die Energizer X-Focus eine helle Lampe mit der neuesten LED-Technologie. Die Leuchte verf\u00fcgt \u00fcber eine verstellbare Fokussierlinse, die einen au\u00dfergew\u00f6hnlich flexiblen Lichtstrahl erm\u00f6glicht. Durch einfaches Drehen kann der Benutzer den Lichtstrahl entweder auf ein starkes Spotlicht oder ein breites Flutlicht einstellen, um alle Beleuchtungsanforderungen zu erf\u00fcllen. Die Leuchte ist mit einem rutschfesten Griff, einer Trageschlaufe und einer bruchsicheren Linse ausgestattet, um die Haltbarkeit zu erh\u00f6hen. Die Energizer X-Focus ist eine wirklich leistungsstarke Lampe f\u00fcr alle Beleuchtungsanforderungen im Innen- und Au\u00dfenbereich.","og_url":"https:\/\/energizer.com\/eu\/switzerland_de\/product\/energizer-x-focus-2aa-torch\/","og_site_name":"Switzerland German","article_modified_time":"2024-08-23T09:41:42+00:00","twitter_card":"summary_large_image","schema":{"@context":"https:\/\/schema.org","@graph":[{"@type":"WebPage","@id":"https:\/\/energizer.com\/eu\/switzerland_de\/product\/energizer-x-focus-2aa-torch\/","url":"https:\/\/energizer.com\/eu\/switzerland_de\/product\/energizer-x-focus-2aa-torch\/","name":"Energizer X Focus 2AA Torch - Switzerland German","isPartOf":{"@id":"https:\/\/energizer.com\/eu\/switzerland_de\/#website"},"datePublished":"2024-05-21T13:54:58+00:00","dateModified":"2024-08-23T09:41:42+00:00","breadcrumb":{"@id":"https:\/\/energizer.com\/eu\/switzerland_de\/product\/energizer-x-focus-2aa-torch\/#breadcrumb"},"inLanguage":"en-US","potentialAction":[{"@type":"ReadAction","target":["https:\/\/energizer.com\/eu\/switzerland_de\/product\/energizer-x-focus-2aa-torch\/"]}]},{"@type":"BreadcrumbList","@id":"https:\/\/energizer.com\/eu\/switzerland_de\/product\/energizer-x-focus-2aa-torch\/#breadcrumb","itemListElement":[{"@type":"ListItem","position":1,"name":"Home","item":"https:\/\/energizer.com\/eu\/switzerland_de\/"},{"@type":"ListItem","position":2,"name":"Energizer X Focus 2AA Torch"}]},{"@type":"WebSite","@id":"https:\/\/energizer.com\/eu\/switzerland_de\/#website","url":"https:\/\/energizer.com\/eu\/switzerland_de\/","name":"Energizer Switzerland (DE)","description":"","publisher":{"@id":"https:\/\/energizer.com\/eu\/switzerland_de\/#organization"},"potentialAction":[{"@type":"SearchAction","target":{"@type":"EntryPoint","urlTemplate":"https:\/\/energizer.com\/eu\/switzerland_de\/?s={search_term_string}"},"query-input":{"@type":"PropertyValueSpecification","valueRequired":true,"valueName":"search_term_string"}}],"inLanguage":"en-US"},{"@type":"Organization","@id":"https:\/\/energizer.com\/eu\/switzerland_de\/#organization","name":"Energizer Switzerland (DE)","url":"https:\/\/energizer.com\/eu\/switzerland_de\/","logo":{"@type":"ImageObject","inLanguage":"en-US","@id":"https:\/\/energizer.com\/eu\/switzerland_de\/#\/schema\/logo\/image\/","url":"https:\/\/energizer.com\/eu\/switzerland_de\/wp-content\/uploads\/sites\/55\/2024\/04\/Energizer_brand.png","contentUrl":"https:\/\/energizer.com\/eu\/switzerland_de\/wp-content\/uploads\/sites\/55\/2024\/04\/Energizer_brand.png","width":267,"height":100,"caption":"Energizer Switzerland (DE)"},"image":{"@id":"https:\/\/energizer.com\/eu\/switzerland_de\/#\/schema\/logo\/image\/"}}]}},"_links":{"self":[{"href":"https:\/\/energizer.com\/eu\/switzerland_de\/wp-json\/wp\/v2\/product\/5199","targetHints":{"allow":["GET"]}}],"collection":[{"href":"https:\/\/energizer.com\/eu\/switzerland_de\/wp-json\/wp\/v2\/product"}],"about":[{"href":"https:\/\/energizer.com\/eu\/switzerland_de\/wp-json\/wp\/v2\/types\/product"}],"replies":[{"embeddable":true,"href":"https:\/\/energizer.com\/eu\/switzerland_de\/wp-json\/wp\/v2\/comments?post=5199"}],"version-history":[{"count":3,"href":"https:\/\/energizer.com\/eu\/switzerland_de\/wp-json\/wp\/v2\/product\/5199\/revisions"}],"predecessor-version":[{"id":7905,"href":"https:\/\/energizer.com\/eu\/switzerland_de\/wp-json\/wp\/v2\/product\/5199\/revisions\/7905"}],"wp:attachment":[{"href":"https:\/\/energizer.com\/eu\/switzerland_de\/wp-json\/wp\/v2\/media?parent=5199"}],"wp:term":[{"taxonomy":"product_brand","embeddable":true,"href":"https:\/\/energizer.com\/eu\/switzerland_de\/wp-json\/wp\/v2\/product_brand?post=5199"},{"taxonomy":"product_cat","embeddable":true,"href":"https:\/\/energizer.com\/eu\/switzerland_de\/wp-json\/wp\/v2\/product_cat?post=5199"},{"taxonomy":"product_tag","embeddable":true,"href":"https:\/\/energizer.com\/eu\/switzerland_de\/wp-json\/wp\/v2\/product_tag?post=5199"}],"curies":[{"name":"wp","href":"https:\/\/api.w.org\/{rel}","templated":true}]}}