{"id":5203,"date":"2024-05-21T14:02:51","date_gmt":"2024-05-21T14:02:51","guid":{"rendered":"https:\/\/23b13e8ab3.nxcli.io\/switzerland-german\/?post_type=product&#038;p=5203"},"modified":"2024-08-23T12:38:52","modified_gmt":"2024-08-23T12:38:52","slug":"energizer-head-torch-vision-headlight","status":"publish","type":"product","link":"https:\/\/energizer.com\/eu\/switzerland_de\/product\/energizer-head-torch-vision-headlight\/","title":{"rendered":"Energizer Head Torch, Vision Headlight"},"content":{"rendered":"<ul>\n<li>Energizer Vision Headlight mit 3 LEDs und verstellbarem, elastischem Kopfband, inklusive 3 AAA-Alkalibatterien<\/li>\n<li>LED-Technologie: Diese leistungsstarke LED-Kopflampe mit 200 Lumen hat eine beeindruckende Reichweite von 50 Metern<\/li>\n<li>Langlebige Konstruktion: Diese langlebige Stirnlampe ist ideal f\u00fcr den dauerhaften Einsatz, denn sie \u00fcbersteht den 1-Meter-Falltest und hat eine bruchsichere Linse<\/li>\n<li>Vielseitiges Hands-Free-Licht: Die einfach zu bedienende, kompakte Freisprechleuchte eignet sich f\u00fcr Stromausf\u00e4lle, Heimwerker und vieles mehr<\/li>\n<li>Bequemes Design: Richten Sie das Licht dorthin, wo Sie es brauchen, mit dieser wasserfesten, leichten Kopftaschenlampe, die dank des verstellbaren Kopfbandes und des Komfortpolsters einen festen Sitz hat<\/li>\n<li>Stundenlange Laufzeit: Diese langlebige und effektive Kopflampe leuchtet bis zu 7 Stunden lang im High-Modus<\/li>\n<li>Zuverl\u00e4ssige Leistung: Vertrauen Sie darauf, dass Energizer die versprochene Leistung liefert &#8211; alle Energizer-Lampen werden getestet und entsprechen den strengen, zuverl\u00e4ssigen ANSI-Standards<\/li>\n<\/ul>\n","protected":false},"excerpt":{"rendered":"<p>Mit dieser leichten und vielseitigen Stirnlampe haben Sie die H\u00e4nde frei und k\u00f6nnen jedes Abenteuer in vollen Z\u00fcgen genie\u00dfen. Die Energizer Vision Headlight ist kompakt und freih\u00e4ndig &#8211; ideal f\u00fcr Heimwerker und Aktivit\u00e4ten, die beide H\u00e4nde erfordern. Und sie leuchtet Ihnen bei jedem Ausflug in der Dunkelheit den Weg, egal ob Sie campen, wandern oder joggen gehen. Diese LED-Kopflampe mit 200 Lumen erhellt selbst die dunkelsten R\u00e4ume und leuchtet im High-Modus bis zu 50 Meter weit, damit Sie genau dort Licht haben, wo Sie es brauchen. W\u00e4hlen Sie zwischen niedriger und hoher Leistung, um den perfekten Lichtmodus f\u00fcr Ihre Aktivit\u00e4t zu finden, und genie\u00dfen Sie die neueste LED-Technologie und eine lange Laufzeit.<\/p>\n","protected":false},"featured_media":0,"comment_status":"open","ping_status":"closed","template":"","meta":{"_acf_changed":false},"product_brand":[],"product_cat":[43],"product_tag":[],"class_list":{"0":"post-5203","1":"product","2":"type-product","3":"status-publish","5":"product_cat-hands-free","6":"pa_uses-everyday","8":"first","9":"instock","10":"shipping-taxable","11":"product-type-simple"},"acf":[],"yoast_head":"<!-- This site is optimized with the Yoast SEO plugin v27.4 - https:\/\/yoast.com\/product\/yoast-seo-wordpress\/ -->\n<title>Energizer Head Torch, Vision Headlight - Switzerland German<\/title>\n<meta name=\"robots\" content=\"index, follow, max-snippet:-1, max-image-preview:large, max-video-preview:-1\" \/>\n<link rel=\"canonical\" href=\"https:\/\/energizer.com\/eu\/switzerland_de\/product\/energizer-head-torch-vision-headlight\/\" \/>\n<meta property=\"og:locale\" content=\"en_US\" \/>\n<meta property=\"og:type\" content=\"article\" \/>\n<meta property=\"og:title\" content=\"Energizer Head Torch, Vision Headlight - Switzerland German\" \/>\n<meta property=\"og:description\" content=\"Mit dieser leichten und vielseitigen Stirnlampe haben Sie die H\u00e4nde frei und k\u00f6nnen jedes Abenteuer in vollen Z\u00fcgen genie\u00dfen. Die Energizer Vision Headlight ist kompakt und freih\u00e4ndig - ideal f\u00fcr Heimwerker und Aktivit\u00e4ten, die beide H\u00e4nde erfordern. Und sie leuchtet Ihnen bei jedem Ausflug in der Dunkelheit den Weg, egal ob Sie campen, wandern oder joggen gehen. Diese LED-Kopflampe mit 200 Lumen erhellt selbst die dunkelsten R\u00e4ume und leuchtet im High-Modus bis zu 50 Meter weit, damit Sie genau dort Licht haben, wo Sie es brauchen. W\u00e4hlen Sie zwischen niedriger und hoher Leistung, um den perfekten Lichtmodus f\u00fcr Ihre Aktivit\u00e4t zu finden, und genie\u00dfen Sie die neueste LED-Technologie und eine lange Laufzeit.\" \/>\n<meta property=\"og:url\" content=\"https:\/\/energizer.com\/eu\/switzerland_de\/product\/energizer-head-torch-vision-headlight\/\" \/>\n<meta property=\"og:site_name\" content=\"Switzerland German\" \/>\n<meta property=\"article:modified_time\" content=\"2024-08-23T12:38:52+00:00\" \/>\n<meta name=\"twitter:card\" content=\"summary_large_image\" \/>\n<script type=\"application\/ld+json\" class=\"yoast-schema-graph\">{\"@context\":\"https:\\\/\\\/schema.org\",\"@graph\":[{\"@type\":\"WebPage\",\"@id\":\"https:\\\/\\\/energizer.com\\\/eu\\\/switzerland_de\\\/product\\\/energizer-head-torch-vision-headlight\\\/\",\"url\":\"https:\\\/\\\/energizer.com\\\/eu\\\/switzerland_de\\\/product\\\/energizer-head-torch-vision-headlight\\\/\",\"name\":\"Energizer Head Torch, Vision Headlight - Switzerland German\",\"isPartOf\":{\"@id\":\"https:\\\/\\\/energizer.com\\\/eu\\\/switzerland_de\\\/#website\"},\"datePublished\":\"2024-05-21T14:02:51+00:00\",\"dateModified\":\"2024-08-23T12:38:52+00:00\",\"breadcrumb\":{\"@id\":\"https:\\\/\\\/energizer.com\\\/eu\\\/switzerland_de\\\/product\\\/energizer-head-torch-vision-headlight\\\/#breadcrumb\"},\"inLanguage\":\"en-US\",\"potentialAction\":[{\"@type\":\"ReadAction\",\"target\":[\"https:\\\/\\\/energizer.com\\\/eu\\\/switzerland_de\\\/product\\\/energizer-head-torch-vision-headlight\\\/\"]}]},{\"@type\":\"BreadcrumbList\",\"@id\":\"https:\\\/\\\/energizer.com\\\/eu\\\/switzerland_de\\\/product\\\/energizer-head-torch-vision-headlight\\\/#breadcrumb\",\"itemListElement\":[{\"@type\":\"ListItem\",\"position\":1,\"name\":\"Home\",\"item\":\"https:\\\/\\\/energizer.com\\\/eu\\\/switzerland_de\\\/\"},{\"@type\":\"ListItem\",\"position\":2,\"name\":\"Energizer Head Torch, Vision Headlight\"}]},{\"@type\":\"WebSite\",\"@id\":\"https:\\\/\\\/energizer.com\\\/eu\\\/switzerland_de\\\/#website\",\"url\":\"https:\\\/\\\/energizer.com\\\/eu\\\/switzerland_de\\\/\",\"name\":\"Energizer Switzerland (DE)\",\"description\":\"\",\"publisher\":{\"@id\":\"https:\\\/\\\/energizer.com\\\/eu\\\/switzerland_de\\\/#organization\"},\"potentialAction\":[{\"@type\":\"SearchAction\",\"target\":{\"@type\":\"EntryPoint\",\"urlTemplate\":\"https:\\\/\\\/energizer.com\\\/eu\\\/switzerland_de\\\/?s={search_term_string}\"},\"query-input\":{\"@type\":\"PropertyValueSpecification\",\"valueRequired\":true,\"valueName\":\"search_term_string\"}}],\"inLanguage\":\"en-US\"},{\"@type\":\"Organization\",\"@id\":\"https:\\\/\\\/energizer.com\\\/eu\\\/switzerland_de\\\/#organization\",\"name\":\"Energizer Switzerland (DE)\",\"url\":\"https:\\\/\\\/energizer.com\\\/eu\\\/switzerland_de\\\/\",\"logo\":{\"@type\":\"ImageObject\",\"inLanguage\":\"en-US\",\"@id\":\"https:\\\/\\\/energizer.com\\\/eu\\\/switzerland_de\\\/#\\\/schema\\\/logo\\\/image\\\/\",\"url\":\"https:\\\/\\\/energizer.com\\\/eu\\\/switzerland_de\\\/wp-content\\\/uploads\\\/sites\\\/55\\\/2024\\\/04\\\/Energizer_brand.png\",\"contentUrl\":\"https:\\\/\\\/energizer.com\\\/eu\\\/switzerland_de\\\/wp-content\\\/uploads\\\/sites\\\/55\\\/2024\\\/04\\\/Energizer_brand.png\",\"width\":267,\"height\":100,\"caption\":\"Energizer Switzerland (DE)\"},\"image\":{\"@id\":\"https:\\\/\\\/energizer.com\\\/eu\\\/switzerland_de\\\/#\\\/schema\\\/logo\\\/image\\\/\"}}]}<\/script>\n<!-- \/ Yoast SEO plugin. -->","yoast_head_json":{"title":"Energizer Head Torch, Vision Headlight - Switzerland German","robots":{"index":"index","follow":"follow","max-snippet":"max-snippet:-1","max-image-preview":"max-image-preview:large","max-video-preview":"max-video-preview:-1"},"canonical":"https:\/\/energizer.com\/eu\/switzerland_de\/product\/energizer-head-torch-vision-headlight\/","og_locale":"en_US","og_type":"article","og_title":"Energizer Head Torch, Vision Headlight - Switzerland German","og_description":"Mit dieser leichten und vielseitigen Stirnlampe haben Sie die H\u00e4nde frei und k\u00f6nnen jedes Abenteuer in vollen Z\u00fcgen genie\u00dfen. Die Energizer Vision Headlight ist kompakt und freih\u00e4ndig - ideal f\u00fcr Heimwerker und Aktivit\u00e4ten, die beide H\u00e4nde erfordern. Und sie leuchtet Ihnen bei jedem Ausflug in der Dunkelheit den Weg, egal ob Sie campen, wandern oder joggen gehen. Diese LED-Kopflampe mit 200 Lumen erhellt selbst die dunkelsten R\u00e4ume und leuchtet im High-Modus bis zu 50 Meter weit, damit Sie genau dort Licht haben, wo Sie es brauchen. W\u00e4hlen Sie zwischen niedriger und hoher Leistung, um den perfekten Lichtmodus f\u00fcr Ihre Aktivit\u00e4t zu finden, und genie\u00dfen Sie die neueste LED-Technologie und eine lange Laufzeit.","og_url":"https:\/\/energizer.com\/eu\/switzerland_de\/product\/energizer-head-torch-vision-headlight\/","og_site_name":"Switzerland German","article_modified_time":"2024-08-23T12:38:52+00:00","twitter_card":"summary_large_image","schema":{"@context":"https:\/\/schema.org","@graph":[{"@type":"WebPage","@id":"https:\/\/energizer.com\/eu\/switzerland_de\/product\/energizer-head-torch-vision-headlight\/","url":"https:\/\/energizer.com\/eu\/switzerland_de\/product\/energizer-head-torch-vision-headlight\/","name":"Energizer Head Torch, Vision Headlight - Switzerland German","isPartOf":{"@id":"https:\/\/energizer.com\/eu\/switzerland_de\/#website"},"datePublished":"2024-05-21T14:02:51+00:00","dateModified":"2024-08-23T12:38:52+00:00","breadcrumb":{"@id":"https:\/\/energizer.com\/eu\/switzerland_de\/product\/energizer-head-torch-vision-headlight\/#breadcrumb"},"inLanguage":"en-US","potentialAction":[{"@type":"ReadAction","target":["https:\/\/energizer.com\/eu\/switzerland_de\/product\/energizer-head-torch-vision-headlight\/"]}]},{"@type":"BreadcrumbList","@id":"https:\/\/energizer.com\/eu\/switzerland_de\/product\/energizer-head-torch-vision-headlight\/#breadcrumb","itemListElement":[{"@type":"ListItem","position":1,"name":"Home","item":"https:\/\/energizer.com\/eu\/switzerland_de\/"},{"@type":"ListItem","position":2,"name":"Energizer Head Torch, Vision Headlight"}]},{"@type":"WebSite","@id":"https:\/\/energizer.com\/eu\/switzerland_de\/#website","url":"https:\/\/energizer.com\/eu\/switzerland_de\/","name":"Energizer Switzerland (DE)","description":"","publisher":{"@id":"https:\/\/energizer.com\/eu\/switzerland_de\/#organization"},"potentialAction":[{"@type":"SearchAction","target":{"@type":"EntryPoint","urlTemplate":"https:\/\/energizer.com\/eu\/switzerland_de\/?s={search_term_string}"},"query-input":{"@type":"PropertyValueSpecification","valueRequired":true,"valueName":"search_term_string"}}],"inLanguage":"en-US"},{"@type":"Organization","@id":"https:\/\/energizer.com\/eu\/switzerland_de\/#organization","name":"Energizer Switzerland (DE)","url":"https:\/\/energizer.com\/eu\/switzerland_de\/","logo":{"@type":"ImageObject","inLanguage":"en-US","@id":"https:\/\/energizer.com\/eu\/switzerland_de\/#\/schema\/logo\/image\/","url":"https:\/\/energizer.com\/eu\/switzerland_de\/wp-content\/uploads\/sites\/55\/2024\/04\/Energizer_brand.png","contentUrl":"https:\/\/energizer.com\/eu\/switzerland_de\/wp-content\/uploads\/sites\/55\/2024\/04\/Energizer_brand.png","width":267,"height":100,"caption":"Energizer Switzerland (DE)"},"image":{"@id":"https:\/\/energizer.com\/eu\/switzerland_de\/#\/schema\/logo\/image\/"}}]}},"_links":{"self":[{"href":"https:\/\/energizer.com\/eu\/switzerland_de\/wp-json\/wp\/v2\/product\/5203","targetHints":{"allow":["GET"]}}],"collection":[{"href":"https:\/\/energizer.com\/eu\/switzerland_de\/wp-json\/wp\/v2\/product"}],"about":[{"href":"https:\/\/energizer.com\/eu\/switzerland_de\/wp-json\/wp\/v2\/types\/product"}],"replies":[{"embeddable":true,"href":"https:\/\/energizer.com\/eu\/switzerland_de\/wp-json\/wp\/v2\/comments?post=5203"}],"version-history":[{"count":4,"href":"https:\/\/energizer.com\/eu\/switzerland_de\/wp-json\/wp\/v2\/product\/5203\/revisions"}],"predecessor-version":[{"id":9633,"href":"https:\/\/energizer.com\/eu\/switzerland_de\/wp-json\/wp\/v2\/product\/5203\/revisions\/9633"}],"wp:attachment":[{"href":"https:\/\/energizer.com\/eu\/switzerland_de\/wp-json\/wp\/v2\/media?parent=5203"}],"wp:term":[{"taxonomy":"product_brand","embeddable":true,"href":"https:\/\/energizer.com\/eu\/switzerland_de\/wp-json\/wp\/v2\/product_brand?post=5203"},{"taxonomy":"product_cat","embeddable":true,"href":"https:\/\/energizer.com\/eu\/switzerland_de\/wp-json\/wp\/v2\/product_cat?post=5203"},{"taxonomy":"product_tag","embeddable":true,"href":"https:\/\/energizer.com\/eu\/switzerland_de\/wp-json\/wp\/v2\/product_tag?post=5203"}],"curies":[{"name":"wp","href":"https:\/\/api.w.org\/{rel}","templated":true}]}}