{"id":5208,"date":"2024-05-21T18:25:14","date_gmt":"2024-05-21T18:25:14","guid":{"rendered":"https:\/\/23b13e8ab3.nxcli.io\/switzerland-german\/?post_type=product&#038;p=5208"},"modified":"2024-08-23T12:26:32","modified_gmt":"2024-08-23T12:26:32","slug":"energizer-torch","status":"publish","type":"product","link":"https:\/\/energizer.com\/eu\/switzerland_de\/product\/energizer-torch\/","title":{"rendered":"Energizer Torch"},"content":{"rendered":"<ul>\n<li>Energizer Rubber Handheld-Taschenlampe mit 2 AA-Batterien inklusive<\/li>\n<li>LED-Technologie: Diese leistungsstarke 125-Lumen-Taschenlampe hat eine Reichweite von 100 Metern und leuchtet 10x heller als herk\u00f6mmliche LED-Technologie<\/li>\n<li>Vielseitiger, freih\u00e4ndiger Einsatz: Der praktische, eingebaute St\u00e4nder und die integrierte Lanyard-Schlaufe machen diese Gummitaschenlampe ideal f\u00fcr Heimwerkerprojekte und alle Aktivit\u00e4ten, die beide H\u00e4nde erfordern<\/li>\n<li>Langlebige Gummikonstruktion: Die robuste Konstruktion mit bruchsicherer Linse sch\u00fctzt vor Br\u00fcchen<\/li>\n<li>Stundenlange Laufzeit: Die Energizer LED-Taschenlampe hat eine lange Laufzeit von bis zu 12 Stunden<\/li>\n<li>Praktische Gr\u00f6\u00dfe: Diese leichte, leistungsstarke Taschenlampe kann in der Schublade, im Auto, in der Hausapotheke oder in der Tasche mitgef\u00fchrt werden<\/li>\n<li>Zuverl\u00e4ssige Leistung: Vertrauen Sie auf Energizer, um die versprochene Leistung zu erhalten<\/li>\n<\/ul>\n","protected":false},"excerpt":{"rendered":"<p>Beleuchten Sie Ihre Umgebung m\u00fchelos mit dieser leistungsstarken, kraftvollen Taschenlampe. Die Energizer Rubber Handheld-Taschenlampe bietet eine au\u00dfergew\u00f6hnliche Helligkeit f\u00fcr bis zu 12 Stunden &#8211; egal, ob Sie sich auf ein Abenteuer begeben oder sich auf Notf\u00e4lle zu Hause vorbereiten. Diese 125-Lumen-Taschenlampe ist ideal zum Campen, Heimwerken oder f\u00fcr Stromausf\u00e4lle zu Hause. Sie kann die dunkelsten R\u00e4ume erhellen und leuchtet bis zu 100 Meter weit. Dank des eingebauten St\u00e4nders k\u00f6nnen Sie die Taschenlampe auch als Freihandlampe beim Heimwerken oder bei anderen Aktivit\u00e4ten verwenden, f\u00fcr die Sie beide H\u00e4nde ben\u00f6tigen. Dank der integrierten Schlaufe l\u00e4sst sie sich leicht an einem Schl\u00fcsselband oder Karabinerhaken befestigen, was f\u00fcr zus\u00e4tzlichen Komfort sorgt.<\/p>\n","protected":false},"featured_media":0,"comment_status":"open","ping_status":"closed","template":"","meta":{"_acf_changed":false},"product_brand":[],"product_cat":[97],"product_tag":[],"class_list":{"0":"post-5208","1":"product","2":"type-product","3":"status-publish","5":"product_cat-handheld","6":"pa_uses-everyday","8":"first","9":"instock","10":"shipping-taxable","11":"product-type-simple"},"acf":[],"yoast_head":"<!-- This site is optimized with the Yoast SEO plugin v27.4 - https:\/\/yoast.com\/product\/yoast-seo-wordpress\/ -->\n<title>Energizer Torch - Switzerland German<\/title>\n<meta name=\"robots\" content=\"index, follow, max-snippet:-1, max-image-preview:large, max-video-preview:-1\" \/>\n<link rel=\"canonical\" href=\"https:\/\/energizer.com\/eu\/switzerland_de\/product\/energizer-torch\/\" \/>\n<meta property=\"og:locale\" content=\"en_US\" \/>\n<meta property=\"og:type\" content=\"article\" \/>\n<meta property=\"og:title\" content=\"Energizer Torch - Switzerland German\" \/>\n<meta property=\"og:description\" content=\"Beleuchten Sie Ihre Umgebung m\u00fchelos mit dieser leistungsstarken, kraftvollen Taschenlampe. Die Energizer Rubber Handheld-Taschenlampe bietet eine au\u00dfergew\u00f6hnliche Helligkeit f\u00fcr bis zu 12 Stunden - egal, ob Sie sich auf ein Abenteuer begeben oder sich auf Notf\u00e4lle zu Hause vorbereiten. Diese 125-Lumen-Taschenlampe ist ideal zum Campen, Heimwerken oder f\u00fcr Stromausf\u00e4lle zu Hause. Sie kann die dunkelsten R\u00e4ume erhellen und leuchtet bis zu 100 Meter weit. Dank des eingebauten St\u00e4nders k\u00f6nnen Sie die Taschenlampe auch als Freihandlampe beim Heimwerken oder bei anderen Aktivit\u00e4ten verwenden, f\u00fcr die Sie beide H\u00e4nde ben\u00f6tigen. Dank der integrierten Schlaufe l\u00e4sst sie sich leicht an einem Schl\u00fcsselband oder Karabinerhaken befestigen, was f\u00fcr zus\u00e4tzlichen Komfort sorgt.\" \/>\n<meta property=\"og:url\" content=\"https:\/\/energizer.com\/eu\/switzerland_de\/product\/energizer-torch\/\" \/>\n<meta property=\"og:site_name\" content=\"Switzerland German\" \/>\n<meta property=\"article:modified_time\" content=\"2024-08-23T12:26:32+00:00\" \/>\n<meta name=\"twitter:card\" content=\"summary_large_image\" \/>\n<script type=\"application\/ld+json\" class=\"yoast-schema-graph\">{\"@context\":\"https:\\\/\\\/schema.org\",\"@graph\":[{\"@type\":\"WebPage\",\"@id\":\"https:\\\/\\\/energizer.com\\\/eu\\\/switzerland_de\\\/product\\\/energizer-torch\\\/\",\"url\":\"https:\\\/\\\/energizer.com\\\/eu\\\/switzerland_de\\\/product\\\/energizer-torch\\\/\",\"name\":\"Energizer Torch - Switzerland German\",\"isPartOf\":{\"@id\":\"https:\\\/\\\/energizer.com\\\/eu\\\/switzerland_de\\\/#website\"},\"datePublished\":\"2024-05-21T18:25:14+00:00\",\"dateModified\":\"2024-08-23T12:26:32+00:00\",\"breadcrumb\":{\"@id\":\"https:\\\/\\\/energizer.com\\\/eu\\\/switzerland_de\\\/product\\\/energizer-torch\\\/#breadcrumb\"},\"inLanguage\":\"en-US\",\"potentialAction\":[{\"@type\":\"ReadAction\",\"target\":[\"https:\\\/\\\/energizer.com\\\/eu\\\/switzerland_de\\\/product\\\/energizer-torch\\\/\"]}]},{\"@type\":\"BreadcrumbList\",\"@id\":\"https:\\\/\\\/energizer.com\\\/eu\\\/switzerland_de\\\/product\\\/energizer-torch\\\/#breadcrumb\",\"itemListElement\":[{\"@type\":\"ListItem\",\"position\":1,\"name\":\"Home\",\"item\":\"https:\\\/\\\/energizer.com\\\/eu\\\/switzerland_de\\\/\"},{\"@type\":\"ListItem\",\"position\":2,\"name\":\"Energizer Torch\"}]},{\"@type\":\"WebSite\",\"@id\":\"https:\\\/\\\/energizer.com\\\/eu\\\/switzerland_de\\\/#website\",\"url\":\"https:\\\/\\\/energizer.com\\\/eu\\\/switzerland_de\\\/\",\"name\":\"Energizer Switzerland (DE)\",\"description\":\"\",\"publisher\":{\"@id\":\"https:\\\/\\\/energizer.com\\\/eu\\\/switzerland_de\\\/#organization\"},\"potentialAction\":[{\"@type\":\"SearchAction\",\"target\":{\"@type\":\"EntryPoint\",\"urlTemplate\":\"https:\\\/\\\/energizer.com\\\/eu\\\/switzerland_de\\\/?s={search_term_string}\"},\"query-input\":{\"@type\":\"PropertyValueSpecification\",\"valueRequired\":true,\"valueName\":\"search_term_string\"}}],\"inLanguage\":\"en-US\"},{\"@type\":\"Organization\",\"@id\":\"https:\\\/\\\/energizer.com\\\/eu\\\/switzerland_de\\\/#organization\",\"name\":\"Energizer Switzerland (DE)\",\"url\":\"https:\\\/\\\/energizer.com\\\/eu\\\/switzerland_de\\\/\",\"logo\":{\"@type\":\"ImageObject\",\"inLanguage\":\"en-US\",\"@id\":\"https:\\\/\\\/energizer.com\\\/eu\\\/switzerland_de\\\/#\\\/schema\\\/logo\\\/image\\\/\",\"url\":\"https:\\\/\\\/energizer.com\\\/eu\\\/switzerland_de\\\/wp-content\\\/uploads\\\/sites\\\/55\\\/2024\\\/04\\\/Energizer_brand.png\",\"contentUrl\":\"https:\\\/\\\/energizer.com\\\/eu\\\/switzerland_de\\\/wp-content\\\/uploads\\\/sites\\\/55\\\/2024\\\/04\\\/Energizer_brand.png\",\"width\":267,\"height\":100,\"caption\":\"Energizer Switzerland (DE)\"},\"image\":{\"@id\":\"https:\\\/\\\/energizer.com\\\/eu\\\/switzerland_de\\\/#\\\/schema\\\/logo\\\/image\\\/\"}}]}<\/script>\n<!-- \/ Yoast SEO plugin. -->","yoast_head_json":{"title":"Energizer Torch - Switzerland German","robots":{"index":"index","follow":"follow","max-snippet":"max-snippet:-1","max-image-preview":"max-image-preview:large","max-video-preview":"max-video-preview:-1"},"canonical":"https:\/\/energizer.com\/eu\/switzerland_de\/product\/energizer-torch\/","og_locale":"en_US","og_type":"article","og_title":"Energizer Torch - Switzerland German","og_description":"Beleuchten Sie Ihre Umgebung m\u00fchelos mit dieser leistungsstarken, kraftvollen Taschenlampe. Die Energizer Rubber Handheld-Taschenlampe bietet eine au\u00dfergew\u00f6hnliche Helligkeit f\u00fcr bis zu 12 Stunden - egal, ob Sie sich auf ein Abenteuer begeben oder sich auf Notf\u00e4lle zu Hause vorbereiten. Diese 125-Lumen-Taschenlampe ist ideal zum Campen, Heimwerken oder f\u00fcr Stromausf\u00e4lle zu Hause. Sie kann die dunkelsten R\u00e4ume erhellen und leuchtet bis zu 100 Meter weit. Dank des eingebauten St\u00e4nders k\u00f6nnen Sie die Taschenlampe auch als Freihandlampe beim Heimwerken oder bei anderen Aktivit\u00e4ten verwenden, f\u00fcr die Sie beide H\u00e4nde ben\u00f6tigen. Dank der integrierten Schlaufe l\u00e4sst sie sich leicht an einem Schl\u00fcsselband oder Karabinerhaken befestigen, was f\u00fcr zus\u00e4tzlichen Komfort sorgt.","og_url":"https:\/\/energizer.com\/eu\/switzerland_de\/product\/energizer-torch\/","og_site_name":"Switzerland German","article_modified_time":"2024-08-23T12:26:32+00:00","twitter_card":"summary_large_image","schema":{"@context":"https:\/\/schema.org","@graph":[{"@type":"WebPage","@id":"https:\/\/energizer.com\/eu\/switzerland_de\/product\/energizer-torch\/","url":"https:\/\/energizer.com\/eu\/switzerland_de\/product\/energizer-torch\/","name":"Energizer Torch - Switzerland German","isPartOf":{"@id":"https:\/\/energizer.com\/eu\/switzerland_de\/#website"},"datePublished":"2024-05-21T18:25:14+00:00","dateModified":"2024-08-23T12:26:32+00:00","breadcrumb":{"@id":"https:\/\/energizer.com\/eu\/switzerland_de\/product\/energizer-torch\/#breadcrumb"},"inLanguage":"en-US","potentialAction":[{"@type":"ReadAction","target":["https:\/\/energizer.com\/eu\/switzerland_de\/product\/energizer-torch\/"]}]},{"@type":"BreadcrumbList","@id":"https:\/\/energizer.com\/eu\/switzerland_de\/product\/energizer-torch\/#breadcrumb","itemListElement":[{"@type":"ListItem","position":1,"name":"Home","item":"https:\/\/energizer.com\/eu\/switzerland_de\/"},{"@type":"ListItem","position":2,"name":"Energizer Torch"}]},{"@type":"WebSite","@id":"https:\/\/energizer.com\/eu\/switzerland_de\/#website","url":"https:\/\/energizer.com\/eu\/switzerland_de\/","name":"Energizer Switzerland (DE)","description":"","publisher":{"@id":"https:\/\/energizer.com\/eu\/switzerland_de\/#organization"},"potentialAction":[{"@type":"SearchAction","target":{"@type":"EntryPoint","urlTemplate":"https:\/\/energizer.com\/eu\/switzerland_de\/?s={search_term_string}"},"query-input":{"@type":"PropertyValueSpecification","valueRequired":true,"valueName":"search_term_string"}}],"inLanguage":"en-US"},{"@type":"Organization","@id":"https:\/\/energizer.com\/eu\/switzerland_de\/#organization","name":"Energizer Switzerland (DE)","url":"https:\/\/energizer.com\/eu\/switzerland_de\/","logo":{"@type":"ImageObject","inLanguage":"en-US","@id":"https:\/\/energizer.com\/eu\/switzerland_de\/#\/schema\/logo\/image\/","url":"https:\/\/energizer.com\/eu\/switzerland_de\/wp-content\/uploads\/sites\/55\/2024\/04\/Energizer_brand.png","contentUrl":"https:\/\/energizer.com\/eu\/switzerland_de\/wp-content\/uploads\/sites\/55\/2024\/04\/Energizer_brand.png","width":267,"height":100,"caption":"Energizer Switzerland (DE)"},"image":{"@id":"https:\/\/energizer.com\/eu\/switzerland_de\/#\/schema\/logo\/image\/"}}]}},"_links":{"self":[{"href":"https:\/\/energizer.com\/eu\/switzerland_de\/wp-json\/wp\/v2\/product\/5208","targetHints":{"allow":["GET"]}}],"collection":[{"href":"https:\/\/energizer.com\/eu\/switzerland_de\/wp-json\/wp\/v2\/product"}],"about":[{"href":"https:\/\/energizer.com\/eu\/switzerland_de\/wp-json\/wp\/v2\/types\/product"}],"replies":[{"embeddable":true,"href":"https:\/\/energizer.com\/eu\/switzerland_de\/wp-json\/wp\/v2\/comments?post=5208"}],"version-history":[{"count":5,"href":"https:\/\/energizer.com\/eu\/switzerland_de\/wp-json\/wp\/v2\/product\/5208\/revisions"}],"predecessor-version":[{"id":9629,"href":"https:\/\/energizer.com\/eu\/switzerland_de\/wp-json\/wp\/v2\/product\/5208\/revisions\/9629"}],"wp:attachment":[{"href":"https:\/\/energizer.com\/eu\/switzerland_de\/wp-json\/wp\/v2\/media?parent=5208"}],"wp:term":[{"taxonomy":"product_brand","embeddable":true,"href":"https:\/\/energizer.com\/eu\/switzerland_de\/wp-json\/wp\/v2\/product_brand?post=5208"},{"taxonomy":"product_cat","embeddable":true,"href":"https:\/\/energizer.com\/eu\/switzerland_de\/wp-json\/wp\/v2\/product_cat?post=5208"},{"taxonomy":"product_tag","embeddable":true,"href":"https:\/\/energizer.com\/eu\/switzerland_de\/wp-json\/wp\/v2\/product_tag?post=5208"}],"curies":[{"name":"wp","href":"https:\/\/api.w.org\/{rel}","templated":true}]}}